{"id":13760,"date":"2024-05-14T14:41:32","date_gmt":"2024-05-14T14:41:32","guid":{"rendered":"https:\/\/laubeholistic.com\/?post_type=product&#038;p=13760"},"modified":"2026-03-03T14:36:19","modified_gmt":"2026-03-03T14:36:19","slug":"borax-powder","status":"publish","type":"product","link":"https:\/\/laubeholistic.com\/es\/shop\/borax-powder\/","title":{"rendered":"Polvo de b\u00f3rax"},"content":{"rendered":"<h1><span style=\"color: #000000;\"><strong>Polvo de b\u00f3rax:<\/strong><\/span><\/h1>\n<p><span style=\"color: #000000;\">El b\u00f3rax, tambi\u00e9n conocido como borato de sodio, tetraborato de sodio o tetraborato de disodio, es un mineral natural. Aparece como una sustancia blanca en polvo que consta de cristales blandos e incoloros que se disuelven f\u00e1cilmente en agua. El b\u00f3rax es un ingrediente vital en numerosos productos dom\u00e9sticos e industriales.<\/span><\/p>\n<h2><span style=\"color: #000000;\"><strong>Usos tradicionales del b\u00f3rax en polvo<\/strong><\/span><\/h2>\n<ol>\n<li><span style=\"color: #000000;\"><strong>Agente de limpieza<\/strong>: El b\u00f3rax es conocido por sus poderosas propiedades limpiadoras. Sirve como desinfectante natural, desodorante y abrasivo suave, lo que lo convierte en un ingrediente clave en muchos productos de limpieza del hogar. Elimina eficazmente las manchas, mejora el poder de limpieza de los detergentes para ropa y neutraliza los olores.<\/span><\/li>\n<li><span style=\"color: #000000;\"><strong>Control de plagas<\/strong>: El b\u00f3rax se utiliza como insecticida eficaz, especialmente contra hormigas y cucarachas. Cuando estas plagas consumen b\u00f3rax, altera su sistema digestivo y provoca su desaparici\u00f3n.<\/span><\/li>\n<li><span style=\"color: #000000;\"><strong>Ablandamiento de agua<\/strong>: En aplicaciones de lavander\u00eda, el b\u00f3rax act\u00faa como ablandador de agua, mejorando la eficacia de los jabones y detergentes al evitar que los minerales del agua dura interfieran con el proceso de limpieza.<\/span><\/li>\n<li><span style=\"color: #000000;\"><strong>Producci\u00f3n de vidrio y cer\u00e1mica.<\/strong>: El b\u00f3rax juega un papel crucial en la fabricaci\u00f3n de vidrio y cer\u00e1mica. Act\u00faa como fundente, reduciendo la temperatura de fusi\u00f3n de las materias primas y mejorando la claridad y resistencia del producto final.<\/span><\/li>\n<li><span style=\"color: #000000;\"><strong>Productos cosm\u00e9ticos<\/strong>: En peque\u00f1as cantidades, el b\u00f3rax se utiliza en cosm\u00e9ticos y productos de cuidado personal como emulsionante y conservante. Ayuda a estabilizar las formulaciones y prolongar la vida \u00fatil.<\/span><\/li>\n<\/ol>\n<h2><span style=\"color: #000000;\"><strong>Usos internos anecd\u00f3ticos<\/strong><\/span><\/h2>\n<p><span style=\"color: #000000;\">M\u00e1s all\u00e1 de sus aplicaciones bien documentadas, existe un creciente conjunto de evidencia anecd\u00f3tica que sugiere que el b\u00f3rax puede ofrecer beneficios para la salud interna. Sin embargo, estas afirmaciones no cuentan con el respaldo generalizado de la comunidad m\u00e9dica y deben abordarse con precauci\u00f3n.<\/span><\/p>\n<ol>\n<li><span style=\"color: #000000;\"><strong>Alivio de la artritis<\/strong>: Algunas personas afirman que la ingesti\u00f3n de peque\u00f1as cantidades de b\u00f3rax puede aliviar los s\u00edntomas de la artritis. Sus defensores creen que el b\u00f3rax reduce la inflamaci\u00f3n y el dolor en las articulaciones, lo que se atribuye al boro, un elemento del b\u00f3rax que se cree que favorece la salud \u00f3sea.<\/span><\/li>\n<li><span style=\"color: #000000;\"><strong>Equilibrio hormonal<\/strong>: Se afirma que el b\u00f3rax puede ayudar a equilibrar las hormonas, especialmente en casos de s\u00edntomas de menopausia. Se cree que el boro favorece el uso corporal de calcio, magnesio y vitamina D, todos ellos cruciales para la regulaci\u00f3n hormonal.<\/span><\/li>\n<li><span style=\"color: #000000;\"><strong>desintoxicaci\u00f3n<\/strong>: Informes anecd\u00f3ticos sugieren que el b\u00f3rax puede ayudar a desintoxicar el cuerpo al eliminar metales pesados y otras toxinas. Algunos profesionales de la salud alternativos recomiendan soluciones de b\u00f3rax diluidas para este fin.<\/span><\/li>\n<li><span style=\"color: #000000;\"><strong>Propiedades antimicrobianas<\/strong>: Se dice que el b\u00f3rax posee propiedades antimicrobianas que ayudan a combatir las infecciones. Algunas personas usan b\u00f3rax internamente para combatir infecciones f\u00fangicas y bacterianas, aunque este uso no est\u00e1 ampliamente respaldado por investigaciones cient\u00edficas.<\/span><\/li>\n<\/ol>\n<p><span style=\"color: #000000;\"><strong>Consideraciones de seguridad<\/strong><\/span><\/p>\n<p><span style=\"color: #000000;\">Tenga en cuenta que no brindamos consejos m\u00e9dicos ni pautas sobre el uso interno del b\u00f3rax. Consulte siempre a un profesional de la salud antes de considerar cualquier pr\u00e1ctica de salud alternativa.<\/span><\/p>\n<h2><span style=\"color: #000000;\">Lea un art\u00edculo en profundidad muy interesante que explora el papel del boro en el metabolismo \u00f3seo, articular y mineral.<\/span><br \/>\n<span style=\"color: #000000;\">Descargue aqu\u00ed el PDF (en ingl\u00e9s)<\/span> <a href=\"https:\/\/laubeholistic.com\/wp-content\/uploads\/Borax-Article.pdf\"><em><span style=\"color: #0000ff;\">La conspiraci\u00f3n del b\u00f3rax<\/span><\/em><\/a><\/h2>","protected":false},"excerpt":{"rendered":"<p><span style=\"color: #000000;\">Polvo de b\u00f3rax puro en 150 g o 300 g<\/span><\/p>\n<p><span style=\"color: #000000;\">Cont\u00e1ctenos para cantidades mayores.<\/span><\/p>\n<p>&nbsp;<\/p>","protected":false},"featured_media":21118,"comment_status":"open","ping_status":"closed","template":"","meta":{"ngg_post_thumbnail":0},"product_brand":[],"product_cat":[329,332],"product_tag":[344,348,345,346,347],"class_list":{"0":"post-13760","1":"product","2":"type-product","3":"status-publish","4":"has-post-thumbnail","6":"product_cat-remedy-supplements","7":"product_cat-newcomers","8":"product_tag-borax","9":"product_tag-disodium-tetraborate","10":"product_tag-pure-borax","11":"product_tag-sodium-borate","12":"product_tag-sodium-tetraborate","14":"first","15":"instock","16":"taxable","17":"shipping-taxable","18":"purchasable","19":"product-type-variable"},"_links":{"self":[{"href":"https:\/\/laubeholistic.com\/es\/wp-json\/wp\/v2\/product\/13760","targetHints":{"allow":["GET"]}}],"collection":[{"href":"https:\/\/laubeholistic.com\/es\/wp-json\/wp\/v2\/product"}],"about":[{"href":"https:\/\/laubeholistic.com\/es\/wp-json\/wp\/v2\/types\/product"}],"replies":[{"embeddable":true,"href":"https:\/\/laubeholistic.com\/es\/wp-json\/wp\/v2\/comments?post=13760"}],"wp:featuredmedia":[{"embeddable":true,"href":"https:\/\/laubeholistic.com\/es\/wp-json\/wp\/v2\/media\/21118"}],"wp:attachment":[{"href":"https:\/\/laubeholistic.com\/es\/wp-json\/wp\/v2\/media?parent=13760"}],"wp:term":[{"taxonomy":"product_brand","embeddable":true,"href":"https:\/\/laubeholistic.com\/es\/wp-json\/wp\/v2\/product_brand?post=13760"},{"taxonomy":"product_cat","embeddable":true,"href":"https:\/\/laubeholistic.com\/es\/wp-json\/wp\/v2\/product_cat?post=13760"},{"taxonomy":"product_tag","embeddable":true,"href":"https:\/\/laubeholistic.com\/es\/wp-json\/wp\/v2\/product_tag?post=13760"}],"curies":[{"name":"wp","href":"https:\/\/api.w.org\/{rel}","templated":true}]}}