{"id":13448,"date":"2024-02-12T16:51:17","date_gmt":"2024-02-12T16:51:17","guid":{"rendered":"https:\/\/laubeholistic.com\/?post_type=product&#038;p=13448"},"modified":"2026-03-03T13:36:41","modified_gmt":"2026-03-03T13:36:41","slug":"parakit","status":"publish","type":"product","link":"https:\/\/laubeholistic.com\/es\/shop\/parakit\/","title":{"rendered":"Para Kit"},"content":{"rendered":"<h1><span style=\"color: #000000;\">La f\u00f3rmula ParaKit: un enfoque din\u00e1mico para la eliminaci\u00f3n de par\u00e1sitos<\/span><\/h1>\n<div style=\"padding: 56.25% 0 0 0; position: relative;\"><iframe style=\"position: absolute; top: 0; left: 0; width: 100%; height: 100%;\" title=\"Parakit\" src=\"https:\/\/player.vimeo.com\/video\/1165670529?badge=0&amp;autopause=0&amp;player_id=0&amp;app_id=58479\" frameborder=\"0\"><\/iframe><\/div>\n<p><script src=\"https:\/\/player.vimeo.com\/api\/player.js\"><\/script><\/p>\n<p><span style=\"color: #000000;\">Tres remedios desparasitantes para acabar con todos ellos<\/span><\/p>\n<p>En la actual batalla contra las infecciones parasitarias, ha surgido una soluci\u00f3n innovadora, preparada para revolucionar la erradicaci\u00f3n de los par\u00e1sitos. Se trata de la F\u00f3rmula ParaKit, una potente amalgama de <strong>Ivermectina<\/strong>, <strong>Fenbendazol<\/strong>, y <strong>Prazicuantel<\/strong>, elaborado meticulosamente para combatir un amplio espectro de par\u00e1sitos que afligen al cuerpo humano.<\/p>\n<h1><span style=\"color: #0000ff;\"><a style=\"color: #0000ff;\" href=\"https:\/\/laubeholistic.com\/wp-content\/uploads\/NEW-ParaKit-Program-ENGLISH.docx.pdf\" target=\"_blank\" rel=\"noopener\"><strong>\ud83d\udce5 Descargar la Gu\u00eda de protocolo de ParaKit (PDF)<\/strong><\/a><\/span><\/h1>\n<p>Las infestaciones parasitarias representan una amenaza persistente para la salud humana, manifest\u00e1ndose de diversas formas y causando una mir\u00edada de s\u00edntomas. Los m\u00e9todos de tratamiento tradicionales a menudo ofrecen una eficacia limitada, dejando a las personas vulnerables a infecciones recurrentes y a continuos problemas de salud. Sin embargo, la F\u00f3rmula ParaKit presenta un cambio de paradigma, ofreciendo un enfoque integral y multiobjetivo para la eliminaci\u00f3n de par\u00e1sitos y el restablecimiento del bienestar.<\/p>\n<h2>Ingredientes principales de la f\u00f3rmula ParaKit<\/h2>\n<p>En esencia, la f\u00f3rmula ParaKit aprovecha el poder colectivo de tres ingredientes clave:<\/p>\n<ol>\n<li><strong>Ivermectina:<\/strong> Conocida por sus efectos neurot\u00f3xicos sobre los par\u00e1sitos, la ivermectina incapacita a estos invasores alterando la funci\u00f3n de su sistema nervioso. Su acci\u00f3n de amplio espectro se dirige tanto a par\u00e1sitos internos como externos, garantizando una erradicaci\u00f3n completa y previniendo la reinfecci\u00f3n.<\/li>\n<li><strong>Fenbendazol:<\/strong> El fenbendazol, que es uno de los pilares de la lucha contra los par\u00e1sitos intestinales, act\u00faa interfiriendo en el metabolismo energ\u00e9tico de los par\u00e1sitos, priv\u00e1ndoles eficazmente de nutrientes vitales. Su eficacia se extiende a varios tipos de gusanos, incluidos los asc\u00e1ridos, los anquilostomas y los tricoc\u00e9falos, proporcionando una protecci\u00f3n completa contra las infestaciones gastrointestinales.<\/li>\n<li><strong>Praziquantel:<\/strong> Dirigido con precisi\u00f3n a los platelmintos, el Praziquantel altera la integridad estructural de las membranas celulares de estos par\u00e1sitos, provocando su r\u00e1pida desintegraci\u00f3n y expulsi\u00f3n del organismo. Su potente acci\u00f3n garantiza la erradicaci\u00f3n de tenias, trematodos y otras infecciones por platelmintos, restaurando la salud y la vitalidad gastrointestinales.<\/li>\n<\/ol>\n<p>Cuando se combinan, estos tres remedios crean sinergia para crear una defensa formidable contra el resurgimiento de par\u00e1sitos, ofreciendo un enfoque hol\u00edstico para el manejo y eliminaci\u00f3n de par\u00e1sitos.<\/p>\n<h2>Opciones de desintoxicaci\u00f3n flexibles para necesidades individuales<\/h2>\n<p>Lo que distingue a ParaKit Formula es su adaptabilidad a las necesidades individuales, con dos opciones distintas de suministro de cursos disponibles:<\/p>\n<ol>\n<li><strong>Suministro de cursos de una semana:<\/strong> Dise\u00f1ado para personas con infecciones parasitarias de leves a moderadas o como medida preventiva frente a posibles infestaciones, el tratamiento de una semana proporciona un alivio r\u00e1pido y una erradicaci\u00f3n eficaz de los par\u00e1sitos en un plazo breve.<\/li>\n<li><strong>Suministro de cursos de tres semanas:<\/strong> Adaptado para tratar infecciones parasitarias m\u00e1s graves o persistentes, el curso de tres semanas ofrece un tratamiento sostenido para garantizar una limpieza y erradicaci\u00f3n completas de los par\u00e1sitos. Con una duraci\u00f3n prolongada, las personas pueden lograr un restablecimiento completo de la salud gastrointestinal y el bienestar general.<\/li>\n<\/ol>\n<h2>C\u00f3mo utilizar ParaKit<\/h2>\n<p>Cada ParaKit incluye una gu\u00eda de protocolo completa que indica cu\u00e1ndo y c\u00f3mo tomar cada remedio. Se recomienda hidratarse y descansar durante la limpieza. Para una orientaci\u00f3n personalizada, se pueden realizar consultas con Tobias para garantizar una experiencia segura y personalizada.<\/p>\n<h2>Qu\u00e9 esperar durante una limpieza parasitaria<\/h2>\n<p>A medida que el cuerpo expulsa los par\u00e1sitos, puede experimentar s\u00edntomas leves de desintoxicaci\u00f3n como fatiga, hinchaz\u00f3n o cambios en los movimientos intestinales, esto es una parte natural del proceso de limpieza. Muchos usuarios informan de una mejora de la energ\u00eda, la claridad mental, la calidad de la piel y la digesti\u00f3n durante la primera semana.<\/p>\n<h2>M\u00e1s all\u00e1 de la infecci\u00f3n: el impacto multifac\u00e9tico de los par\u00e1sitos en la salud y el bienestar<\/h2>\n<p>Los par\u00e1sitos, a menudo asociados con s\u00edntomas visibles de infecci\u00f3n, ejercen una influencia m\u00e1s sutil que se extiende mucho m\u00e1s all\u00e1 de los l\u00edmites de la dolencia f\u00edsica. Si bien sus efectos directos son tangibles, las repercusiones insidiosas de la presencia de par\u00e1sitos en la nutrici\u00f3n, las alergias, el estado de \u00e1nimo y el control del peso son igualmente profundas, aunque con frecuencia se pasan por alto.<\/p>\n<ol>\n<li><strong>Privaci\u00f3n nutricional:<\/strong> Los par\u00e1sitos son consumidores implacables que extraen nutrientes vitales de sus hu\u00e9spedes antes de que puedan absorberlos y utilizarlos. Esta alimentaci\u00f3n incesante priva al hu\u00e9sped de vitaminas, minerales y micronutrientes esenciales, lo que conduce a la desnutrici\u00f3n cr\u00f3nica. Incluso con una dieta equilibrada, los par\u00e1sitos pueden dificultar la absorci\u00f3n de nutrientes, agravando las deficiencias y comprometiendo la salud en general.<\/li>\n<li><strong>Respuestas al\u00e9rgicas:<\/strong> Los par\u00e1sitos poseen la capacidad de manipular el sistema inmunitario del hu\u00e9sped, desencadenando a menudo reacciones al\u00e9rgicas e hipersensibilidad. Como los par\u00e1sitos participan en complejas interacciones con el sistema inmunitario, pueden inducir inadvertidamente respuestas inmunitarias an\u00f3malas, lo que provoca alergias como asma, dermatitis y rinitis. Su presencia persistente puede perpetuar la desregulaci\u00f3n inmunitaria, empeorando los s\u00edntomas de la alergia y disminuyendo la calidad de vida.<\/li>\n<li><strong>Alteraciones del estado de \u00e1nimo:<\/strong> Estudios recientes ponen de relieve una relaci\u00f3n significativa entre las infecciones parasitarias y los trastornos del estado de \u00e1nimo. Los par\u00e1sitos producen sustancias neuroactivas que afectan a los niveles de neurotransmisores y a las v\u00edas neuronales del cerebro del hu\u00e9sped. Estos cambios pueden manifestarse como ansiedad, depresi\u00f3n, irritabilidad y deterioro cognitivo. Al alterar la neurofisiolog\u00eda del hu\u00e9sped, los par\u00e1sitos pueden afectar profundamente al bienestar emocional y la salud mental, exacerbando los trastornos psiqui\u00e1tricos existentes.<\/li>\n<li><strong>Desaf\u00edos de peso:<\/strong> Las infecciones parasitarias pueden perturbar los esfuerzos de control de peso a trav\u00e9s de diversos mecanismos. Pueden interferir en la digesti\u00f3n y la absorci\u00f3n de nutrientes, provocando una mala absorci\u00f3n y p\u00e9rdida de peso a pesar de una ingesta cal\u00f3rica adecuada. A la inversa, algunos par\u00e1sitos inducen cambios metab\u00f3licos que favorecen el aumento de peso y la obesidad. Adem\u00e1s, los s\u00edntomas debilitantes asociados a las infecciones parasitarias, como la fatiga y las molestias abdominales, pueden dificultar la actividad f\u00edsica y el cumplimiento de la dieta, complicando el control del peso.<\/li>\n<\/ol>\n<p>En resumen, las infecciones parasitarias extienden su influencia mucho m\u00e1s all\u00e1 de los s\u00edntomas visibles, afectando a la nutrici\u00f3n, las alergias, el estado de \u00e1nimo y la regulaci\u00f3n del peso. Reconocer estos efectos polifac\u00e9ticos es crucial para desarrollar estrategias integrales de prevenci\u00f3n, detecci\u00f3n y tratamiento. Al abordar los impactos ocultos de la presencia parasitaria, podemos salvaguardar no s\u00f3lo la salud f\u00edsica, sino tambi\u00e9n el bienestar general y la calidad de vida.<\/p>\n<h2 style=\"margin-top: 40px;\">PREGUNTAS FRECUENTES<\/h2>\n<div class=\"accordion\">\n\t<div id=\"accordion-3886189853\" class=\"accordion-item\">\n\t\t<a id=\"accordion-3886189853-label\" class=\"accordion-title plain\" href=\"#accordion-item-what-is-the-parakit,-and-how-does-it-work?\" aria-expanded=\"false\" aria-controls=\"accordion-3886189853-content\">\n\t\t\t<button class=\"toggle\" aria-label=\"Palanca\"><i class=\"icon-angle-down\" aria-hidden=\"true\"><\/i><\/button>\n\t\t\t<span>\u00bfQu\u00e9 es el ParaKit y c\u00f3mo funciona?<\/span>\n\t\t<\/a>\n\t\t<div id=\"accordion-3886189853-content\" class=\"accordion-inner\" aria-labelledby=\"accordion-3886189853-label\">\n\t\t\t\n<p>El ParaKit es un potente protocolo de limpieza de par\u00e1sitos compuesto por tres ingredientes de calidad farmac\u00e9utica: Ivermectina, Fenbendazol y Praziquantel. Juntos, interrumpen los par\u00e1sitos en m\u00faltiples niveles biol\u00f3gicos:<\/p>\n<ul>\n<li><strong>Ivermectina<\/strong> act\u00faa sobre el sistema nervioso de los par\u00e1sitos internos y externos.<\/li>\n<li><strong>Fenbendazol<\/strong> interfiere en el metabolismo energ\u00e9tico, matando de hambre a las lombrices intestinales.<\/li>\n<li><strong>Prazicuantel<\/strong> compromete la estructura de los gusanos planos como las tenias y las lombrices.<\/li>\n<\/ul>\n<p>Esta acci\u00f3n sin\u00e9rgica garantiza una limpieza completa de una amplia gama de infecciones parasitarias.<\/p>\n\t\t<\/div>\n\t<\/div>\n\t\n\t<div id=\"accordion-4270193477\" class=\"accordion-item\">\n\t\t<a id=\"accordion-4270193477-label\" class=\"accordion-title plain\" href=\"#accordion-item-how-do-i-take-parakit-correctly?\" aria-expanded=\"false\" aria-controls=\"accordion-4270193477-content\">\n\t\t\t<button class=\"toggle\" aria-label=\"Palanca\"><i class=\"icon-angle-down\" aria-hidden=\"true\"><\/i><\/button>\n\t\t\t<span>\u00bfC\u00f3mo debo tomar ParaKit correctamente?<\/span>\n\t\t<\/a>\n\t\t<div id=\"accordion-4270193477-content\" class=\"accordion-inner\" aria-labelledby=\"accordion-4270193477-label\">\n\t\t\t\n<p>Cada ParaKit incluye una gu\u00eda descargable en PDF en la que se indica la dosis diaria y el calendario de administraci\u00f3n. Es importante mantenerse bien hidratado y seguir el tratamiento completo (1 o 3 semanas) seg\u00fan las indicaciones.<\/p>\n\t\t<\/div>\n\t<\/div>\n\t\n\t<div id=\"accordion-1929850832\" class=\"accordion-item\">\n\t\t<a id=\"accordion-1929850832-label\" class=\"accordion-title plain\" href=\"#accordion-item-who-should-use-parakit?\" aria-expanded=\"false\" aria-controls=\"accordion-1929850832-content\">\n\t\t\t<button class=\"toggle\" aria-label=\"Palanca\"><i class=\"icon-angle-down\" aria-hidden=\"true\"><\/i><\/button>\n\t\t\t<span>\u00bfQui\u00e9n debe utilizar ParaKit?<\/span>\n\t\t<\/a>\n\t\t<div id=\"accordion-1929850832-content\" class=\"accordion-inner\" aria-labelledby=\"accordion-1929850832-label\">\n\t\t\t\n<p>ParaKit es ideal para adultos que experimentan s\u00edntomas como fatiga, problemas digestivos, afecciones cut\u00e1neas, brotes de alergia o niebla cerebral, todos ellos signos potenciales de infecci\u00f3n parasitaria. Tambi\u00e9n es adecuado como medida preventiva, especialmente despu\u00e9s de viajar, estar en contacto con animales o durante las rutinas de limpieza estacionales.<\/p>\n\t\t<\/div>\n\t<\/div>\n\t\n\t<div id=\"accordion-3314093215\" class=\"accordion-item\">\n\t\t<a id=\"accordion-3314093215-label\" class=\"accordion-title plain\" href=\"#accordion-item-are-there-any-side-effects-when-using-parakit?\" aria-expanded=\"false\" aria-controls=\"accordion-3314093215-content\">\n\t\t\t<button class=\"toggle\" aria-label=\"Palanca\"><i class=\"icon-angle-down\" aria-hidden=\"true\"><\/i><\/button>\n\t\t\t<span>\u00bfTiene efectos secundarios el uso de ParaKit?<\/span>\n\t\t<\/a>\n\t\t<div id=\"accordion-3314093215-content\" class=\"accordion-inner\" aria-labelledby=\"accordion-3314093215-label\">\n\t\t\t\n<p>Algunos usuarios pueden experimentar s\u00edntomas leves de desintoxicaci\u00f3n como fatiga, hinchaz\u00f3n, dolores de cabeza o cambios en los movimientos intestinales a medida que el cuerpo expulsa los par\u00e1sitos. Estos son temporales y una parte normal del proceso de limpieza. Si el malestar persiste, consulte a Tob\u00edas para que le ajuste la dosis o le ofrezca orientaci\u00f3n adicional.<\/p>\n\t\t<\/div>\n\t<\/div>\n\t\n\t<div id=\"accordion-2542942692\" class=\"accordion-item\">\n\t\t<a id=\"accordion-2542942692-label\" class=\"accordion-title plain\" href=\"#accordion-item-can-parakit-be-used-alongside-other-supplements-or-medications?\" aria-expanded=\"false\" aria-controls=\"accordion-2542942692-content\">\n\t\t\t<button class=\"toggle\" aria-label=\"Palanca\"><i class=\"icon-angle-down\" aria-hidden=\"true\"><\/i><\/button>\n\t\t\t<span>\u00bfSe puede utilizar ParaKit junto con otros suplementos o medicamentos?<\/span>\n\t\t<\/a>\n\t\t<div id=\"accordion-2542942692-content\" class=\"accordion-inner\" aria-labelledby=\"accordion-2542942692-label\">\n\t\t\t\n<p>S\u00ed, pero se recomienda separar las dosis de ParaKit de otros suplementos al menos 2 horas. Evite combinarlo con otros productos de desintoxicaci\u00f3n intensa a menos que se lo indiquen. Si usted est\u00e1 tomando medicamentos recetados, por favor consulte con un proveedor de atenci\u00f3n m\u00e9dica o Tob\u00edas directamente antes de comenzar el protocolo.<\/p>\n\t\t<\/div>\n\t<\/div>\n\t\n\t<div id=\"accordion-2183901040\" class=\"accordion-item\">\n\t\t<a id=\"accordion-2183901040-label\" class=\"accordion-title plain\" href=\"#accordion-item-is-parakit-safe-for-children?\" aria-expanded=\"false\" aria-controls=\"accordion-2183901040-content\">\n\t\t\t<button class=\"toggle\" aria-label=\"Palanca\"><i class=\"icon-angle-down\" aria-hidden=\"true\"><\/i><\/button>\n\t\t\t<span>\u00bfEs ParaKit seguro para los ni\u00f1os?<\/span>\n\t\t<\/a>\n\t\t<div id=\"accordion-2183901040-content\" class=\"accordion-inner\" aria-labelledby=\"accordion-2183901040-label\">\n\t\t\t\n<p>ParaKit est\u00e1 formulado para uso adulto. Para ni\u00f1os o adolescentes, recomendamos reservar una consulta con Tobias para determinar un protocolo alternativo adecuado y seguro adaptado a su edad y peso.<\/p>\n\t\t<\/div>\n\t<\/div>\n\t\n\t<div id=\"accordion-862660675\" class=\"accordion-item\">\n\t\t<a id=\"accordion-862660675-label\" class=\"accordion-title plain\" href=\"#accordion-item-where-can-i-access-the-usage-protocol-and-video-instructions?\" aria-expanded=\"false\" aria-controls=\"accordion-862660675-content\">\n\t\t\t<button class=\"toggle\" aria-label=\"Palanca\"><i class=\"icon-angle-down\" aria-hidden=\"true\"><\/i><\/button>\n\t\t\t<span>\u00bfD\u00f3nde puedo acceder al protocolo de uso y a las instrucciones en v\u00eddeo?<\/span>\n\t\t<\/a>\n\t\t<div id=\"accordion-862660675-content\" class=\"accordion-inner\" aria-labelledby=\"accordion-862660675-label\">\n\t\t\t\n<p>La gu\u00eda de uso completa de ParaKit puede descargarse aqu\u00ed:<br \/>\n<a href=\"https:\/\/laubeholistic.com\/wp-content\/uploads\/ParaKit-Program.pdf\" target=\"_blank\" rel=\"noopener\"><strong>\ud83d\udce5 Protocolo ParaKit PDF<\/strong><\/a><br \/>\nTambi\u00e9n recibir\u00e1 acceso a instrucciones exclusivas en v\u00eddeo con cada compra, que le ayudar\u00e1n a garantizar un uso correcto y eficaz del protocolo.<\/p>\n\t\t<\/div>\n\t<\/div>\n\t\n<\/div>","protected":false},"excerpt":{"rendered":"<p><span style=\"color: #000000;\">Ivermectina \u2013 Fenbendazol \u2013 Prazicuantel<\/span><\/p>\n<p><strong><span style=\"color: #000000;\">Descarga aqu\u00ed la gu\u00eda ParaKit en tu idioma para un programa de desparasitaci\u00f3n<br \/>\n<\/span><\/strong><\/p>\n<p><strong><span style=\"color: #000000;\"><span style=\"color: #0000ff;\"><a style=\"color: #0000ff;\" href=\"https:\/\/laubeholistic.com\/wp-content\/uploads\/ParaKit-Program-ENGLISH.pdf\">INGL\u00c9S<\/a> , <a style=\"color: #0000ff;\" href=\"https:\/\/laubeholistic.com\/wp-content\/uploads\/ParaKit-Programa-ESPANOL.pdf\">ESPA\u00d1OL<\/a>, <a style=\"color: #0000ff;\" href=\"https:\/\/laubeholistic.com\/wp-content\/uploads\/ParaKit-Protokol-DEUTSCH.pdf\">ALEM\u00c1N<\/a>, <a style=\"color: #0000ff;\" href=\"https:\/\/laubeholistic.com\/wp-content\/uploads\/ParaKit-Frances.pdf\">FRANC\u00c9S<\/a>, <a style=\"color: #0000ff;\" href=\"https:\/\/laubeholistic.com\/wp-content\/uploads\/ParaKit-Italiano.pdf\">ITALIANO<\/a><\/span><\/span><\/strong><\/p>\n<p><a href=\"https:\/\/laubeholistic.com\/wp-content\/uploads\/De-Parasitation-Protocol-\ud83e\udeb1\ud83d\udeab-for-Cats-Dogs-\ud83d\udc31-\ud83d\udc36-1.pdf\"><span style=\"color: #000000;\"><span style=\"color: #0000ff;\"><strong>El Protocolo listo para DESCARGAR<\/strong> <\/span>para la Deparasitaci\u00f3n en Gatos y Perros (<strong>Las seis lenguas<\/strong>)<\/span><\/a><\/p>\n<p><strong><span style=\"background-color: #ffffff; color: #000000;\">Todas nuestras c\u00e1psulas son VEGANAS - KOSHER - HALAL - Libres de conservantes, sin olor ni sabor.<\/span><\/strong><\/p>","protected":false},"featured_media":21113,"comment_status":"open","ping_status":"closed","template":"","meta":{"ngg_post_thumbnail":0},"product_brand":[],"product_cat":[329,332,334],"product_tag":[341,338,339,337,340],"class_list":{"0":"post-13448","1":"product","2":"type-product","3":"status-publish","4":"has-post-thumbnail","6":"product_cat-remedy-supplements","7":"product_cat-newcomers","8":"product_cat-on-sale","9":"product_tag-deparasiting","10":"product_tag-fenbendazole","11":"product_tag-ivermectin","12":"product_tag-parasite","13":"product_tag-praziquantel","15":"first","16":"instock","17":"taxable","18":"shipping-taxable","19":"purchasable","20":"product-type-variable"},"_links":{"self":[{"href":"https:\/\/laubeholistic.com\/es\/wp-json\/wp\/v2\/product\/13448","targetHints":{"allow":["GET"]}}],"collection":[{"href":"https:\/\/laubeholistic.com\/es\/wp-json\/wp\/v2\/product"}],"about":[{"href":"https:\/\/laubeholistic.com\/es\/wp-json\/wp\/v2\/types\/product"}],"replies":[{"embeddable":true,"href":"https:\/\/laubeholistic.com\/es\/wp-json\/wp\/v2\/comments?post=13448"}],"wp:featuredmedia":[{"embeddable":true,"href":"https:\/\/laubeholistic.com\/es\/wp-json\/wp\/v2\/media\/21113"}],"wp:attachment":[{"href":"https:\/\/laubeholistic.com\/es\/wp-json\/wp\/v2\/media?parent=13448"}],"wp:term":[{"taxonomy":"product_brand","embeddable":true,"href":"https:\/\/laubeholistic.com\/es\/wp-json\/wp\/v2\/product_brand?post=13448"},{"taxonomy":"product_cat","embeddable":true,"href":"https:\/\/laubeholistic.com\/es\/wp-json\/wp\/v2\/product_cat?post=13448"},{"taxonomy":"product_tag","embeddable":true,"href":"https:\/\/laubeholistic.com\/es\/wp-json\/wp\/v2\/product_tag?post=13448"}],"curies":[{"name":"wp","href":"https:\/\/api.w.org\/{rel}","templated":true}]}}