{"id":13295,"date":"2024-01-06T16:29:49","date_gmt":"2024-01-06T16:29:49","guid":{"rendered":"https:\/\/laubeholistic.com\/?post_type=product&#038;p=13295"},"modified":"2026-04-09T20:35:20","modified_gmt":"2026-04-09T20:35:20","slug":"enema-bag-kit","status":"publish","type":"product","link":"https:\/\/laubeholistic.com\/es\/shop\/enema-bag-kit\/","title":{"rendered":"Kit de bolsa de enema"},"content":{"rendered":"<p><span style=\"color: #000000;\">Caracter\u00edsticas clave:<\/span><\/p>\n<ul>\n<li><span style=\"color: #000000;\"><strong>Kit de enema casero \u00f3ptimo:<\/strong> Elaborada con materiales de alta calidad y grado m\u00e9dico, esta bolsa de enema reutilizable est\u00e1 dise\u00f1ada para tratar el estre\u00f1imiento y diversos problemas rectales, contribuyendo a mejorar la salud.<\/span><\/li>\n<li><span style=\"color: #000000;\"><strong>Kits de ducha con enema:<\/strong> El kit incluye una bolsa de enema de 2 litros, un tubo de 1,4 metros (56 pulgadas) con una abrazadera de control de flujo ajustable y dos boquillas. La amplia apertura facilita el llenado y la limpieza, lo que lo hace perfecto para duchas de enema, enemas de agua, bolsas de ducha y enemas de caf\u00e9.<\/span><\/li>\n<li><span style=\"color: #000000;\"><strong>Limpieza de colon no t\u00f3xica:<\/strong> Fabricada con silicona de grado m\u00e9dico, reutilizable e inodora, esta bolsa de enema no contiene BPA ni ftalatos, lo que garantiza una experiencia de enema c\u00f3moda y segura en el hogar.<\/span><\/li>\n<li><span style=\"color: #000000;\"><strong>Beneficios del enema:<\/strong> El enema de caf\u00e9 sirve para lavar la ves\u00edcula biliar y el h\u00edgado. Este kit de enema puede ayudar a aliviar el estre\u00f1imiento, el dolor de espalda, la hinchaz\u00f3n, las infecciones por hongos Candida, la fatiga, las flatulencias, la indigesti\u00f3n, los dolores de cabeza, las hemorroides, las afecciones de la piel, los problemas de peso y m\u00e1s.<\/span><\/li>\n<\/ul>\n<p>&nbsp;<\/p>\n<h2><span style=\"color: #000000;\">Especificaci\u00f3n<\/span><\/h2>\n<p><span style=\"color: #000000;\">Material: silicona<\/span><\/p>\n<p><span style=\"color: #000000;\">Peso aproximado. 143-157g<\/span><\/p>\n<p><span style=\"color: #000000;\">Capacidad opcional: 1600 ml, 2000 ml<\/span><\/p>\n<p><span style=\"color: #000000;\">Longitud: Aprox. 1,28 m\/50,39 pulgadas<\/span><\/p>\n<p><span style=\"color: #000000;\">Funci\u00f3n: Limpia las bacterias y reduce el riesgo de infecciones.<\/span><\/p>\n<p><span style=\"color: #000000;\"><strong>C\u00f3mo utilizar<\/strong><\/span><\/p>\n<p><span style=\"color: #000000;\">Enjuague la boquilla con agua hirviendo antes\/despu\u00e9s de su uso;<\/span><\/p>\n<p><span style=\"color: #000000;\">\u2013 Paso 1: Conecte la manguera a la bolsa de agua;<\/span><\/p>\n<p><span style=\"color: #000000;\">\u2013 Paso 2: Conecte la boquilla a la manguera;<\/span><\/p>\n<p><span style=\"color: #000000;\">\u2013 Paso 3: Inyecte agua en la bolsa de agua;<\/span><\/p>\n<p><span style=\"color: #000000;\">\u2013 Paso 4: Cuelga la bolsa de agua a una altura;<\/span><\/p>\n<p><span style=\"color: #000000;\">\u2013 Paso 5: Realizar una operaci\u00f3n de lavado.<\/span><\/p>\n<p><span style=\"color: #000000;\"><strong>El paquete incluye<\/strong><\/span><\/p>\n<p><span style=\"color: #000000;\">1 \u00d7 bolsa de enema abierta (2 L)<\/span><\/p>\n<p><span style=\"color: #000000;\">1 \u00d7 manguera de enema (longitud: 56 pulgadas\/1,4 metros), con conectores y adaptadores<\/span><\/p>\n<p><span style=\"color: #000000;\">1 x boquilla de irrigaci\u00f3n col\u00f3nica (m\u00e1s larga, para una limpieza profunda)<\/span><\/p>\n<p><span style=\"color: #000000;\">1 x boquilla de inserci\u00f3n de punta de cabeza lisa (corta)<\/span><\/p>","protected":false},"excerpt":{"rendered":"<p><span style=\"color: #000000;\"><strong>Kit de bolsa de enema reutilizable y plegable de 2 litros para irrigaci\u00f3n vaginal y de colon, que proporciona limpieza higi\u00e9nica y alivio del estre\u00f1imiento en hombres y mujeres<\/strong><\/span><\/p>","protected":false},"featured_media":13297,"comment_status":"open","ping_status":"closed","template":"","meta":{"ngg_post_thumbnail":0},"product_brand":[],"product_cat":[330,332],"product_tag":[335,336],"class_list":{"0":"post-13295","1":"product","2":"type-product","3":"status-publish","4":"has-post-thumbnail","6":"product_cat-accessories","7":"product_cat-newcomers","8":"product_tag-enema","9":"product_tag-enemabag","11":"first","12":"instock","13":"taxable","14":"shipping-taxable","15":"purchasable","16":"product-type-simple"},"_links":{"self":[{"href":"https:\/\/laubeholistic.com\/es\/wp-json\/wp\/v2\/product\/13295","targetHints":{"allow":["GET"]}}],"collection":[{"href":"https:\/\/laubeholistic.com\/es\/wp-json\/wp\/v2\/product"}],"about":[{"href":"https:\/\/laubeholistic.com\/es\/wp-json\/wp\/v2\/types\/product"}],"replies":[{"embeddable":true,"href":"https:\/\/laubeholistic.com\/es\/wp-json\/wp\/v2\/comments?post=13295"}],"wp:featuredmedia":[{"embeddable":true,"href":"https:\/\/laubeholistic.com\/es\/wp-json\/wp\/v2\/media\/13297"}],"wp:attachment":[{"href":"https:\/\/laubeholistic.com\/es\/wp-json\/wp\/v2\/media?parent=13295"}],"wp:term":[{"taxonomy":"product_brand","embeddable":true,"href":"https:\/\/laubeholistic.com\/es\/wp-json\/wp\/v2\/product_brand?post=13295"},{"taxonomy":"product_cat","embeddable":true,"href":"https:\/\/laubeholistic.com\/es\/wp-json\/wp\/v2\/product_cat?post=13295"},{"taxonomy":"product_tag","embeddable":true,"href":"https:\/\/laubeholistic.com\/es\/wp-json\/wp\/v2\/product_tag?post=13295"}],"curies":[{"name":"wp","href":"https:\/\/api.w.org\/{rel}","templated":true}]}}