{"id":12562,"date":"2023-06-21T16:26:39","date_gmt":"2023-06-21T16:26:39","guid":{"rendered":"https:\/\/laubeholistic.com\/?post_type=product&#038;p=12562"},"modified":"2026-03-03T14:38:34","modified_gmt":"2026-03-03T14:38:34","slug":"nac-glynac","status":"publish","type":"product","link":"https:\/\/laubeholistic.com\/es\/shop\/nac-glynac\/","title":{"rendered":"NAC (GlyNac)"},"content":{"rendered":"<h1><span style=\"color: #000000;\">NAC (GlyNac)<\/span><\/h1>\n<div style=\"padding: 56.25% 0 0 0; position: relative;\"><iframe style=\"position: absolute; top: 0; left: 0; width: 100%; height: 100%;\" title=\"Glynac\" src=\"https:\/\/player.vimeo.com\/video\/1165670250?badge=0&amp;autopause=0&amp;player_id=0&amp;app_id=58479\" frameborder=\"0\"><\/iframe><\/div>\n<p><script src=\"https:\/\/player.vimeo.com\/api\/player.js\"><\/script><\/p>\n<p><span style=\"color: #000000;\">Este poderoso suplemento combina los beneficios de la N-acetil-L-ciste\u00edna (NAC) y la glicina (Gly) para obtener mejores resultados.<br \/>\n<\/span><\/p>\n<p><span style=\"color: #000000;\">Cada c\u00e1psula proporciona 300 mg de N-acetil-L-ciste\u00edna, junto con la bondad a\u00f1adida de 300 mg de glicina.<\/span><\/p>\n<p><span style=\"color: #000000;\">La calidad superior de este producto garantiza una alta biodisponibilidad, lo que le permite a su cuerpo aprovechar al m\u00e1ximo su potente combinaci\u00f3n.<\/span><\/p>\n<p><span style=\"color: #000000;\">La composici\u00f3n est\u00e1 meticulosamente elaborada, sin aditivos ni rellenos, y brinda resultados puros y efectivos.<\/span><\/p>\n<p><span style=\"color: #000000;\">Al incorporar NAC y Glycine, este suplemento es compatible con una amplia gama de procesos fisiol\u00f3gicos y patol\u00f3gicos en su cuerpo.<\/span><\/p>\n<p><span style=\"color: #000000;\">Desde reacciones metab\u00f3licas y bioqu\u00edmicas vitales como la s\u00edntesis y reparaci\u00f3n del ADN, la s\u00edntesis de prote\u00ednas, el transporte de amino\u00e1cidos hasta la activaci\u00f3n de enzimas, esta poderosa combinaci\u00f3n ayuda a optimizar estas funciones esenciales.<\/span><\/p>\n<p><span style=\"color: #000000;\">Adem\u00e1s de sus propiedades desintoxicantes del h\u00edgado, la combinaci\u00f3n de NAC y Glycine (GlyNac) brinda beneficios adicionales. Act\u00faa como descongestionante natural, antimucol\u00edtico, fortalece el sistema inmunol\u00f3gico y promueve la s\u00edntesis de glutati\u00f3n, un potente antioxidante end\u00f3geno.<\/span><\/p>\n<p><span style=\"color: #000000;\">Experimente los efectos sin\u00e9rgicos de la N-acetil-L-ciste\u00edna y la glicina, desbloqueando todo el potencial de este notable suplemento.<\/span><\/p>\n<h3><span style=\"color: #000000;\">Beneficios potenciales para varias condiciones de salud<\/span><\/h3>\n<ol>\n<li><span style=\"color: #000000;\">Salud del h\u00edgado: la NAC y la glicina son conocidas por sus propiedades protectoras del h\u00edgado. Apoyan los procesos de desintoxicaci\u00f3n, promueven la regeneraci\u00f3n de las c\u00e9lulas del h\u00edgado y ayudan a combatir el estr\u00e9s oxidativo, lo que los hace beneficiosos para la salud del h\u00edgado.<\/span><\/li>\n<li><span style=\"color: #000000;\">Salud respiratoria: la NAC ha sido ampliamente estudiada por su capacidad para diluir y aflojar la mucosidad, lo que la hace \u00fatil en afecciones como la bronquitis cr\u00f3nica, la enfermedad pulmonar obstructiva cr\u00f3nica (EPOC) y el asma. La adici\u00f3n de Glycine apoya a\u00fan m\u00e1s la salud respiratoria al actuar como un descongestionante natural.<\/span><\/li>\n<li><span style=\"color: #000000;\">Funci\u00f3n inmunol\u00f3gica: tanto la NAC como la glicina desempe\u00f1an un papel en el fortalecimiento del sistema inmunol\u00f3gico. NAC apoya la producci\u00f3n de glutati\u00f3n, un poderoso antioxidante que ayuda a proteger contra el da\u00f1o oxidativo y apoya la funci\u00f3n inmunol\u00f3gica. La glicina tambi\u00e9n contribuye a la modulaci\u00f3n inmunitaria y puede mejorar la respuesta inmunitaria.<\/span><\/li>\n<li><span style=\"color: #000000;\">Salud neurol\u00f3gica: NAC se ha mostrado prometedor en el apoyo a la salud neurol\u00f3gica mediante la promoci\u00f3n de la actividad antioxidante, la reducci\u00f3n de la inflamaci\u00f3n y el apoyo al equilibrio de los neurotransmisores. La combinaci\u00f3n con Glycine puede mejorar a\u00fan m\u00e1s estos efectos neuroprotectores.<\/span><\/li>\n<li><span style=\"color: #000000;\">Estado de \u00e1nimo y salud mental: NAC ha sido estudiado por sus posibles beneficios en los trastornos del estado de \u00e1nimo como la depresi\u00f3n y la ansiedad. Puede ayudar a modular los niveles de glutamato, reducir el estr\u00e9s oxidativo y apoyar la funci\u00f3n de los neurotransmisores. La glicina, por otro lado, act\u00faa como un neurotransmisor inhibitorio y puede tener un efecto calmante en el cerebro, ayudando potencialmente a reducir el estr\u00e9s y mejorar la calidad del sue\u00f1o.<\/span><\/li>\n<li><span style=\"color: #000000;\">Soporte antioxidante: tanto la NAC como la glicina poseen propiedades antioxidantes que ayudan a neutralizar los radicales libres y reducen el estr\u00e9s oxidativo en todo el cuerpo. Este apoyo antioxidante puede tener un impacto positivo en la salud general y puede desempe\u00f1ar un papel en la prevenci\u00f3n de enfermedades cr\u00f3nicas.<\/span><\/li>\n<\/ol>\n<p><span style=\"color: #000000;\">Es importante tener en cuenta que, si bien la combinaci\u00f3n de NAC y Glycine es prometedora en estas \u00e1reas, los resultados individuales pueden variar, y siempre es recomendable consultar con un profesional de la salud antes de comenzar cualquier nuevo r\u00e9gimen de suplementos, especialmente si tiene condiciones de salud espec\u00edficas o est\u00e1 tomando medicamentos<\/span><\/p>","protected":false},"excerpt":{"rendered":"<p>Efecto antienvejecimiento<\/p>\n<p>Repara el ADN y promueve la s\u00edntesis<\/p>\n<p>Apoya la desintoxicaci\u00f3n del h\u00edgado<\/p>\n<p>Fortalece el sistema inmunol\u00f3gico<\/p>\n<p>Promueve la s\u00edntesis de glutati\u00f3n<\/p>\n<p>&nbsp;<\/p>","protected":false},"featured_media":12604,"comment_status":"open","ping_status":"closed","template":"","meta":{"ngg_post_thumbnail":0},"product_brand":[],"product_cat":[332,329],"product_tag":[352,350,351,349],"class_list":{"0":"post-12562","1":"product","2":"type-product","3":"status-publish","4":"has-post-thumbnail","6":"product_cat-newcomers","7":"product_cat-remedy-supplements","8":"product_tag-glycine","9":"product_tag-glynac","10":"product_tag-n-acetyl-l-cysteine","11":"product_tag-nac","13":"first","14":"instock","15":"taxable","16":"shipping-taxable","17":"purchasable","18":"product-type-variable"},"_links":{"self":[{"href":"https:\/\/laubeholistic.com\/es\/wp-json\/wp\/v2\/product\/12562","targetHints":{"allow":["GET"]}}],"collection":[{"href":"https:\/\/laubeholistic.com\/es\/wp-json\/wp\/v2\/product"}],"about":[{"href":"https:\/\/laubeholistic.com\/es\/wp-json\/wp\/v2\/types\/product"}],"replies":[{"embeddable":true,"href":"https:\/\/laubeholistic.com\/es\/wp-json\/wp\/v2\/comments?post=12562"}],"wp:featuredmedia":[{"embeddable":true,"href":"https:\/\/laubeholistic.com\/es\/wp-json\/wp\/v2\/media\/12604"}],"wp:attachment":[{"href":"https:\/\/laubeholistic.com\/es\/wp-json\/wp\/v2\/media?parent=12562"}],"wp:term":[{"taxonomy":"product_brand","embeddable":true,"href":"https:\/\/laubeholistic.com\/es\/wp-json\/wp\/v2\/product_brand?post=12562"},{"taxonomy":"product_cat","embeddable":true,"href":"https:\/\/laubeholistic.com\/es\/wp-json\/wp\/v2\/product_cat?post=12562"},{"taxonomy":"product_tag","embeddable":true,"href":"https:\/\/laubeholistic.com\/es\/wp-json\/wp\/v2\/product_tag?post=12562"}],"curies":[{"name":"wp","href":"https:\/\/api.w.org\/{rel}","templated":true}]}}