{"id":12529,"date":"2023-06-04T14:49:52","date_gmt":"2023-06-04T14:49:52","guid":{"rendered":"https:\/\/laubeholistic.com\/?post_type=product&#038;p=12529"},"modified":"2026-03-03T14:39:16","modified_gmt":"2026-03-03T14:39:16","slug":"methylene-blue","status":"publish","type":"product","link":"https:\/\/laubeholistic.com\/es\/shop\/methylene-blue\/","title":{"rendered":"Azul de metileno"},"content":{"rendered":"<h1 style=\"color: #282828;\">Liberar la vitalidad celular con azul de metileno<\/h1>\n<div style=\"padding: 56.25% 0 0 0; position: relative;\"><iframe style=\"position: absolute; top: 0; left: 0; width: 100%; height: 100%;\" title=\"Azul de metileno\" src=\"https:\/\/player.vimeo.com\/video\/1165670445?badge=0&amp;autopause=0&amp;player_id=0&amp;app_id=58479\" frameborder=\"0\"><\/iframe><\/div>\n<p><script src=\"https:\/\/player.vimeo.com\/api\/player.js\"><\/script><\/p>\n<p style=\"color: #282828;\">La soluci\u00f3n de azul de metileno es un compuesto fascinante que ofrece una serie de beneficios potenciales cuando se toma por v\u00eda oral. Numerosos estudios cient\u00edficos han destacado sus efectos positivos sobre la salud y el bienestar humanos. Perm\u00edtanos resumir algunos de los principales beneficios que pueden animarle a considerar la incorporaci\u00f3n del Azul de Metileno a su rutina de bienestar:<\/p>\n<h2 style=\"color: #282828;\">Principales beneficios del azul de metileno para la salud<\/h2>\n<ol style=\"color: #282828;\">\n<li><strong>Funci\u00f3n cognitiva mejorada:<\/strong> Se ha descubierto que el azul de metileno mejora el rendimiento cognitivo y favorece la claridad mental. Las investigaciones sugieren que puede mejorar la memoria, la atenci\u00f3n y la funci\u00f3n cognitiva en general. Al aumentar el flujo sangu\u00edneo y el suministro de ox\u00edgeno al cerebro, puede contribuir a mejorar la atenci\u00f3n, la concentraci\u00f3n y la agilidad mental.<\/li>\n<li><strong>Elevaci\u00f3n del estado de \u00e1nimo:<\/strong> Muchas personas sufren trastornos del estado de \u00e1nimo, como depresi\u00f3n y ansiedad. El azul de metileno ha demostrado propiedades antidepresivas y ansiol\u00edticas prometedoras en estudios cient\u00edficos. Aumenta la disponibilidad de neurotransmisores como la serotonina, que son cruciales para regular el estado de \u00e1nimo. Esto puede contribuir a una mayor sensaci\u00f3n de bienestar y estabilidad emocional.<\/li>\n<li><strong>Funci\u00f3n mitocondrial y producci\u00f3n de energ\u00eda:<\/strong> El azul de metileno potencia la actividad mitocondrial, ayudando al organismo a producir energ\u00eda celular de forma m\u00e1s eficaz. Esto puede traducirse en un aumento de la resistencia, una reducci\u00f3n de la fatiga y una mejora del rendimiento f\u00edsico, lo que lo hace especialmente atractivo para las personas con grandes exigencias f\u00edsicas o mentales.<\/li>\n<li><strong>Efectos antioxidantes y antienvejecimiento:<\/strong> Con fuertes propiedades antioxidantes, el azul de metileno neutraliza los radicales libres da\u00f1inos y reduce el estr\u00e9s oxidativo. Esto puede contribuir a ralentizar el proceso de envejecimiento y a mejorar la salud celular y la longevidad.<\/li>\n<li><strong>Propiedades neuroprotectoras:<\/strong> El azul de metileno puede ayudar a proteger las neuronas del da\u00f1o y la degeneraci\u00f3n, con implicaciones para enfermedades neurodegenerativas como el Alzheimer y el Parkinson. Favorece la salud cerebral y la funci\u00f3n neurol\u00f3gica a largo plazo.<\/li>\n<li><strong>Efectos antiinflamatorios:<\/strong> La inflamaci\u00f3n cr\u00f3nica est\u00e1 relacionada con las enfermedades cardiovasculares, la artritis y ciertos tipos de c\u00e1ncer. Las propiedades antiinflamatorias del azul de metileno pueden ayudar a mitigar estos riesgos y favorecer el equilibrio del sistema inmunitario.<\/li>\n<\/ol>\n<p style=\"color: #282828;\">Aunque la investigaci\u00f3n cient\u00edfica respalda estos beneficios, siempre es aconsejable consultar a un profesional de la salud antes de incorporar nuevos suplementos. La gama de ventajas del azul de metileno lo convierte en una opci\u00f3n convincente para las personas que buscan optimizar la salud cognitiva, metab\u00f3lica y sist\u00e9mica.<\/p>\n<p style=\"background-color: #c0c0c0;\"><strong><em><span style=\"color: #282828;\">Si tiene preguntas espec\u00edficas sobre el uso de azul de metileno, p\u00f3ngase en contacto con nosotros <\/span><span style=\"color: #333399;\"><a style=\"color: #333399; background-color: #c0c0c0;\" href=\"https:\/\/laubeholistic.com\/es\/contact\/\" target=\"_blank\" rel=\"noopener\">aqui<\/a><\/span><span style=\"color: #282828;\"> o por correo electr\u00f3nico <span style=\"text-decoration: underline;\">info@laubeholistic.com<\/span><\/span><\/em><\/strong><\/p>\n<h3><strong><span style=\"color: #282828;\">Aprovechar las propiedades antienvejecimiento del azul de metileno para una piel joven prolongada<\/span><\/strong><\/h3>\n<p style=\"color: #282828;\">El envejecimiento de la piel, que abarca la formaci\u00f3n de arrugas, pigmentaci\u00f3n y deterioro de la cicatrizaci\u00f3n de heridas, est\u00e1 causado principalmente por el estr\u00e9s oxidativo. El uso de antioxidantes en el cuidado de la piel est\u00e1 ampliamente reconocido como m\u00e9todo para retrasar su envejecimiento. El azul de metileno (MB), un antioxidante dirigido a las mitocondrias, ha demostrado una capacidad excepcional para eliminar las especies reactivas del ox\u00edgeno (ROS) en fibroblastos de piel humana, tanto de individuos sanos como de pacientes con progeria.<\/p>\n<p style=\"color: #282828;\">En comparaci\u00f3n con otros antioxidantes, el MB supera significativamente en estimulaci\u00f3n de la proliferaci\u00f3n de fibroblastos y retraso del envejecimiento celular. En un modelo de piel humana reconstruida en 3D, el MB no mostr\u00f3 irritaci\u00f3n ni siquiera a altas concentraciones. En cambio, aument\u00f3 la vitalidad de la piel, favoreci\u00f3 la cicatrizaci\u00f3n de heridas, mejor\u00f3 los niveles de humedad y aument\u00f3 el grosor de la dermis. El an\u00e1lisis de la expresi\u00f3n g\u00e9nica revel\u00f3 un aumento de las prote\u00ednas clave de la matriz extracelular, como la elastina y el col\u00e1geno 2A1, esenciales para la integridad de la piel joven.<\/p>\n<p style=\"color: #282828;\">Lea el informe cient\u00edfico completo (en ingles) <a href=\"https:\/\/www.nature.com\/articles\/s41598-017-02419-3\" target=\"_blank\" rel=\"noopener\">aqui<\/a>.<\/p>\n<h3><strong><span style=\"color: #282828;\">Liberar el potencial terap\u00e9utico del azul de metileno: Restauraci\u00f3n de la funci\u00f3n mitocondrial y aplicaciones medicinales<\/span><\/strong><\/h3>\n<p style=\"color: #282828;\">El azul de metileno (AM) se ha convertido en un compuesto vers\u00e1til y potente con importantes aplicaciones en el campo de la medicina. En particular, su capacidad \u00fanica para restaurar la funci\u00f3n mitocondrial ha atra\u00eddo una atenci\u00f3n considerable y despertado entusiasmo dentro de la comunidad cient\u00edfica.<\/p>\n<p style=\"color: #282828;\">El uso del azul de metileno se extiende mucho m\u00e1s all\u00e1 de sus aplicaciones tradicionales como colorante de diagn\u00f3stico y agente de tinci\u00f3n. Uno de los aspectos m\u00e1s intrigantes de MB radica en su capacidad para restaurar y mejorar la funci\u00f3n mitocondrial. Las mitocondrias, a menudo denominadas las centrales el\u00e9ctricas de las c\u00e9lulas, desempe\u00f1an un papel crucial en la producci\u00f3n de energ\u00eda y la salud celular. Con el tiempo, la funci\u00f3n mitocondrial puede disminuir, lo que genera una variedad de efectos adversos en la salud y el bienestar general. Se ha descubierto que el azul de metileno contrarresta eficazmente esta disminuci\u00f3n al optimizar la respiraci\u00f3n mitocondrial y promover la producci\u00f3n de energ\u00eda. Esta restauraci\u00f3n de la funci\u00f3n mitocondrial tiene implicaciones significativas para diversas afecciones m\u00e9dicas relacionadas con la disfunci\u00f3n mitocondrial, incluidas las enfermedades neurodegenerativas, los trastornos metab\u00f3licos y la disminuci\u00f3n de la producci\u00f3n de energ\u00eda celular relacionada con la edad.<\/p>\n<p style=\"color: #282828;\">En el \u00e1mbito de las enfermedades neurodegenerativas, el azul de metileno ha mostrado resultados prometedores como posible intervenci\u00f3n terap\u00e9utica. Los estudios han sugerido que el MB posee propiedades neuroprotectoras, mitigando el da\u00f1o neuronal y preservando la funci\u00f3n cognitiva. Al mejorar la funci\u00f3n mitocondrial y reducir el estr\u00e9s oxidativo, el azul de metileno puede resultar prometedor en el tratamiento y la prevenci\u00f3n de enfermedades como el Alzheimer y el Parkinson.<\/p>\n<p style=\"color: #282828;\">Adem\u00e1s, el potencial del azul de metileno se extiende al campo de los trastornos metab\u00f3licos. Se ha explorado como posible tratamiento de enfermedades caracterizadas por una funci\u00f3n mitocondrial deficiente, como las miopat\u00edas mitocondriales y los trastornos de la oxidaci\u00f3n de \u00e1cidos grasos. Al optimizar la producci\u00f3n de energ\u00eda en las mitocondrias, el azul de metileno puede aliviar los s\u00edntomas y mejorar la calidad de vida de las personas afectadas por estas enfermedades.<\/p>\n<p style=\"color: #282828;\">Si bien el azul de metileno ofrece interesantes posibilidades para restaurar la funci\u00f3n mitocondrial y abordar diversas afecciones m\u00e9dicas, es esencial considerar su uso apropiado y responsable. Como cualquier medicamento, puede tener efectos secundarios potenciales, aunque generalmente son leves y transitorios. Es crucial usar el azul de metileno bajo supervisi\u00f3n m\u00e9dica y cumplir con las pautas prescritas para minimizar cualquier riesgo.<\/p>\n<p style=\"color: #282828;\">En conclusi\u00f3n, la capacidad \u00fanica del azul de metileno para restaurar la funci\u00f3n mitocondrial abre un mundo de posibilidades en el campo de la medicina. Sus posibles aplicaciones terap\u00e9uticas en enfermedades neurodegenerativas, trastornos metab\u00f3licos y deterioro relacionado con la edad prometen mejorar los resultados y la calidad de vida de los pacientes. Sin embargo, el uso responsable del azul de metileno, bajo orientaci\u00f3n profesional, es crucial para garantizar su aplicaci\u00f3n segura y eficaz en entornos cl\u00ednicos. A medida que avanza la investigaci\u00f3n en este campo, el potencial del azul de metileno para revolucionar el tratamiento y la gesti\u00f3n de diversas afecciones m\u00e9dicas es una perspectiva apasionante para el futuro de la medicina.<\/p>\n<h2 style=\"margin-top: 40px;\">PREGUNTAS FRECUENTES<\/h2>\n<div class=\"accordion\">\n\t<div id=\"accordion-2450928669\" class=\"accordion-item\">\n\t\t<a id=\"accordion-2450928669-label\" class=\"accordion-title plain\" href=\"#accordion-item-what-is-methylene-blue,-and-how-does-it-support-health?\" aria-expanded=\"false\" aria-controls=\"accordion-2450928669-content\">\n\t\t\t<button class=\"toggle\" aria-label=\"Palanca\"><i class=\"icon-angle-down\" aria-hidden=\"true\"><\/i><\/button>\n\t\t\t<span>\u00bfQu\u00e9 es el azul de metileno y c\u00f3mo contribuye a la salud?<\/span>\n\t\t<\/a>\n\t\t<div id=\"accordion-2450928669-content\" class=\"accordion-inner\" aria-labelledby=\"accordion-2450928669-label\">\n\t\t\t\n<p>El azul de metileno es un compuesto con potentes propiedades antioxidantes, neuroprotectoras y de apoyo mitocondrial. Aumenta la energ\u00eda celular, mejora la funci\u00f3n cognitiva y puede ralentizar los efectos del envejecimiento.<\/p>\n\t\t<\/div>\n\t<\/div>\n\t\n\t<div id=\"accordion-3007650607\" class=\"accordion-item\">\n\t\t<a id=\"accordion-3007650607-label\" class=\"accordion-title plain\" href=\"#accordion-item-how-should-i-take-methylene-blue?\" aria-expanded=\"false\" aria-controls=\"accordion-3007650607-content\">\n\t\t\t<button class=\"toggle\" aria-label=\"Palanca\"><i class=\"icon-angle-down\" aria-hidden=\"true\"><\/i><\/button>\n\t\t\t<span>\u00bfC\u00f3mo debo tomar Azul de metileno?<\/span>\n\t\t<\/a>\n\t\t<div id=\"accordion-3007650607-content\" class=\"accordion-inner\" aria-labelledby=\"accordion-3007650607-label\">\n\t\t\t\n<p>Siga la gu\u00eda de uso suministrada con su compra. La dosis depende de los objetivos individuales y de las condiciones de salud. Comience con la dosis efectiva m\u00e1s baja y consulte a un profesional antes de ajustarla.<\/p>\n\t\t<\/div>\n\t<\/div>\n\t\n\t<div id=\"accordion-989154692\" class=\"accordion-item\">\n\t\t<a id=\"accordion-989154692-label\" class=\"accordion-title plain\" href=\"#accordion-item-is-methylene-blue-suitable-for-everyone?\" aria-expanded=\"false\" aria-controls=\"accordion-989154692-content\">\n\t\t\t<button class=\"toggle\" aria-label=\"Palanca\"><i class=\"icon-angle-down\" aria-hidden=\"true\"><\/i><\/button>\n\t\t\t<span>\u00bfEl azul de metileno es adecuado para todo el mundo?<\/span>\n\t\t<\/a>\n\t\t<div id=\"accordion-989154692-content\" class=\"accordion-inner\" aria-labelledby=\"accordion-989154692-label\">\n\t\t\t\n<p>Es ideal para adultos que buscan apoyar la salud del cerebro, la energ\u00eda, el estado de \u00e1nimo y el envejecimiento. Consulte a su proveedor si est\u00e1 embarazada, amamantando o tomando medicamentos.<\/p>\n\t\t<\/div>\n\t<\/div>\n\t\n\t<div id=\"accordion-3567842221\" class=\"accordion-item\">\n\t\t<a id=\"accordion-3567842221-label\" class=\"accordion-title plain\" href=\"#accordion-item-are-there-side-effects?\" aria-expanded=\"false\" aria-controls=\"accordion-3567842221-content\">\n\t\t\t<button class=\"toggle\" aria-label=\"Palanca\"><i class=\"icon-angle-down\" aria-hidden=\"true\"><\/i><\/button>\n\t\t\t<span>\u00bfTiene efectos secundarios?<\/span>\n\t\t<\/a>\n\t\t<div id=\"accordion-3567842221-content\" class=\"accordion-inner\" aria-labelledby=\"accordion-3567842221-label\">\n\t\t\t\n<p>Pueden producirse efectos leves como decoloraci\u00f3n de la orina o sensibilidad digestiva. Estos son temporales. Suspenda o ajuste la dosis si persisten las reacciones adversas.<\/p>\n\t\t<\/div>\n\t<\/div>\n\t\n\t<div id=\"accordion-1360762742\" class=\"accordion-item\">\n\t\t<a id=\"accordion-1360762742-label\" class=\"accordion-title plain\" href=\"#accordion-item-can-it-be-combined-with-other-supplements-or-medications?\" aria-expanded=\"false\" aria-controls=\"accordion-1360762742-content\">\n\t\t\t<button class=\"toggle\" aria-label=\"Palanca\"><i class=\"icon-angle-down\" aria-hidden=\"true\"><\/i><\/button>\n\t\t\t<span>\u00bfPuede combinarse con otros suplementos o medicamentos?<\/span>\n\t\t<\/a>\n\t\t<div id=\"accordion-1360762742-content\" class=\"accordion-inner\" aria-labelledby=\"accordion-1360762742-label\">\n\t\t\t\n<p>Evitar combinar con ISRS, IMAO u otros medicamentos serotonin\u00e9rgicos. Mantenga un intervalo de 2 horas con otros suplementos. Consulte siempre a un profesional sanitario.<\/p>\n\t\t<\/div>\n\t<\/div>\n\t\n\t<div id=\"accordion-3508792746\" class=\"accordion-item\">\n\t\t<a id=\"accordion-3508792746-label\" class=\"accordion-title plain\" href=\"#accordion-item-is-methylene-blue-safe-for-long-term-use?\" aria-expanded=\"false\" aria-controls=\"accordion-3508792746-content\">\n\t\t\t<button class=\"toggle\" aria-label=\"Palanca\"><i class=\"icon-angle-down\" aria-hidden=\"true\"><\/i><\/button>\n\t\t\t<span>\u00bfEs seguro el uso prolongado del azul de metileno?<\/span>\n\t\t<\/a>\n\t\t<div id=\"accordion-3508792746-content\" class=\"accordion-inner\" aria-labelledby=\"accordion-3508792746-label\">\n\t\t\t\n<p>S\u00ed, cuando se utilizan ciclos adecuados bajo supervisi\u00f3n. Las evaluaciones peri\u00f3dicas ayudan a optimizar los resultados y minimizar la tolerancia potencial.<\/p>\n\t\t<\/div>\n\t<\/div>\n\t\n\t<div id=\"accordion-3343692910\" class=\"accordion-item\">\n\t\t<a id=\"accordion-3343692910-label\" class=\"accordion-title plain\" href=\"#accordion-item-where-can-i-access-protocols-or-support?\" aria-expanded=\"false\" aria-controls=\"accordion-3343692910-content\">\n\t\t\t<button class=\"toggle\" aria-label=\"Palanca\"><i class=\"icon-angle-down\" aria-hidden=\"true\"><\/i><\/button>\n\t\t\t<span>\u00bfD\u00f3nde puedo acceder a protocolos o apoyo?<\/span>\n\t\t<\/a>\n\t\t<div id=\"accordion-3343692910-content\" class=\"accordion-inner\" aria-labelledby=\"accordion-3343692910-label\">\n\t\t\t\n<p>Cada frasco incluye instrucciones detalladas. Para protocolos personalizados, p\u00f3ngase en contacto directamente con Tobias o utilice nuestro <a href=\"https:\/\/laubeholistic.com\/es\/contact\/\" target=\"_blank\" rel=\"noopener\">formulario de contacto<\/a>.<\/p>\n\t\t<\/div>\n\t<\/div>\n\t\n<\/div>\n<p><a href=\"https:\/\/laubeholistic.com\/es\/shop\/methylene-blue\/\" target=\"_blank\" rel=\"noopener\"><strong>\ud83d\udd17 Pedir azul de metileno ahora<\/strong><\/a><\/p>","protected":false},"excerpt":{"rendered":"<p><span style=\"color: #000000;\">Grado USP<\/span><\/p>\n<p><span style=\"color: #000000;\">Soluci\u00f3n al 1% en agua destilada<\/span><\/p>\n<p><span style=\"color: #000000;\">Viene con pipeta<\/span><\/p>\n<p><span style=\"color: #000000;\">1 gota = 0.5mg<\/span><\/p>\n<p><span style=\"color: #000000;\">L\u00edquido inodoro azul claro<\/span><\/p>\n<p><span style=\"color: #000000;\">Formula: C\u2081\u2086H\u2081\u2088ClN\u2083S\u00b7xH\u2082O<\/span><b><br \/>\n<\/b><\/p>\n<p><span style=\"color: #282828;\">No contiene formaldeh\u00eddo<\/span><\/p>","protected":false},"featured_media":12608,"comment_status":"open","ping_status":"closed","template":"","meta":{"ngg_post_thumbnail":0},"product_brand":[],"product_cat":[332,329],"product_tag":[],"class_list":{"0":"post-12529","1":"product","2":"type-product","3":"status-publish","4":"has-post-thumbnail","6":"product_cat-newcomers","7":"product_cat-remedy-supplements","9":"first","10":"instock","11":"taxable","12":"shipping-taxable","13":"purchasable","14":"product-type-variable"},"_links":{"self":[{"href":"https:\/\/laubeholistic.com\/es\/wp-json\/wp\/v2\/product\/12529","targetHints":{"allow":["GET"]}}],"collection":[{"href":"https:\/\/laubeholistic.com\/es\/wp-json\/wp\/v2\/product"}],"about":[{"href":"https:\/\/laubeholistic.com\/es\/wp-json\/wp\/v2\/types\/product"}],"replies":[{"embeddable":true,"href":"https:\/\/laubeholistic.com\/es\/wp-json\/wp\/v2\/comments?post=12529"}],"wp:featuredmedia":[{"embeddable":true,"href":"https:\/\/laubeholistic.com\/es\/wp-json\/wp\/v2\/media\/12608"}],"wp:attachment":[{"href":"https:\/\/laubeholistic.com\/es\/wp-json\/wp\/v2\/media?parent=12529"}],"wp:term":[{"taxonomy":"product_brand","embeddable":true,"href":"https:\/\/laubeholistic.com\/es\/wp-json\/wp\/v2\/product_brand?post=12529"},{"taxonomy":"product_cat","embeddable":true,"href":"https:\/\/laubeholistic.com\/es\/wp-json\/wp\/v2\/product_cat?post=12529"},{"taxonomy":"product_tag","embeddable":true,"href":"https:\/\/laubeholistic.com\/es\/wp-json\/wp\/v2\/product_tag?post=12529"}],"curies":[{"name":"wp","href":"https:\/\/api.w.org\/{rel}","templated":true}]}}