{"id":12064,"date":"2023-02-20T10:33:10","date_gmt":"2023-02-20T10:33:10","guid":{"rendered":"https:\/\/laubeholistic.com\/?post_type=product&#038;p=12064"},"modified":"2026-04-20T14:51:59","modified_gmt":"2026-04-20T14:51:59","slug":"la-tortuga-verde","status":"publish","type":"product","link":"https:\/\/laubeholistic.com\/es\/shop\/la-tortuga-verde\/","title":{"rendered":"La Tortuga Verde"},"content":{"rendered":"<h2><span style=\"color: #000000;\">Desodorante Natural (70g):<\/span><\/h2>\n<p><span style=\"color: #000000;\">Aceite de coco prensado en fr\u00edo, cera de abejas, manteca de karit\u00e9, manteca de cacao, aceite esencial de vitamina E (eucalipto, c\u00edtricos), amor, bueno para todo tipo de piel<\/span><\/p>\n<p><span style=\"color: #000000;\">Libre de aceite de palma<\/span><\/p>\n<h2><span style=\"color: #000000;\">Repelente de Insectos Bug Off (70g):<\/span><\/h2>\n<p><span style=\"color: #000000;\">Aceite de coco prensado en fr\u00edo, manteca de karit\u00e9, cera de abejas (citronela, limoncillo, romero, eucalipto) Aceites esenciales, Love Good para todo tipo de piel, 100 % vegano.<\/span><\/p>\n<p><span style=\"color: #000000;\">Libre de aceite de palma<\/span><\/p>\n<h2><span style=\"color: #000000;\">Bloqueador Solar (50g):<\/span><\/h2>\n<p><span style=\"color: #000000;\">\u00d3xido de zinc, aceite de coco, ra\u00edz de Thanaka, vitamina E, aloe, amor 100% vegano.<\/span><\/p>\n<p><span style=\"color: #000000;\">Libre de aceite de palma<\/span><\/p>\n<h2><span style=\"color: #000000;\">Crema refrescante Aftersun  (70 g):&nbsp; <\/span><\/h2>\n<p><span style=\"color: #000000;\">Aceite de coco prensado en fr\u00edo, vitamina E, aloe, aceite de aguacate, manteca de karit\u00e9, amor, bueno para todo tipo de piel. <\/span><\/p>\n<p><span style=\"color: #000000;\">Libre de aceite de palma<\/span><\/p>\n<h2><span style=\"color: #000000;\">Loci\u00f3n para Manos y Cuerpo Lavanda (70g): <\/span><\/h2>\n<p><span style=\"color: #000000;\">Aceite de coco prensado en fr\u00edo, aceite de aguacate, aceite esencial de lavanda, cera de abeja, vitamina E, amor, bueno para todo tipo de piel.<\/span><\/p>\n<p><span style=\"color: #000000;\">Libre de aceite de palma<\/span><\/p>\n<h2><span style=\"color: #000000;\">Loci\u00f3n para manos y cuerpo Forever Green Jungle (70):<\/span><\/h2>\n<p><span style=\"color: #000000;\">Aceite de coco prensado en fr\u00edo, aceite de aguacate, aceites esenciales, cera de abeja, vitamina E, amor, bueno para todo tipo de piel.<\/span><\/p>\n<p><span style=\"color: #000000;\">Libre de aceite de palma<\/span><\/p>","protected":false},"excerpt":{"rendered":"<p><span style=\"color: #000000;\"><strong>La Tortuga Verde Costa Rica<\/strong> son fabricantes de productos para el cuidado personal hechos a mano con sede en Costa Rica, que utilizan ingredientes naturales, org\u00e1nicos y sostenibles cuando est\u00e1n disponibles de manera saludable en los que puede confiar. Mediante el uso de productos Palm Oil Free, libres de ingredientes artificiales y productos qu\u00edmicos nocivos. Se beneficiar\u00e1 de una piel y un cabello naturalmente m\u00e1s sanos.<br \/>\n<\/span><\/p>\n<p><span style=\"color: #000000;\">No contienen parabenos, sulfatos ni qu\u00edmicos. No se basan en productos animales ni se prueban en animales. Respetuoso con el medio ambiente 100%<\/span><\/p>\n<p><span style=\"color: #000000;\">Todos estos productos est\u00e1n hechos a mano y en peque\u00f1os lotes para garantizar la frescura, la consistencia y la perfecci\u00f3n.<\/span><\/p>","protected":false},"featured_media":12072,"comment_status":"open","ping_status":"closed","template":"","meta":{"ngg_post_thumbnail":0},"product_brand":[],"product_cat":[318],"product_tag":[],"class_list":{"0":"post-12064","1":"product","2":"type-product","3":"status-publish","4":"has-post-thumbnail","6":"product_cat-la-tortuga-verde-cr","8":"first","9":"instock","10":"taxable","11":"shipping-taxable","12":"purchasable","13":"product-type-variable"},"_links":{"self":[{"href":"https:\/\/laubeholistic.com\/es\/wp-json\/wp\/v2\/product\/12064","targetHints":{"allow":["GET"]}}],"collection":[{"href":"https:\/\/laubeholistic.com\/es\/wp-json\/wp\/v2\/product"}],"about":[{"href":"https:\/\/laubeholistic.com\/es\/wp-json\/wp\/v2\/types\/product"}],"replies":[{"embeddable":true,"href":"https:\/\/laubeholistic.com\/es\/wp-json\/wp\/v2\/comments?post=12064"}],"wp:featuredmedia":[{"embeddable":true,"href":"https:\/\/laubeholistic.com\/es\/wp-json\/wp\/v2\/media\/12072"}],"wp:attachment":[{"href":"https:\/\/laubeholistic.com\/es\/wp-json\/wp\/v2\/media?parent=12064"}],"wp:term":[{"taxonomy":"product_brand","embeddable":true,"href":"https:\/\/laubeholistic.com\/es\/wp-json\/wp\/v2\/product_brand?post=12064"},{"taxonomy":"product_cat","embeddable":true,"href":"https:\/\/laubeholistic.com\/es\/wp-json\/wp\/v2\/product_cat?post=12064"},{"taxonomy":"product_tag","embeddable":true,"href":"https:\/\/laubeholistic.com\/es\/wp-json\/wp\/v2\/product_tag?post=12064"}],"curies":[{"name":"wp","href":"https:\/\/api.w.org\/{rel}","templated":true}]}}