{"id":12035,"date":"2023-02-13T17:11:32","date_gmt":"2023-02-13T17:11:32","guid":{"rendered":"https:\/\/laubeholistic.com\/?post_type=product&#038;p=12035"},"modified":"2023-08-02T16:14:02","modified_gmt":"2023-08-02T16:14:02","slug":"bio-identical-hormones-peptides","status":"publish","type":"product","link":"https:\/\/laubeholistic.com\/es\/shop\/bio-identical-hormones-peptides\/","title":{"rendered":"Hormonas y p\u00e9ptidos bioid\u00e9nticos"},"content":{"rendered":"<p><span style=\"color: #000000;\">Las hormonas en su cuerpo juegan un papel crucial en la regulaci\u00f3n de varias funciones, incluida la digesti\u00f3n, el crecimiento, el deseo sexual, la actividad cerebral, las emociones y el sistema inmunol\u00f3gico. Act\u00faan como un medio de comunicaci\u00f3n entre las c\u00e9lulas de todo el cuerpo. Cuando sus hormonas est\u00e1n desequilibradas, puede tener un impacto notable en su salud y bienestar general. Afortunadamente, la Terapia de Reemplazo de Hormonas Bioid\u00e9nticas (BHRT, por sus siglas en ingl\u00e9s) puede ayudar a restaurar el equilibrio de sus hormonas, brind\u00e1ndole el alivio que tanto necesita.<\/span><\/p>\n<p><span style=\"color: #000000;\"><strong>Hormonas bioid\u00e9nticas<\/strong> <strong>y p\u00e9ptidos<\/strong> son qu\u00edmicamente id\u00e9nticas a las hormonas producidas naturalmente por el cuerpo humano, mientras que las hormonas sint\u00e9ticas son artificiales y qu\u00edmicamente diferentes de las hormonas producidas por el cuerpo. Esta diferencia es lo que distingue a las hormonas bioid\u00e9nticas y las convierte en una mejor opci\u00f3n para muchas personas, especialmente mujeres y hombres que atraviesan desequilibrios hormonales. <img loading=\"lazy\" decoding=\"async\" class=\"wp-image-12058 alignright\" src=\"https:\/\/laubeholistic.com\/wp-content\/uploads\/bioidentical_hormone_replacment_therapy-300x169.png\" alt=\"\" width=\"393\" height=\"221\" srcset=\"https:\/\/laubeholistic.com\/wp-content\/uploads\/bioidentical_hormone_replacment_therapy-300x169.png 300w, https:\/\/laubeholistic.com\/wp-content\/uploads\/bioidentical_hormone_replacment_therapy-1024x576.png 1024w, https:\/\/laubeholistic.com\/wp-content\/uploads\/bioidentical_hormone_replacment_therapy-768x432.png 768w, https:\/\/laubeholistic.com\/wp-content\/uploads\/bioidentical_hormone_replacment_therapy-1536x864.png 1536w, https:\/\/laubeholistic.com\/wp-content\/uploads\/bioidentical_hormone_replacment_therapy-18x10.png 18w, https:\/\/laubeholistic.com\/wp-content\/uploads\/bioidentical_hormone_replacment_therapy-510x287.png 510w, https:\/\/laubeholistic.com\/wp-content\/uploads\/bioidentical_hormone_replacment_therapy.png 1750w\" sizes=\"auto, (max-width: 393px) 100vw, 393px\" \/><\/span><\/p>\n<p><span style=\"color: #000000;\">Estos son algunos de los beneficios de las hormonas bioid\u00e9nticas:<\/span><\/p>\n<ol>\n<li><span style=\"color: #000000;\">Seguridad: Se ha demostrado que las hormonas bioid\u00e9nticas son m\u00e1s seguras que las hormonas sint\u00e9ticas. Tienen un menor riesgo de efectos secundarios, como co\u00e1gulos de sangre, accidente cerebrovascular y c\u00e1ncer de mama, en comparaci\u00f3n con las hormonas sint\u00e9ticas.<\/span><\/li>\n<li><span style=\"color: #000000;\">Personalizaci\u00f3n: las hormonas bioid\u00e9nticas se pueden personalizar seg\u00fan las necesidades hormonales espec\u00edficas del individuo, en funci\u00f3n de los resultados de un an\u00e1lisis de sangre o saliva. Las hormonas sint\u00e9ticas, por otro lado, est\u00e1n disponibles en un formato \u00fanico para todos, lo que puede no ser efectivo para todos.<\/span><\/li>\n<li><span style=\"color: #000000;\">Natural: Las hormonas bioid\u00e9nticas se derivan de fuentes naturales, como las plantas, y son qu\u00edmicamente id\u00e9nticas a las hormonas producidas por el cuerpo humano. Las hormonas sint\u00e9ticas son artificiales y pueden tener una estructura qu\u00edmica diferente, lo que puede afectar la forma en que se metabolizan y c\u00f3mo interact\u00faan con el cuerpo.<\/span><\/li>\n<li><span style=\"color: #000000;\">Eficacia: Se ha demostrado que las hormonas bioid\u00e9nticas son m\u00e1s eficaces en el tratamiento de los s\u00edntomas de los desequilibrios hormonales que las hormonas sint\u00e9ticas. Esto se debe a que imitan las hormonas naturales del cuerpo, lo que ayuda a restablecer el equilibrio y aliviar los s\u00edntomas.<\/span><\/li>\n<li><span style=\"color: #000000;\">Mejor perfil de efectos secundarios: las hormonas bioid\u00e9nticas a menudo son mejor toleradas por el cuerpo y tienen un perfil de efectos secundarios m\u00e1s favorable en comparaci\u00f3n con las hormonas sint\u00e9ticas. Algunos efectos secundarios comunes de las hormonas sint\u00e9ticas incluyen cambios de humor, dolores de cabeza y aumento de peso, que es menos probable que ocurran con hormonas bioid\u00e9nticas.<\/span><\/li>\n<\/ol>\n<figure id=\"attachment_12057\" aria-describedby=\"caption-attachment-12057\" style=\"width: 300px\" class=\"wp-caption alignright\"><img loading=\"lazy\" decoding=\"async\" class=\"wp-image-12057 size-medium\" src=\"https:\/\/laubeholistic.com\/wp-content\/uploads\/muscular-male-body-and-testosterone-hormone-formula-free-photo-300x176.jpg\" alt=\"Bio-identical hormones and Peptides for men\" width=\"300\" height=\"176\" srcset=\"https:\/\/laubeholistic.com\/wp-content\/uploads\/muscular-male-body-and-testosterone-hormone-formula-free-photo-300x176.jpg 300w, https:\/\/laubeholistic.com\/wp-content\/uploads\/muscular-male-body-and-testosterone-hormone-formula-free-photo-18x12.jpg 18w, https:\/\/laubeholistic.com\/wp-content\/uploads\/muscular-male-body-and-testosterone-hormone-formula-free-photo.jpg 341w\" sizes=\"auto, (max-width: 300px) 100vw, 300px\" \/><figcaption id=\"caption-attachment-12057\" class=\"wp-caption-text\">P\u00e9ptidos para hombres<\/figcaption><\/figure>\n<p><span style=\"color: #000000;\">Las hormonas bioid\u00e9nticas y los p\u00e9ptidos para m\u00ed que est\u00e1n espec\u00edficamente dirigidos a cumplir con sus objetivos \u00fanicos de salud y estado f\u00edsico pueden ayudarlo a lograr la p\u00e9rdida de peso, aumentar la masa muscular, mejorar la salud \u00f3sea, recuperarse m\u00e1s r\u00e1pido del ejercicio y una mayor sensaci\u00f3n de bienestar general.<\/span><\/p>\n<p><span style=\"color: #000000;\">Las hormonas bioid\u00e9nticas se pueden usar para reemplazar la testosterona en hombres que enfrentan niveles bajos de testosterona, tambi\u00e9n conocido como hipogonadismo. A diferencia de las hormonas sint\u00e9ticas, la testosterona bioid\u00e9ntica es qu\u00edmicamente id\u00e9ntica a la testosterona producida por el cuerpo y puede ayudar a restablecer el equilibrio hormonal y aliviar s\u00edntomas como falta de energ\u00eda, disminuci\u00f3n de la libido y debilidad muscular.<\/span><\/p>\n<p><span style=\"color: #000000;\">Mejor perfil de seguridad: se ha demostrado que las hormonas bioid\u00e9nticas son m\u00e1s seguras que las hormonas sint\u00e9ticas, con un menor riesgo de efectos secundarios como co\u00e1gulos sangu\u00edneos, infarto de miocardio y c\u00e1ncer de pr\u00f3stata.<\/span><\/p>\n<p><span style=\"color: #000000;\">En conclusi\u00f3n, las hormonas bioid\u00e9nticas ofrecen un enfoque m\u00e1s seguro, efectivo y personalizado de la terapia hormonal para mujeres y hombres que enfrentan desequilibrios hormonales. Si est\u00e1 considerando la terapia hormonal, es importante analizar los pros y los contras con su proveedor de atenci\u00f3n m\u00e9dica para determinar qu\u00e9 tipo de terapia hormonal es mejor para usted.<\/span><\/p>\n<p><span style=\"color: #000000;\">Si tiene alguna pregunta y desea que le ayudemos a adquirir hormonas o p\u00e9ptidos bioid\u00e9nticos, env\u00edenos un mensaje haciendo clic en el enlace a continuaci\u00f3n.<br \/>\n<\/span><\/p>\n<a class=\"maxbutton-3 maxbutton maxbutton-pure-water-kit-button\" href=\"https:\/\/laubeholistic.com\/es\/contact\/\"><span class='mb-text'>Tengo una pregunta<\/span><\/a>","protected":false},"excerpt":{"rendered":"<p><span style=\"color: #000000;\">A medida que las personas envejecen, los niveles de hormonas como la testosterona, el estr\u00f3geno y la progesterona en sus cuerpos disminuyen. Esta disminuci\u00f3n en los niveles hormonales afecta tanto a hombres como a mujeres.<\/span><\/p>\n<p><span style=\"color: #000000;\">Este desequilibrio hormonal puede conducir a:<\/span><\/p>\n<p><strong><em><span style=\"color: #000000;\">\u00b7P\u00e9rdida de memoria, \u00b7Sofocos, \u00b7Cambios de humor, \u00b7Fatiga, \u00b7Sudores nocturnos, \u00b7P\u00e9rdida de energ\u00eda, \u00b7Sequedad vaginal<\/span><\/em><\/strong><\/p>\n<p><strong><em><span style=\"color: #000000;\">\u00b7Pensamientos confusos, \u00b7Aumento de peso, \u00b7Dificultad para dormir, \u00b7P\u00e9rdida de masa muscular, \u00b7Dolor durante las relaciones sexuales.<\/span><\/em><\/strong><\/p>\n<p><span style=\"color: #000000;\">Por lo tanto, <strong>la terapia de reemplazo de hormonas bioidenticas<\/strong> se utiliza para reemplazar la hormona perdida<\/span><\/p>\n<a class=\"maxbutton-3 maxbutton maxbutton-pure-water-kit-button\" href=\"https:\/\/laubeholistic.com\/es\/contact\/\"><span class='mb-text'>Tengo una pregunta<\/span><\/a>","protected":false},"featured_media":12059,"comment_status":"open","ping_status":"closed","template":"","meta":{"ngg_post_thumbnail":0},"product_brand":[],"product_cat":[331],"product_tag":[],"class_list":{"0":"post-12035","1":"product","2":"type-product","3":"status-publish","4":"has-post-thumbnail","6":"product_cat-services","8":"first","9":"instock","10":"taxable","11":"shipping-taxable","12":"product-type-simple"},"_links":{"self":[{"href":"https:\/\/laubeholistic.com\/es\/wp-json\/wp\/v2\/product\/12035","targetHints":{"allow":["GET"]}}],"collection":[{"href":"https:\/\/laubeholistic.com\/es\/wp-json\/wp\/v2\/product"}],"about":[{"href":"https:\/\/laubeholistic.com\/es\/wp-json\/wp\/v2\/types\/product"}],"replies":[{"embeddable":true,"href":"https:\/\/laubeholistic.com\/es\/wp-json\/wp\/v2\/comments?post=12035"}],"wp:featuredmedia":[{"embeddable":true,"href":"https:\/\/laubeholistic.com\/es\/wp-json\/wp\/v2\/media\/12059"}],"wp:attachment":[{"href":"https:\/\/laubeholistic.com\/es\/wp-json\/wp\/v2\/media?parent=12035"}],"wp:term":[{"taxonomy":"product_brand","embeddable":true,"href":"https:\/\/laubeholistic.com\/es\/wp-json\/wp\/v2\/product_brand?post=12035"},{"taxonomy":"product_cat","embeddable":true,"href":"https:\/\/laubeholistic.com\/es\/wp-json\/wp\/v2\/product_cat?post=12035"},{"taxonomy":"product_tag","embeddable":true,"href":"https:\/\/laubeholistic.com\/es\/wp-json\/wp\/v2\/product_tag?post=12035"}],"curies":[{"name":"wp","href":"https:\/\/api.w.org\/{rel}","templated":true}]}}