{"id":11709,"date":"2022-12-10T00:04:12","date_gmt":"2022-12-10T00:04:12","guid":{"rendered":"https:\/\/laubeholistic.com\/?post_type=product&#038;p=11709"},"modified":"2023-08-02T16:15:25","modified_gmt":"2023-08-02T16:15:25","slug":"the-total-health-freedom-subscription","status":"publish","type":"product","link":"https:\/\/laubeholistic.com\/es\/shop\/the-total-health-freedom-subscription\/","title":{"rendered":"LA SUSCRIPCI\u00d3N A LA LIBERTAD TOTAL DE SALUD"},"content":{"rendered":"","protected":false},"excerpt":{"rendered":"<p><span style=\"font-weight: 400;\">Nos preguntas c\u00f3mo utilizar las soluciones de salud que vendemos...<\/span><\/p>\n<p><span style=\"font-weight: 400;\">C\u00f3mo utilizar los protocolos para problemas complejos\/m\u00faltiples...<\/span><\/p>\n<p><span style=\"font-weight: 400;\">Y c\u00f3mo utilizarlos para alcanzar un nivel explosivo de salud (\u00a1y mantenerlo en este mundo cada vez m\u00e1s loco!)\u2026<\/span><\/p>\n<p><span style=\"font-weight: 400;\">Por eso creamos un espacio seguro para ayudarte a conseguir todo esto.<\/span><\/p>\n<p><span style=\"font-weight: 400;\">Adem\u00e1s de la experiencia de una comunidad c\u00e1lida y acogedora de personas como t\u00fa.&nbsp;&nbsp;<\/span><\/p>\n<p><span style=\"font-weight: 400;\">LO QUE OBTIENES:<\/span><\/p>\n<ul>\n<li style=\"font-weight: 400;\" aria-level=\"1\"><span style=\"font-weight: 400;\">Sesiones de capacitaci\u00f3n mensuales sobre c\u00f3mo utilizar nuestras soluciones de salud para problemas espec\u00edficos<\/span><\/li>\n<li style=\"font-weight: 400;\" aria-level=\"1\"><span style=\"font-weight: 400;\">Sesiones de preguntas y respuestas en grupo abierto<\/span><\/li>\n<li style=\"font-weight: 400;\" aria-level=\"1\"><span style=\"font-weight: 400;\">Comunidad privada de Telegram de personas con ideas afines<\/span><\/li>\n<li style=\"font-weight: 400;\" aria-level=\"1\"><span style=\"font-weight: 400;\">Acceso a todas las convocatorias, sesiones y capacitaciones anteriores<\/span><\/li>\n<\/ul>\n<p>Puedes cancelar tu membres\u00eda en cualquier momento.<\/p>","protected":false},"featured_media":11710,"comment_status":"open","ping_status":"closed","template":"","meta":{"ngg_post_thumbnail":0},"product_brand":[],"product_cat":[331],"product_tag":[],"class_list":{"0":"post-11709","1":"product","2":"type-product","3":"status-publish","4":"has-post-thumbnail","6":"product_cat-services","8":"first","9":"instock","10":"virtual","11":"taxable","12":"purchasable","13":"product-type-simple"},"_links":{"self":[{"href":"https:\/\/laubeholistic.com\/es\/wp-json\/wp\/v2\/product\/11709","targetHints":{"allow":["GET"]}}],"collection":[{"href":"https:\/\/laubeholistic.com\/es\/wp-json\/wp\/v2\/product"}],"about":[{"href":"https:\/\/laubeholistic.com\/es\/wp-json\/wp\/v2\/types\/product"}],"replies":[{"embeddable":true,"href":"https:\/\/laubeholistic.com\/es\/wp-json\/wp\/v2\/comments?post=11709"}],"wp:featuredmedia":[{"embeddable":true,"href":"https:\/\/laubeholistic.com\/es\/wp-json\/wp\/v2\/media\/11710"}],"wp:attachment":[{"href":"https:\/\/laubeholistic.com\/es\/wp-json\/wp\/v2\/media?parent=11709"}],"wp:term":[{"taxonomy":"product_brand","embeddable":true,"href":"https:\/\/laubeholistic.com\/es\/wp-json\/wp\/v2\/product_brand?post=11709"},{"taxonomy":"product_cat","embeddable":true,"href":"https:\/\/laubeholistic.com\/es\/wp-json\/wp\/v2\/product_cat?post=11709"},{"taxonomy":"product_tag","embeddable":true,"href":"https:\/\/laubeholistic.com\/es\/wp-json\/wp\/v2\/product_tag?post=11709"}],"curies":[{"name":"wp","href":"https:\/\/api.w.org\/{rel}","templated":true}]}}