{"id":11445,"date":"2022-10-20T11:50:34","date_gmt":"2022-10-20T11:50:34","guid":{"rendered":"https:\/\/laubeholistic.com\/?post_type=product&#038;p=11445"},"modified":"2023-08-23T15:03:03","modified_gmt":"2023-08-23T15:03:03","slug":"chaga-mushrooms","status":"publish","type":"product","link":"https:\/\/laubeholistic.com\/es\/shop\/chaga-mushrooms\/","title":{"rendered":"Hongos CHAGA"},"content":{"rendered":"<h1><span style=\"color: #000000;\">Hongos chaga siberianos<\/span><\/h1>\n<p><span style=\"color: #000000;\">Estos hongos chaga se cosechan en remotos bosques siberianos sub\u00e1rticos. <\/span><\/p>\n<p><span style=\"color: #000000;\">Chaga contiene poderosos nutrientes y antioxidantes para fortalecer el sistema inmunol\u00f3gico y ayudar a prevenir enfermedades.<\/span><\/p>\n<div class=\"elementor-column elementor-col-66 elementor-top-column elementor-element elementor-element-2004d6d\" data-id=\"2004d6d\" data-element_type=\"column\">\n<div class=\"elementor-widget-wrap elementor-element-populated\">\n<div class=\"elementor-element elementor-element-56c2ff3 elementor-widget elementor-widget-text-editor\" data-id=\"56c2ff3\" data-element_type=\"widget\" data-widget_type=\"text-editor.default\">\n<div class=\"elementor-widget-container\">\n<p><span style=\"color: #000000;\">Nuestros CHAGA CHUNKS son trozos de pura seta chaga. Se sabe que Chaga se usa como t\u00e9, pero tambi\u00e9n se puede moler hasta convertirlo en polvo y tomarlo en su caf\u00e9, batido u otro l\u00edquido. El t\u00e9 Chaga es una excelente manera de tomar antioxidantes adicionales y otros compuestos que estimulan el sistema inmunol\u00f3gico sin cafe\u00edna.<\/span><\/p>\n<p><strong><span style=\"color: #000000;\">Beneficios potenciales para la salud:<\/span><\/strong><\/p>\n<ul>\n<li><span style=\"color: #000000;\">Fortalecer el sistema inmunol\u00f3gico<\/span><\/li>\n<li><span style=\"color: #000000;\">Fortalecer el sistema digestivo, el sistema cardiovascular y endocrino<\/span><\/li>\n<li><span style=\"color: #000000;\">Ralentiza el proceso de envejecimiento<\/span><\/li>\n<li><span style=\"color: #000000;\">Reduce el colesterol<\/span><\/li>\n<li><span style=\"color: #000000;\">Disminuye la presi\u00f3n arterial<\/span><\/li>\n<li><span style=\"color: #000000;\">Combate la inflamaci\u00f3n<\/span><\/li>\n<li><span style=\"color: #000000;\">Reduce el az\u00facar en la sangre<\/span><\/li>\n<\/ul>\n<\/div>\n<\/div>\n<\/div>\n<\/div>\n<p>&nbsp;<\/p>\n<h2><span style=\"color: #000000;\">C\u00f3mo hacer t\u00e9 Chaga con trozos de hongos Chaga<br \/>\n<\/span><\/h2>\n<p><span style=\"color: #000000;\">Seleccione 4-5 piezas de chaga MELS para agregar a una olla grande con aprox. 1 litro de agua. <\/span><\/p>\n<p><span style=\"color: #000000;\">Lleve el agua a ebullici\u00f3n, baje el fuego y cocine a fuego lento durante un m\u00ednimo de 15 minutos, pero preferiblemente hasta 3-4 horas, dependiendo de qu\u00e9 tan fuerte desee el t\u00e9. <\/span><span style=\"color: #000000;\">Colar el t\u00e9 y reservar las piezas. Las piezas se pueden usar hasta dos o tres veces m\u00e1s, hasta que se ablanden y se desmoronen. <\/span><span style=\"color: #000000;\">La infusi\u00f3n se sirve como t\u00e9 caliente o se enfr\u00eda como una bebida fr\u00eda. Agregue edulcorante si es necesario, como miel o stevia. Se mantiene en la nevera hasta por 7 d\u00edas. <\/span><\/p>\n<p><span style=\"color: #000000;\">Para una taza de t\u00e9: ralle un trozo de chaga hasta convertirlo en polvo y col\u00f3quelo en un colador de t\u00e9. <\/span><span style=\"color: #000000;\">Deje reposar durante aprox. 15 minutos<\/span><\/p>\n<p>&nbsp;<\/p>\n<div class=\"elementor-column elementor-col-66 elementor-top-column elementor-element elementor-element-e2aa455\" data-id=\"e2aa455\" data-element_type=\"column\">\n<div class=\"elementor-widget-wrap elementor-element-populated\">\n<div class=\"elementor-element elementor-element-0edfc41 elementor-widget elementor-widget-text-editor\" data-id=\"0edfc41\" data-element_type=\"widget\" data-widget_type=\"text-editor.default\">\n<div class=\"elementor-widget-container\">\n<p><em><span style=\"color: #000000;\">Laboratorio de terceros probado para potencia, pureza y eficacia.<\/span><\/em><\/p>\n<p><em><span style=\"color: #000000;\">Almacenamiento: Por debajo de 25 grados cent\u00edgrados. Evite la luz solar directa.<\/span><\/em><\/p>\n<p><strong><span style=\"color: #000000;\">Descargo de responsabilidad: los hongos Chaga no se pueden utilizar como sustituto de una dieta sana y variada.<\/span><\/strong><\/p>\n<\/div>\n<\/div>\n<\/div>\n<\/div>","protected":false},"excerpt":{"rendered":"<p><span style=\"color: #000000;\">Trozos de hongos chaga siberianos (Inonotus obliquus)<\/span><\/p>\n<ul>\n<li><span style=\"color: #000000;\">100% natural y org\u00e1nica<\/span><\/li>\n<li><span style=\"color: #000000;\">libre de transg\u00e9nicos<\/span><\/li>\n<li><span style=\"color: #000000;\">Vegano<\/span><\/li>\n<li><span style=\"color: #000000;\">Probado en laboratorio de terceros<\/span><\/li>\n<li><span style=\"color: #000000;\">Libre de cafe\u00edna<\/span><\/li>\n<li><span style=\"color: #000000;\">200g<\/span><\/li>\n<\/ul>\n<p><span style=\"color: #000000;\">Hecho en Europa<\/span><\/p>","protected":false},"featured_media":11455,"comment_status":"open","ping_status":"closed","template":"","meta":{"ngg_post_thumbnail":0},"product_brand":[],"product_cat":[334,328],"product_tag":[],"class_list":{"0":"post-11445","1":"product","2":"type-product","3":"status-publish","4":"has-post-thumbnail","6":"product_cat-on-sale","7":"product_cat-teas","9":"first","10":"outofstock","11":"sale","12":"taxable","13":"shipping-taxable","14":"purchasable","15":"product-type-simple"},"_links":{"self":[{"href":"https:\/\/laubeholistic.com\/es\/wp-json\/wp\/v2\/product\/11445","targetHints":{"allow":["GET"]}}],"collection":[{"href":"https:\/\/laubeholistic.com\/es\/wp-json\/wp\/v2\/product"}],"about":[{"href":"https:\/\/laubeholistic.com\/es\/wp-json\/wp\/v2\/types\/product"}],"replies":[{"embeddable":true,"href":"https:\/\/laubeholistic.com\/es\/wp-json\/wp\/v2\/comments?post=11445"}],"wp:featuredmedia":[{"embeddable":true,"href":"https:\/\/laubeholistic.com\/es\/wp-json\/wp\/v2\/media\/11455"}],"wp:attachment":[{"href":"https:\/\/laubeholistic.com\/es\/wp-json\/wp\/v2\/media?parent=11445"}],"wp:term":[{"taxonomy":"product_brand","embeddable":true,"href":"https:\/\/laubeholistic.com\/es\/wp-json\/wp\/v2\/product_brand?post=11445"},{"taxonomy":"product_cat","embeddable":true,"href":"https:\/\/laubeholistic.com\/es\/wp-json\/wp\/v2\/product_cat?post=11445"},{"taxonomy":"product_tag","embeddable":true,"href":"https:\/\/laubeholistic.com\/es\/wp-json\/wp\/v2\/product_tag?post=11445"}],"curies":[{"name":"wp","href":"https:\/\/api.w.org\/{rel}","templated":true}]}}