{"id":10749,"date":"2022-07-04T23:59:02","date_gmt":"2022-07-04T23:59:02","guid":{"rendered":"https:\/\/laubeholistic.com\/?post_type=product&#038;p=10749"},"modified":"2023-08-02T16:17:02","modified_gmt":"2023-08-02T16:17:02","slug":"full-body-check-up-and-therapy","status":"publish","type":"product","link":"https:\/\/laubeholistic.com\/es\/shop\/full-body-check-up-and-therapy\/","title":{"rendered":"Terapia de biorretroalimentaci\u00f3n OBERON"},"content":{"rendered":"<h3 style=\"text-align: center;\"><strong><span style=\"color: #000000;\">\u00bfQu\u00e9 es la biorretroalimentaci\u00f3n?<\/span><\/strong><\/h3>\n<p><span style=\"color: #000000;\">Cada \u00f3rgano, cada c\u00e9lula y cada microbio del cuerpo tiene su propia frecuencia. La bioresenancia puede detectar esas frecuencias y cualquier desequilibrio a trav\u00e9s de ondas sonoras en el cerebro. En consecuencia, estas frecuencias pueden variar en respuestas a una variedad de tensiones, desde respuestas bioqu\u00edmicas y fisiol\u00f3gicas a pat\u00f3genos, al\u00e9rgenos, sustancias qu\u00edmicas o alteraciones en el ADN. Tambi\u00e9n se ha demostrado que las ondas u oscilaciones electromagn\u00e9ticas emitidas por \u00f3rganos enfermos, incluidas las c\u00e9lulas cancerosas, var\u00edan de las emitidas por c\u00e9lulas sanas debido a sus diferencias en el metabolismo celular y los cambios en el ADN.<\/span><br \/>\n<span style=\"color: #000000;\">La biorretroalimentaci\u00f3n consiste en ayudar a que los desequilibrios se reequilibren nuevamente. De ello se deduce que despu\u00e9s de la exposici\u00f3n a toxinas, aparecen al\u00e9rgenos. Los virus, las bacterias, las respuestas adversas al estr\u00e9s y la contaminaci\u00f3n electromagn\u00e9tica de diversas fuentes alteran la fisiolog\u00eda, la bioqu\u00edmica y las funciones de varios \u00f3rganos y tejidos, lo que se manifiesta en un estado de desequilibrio de frecuencia. Se ha determinado que la frecuencia de resonancia emitida en el estado de desequilibrio en comparaci\u00f3n con uno sano es menor y, si se compensa y aumenta con entradas externas, puede ayudar a restaurar el d\u00e9ficit de energ\u00eda y promover la curaci\u00f3n y la reversi\u00f3n del estado de desequilibrio. \u00c9sta es la base de la Terapia de Biorretroalimentaci\u00f3n por Biorresonancia.<\/span><\/p>\n<p><span style=\"color: #000000;\"><img loading=\"lazy\" decoding=\"async\" class=\"alignleft size-medium wp-image-10758\" src=\"https:\/\/laubeholistic.com\/wp-content\/uploads\/Biofeedback-modalities-300x169.jpg\" alt=\"\" width=\"300\" height=\"169\" srcset=\"https:\/\/laubeholistic.com\/wp-content\/uploads\/Biofeedback-modalities-300x169.jpg 300w, https:\/\/laubeholistic.com\/wp-content\/uploads\/Biofeedback-modalities-510x287.jpg 510w, https:\/\/laubeholistic.com\/wp-content\/uploads\/Biofeedback-modalities-1024x576.jpg 1024w, https:\/\/laubeholistic.com\/wp-content\/uploads\/Biofeedback-modalities-768x432.jpg 768w, https:\/\/laubeholistic.com\/wp-content\/uploads\/Biofeedback-modalities-1536x864.jpg 1536w, https:\/\/laubeholistic.com\/wp-content\/uploads\/Biofeedback-modalities-18x10.jpg 18w, https:\/\/laubeholistic.com\/wp-content\/uploads\/Biofeedback-modalities.jpg 1920w\" sizes=\"auto, (max-width: 300px) 100vw, 300px\" \/>La terapia de biorretroalimentaci\u00f3n no es invasiva y puede realizarse en persona o <strong>A una distancia<\/strong>. En persona, la primera sesi\u00f3n suele durar unos 50 minutos para una consulta inicial y la exploraci\u00f3n se realiza a trav\u00e9s de unos auriculares. No se deben usar joyas ni consumir alimentos ni caf\u00e9 durante las 2 horas previas al escaneo. <strong>Para escaneo a distancia<\/strong> y en la terapia posterior se suministra una muestra de corte de cabello o de u\u00f1as de los pies y el escaneo se realiza de manera similar usando los receptores de los auriculares.<\/span><\/p>\n<p><span style=\"color: #000000;\">Despu\u00e9s del escaneo inicial, se produce un an\u00e1lisis detallado que puede detectar el nivel de energ\u00eda actual de los \u00f3rganos, c\u00e9lulas, bacterias, etc. y tambi\u00e9n el coeficiente de cada uno. Esto explica qu\u00e9 tan bien est\u00e1 funcionando el \u00f3rgano. Se detectan patolog\u00edas existentes y futuras que no se conozcan. Tambi\u00e9n se pueden detectar alergias. Muchas patolog\u00edas se pueden tratar a trav\u00e9s del sistema digestivo, ya que el intestino es el \u00e1rea m\u00e1s importante para el desarrollo bacteriano y la salud intestinal es primordial.<\/span><\/p>\n<p><span style=\"color: #000000;\">Por lo tanto, la terapia de biorretroalimentaci\u00f3n inicial generalmente se realiza en el sistema digestivo durante seis semanas con un m\u00ednimo de tres sesiones por semana, despu\u00e9s de las cuales se realiza una segunda exploraci\u00f3n completa y se hace una comparaci\u00f3n.<\/span><\/p>\n<p><span style=\"color: #000000;\">Algunos clientes tienen \u00e1reas espec\u00edficas de preocupaci\u00f3n y ya han recibido o est\u00e1n tomando medicina convencional y buscan la biorretroalimentaci\u00f3n como una forma de complementarla. De cualquier manera, si se usa solo o junto con otro tratamiento, puede ser una terapia complementaria muy satisfactoria ya que los resultados se ven dentro de este per\u00edodo de tiempo. Indique cualquier medicamento durante su consulta o cuando env\u00ede la muestra de cabello o u\u00f1as de los pies.<\/span><\/p>\n<p><img loading=\"lazy\" decoding=\"async\" class=\"wp-image-10755 alignleft\" src=\"https:\/\/laubeholistic.com\/wp-content\/uploads\/IMG_20220517_133512-1jpg-300x225.jpg\" alt=\"Oberon machine with Turningstones Biodfeedback therpay\" width=\"264\" height=\"198\" srcset=\"https:\/\/laubeholistic.com\/wp-content\/uploads\/IMG_20220517_133512-1jpg-300x225.jpg 300w, https:\/\/laubeholistic.com\/wp-content\/uploads\/IMG_20220517_133512-1jpg-scaled-510x383.jpg 510w, https:\/\/laubeholistic.com\/wp-content\/uploads\/IMG_20220517_133512-1jpg-1024x768.jpg 1024w, https:\/\/laubeholistic.com\/wp-content\/uploads\/IMG_20220517_133512-1jpg-768x576.jpg 768w, https:\/\/laubeholistic.com\/wp-content\/uploads\/IMG_20220517_133512-1jpg-1536x1152.jpg 1536w, https:\/\/laubeholistic.com\/wp-content\/uploads\/IMG_20220517_133512-1jpg-2048x1536.jpg 2048w, https:\/\/laubeholistic.com\/wp-content\/uploads\/IMG_20220517_133512-1jpg-16x12.jpg 16w\" sizes=\"auto, (max-width: 264px) 100vw, 264px\" \/><\/p>\n<p><span style=\"color: #000000;\">Tobias se reuni\u00f3 con Helena de \u201cTurningstones Biofeedback\u201d para aprender m\u00e1s sobre su terapia de biorretroalimentaci\u00f3n a trav\u00e9s de su m\u00e1quina y servicio OBERON y ha tenido varias sesiones con ella.<\/span><\/p>\n<p><span style=\"color: #000000;\"><em>\u201cHelena se muestra muy profesional. Ella sabe de lo que est\u00e1 hablando y puede ayudarle a detectar la causa ra\u00edz de los desequilibrios de frecuencia en su cuerpo en cuesti\u00f3n de minutos\u201d. <\/em><strong>Tobias Laube<\/strong><\/span><\/p>\n<p>&nbsp;<\/p>\n<p>&nbsp;<\/p>\n<h3><span style=\"color: #000000;\">TESTIMONIOS de Clientes<\/span><\/h3>\n<p><span style=\"color: #000000;\">Realmente puedo recomendar a Helena. Fui hacia ella sinti\u00e9ndome muy <\/span><span style=\"color: #000000;\">Cansado, despu\u00e9s de una sesi\u00f3n pude sentir que mi energ\u00eda regresaba. <\/span><span style=\"color: #000000;\">Hice un curso de seis semanas y al final estaba volando. <\/span><span style=\"color: #000000;\">Mucha energ\u00eda y buen humor...muy recomendable.<\/span><br \/>\n<span style=\"color: #000000;\">Ahora estoy teniendo algunas sesiones para ayudar a mi ojo como siempre. <\/span><span style=\"color: #000000;\">algunos problemas con \u00e9l y realmente ayuda, adem\u00e1s la terapia equilibra la energ\u00eda que es <\/span><span style=\"color: #000000;\">restaurando mi ojo.<\/span><br \/>\n<strong><span style=\"color: #000000;\">Dorothy P.<\/span><\/strong><\/p>\n<p><span style=\"color: #000000;\">Que gran experiencia fue trabajar con Helena mientras me escaneaba y luego <\/span><span style=\"color: #000000;\">Me dio sesiones de terapia de biorretroalimentaci\u00f3n cada semana. Fue fascinante ver todos los \u00f3rganos.<\/span><span style=\"color: #000000;\">en mi cuerpo y viendo los cambios en la pantalla cada semana. Me encant\u00f3 ver los n\u00fameros. <\/span><span style=\"color: #000000;\">Baj\u00e9 sabiendo que mi cuerpo estaba respondiendo a la terapia. Tambi\u00e9n supe cuando Helena estaba <\/span><span style=\"color: #000000;\">haciendo la terapia a distancia; La curaci\u00f3n cu\u00e1ntica es algo a lo que estoy abierto y descubr\u00ed que <\/span><span style=\"color: #000000;\">respondi\u00f3 igualmente. Si respetas tu cuerpo por favor reserva un curso, no ser\u00e1s <\/span><span style=\"color: #000000;\">decepcionado.<\/span><br \/>\n<strong><span style=\"color: #000000;\">Heidi E.<\/span><\/strong><\/p>\n<p><span style=\"color: #000000;\">Llegu\u00e9 a Helena porque ten\u00eda un problema con mi sistema digestivo y una p\u00e9rdida constante de <\/span><span style=\"color: #000000;\">energ\u00eda despu\u00e9s de comer. Reserv\u00e9 un curso de seis semanas y durante la primera sesi\u00f3n result\u00f3 que <\/span><span style=\"color: #000000;\">Tengo una gastritis leve y un nivel bajo de hierro. Ahora despu\u00e9s del curso me siento mucho mejor y <\/span><span style=\"color: #000000;\">Contin\u00fae trabajando en ello dos veces al mes. <\/span><span style=\"color: #000000;\">Puedo recomendar a Helena sin lugar a dudas.<\/span><br \/>\n<strong><span style=\"color: #000000;\">tatijana b<\/span><\/strong><\/p>\n<p>&nbsp;<\/p>\n<p><strong><span style=\"color: #000000;\">Descargo de responsabilidad sobre comentarios biol\u00f3gicos<\/span><\/strong><\/p>\n<p><span style=\"color: #000000;\">No es un dispositivo m\u00e9dico. No escanea ni analiza el cuerpo humano para<\/span><br \/>\n<span style=\"color: #000000;\">para ayudar al m\u00e9dico a realizar un diagn\u00f3stico sobre sus \u00f3rganos o sus tejidos. Tampoco trata ninguna condici\u00f3n espec\u00edfica del cuerpo f\u00edsico.<\/span><br \/>\n<span style=\"color: #000000;\">Es un dispositivo de biorretroalimentaci\u00f3n que escanea y analiza la energ\u00eda electromagn\u00e9tica del cuerpo.<\/span><br \/>\n<span style=\"color: #000000;\">Identifica qu\u00e9 \u00f3rganos o tejidos muestran una escasez o un exceso de energ\u00eda electromagn\u00e9tica. Emite la cantidad de energ\u00eda EM que restablecer\u00e1 el equilibrio EM adecuado en estos \u00f3rganos o tejidos.<\/span><br \/>\n<span style=\"color: #000000;\">En caso de que sienta que su salud f\u00edsica no es \u00f3ptima, busque consejo m\u00e9dico o consulte a su especialista de la salud.<\/span><\/p>\n<p style=\"text-align: center;\"><strong><span style=\"color: #000000;\">Exenci\u00f3n de consultas sobre investigaci\u00f3n y capacitaci\u00f3n sobre bienestar y biorretroalimentaci\u00f3n<\/span><\/strong><\/p>\n<p><span style=\"color: #000000;\">1. Entiendo completamente que el t\u00e9cnico que me atiende no es un m\u00e9dico alop\u00e1tico (MD\/GP) y no se presenta como tal, sino que es un consultor de bienestar y un t\u00e9cnico de biorretroalimentaci\u00f3n.<\/span><br \/>\n<span style=\"color: #000000;\">2. Entiendo completamente la diferencia entre la pr\u00e1ctica de la medicina alop\u00e1tica (convencional), la consultor\u00eda de bienestar nutricional y la biorretroalimentaci\u00f3n.<\/span><br \/>\n<span style=\"color: #000000;\">3. Entiendo plenamente que los servicios proporcionados por el t\u00e9cnico que me atiende no son alop\u00e1ticos, sino que son de naturaleza estrictamente conductual, de estr\u00e9s o de biorretroalimentaci\u00f3n.<\/span><br \/>\n<span style=\"color: #000000;\">4. Entiendo completamente que el t\u00e9cnico que me atiende realiza sus servicios dentro de los par\u00e1metros de un sistema de bienestar y cuidado de la salud natural utilizando Bio-Feedback y reducci\u00f3n del estr\u00e9s.<\/span><br \/>\n<span style=\"color: #000000;\">5. Entiendo completamente que el t\u00e9cnico que me atiende no ofrece medicamentos alop\u00e1ticos, cirug\u00eda, estimulantes qu\u00edmicos, equilibrio de frecuencia de radiaci\u00f3n ni ning\u00fan otro tratamiento convencional. Adem\u00e1s, \u00e9l\/ella no diagnostica, trata ni prescribe de otra manera ninguna enfermedad, condici\u00f3n o dolencia, y que se est\u00e1n midiendo mis par\u00e1metros de bienestar y estr\u00e9s.<\/span><br \/>\n<span style=\"color: #000000;\">6. He solicitado de buena fe los servicios del t\u00e9cnico de Bio-Feedback que me atiende, ejerciendo mi libre albedr\u00edo y siguiendo los dictados de mi propia conciencia que me permite seleccionar lo que entiendo es m\u00e1s beneficioso para mi salud.<\/span><br \/>\n<span style=\"color: #000000;\">7. Tambi\u00e9n ejercito mi libre albedr\u00edo para solicitar a esta empresa y t\u00e9cnico su opini\u00f3n sobre temas y situaciones que puedan acelerar mi buena salud; Es mi elecci\u00f3n si acepto utilizar o aplicar cualquiera de esas ideas o sugerencias en cualquier momento.<\/span><br \/>\n<span style=\"color: #000000;\">8. Si deseo alg\u00fan servicio no proporcionado por el t\u00e9cnico de Bio-Feedback que me atiende, que es mi prerrogativa, entiendo plenamente que debo buscarlo en otro lugar.<\/span><br \/>\n<span style=\"color: #000000;\">9. Entiendo completamente que los servicios brindados por el t\u00e9cnico a cargo generalmente no son aceptados ni recomendados por m\u00e9dicos al\u00f3patas (MD\/GP) u otros profesionales de atenci\u00f3n m\u00e9dica convencionales.<\/span><br \/>\n<span style=\"color: #000000;\">10. Entiendo que se espera el pago en el momento del servicio, a menos que se acuerde lo contrario antes de mi escaneo.<\/span><\/p>","protected":false},"excerpt":{"rendered":"<p><span style=\"color: #000000;\"><strong>&nbsp;<\/strong><\/span><strong style=\"color: #000000;\"><img loading=\"lazy\" decoding=\"async\" class=\"alignright wp-image-10757\" src=\"https:\/\/laubeholistic.com\/wp-content\/uploads\/logo-300x250.png\" alt=\"\" width=\"188\" height=\"158\" srcset=\"https:\/\/laubeholistic.com\/wp-content\/uploads\/logo-300x250.png 300w, https:\/\/laubeholistic.com\/wp-content\/uploads\/logo-510x425.png 510w, https:\/\/laubeholistic.com\/wp-content\/uploads\/logo-1024x854.png 1024w, https:\/\/laubeholistic.com\/wp-content\/uploads\/logo-768x641.png 768w, https:\/\/laubeholistic.com\/wp-content\/uploads\/logo-14x12.png 14w, https:\/\/laubeholistic.com\/wp-content\/uploads\/logo.png 1181w\" sizes=\"auto, (max-width: 188px) 100vw, 188px\" \/><\/strong><span style=\"color: #000000;\"><strong>Descubra los beneficios de la biorretroalimentaci\u00f3n para reequilibrar los niveles de frecuencia propios del cuerpo para una salud \u00f3ptima.<\/strong><\/span><\/p>\n<p><span style=\"color: #000000;\"><strong>Nos gustar\u00eda presentarles<\/strong><\/span><span style=\"color: #000000;\"><strong>&nbsp;una colaboraci\u00f3n con nuestro socio<\/strong><\/span><span style=\"color: #000000;\"><strong>&nbsp;\u201cTurningstones Biofeedback\u201d, con las siguientes opciones disponibles:<\/strong><\/span><\/p>","protected":false},"featured_media":10783,"comment_status":"closed","ping_status":"closed","template":"","meta":{"ngg_post_thumbnail":0},"product_brand":[],"product_cat":[331],"product_tag":[],"class_list":{"0":"post-10749","1":"product","2":"type-product","3":"status-publish","4":"has-post-thumbnail","6":"product_cat-services","8":"first","9":"instock","10":"taxable","11":"shipping-taxable","12":"purchasable","13":"product-type-variable"},"_links":{"self":[{"href":"https:\/\/laubeholistic.com\/es\/wp-json\/wp\/v2\/product\/10749","targetHints":{"allow":["GET"]}}],"collection":[{"href":"https:\/\/laubeholistic.com\/es\/wp-json\/wp\/v2\/product"}],"about":[{"href":"https:\/\/laubeholistic.com\/es\/wp-json\/wp\/v2\/types\/product"}],"replies":[{"embeddable":true,"href":"https:\/\/laubeholistic.com\/es\/wp-json\/wp\/v2\/comments?post=10749"}],"wp:featuredmedia":[{"embeddable":true,"href":"https:\/\/laubeholistic.com\/es\/wp-json\/wp\/v2\/media\/10783"}],"wp:attachment":[{"href":"https:\/\/laubeholistic.com\/es\/wp-json\/wp\/v2\/media?parent=10749"}],"wp:term":[{"taxonomy":"product_brand","embeddable":true,"href":"https:\/\/laubeholistic.com\/es\/wp-json\/wp\/v2\/product_brand?post=10749"},{"taxonomy":"product_cat","embeddable":true,"href":"https:\/\/laubeholistic.com\/es\/wp-json\/wp\/v2\/product_cat?post=10749"},{"taxonomy":"product_tag","embeddable":true,"href":"https:\/\/laubeholistic.com\/es\/wp-json\/wp\/v2\/product_tag?post=10749"}],"curies":[{"name":"wp","href":"https:\/\/api.w.org\/{rel}","templated":true}]}}