{"id":10267,"date":"2022-07-29T16:41:55","date_gmt":"2022-07-29T16:41:55","guid":{"rendered":"https:\/\/laubeholistic.com\/?post_type=product&#038;p=10267"},"modified":"2023-08-02T16:16:02","modified_gmt":"2023-08-02T16:16:02","slug":"anti-radiation-mobile-case","status":"publish","type":"product","link":"https:\/\/laubeholistic.com\/es\/shop\/anti-radiation-mobile-case\/","title":{"rendered":"Estuche m\u00f3vil anti radiaci\u00f3n"},"content":{"rendered":"<p><span style=\"color: #282828;\"><span style=\"color: #000000;\">La Funda M\u00f3vil Anti Radiaci\u00f3n puede reducir hasta un 95% la radiaci\u00f3n emitida por tu tel\u00e9fono m\u00f3vil.<\/span><br \/>\n<\/span><\/p>\n<p><span style=\"color: #000000;\"><strong>Material<\/strong>: Algod\u00f3n, 10% Cobre\/Plata<\/span><\/p>\n<p><span style=\"color: #000000;\"><strong>Cuidado<\/strong>: Lavar a mano en agua fr\u00eda. Lavado a m\u00e1quina: delicado\/fr\u00edo o 30 grados cent\u00edgrados m\u00e1ximo\/sin centrifugado. Utilice detergentes sin suavizantes ni enzimas. No utilice productos qu\u00edmicos. No secar en secadora. No usa blanqueador. Planchar en fr\u00edo sin vapor.<\/span><\/p>\n<p><span style=\"color: #000000;\"><strong>Prueba<\/strong>: Prueba Oeko 100 Class 1STR, Swiss Textile Research Institute, Universidad de las Fuerzas Armadas, Munich, Alemania<\/span><\/p>\n<p><span style=\"color: #000000;\"><strong>OEKO-TEX 100 CERTIFICADO<\/strong>: Los tejidos Swiss Shield cuentan con la certificaci\u00f3n Oeko-Tex 100, lo que significa que son los tejidos para armaduras m\u00e1s respetuosos con el medio ambiente y de la m\u00e1s alta calidad disponibles. El certificado Oeko-Tex confirma que los tejidos Swiss Shield se han sometido a pruebas estrictas y han superado la prueba de sustancias nocivas.<\/span><\/p>\n<h2><span style=\"color: #000000;\">En el siguiente v\u00eddeo se muestra como la radiaci\u00f3n de un tel\u00e9fono m\u00f3vil se reduce considerablemente cuando colocamos uno de nuestros \u2013<strong>Estuche m\u00f3vil anti radiaci\u00f3n<\/strong> en frente. Lo hemos medido y demostrado aqu\u00ed con un medidor de RF de banda ancha.<\/span><\/h2>\n<div style=\"width: 352px;\" class=\"wp-video\"><video class=\"wp-video-shortcode\" id=\"video-10267-1\" width=\"352\" height=\"640\" preload=\"metadata\" controls=\"controls\"><source type=\"video\/mp4\" src=\"https:\/\/laubeholistic.com\/wp-content\/uploads\/Anti-5G-Phone-Bag-A-25S-Video-Funda-Moevil.m4v?_=1\" \/><a href=\"https:\/\/laubeholistic.com\/wp-content\/uploads\/Anti-5G-Phone-Bag-A-25S-Video-Funda-Moevil.m4v\">https:\/\/laubeholistic.com\/wp-content\/uploads\/Anti-5G-Phone-Bag-A-25S-Video-Funda-Moevil.m4v<\/a><\/video><\/div>\n<div style=\"position: static !important;\">&nbsp;<\/div>","protected":false},"excerpt":{"rendered":"<p><span style=\"color: #000000;\">Una poderosa estuche para el movil forrada con tela hecha de hilo plateado para proteger <\/span><span style=\"color: #282828;\"><span style=\"color: #000000;\">el cuerpo de la radiaci\u00f3n emitida por su telefono m\u00f3vil. (3G, 4G, 5G)<\/span><\/span><\/p>\n<p><span style=\"color: #000000;\">Protege la radiaci\u00f3n emitida por el tel\u00e9fono m\u00f3vil de un 90% - 95%<\/span><\/p>\n<p>&nbsp;<\/p>\n<p>&nbsp;<\/p>","protected":false},"featured_media":11014,"comment_status":"open","ping_status":"closed","template":"","meta":{"ngg_post_thumbnail":0},"product_brand":[],"product_cat":[330],"product_tag":[312,311,310,313],"class_list":{"0":"post-10267","1":"product","2":"type-product","3":"status-publish","4":"has-post-thumbnail","6":"product_cat-accessories","7":"product_tag-anti-4g","8":"product_tag-anti-5g","9":"product_tag-anti-radiation-phone-case","10":"product_tag-radiation-protection","12":"first","13":"outofstock","14":"taxable","15":"shipping-taxable","16":"purchasable","17":"product-type-variable"},"_links":{"self":[{"href":"https:\/\/laubeholistic.com\/es\/wp-json\/wp\/v2\/product\/10267","targetHints":{"allow":["GET"]}}],"collection":[{"href":"https:\/\/laubeholistic.com\/es\/wp-json\/wp\/v2\/product"}],"about":[{"href":"https:\/\/laubeholistic.com\/es\/wp-json\/wp\/v2\/types\/product"}],"replies":[{"embeddable":true,"href":"https:\/\/laubeholistic.com\/es\/wp-json\/wp\/v2\/comments?post=10267"}],"wp:featuredmedia":[{"embeddable":true,"href":"https:\/\/laubeholistic.com\/es\/wp-json\/wp\/v2\/media\/11014"}],"wp:attachment":[{"href":"https:\/\/laubeholistic.com\/es\/wp-json\/wp\/v2\/media?parent=10267"}],"wp:term":[{"taxonomy":"product_brand","embeddable":true,"href":"https:\/\/laubeholistic.com\/es\/wp-json\/wp\/v2\/product_brand?post=10267"},{"taxonomy":"product_cat","embeddable":true,"href":"https:\/\/laubeholistic.com\/es\/wp-json\/wp\/v2\/product_cat?post=10267"},{"taxonomy":"product_tag","embeddable":true,"href":"https:\/\/laubeholistic.com\/es\/wp-json\/wp\/v2\/product_tag?post=10267"}],"curies":[{"name":"wp","href":"https:\/\/api.w.org\/{rel}","templated":true}]}}