{"id":10257,"date":"2022-04-07T12:29:05","date_gmt":"2022-04-07T12:29:05","guid":{"rendered":"https:\/\/laubeholistic.com\/?post_type=product&#038;p=10257"},"modified":"2026-03-03T14:42:13","modified_gmt":"2026-03-03T14:42:13","slug":"lavenderroll","status":"publish","type":"product","link":"https:\/\/laubeholistic.com\/es\/shop\/lavenderroll\/","title":{"rendered":"LavenderRoll (aceite esencial)"},"content":{"rendered":"<h1>LavenderRoll (aceite esencial de lavanda)<\/h1>\n<p><span style=\"color: #000000;\">Antes de dormir, aplica una peque\u00f1a cantidad en las palmas de ambas manos y en las plantas de los pies. Deje secar. Relax.<\/span><\/p>\n<p><span style=\"color: #000000;\">La inhalaci\u00f3n de aceite esencial de lavanda puro puede ayudar a aliviar el dolor.<\/span><\/p>\n<p><span style=\"color: #000000;\">ADVERTENCIA: Para uso t\u00f3pico. No aplicar sobre piel agrietada o irritada. <\/span><span style=\"color: #000000;\">No lo use en ni\u00f1os o animales. Si notas hipersensibilidad en la piel, deje de usar el producto. Si est\u00e1 embarazada, amamantando, tomando medicamentos o tiene una condici\u00f3n m\u00e9dica, consulte a su m\u00e9dico antes de usar. Mantener fuera del alcance de los ni\u00f1os. No dejes que el aceite entre en los ojos.<\/span><\/p>","protected":false},"excerpt":{"rendered":"<p><span style=\"color: #000000;\">15ml \/0.50 fl oz<\/span><\/p>\n<p><span style=\"color: #000000;\">Aceite esencial de lavanda pura de la mejor calidad<\/span><\/p>\n<p><span style=\"color: #000000;\">Vegano. No probado en animales<\/span><\/p>\n<p><span style=\"color: #000000;\">F\u00e1cil y conveniente aplicaci\u00f3n con rollerball<\/span><\/p>","protected":false},"featured_media":10720,"comment_status":"open","ping_status":"closed","template":"","meta":{"ngg_post_thumbnail":0},"product_brand":[],"product_cat":[329],"product_tag":[],"class_list":{"0":"post-10257","1":"product","2":"type-product","3":"status-publish","4":"has-post-thumbnail","6":"product_cat-remedy-supplements","8":"first","9":"instock","10":"taxable","11":"shipping-taxable","12":"purchasable","13":"product-type-simple"},"_links":{"self":[{"href":"https:\/\/laubeholistic.com\/es\/wp-json\/wp\/v2\/product\/10257","targetHints":{"allow":["GET"]}}],"collection":[{"href":"https:\/\/laubeholistic.com\/es\/wp-json\/wp\/v2\/product"}],"about":[{"href":"https:\/\/laubeholistic.com\/es\/wp-json\/wp\/v2\/types\/product"}],"replies":[{"embeddable":true,"href":"https:\/\/laubeholistic.com\/es\/wp-json\/wp\/v2\/comments?post=10257"}],"wp:featuredmedia":[{"embeddable":true,"href":"https:\/\/laubeholistic.com\/es\/wp-json\/wp\/v2\/media\/10720"}],"wp:attachment":[{"href":"https:\/\/laubeholistic.com\/es\/wp-json\/wp\/v2\/media?parent=10257"}],"wp:term":[{"taxonomy":"product_brand","embeddable":true,"href":"https:\/\/laubeholistic.com\/es\/wp-json\/wp\/v2\/product_brand?post=10257"},{"taxonomy":"product_cat","embeddable":true,"href":"https:\/\/laubeholistic.com\/es\/wp-json\/wp\/v2\/product_cat?post=10257"},{"taxonomy":"product_tag","embeddable":true,"href":"https:\/\/laubeholistic.com\/es\/wp-json\/wp\/v2\/product_tag?post=10257"}],"curies":[{"name":"wp","href":"https:\/\/api.w.org\/{rel}","templated":true}]}}