{"id":7386,"date":"2021-03-24T00:27:24","date_gmt":"2021-03-24T00:27:24","guid":{"rendered":"https:\/\/laubeholistic.com\/?page_id=7386"},"modified":"2025-03-12T16:09:12","modified_gmt":"2025-03-12T16:09:12","slug":"affiliation-programs","status":"publish","type":"page","link":"https:\/\/laubeholistic.com\/es\/affiliation-programs\/","title":{"rendered":"Programas afiliados"},"content":{"rendered":"<h1 style=\"text-align: center;\"><span style=\"color: #000000;\">Programas afiliados<\/span><\/h1>\n<h3><span style=\"color: #000000;\">Afiliaci\u00f3n personal<\/span><\/h3>\n<p><span style=\"color: #000000;\">Valoramos a todos nuestros clientes y agradecemos a quienes nos promocionan y recomiendan, difundiendo el conocimiento y los beneficios de nuestros productos.<\/span><br \/>\n<span style=\"color: #000000;\">Nuestra Afiliaci\u00f3n Personal ofrece una bonificaci\u00f3n del 20% del precio total de compra como recompensa por tus ventas. Si desea unirse a nosotros como afiliado, recibir\u00e1 un enlace personal exclusivo, directo a nuestra tienda en l\u00ednea, donde puede comenzar a ganar su bonificaci\u00f3n del 20%. Su comisi\u00f3n se calcular\u00e1 y pagar\u00e1 mensualmente mediante transferencia bancaria.<\/span><\/p>\n<h3><span style=\"color: #000000;\">Afiliaci\u00f3n Mayorista<\/span><\/h3>\n<p><span style=\"color: #000000;\">Esta es una oportunidad incre\u00edble para los minoristas. Ofrecemos un 35% de descuento para compras al por mayor, a partir de una compra m\u00ednima de 20 productos. Existe la posibilidad de un mayor descuento al por mayor, dependiendo del volumen de compras que planee realizar. Estaremos encantados de discutir su posible aumento de bonificaci\u00f3n de forma individual.<\/span><\/p>\n<h3><span style=\"color: #000000;\">Dropshipping de marca blanca<\/span><\/h3>\n<p><span style=\"color: #000000;\">Ofrecemos dropshipping de marca blanca y oportunidades de bienvenida para trabajar con usted para permitir que sus clientes disfruten de nuestros productos bajo su marca. Perm\u00edtanos liberarlo de la log\u00edstica de fabricaci\u00f3n y env\u00edo y, en cambio, darle tiempo para comercializar sus productos y cosechar las recompensas de cada venta.<\/span><br \/>\n<span style=\"color: #000000;\">Sabemos que existe una mayor demanda mundial de nuestros productos. Tenemos una colaboraci\u00f3n establecida de marca blanca con una organizaci\u00f3n en el Medio Oriente que se beneficia de la capacidad sin complicaciones de comercializar sus productos y dejarnos la fabricaci\u00f3n, el etiquetado y el env\u00edo.<\/span><br \/>\n<span style=\"color: #000000;\">Ofrecemos un c\u00f3digo de descuento 30% que se puede utilizar en cualquier compra. Su cliente le paga de la forma habitual. Luego realiza el pedido en nuestro sitio web, incluida la direcci\u00f3n de destino. En el momento del pago, ingresar\u00e1 su c\u00f3digo de descuento que aplicar\u00e1 autom\u00e1ticamente el descuento 30%. D\u00e9janos el resto a nosotros. Enviaremos los productos directamente a su cliente.<\/span><br \/>\n<span style=\"color: #000000;\">Para mantener la calidad, requerimos que el dise\u00f1o de su etiqueta cumpla con las dimensiones espec\u00edficas de nuestros productos. Trabajamos con una imprenta de confianza que produce impresiones en vinilo de alta calidad. Sus etiquetas ser\u00e1n pagadas por su organizaci\u00f3n y suministradas por nosotros, en su nombre. Las etiquetas de su marca se aplicar\u00e1n a nuestros productos y se enviar\u00e1n a sus clientes al recibir su pago y los detalles del pedido.<\/span><br \/>\n<span style=\"color: #000000;\">Como alternativa, si desea obtener sus propias etiquetas, puede envi\u00e1rnoslas por correo y las aplicaremos a los productos antes de empacar y enviar el pedido.<\/span><\/p>\n<h3><span style=\"color: #000000;\">Si desea obtener m\u00e1s informaci\u00f3n o desea aprovechar cualquiera de estas emocionantes oportunidades, nos encantar\u00eda saber de usted:<\/span><\/h3>\n<h3><span style=\"color: #000000;\">Correo electr\u00f3nico<\/span>: info@laubeholistic.com <span style=\"color: #000000;\">Utilice el t\u00edtulo de asunto \"Afiliaci\u00f3n\"<\/span><\/h3>","protected":false},"excerpt":{"rendered":"<p>Affiliation Programs Personal Affiliation We value all our clients and we appreciate those who promote and recommend us, spreading the awareness and benefits of our products. Our Personal Affiliation offers a bonus of 20% of the total purchase price as reward for your sales. If you would like to join us as an affiliate, you [&#8230;]\n","protected":false},"author":34,"featured_media":0,"parent":0,"menu_order":0,"comment_status":"closed","ping_status":"closed","template":"","meta":{"ngg_post_thumbnail":0,"footnotes":""},"class_list":["post-7386","page","type-page","status-publish","hentry"],"_links":{"self":[{"href":"https:\/\/laubeholistic.com\/es\/wp-json\/wp\/v2\/pages\/7386","targetHints":{"allow":["GET"]}}],"collection":[{"href":"https:\/\/laubeholistic.com\/es\/wp-json\/wp\/v2\/pages"}],"about":[{"href":"https:\/\/laubeholistic.com\/es\/wp-json\/wp\/v2\/types\/page"}],"author":[{"embeddable":true,"href":"https:\/\/laubeholistic.com\/es\/wp-json\/wp\/v2\/users\/34"}],"replies":[{"embeddable":true,"href":"https:\/\/laubeholistic.com\/es\/wp-json\/wp\/v2\/comments?post=7386"}],"version-history":[{"count":11,"href":"https:\/\/laubeholistic.com\/es\/wp-json\/wp\/v2\/pages\/7386\/revisions"}],"predecessor-version":[{"id":16055,"href":"https:\/\/laubeholistic.com\/es\/wp-json\/wp\/v2\/pages\/7386\/revisions\/16055"}],"wp:attachment":[{"href":"https:\/\/laubeholistic.com\/es\/wp-json\/wp\/v2\/media?parent=7386"}],"curies":[{"name":"wp","href":"https:\/\/api.w.org\/{rel}","templated":true}]}}