{"id":7230,"date":"2021-03-04T10:17:43","date_gmt":"2021-03-04T10:17:43","guid":{"rendered":"https:\/\/laubeholistic.com\/?page_id=7230"},"modified":"2021-03-04T11:05:28","modified_gmt":"2021-03-04T11:05:28","slug":"how-to-order","status":"publish","type":"page","link":"https:\/\/laubeholistic.com\/es\/how-to-order\/","title":{"rendered":"Como hacer un pedido"},"content":{"rendered":"<h3>Procedimiento de pedido<\/h3>\n<p>Si desea realizar un pedido, siga los siguientes pasos:<\/p>\n<h3>Paso 1<\/h3>\n<p>Coloque los Productos en el carrito de compras. <a href=\"https:\/\/laubeholistic.com\/es\/shop\/\" target=\"_blank\" rel=\"noopener\">PRODUCTOS <\/a>en el carrito de compras. Los precios mostrados en la web incluyen el IVA.<br \/>\nPreste atenci\u00f3n a que los juegos tienen descuento que si solicita los mismos productos por separado.<br \/>\nTambi\u00e9n tenemos precios con descuento para juegos de 3x y 5x.<br \/>\n<img loading=\"lazy\" decoding=\"async\" class=\"aligncenter wp-image-7234 size-full\" src=\"https:\/\/laubeholistic.com\/wp-content\/uploads\/add_to_cart.png\" alt=\"\" width=\"647\" height=\"162\" srcset=\"https:\/\/laubeholistic.com\/wp-content\/uploads\/add_to_cart.png 647w, https:\/\/laubeholistic.com\/wp-content\/uploads\/add_to_cart-300x75.png 300w, https:\/\/laubeholistic.com\/wp-content\/uploads\/add_to_cart-16x4.png 16w, https:\/\/laubeholistic.com\/wp-content\/uploads\/add_to_cart-510x128.png 510w\" sizes=\"auto, (max-width: 647px) 100vw, 647px\" \/><\/p>\n<h3>Paso 2<\/h3>\n<p>Tan pronto como haya agregado los productos, vaya al carrito de compras y elija \"proceder al pago\".<br \/>\n<img loading=\"lazy\" decoding=\"async\" class=\"aligncenter wp-image-7235 size-large\" src=\"https:\/\/laubeholistic.com\/wp-content\/uploads\/proceed-to-checkout-1024x407.png\" alt=\"\" width=\"1020\" height=\"405\" srcset=\"https:\/\/laubeholistic.com\/wp-content\/uploads\/proceed-to-checkout-1024x407.png 1024w, https:\/\/laubeholistic.com\/wp-content\/uploads\/proceed-to-checkout-300x119.png 300w, https:\/\/laubeholistic.com\/wp-content\/uploads\/proceed-to-checkout-768x305.png 768w, https:\/\/laubeholistic.com\/wp-content\/uploads\/proceed-to-checkout-16x6.png 16w, https:\/\/laubeholistic.com\/wp-content\/uploads\/proceed-to-checkout-510x203.png 510w, https:\/\/laubeholistic.com\/wp-content\/uploads\/proceed-to-checkout.png 1088w\" sizes=\"auto, (max-width: 1020px) 100vw, 1020px\" \/><\/p>\n<h3>Paso 3<\/h3>\n<p>Ahora ser\u00e1 llevado a una nueva pantalla donde podr\u00e1 ingresar sus detalles de contacto y entrega.<\/p>\n<ol>\n<li>Elige tu pa\u00eds<\/li>\n<li>escribe el c\u00f3digo postal<\/li>\n<li>Elija un m\u00e9todo de pago<\/li>\n<li>revisa tu orden<\/li>\n<\/ol>\n<p><img loading=\"lazy\" decoding=\"async\" class=\"aligncenter wp-image-7236 size-large\" style=\"color: #555555; font-size: 14.4px;\" src=\"https:\/\/laubeholistic.com\/wp-content\/uploads\/order-1024x729.png\" alt=\"\" width=\"1020\" height=\"726\" srcset=\"https:\/\/laubeholistic.com\/wp-content\/uploads\/order-1024x729.png 1024w, https:\/\/laubeholistic.com\/wp-content\/uploads\/order-300x213.png 300w, https:\/\/laubeholistic.com\/wp-content\/uploads\/order-768x547.png 768w, https:\/\/laubeholistic.com\/wp-content\/uploads\/order-16x12.png 16w, https:\/\/laubeholistic.com\/wp-content\/uploads\/order-510x363.png 510w, https:\/\/laubeholistic.com\/wp-content\/uploads\/order.png 1082w\" sizes=\"auto, (max-width: 1020px) 100vw, 1020px\" \/><\/p>\n<p>Cuando acepte el pedido y los t\u00e9rminos y condiciones generales, haga clic en \"Acepto los t\u00e9rminos y condiciones del sitio web\" y presione el bot\u00f3n \"realizar pedido\".<\/p>\n<p>A continuaci\u00f3n, pasar\u00e1 por el proceso de pago. Aseg\u00farese de que puede cancelar su pedido hasta el \u00faltimo momento. La preparaci\u00f3n del pedido demora de 2 a 3 d\u00edas, en ese per\u00edodo de tiempo puede solicitar un reembolso completo y cancelar su pedido.<\/p>\n<h3><b>Tenga en cuenta que una vez que se haya enviado su pedido, no podemos cancelar ni revertir el env\u00edo.<\/b><\/h3>\n<p>Le recomendamos que se ponga en contacto con nosotros lo antes posible para que no se env\u00eden los productos en caso de que cambie de opini\u00f3n. Tan pronto como se haya realizado su pedido, haremos todo lo posible para entregar sus productos lo antes posible.<\/p>","protected":false},"excerpt":{"rendered":"<p>Ordering procedure If you want to place an order, you proceed the following steps: Step 1 Place the PRODUCTS in the shopping cart. The prices shown on the website include VAT. Please pay attention that Sets comes discounted than if you order separate same products. We also have discounted prices for 3x and 5x sets. [&#8230;]\n","protected":false},"author":34,"featured_media":0,"parent":0,"menu_order":0,"comment_status":"closed","ping_status":"closed","template":"","meta":{"ngg_post_thumbnail":0,"footnotes":""},"class_list":["post-7230","page","type-page","status-publish","hentry"],"_links":{"self":[{"href":"https:\/\/laubeholistic.com\/es\/wp-json\/wp\/v2\/pages\/7230","targetHints":{"allow":["GET"]}}],"collection":[{"href":"https:\/\/laubeholistic.com\/es\/wp-json\/wp\/v2\/pages"}],"about":[{"href":"https:\/\/laubeholistic.com\/es\/wp-json\/wp\/v2\/types\/page"}],"author":[{"embeddable":true,"href":"https:\/\/laubeholistic.com\/es\/wp-json\/wp\/v2\/users\/34"}],"replies":[{"embeddable":true,"href":"https:\/\/laubeholistic.com\/es\/wp-json\/wp\/v2\/comments?post=7230"}],"version-history":[{"count":7,"href":"https:\/\/laubeholistic.com\/es\/wp-json\/wp\/v2\/pages\/7230\/revisions"}],"predecessor-version":[{"id":7241,"href":"https:\/\/laubeholistic.com\/es\/wp-json\/wp\/v2\/pages\/7230\/revisions\/7241"}],"wp:attachment":[{"href":"https:\/\/laubeholistic.com\/es\/wp-json\/wp\/v2\/media?parent=7230"}],"curies":[{"name":"wp","href":"https:\/\/api.w.org\/{rel}","templated":true}]}}