{"id":7178,"date":"2021-02-23T23:09:48","date_gmt":"2021-02-23T23:09:48","guid":{"rendered":"https:\/\/laubeholistic.com\/?page_id=7178"},"modified":"2023-04-24T14:42:19","modified_gmt":"2023-04-24T14:42:19","slug":"about","status":"publish","type":"page","link":"https:\/\/laubeholistic.com\/es\/about\/","title":{"rendered":"Sobre Nosotros"},"content":{"rendered":"<h3>Sobre Nosotros<\/h3>\n<p>A principios de 2008, escuch\u00e9 a mi padre hablando por tel\u00e9fono con uno de sus compa\u00f1eros de trabajo. Mi padre pareci\u00f3 sorprendido y asombrado por la conversaci\u00f3n. No pod\u00eda dejar de sentirme intrigada, sobre todo cuando escuch\u00e9 a mi padre decir \u201c\u00bfy ella acaba de levantarse de la silla de ruedas despu\u00e9s de SIETE D\u00cdAS?\u201d seguido de \u201cDios m\u00edo\u2026 no lo puedo creer\u201d<\/p>\n<p>Recuerdo este momento claramente. Est\u00e1 grabado en mi memoria.<\/p>\n<p>Despu\u00e9s de esa llamada telef\u00f3nica revolucionaria, mi padre me pidi\u00f3 que lo ayudara a comprar en l\u00ednea un libro en particular que le hab\u00edan recomendado durante su memorable llamada telef\u00f3nica. El libro trataba sobre un hombre que se hab\u00eda topado con un descubrimiento revolucionario. Hab\u00eda utilizado su tratamiento para curar completamente a alguien de uno de los mayores asesinos. El asesino se llama malaria.<\/p>\n<p>El colega de trabajo con el que mi padre habl\u00f3 por tel\u00e9fono no padec\u00eda malaria. En realidad, la conversaci\u00f3n versaba sobre su esposa. Durante muchos a\u00f1os estuvo confinada a una silla de ruedas y padec\u00eda artritis cr\u00f3nica. El compa\u00f1ero de trabajo hab\u00eda o\u00eddo hablar de un hombre que hab\u00eda descubierto un tratamiento muy eficaz y asequible para diversas dolencias. El compa\u00f1ero de trabajo compr\u00f3 un poco de este remedio y lo utiliz\u00f3 para tratar a su esposa. Como ya habr\u00e1s adivinado, el tratamiento funcion\u00f3. Despu\u00e9s de s\u00f3lo siete d\u00edas, su esposa pudo levantarse y alejarse de su silla de ruedas.<\/p>\n<p>Despu\u00e9s de que mi padre recibi\u00f3 el libro y lo ley\u00f3, yo decid\u00ed leerlo tambi\u00e9n. Quer\u00eda saber m\u00e1s.<\/p>\n<p>Le\u00ed el libro en tres d\u00edas. El resultado de este tiempo fue el nacimiento de una motivaci\u00f3n y un impulso dentro de m\u00ed. Me sent\u00ed obligado a contarle a tanta gente como fuera posible sobre los descubrimientos del autor. Su nombre era Jim Humble. Quer\u00eda que otros supieran c\u00f3mo, sin gastar mucho dinero, pod\u00edan tratarse a s\u00ed mismos de forma eficaz y segura. \u00a1Incluso podr\u00edan salvar su vida o la de un ser querido!<\/p>\n<p>Durante los a\u00f1os siguientes, innumerables horas de aprendizaje e investigaci\u00f3n han llevado al desarrollo de varios tratamientos y soluciones m\u00e1s que cambian la vida, todos los cuales se ofrecen en el sitio web que est\u00e1 viendo ahora mismo.<\/p>\n<p>Hasta la fecha, nuestros productos y orientaci\u00f3n han ayudado a miles de personas a recuperarse de enfermedades graves y potencialmente mortales y a mejorar su salud y bienestar.<\/p>\n<p>\u00a1Y estamos lejos de parar!<\/p>\n<p>Sin embargo, no te equivoques: no todo el mundo aprueba ayudar a los dem\u00e1s de la forma que hemos descrito anteriormente. Hay personas y organizaciones con una agenda diferente cuando se trata de la salud de los dem\u00e1s. Sin embargo, tenemos un esp\u00edritu muy positivo. Si est\u00e1 harto de estar enfermo y tal vez incluso haya abandonado la medicina moderna convencional, es posible que podamos darle una tercera opini\u00f3n \ud83d\ude09<\/p>\n<h3>Gracias por su inter\u00e9s en las soluciones de salud hol\u00edstica de Laube. Por favor no dude en contactarnos si necesita m\u00e1s informaci\u00f3n u orientaci\u00f3n.<\/h3>\n<h3>Tobias Laube<\/h3>","protected":false},"excerpt":{"rendered":"<p>About us At the beginning of 2008, I overheard my father talking on the phone with one of his work colleagues. My father seemed surprised and amazed by the conversation. I couldn\u2019t fail to be intrigued, particularly when I heard my father say \u201cand she just got up from the wheelchair after ONLY SEVEN DAYS?\u201d [&#8230;]\n","protected":false},"author":34,"featured_media":0,"parent":0,"menu_order":0,"comment_status":"closed","ping_status":"closed","template":"","meta":{"ngg_post_thumbnail":0,"footnotes":""},"class_list":["post-7178","page","type-page","status-publish","hentry"],"_links":{"self":[{"href":"https:\/\/laubeholistic.com\/es\/wp-json\/wp\/v2\/pages\/7178","targetHints":{"allow":["GET"]}}],"collection":[{"href":"https:\/\/laubeholistic.com\/es\/wp-json\/wp\/v2\/pages"}],"about":[{"href":"https:\/\/laubeholistic.com\/es\/wp-json\/wp\/v2\/types\/page"}],"author":[{"embeddable":true,"href":"https:\/\/laubeholistic.com\/es\/wp-json\/wp\/v2\/users\/34"}],"replies":[{"embeddable":true,"href":"https:\/\/laubeholistic.com\/es\/wp-json\/wp\/v2\/comments?post=7178"}],"version-history":[{"count":7,"href":"https:\/\/laubeholistic.com\/es\/wp-json\/wp\/v2\/pages\/7178\/revisions"}],"predecessor-version":[{"id":12356,"href":"https:\/\/laubeholistic.com\/es\/wp-json\/wp\/v2\/pages\/7178\/revisions\/12356"}],"wp:attachment":[{"href":"https:\/\/laubeholistic.com\/es\/wp-json\/wp\/v2\/media?parent=7178"}],"curies":[{"name":"wp","href":"https:\/\/api.w.org\/{rel}","templated":true}]}}