{"id":679,"date":"2014-09-15T14:47:20","date_gmt":"2014-03-03T17:32:07","guid":{"rendered":"https:\/\/laubeholistic.com\/?page_id=679"},"modified":"2022-04-05T12:13:20","modified_gmt":"2022-04-05T12:13:20","slug":"purifying-water","status":"publish","type":"page","link":"https:\/\/laubeholistic.com\/es\/purifying-water\/","title":{"rendered":"Purificaci\u00f3n del agua"},"content":{"rendered":"<p><strong><span style=\"font-size: x-large;\">Las personas <\/span><\/strong><strong><span style=\"font-size: x-large;\"><em>\"Kit de agua pura\"<\/em><\/span><\/strong> que produce <span style=\"font-size: large;\"><strong>-Dioxido de Cloro- <\/strong><\/span><span style=\"font-size: large;\"><strong>es el mejor qu\u00edmico de purificaci\u00f3n de agua conocido<\/strong><\/span> y es extremadamente \u00fatil cuando viaja a pa\u00edses extranjeros o incluso a cualquier lugar de los estados unidos donde la purificaci\u00f3n del agua puede ser necesaria.<\/p>\n<a class=\"maxbutton-3 maxbutton maxbutton-pure-water-kit-button\" href=\"http:\/\/laubeholistic.com\/es\/shop\/ams-pure-water-kit-the-water-purification-solution\/\"><span class='mb-text'>Ir a Producto<\/span><\/a>\n<p><strong>El<em>\"Kit de agua pura\"<\/em>es un peque\u00f1o y conveniente juego de dos botellas que cabe en cada bolsa y bolsillo, y es la forma m\u00e1s segura y eficiente de purificar el agua para que sea potable.<\/strong><\/p>\n<p><span style=\"text-decoration: underline;\">\u00bfC\u00f3mo puede el <span style=\"font-size: large;\">\"<strong><span style=\"font-size: medium;\">\"Kit de agua pura\"<\/span><\/strong>&quot;<\/span>&nbsp; <strong><span style=\"font-size: x-large;\">ayudarlo<\/span><\/strong> e incluso <strong><span style=\"font-size: x-large;\">SALVAR<\/span><\/strong> tu vida?<\/span><a href=\"https:\/\/laubeholistic.com\/wp-content\/uploads\/2014\/03\/SuperStock_1758R-3706.jpg\"><img loading=\"lazy\" decoding=\"async\" class=\"wp-image-681 alignright\" src=\"https:\/\/laubeholistic.com\/wp-content\/uploads\/2014\/03\/SuperStock_1758R-3706-300x300.jpg\" alt=\"Man drinking water from river with skeleton kneeling beside him\" width=\"192\" height=\"192\" srcset=\"https:\/\/laubeholistic.com\/wp-content\/uploads\/2014\/03\/SuperStock_1758R-3706-300x300.jpg 300w, https:\/\/laubeholistic.com\/wp-content\/uploads\/2014\/03\/SuperStock_1758R-3706-100x100.jpg 100w, https:\/\/laubeholistic.com\/wp-content\/uploads\/2014\/03\/SuperStock_1758R-3706-150x150.jpg 150w, https:\/\/laubeholistic.com\/wp-content\/uploads\/2014\/03\/SuperStock_1758R-3706.jpg 350w\" sizes=\"auto, (max-width: 192px) 100vw, 192px\" \/><\/a><\/p>\n<p>Bueno, si desea salir a la naturaleza, ir a acampar a los bosques o viajar a regiones del mundo donde no puedes depender del agua potable, deseas un seguro que haga que el agua esta potable para ti y que no termines con un par\u00e1sito o una infecci\u00f3n bacteriana peligrosa.<\/p>\n<p>Si se trata de ocio o exploraci\u00f3n de la naturaleza, si se trata de agua potable, debes estar absolutamente seguro de que tu agua no est\u00e1 contaminada y llena de bacterias, virus o par\u00e1sitos que pueden provocar enfermedades graves y problemas de salud.<\/p>\n<p><strong><span style=\"font-size: large;\">\u00a1Querr\u00e1 un kit de agua pura confiable!<\/span><\/strong><\/p>\n<a class=\"maxbutton-3 maxbutton maxbutton-pure-water-kit-button\" href=\"http:\/\/laubeholistic.com\/es\/shop\/ams-pure-water-kit-the-water-purification-solution\/\"><span class='mb-text'>Ir a Producto<\/span><\/a>\n<p><a href=\"https:\/\/laubeholistic.com\/wp-content\/uploads\/2014\/03\/57695_collecting-creek-water_jfxeaqbh63vorhnrwcs4oomcjtncurxrbvj6lwuht2ya6mzmafma_610x457.jpg\"><img loading=\"lazy\" decoding=\"async\" class=\"wp-image-683 alignright\" src=\"https:\/\/laubeholistic.com\/wp-content\/uploads\/2014\/03\/57695_collecting-creek-water_jfxeaqbh63vorhnrwcs4oomcjtncurxrbvj6lwuht2ya6mzmafma_610x457-300x195.jpg\" alt=\"57695_collecting-creek-water_jfxeaqbh63vorhnrwcs4oomcjtncurxrbvj6lwuht2ya6mzmafma_610x457\" width=\"248\" height=\"161\" srcset=\"https:\/\/laubeholistic.com\/wp-content\/uploads\/2014\/03\/57695_collecting-creek-water_jfxeaqbh63vorhnrwcs4oomcjtncurxrbvj6lwuht2ya6mzmafma_610x457-300x195.jpg 300w, https:\/\/laubeholistic.com\/wp-content\/uploads\/2014\/03\/57695_collecting-creek-water_jfxeaqbh63vorhnrwcs4oomcjtncurxrbvj6lwuht2ya6mzmafma_610x457-510x332.jpg 510w, https:\/\/laubeholistic.com\/wp-content\/uploads\/2014\/03\/57695_collecting-creek-water_jfxeaqbh63vorhnrwcs4oomcjtncurxrbvj6lwuht2ya6mzmafma_610x457.jpg 591w\" sizes=\"auto, (max-width: 248px) 100vw, 248px\" \/><\/a><\/p>\n<p>Despu\u00e9s de los desastres naturales y durante las emergencias, hay ocasiones en las que no hay suficiente combustible para hervir el agua o no hay un recipiente adecuado disponible para colocar sobre una llama abierta.<br \/>\nEn un verdadero final de la situaci\u00f3n de la sociedad organizada o incluso simplemente en las interrupciones de las cadenas de suministro, los filtros de agua de reemplazo no estar\u00e1n disponibles y desaparecer\u00e1n los nuevos suministros de productos qu\u00edmicos de desinfecci\u00f3n.<br \/>\nIncluso <span style=\"text-decoration: underline;\">fuentes de respaldo<\/span> de agua tiene que ser desinfectada.<\/p>\n<p>&nbsp;<\/p>\n<p><strong><span style=\"text-decoration: underline; font-size: medium;\">Los aspectos pr\u00e1cticos del <span style=\"font-size: large;\">\"Kit de agua pura\"<\/span> son<\/span><\/strong><\/p>\n<ul>\n<li>Cabe en cualquier bolso o bolsillo.<\/li>\n<li>Es f\u00e1cil y r\u00e1pido de usar con una relaci\u00f3n de gotas simple de 1: 1<\/li>\n<li>Es econ\u00f3mico y duradero.<\/li>\n<li>El kit viene con pipetas para facilitar la dosificaci\u00f3n.<\/li>\n<li>El \"kit de agua pura\" no se vuelve tan ineficaz como la mayor\u00eda de las tabletas despu\u00e9s de que pasan la fecha de vencimiento.<\/li>\n<li>La soluci\u00f3n purificadora que usted crea (di\u00f3xido de cloro) con el \u201ckit de agua pura\u201d es el agente oxidante y destructor de pat\u00f3genos m\u00e1s eficiente que se conoce en el mundo.<\/li>\n<\/ul>\n<a class=\"maxbutton-3 maxbutton maxbutton-pure-water-kit-button\" href=\"http:\/\/laubeholistic.com\/es\/shop\/ams-pure-water-kit-the-water-purification-solution\/\"><span class='mb-text'>Ir a Producto<\/span><\/a>\n<p>&nbsp;<\/p>\n<p><strong><span style=\"font-size: 120%;\">AHORA, no se confunda: el di\u00f3xido de cloro no <span style=\"text-decoration: underline;\">es<\/span>cloro <span style=\"text-decoration: underline;\">y no es<\/span> Lej\u00eda !!!<\/span><\/strong><\/p>\n<p>Aunque la palabra <span style=\"text-decoration: underline;\">cloro<\/span> est\u00e1 en el nombre, es muy<a style=\"font-size: 14.4px;\" href=\"https:\/\/laubeholistic.com\/wp-content\/uploads\/2014\/03\/clean-water-drop.jpg\"><img loading=\"lazy\" decoding=\"async\" class=\"wp-image-685 alignright\" src=\"https:\/\/laubeholistic.com\/wp-content\/uploads\/2014\/03\/clean-water-drop-300x199.jpg\" alt=\"clean-water-drop\" width=\"240\" height=\"159\" srcset=\"https:\/\/laubeholistic.com\/wp-content\/uploads\/2014\/03\/clean-water-drop-300x199.jpg 300w, https:\/\/laubeholistic.com\/wp-content\/uploads\/2014\/03\/clean-water-drop-510x340.jpg 510w, https:\/\/laubeholistic.com\/wp-content\/uploads\/2014\/03\/clean-water-drop-600x400.jpg 600w, https:\/\/laubeholistic.com\/wp-content\/uploads\/2014\/03\/clean-water-drop.jpg 800w\" sizes=\"auto, (max-width: 240px) 100vw, 240px\" \/><\/a>diferente de la lej\u00eda com\u00fan (hipoclorito de sodio) o el cloro de piscina, que son venenos conocidos por ser cancer\u00edgenos.<br \/>\n<strong>Dioxido de cloro<\/strong> funciona de manera diferente al cloro y el hipoclorito de sodio en que destruye los pat\u00f3genos <span style=\"text-decoration: underline;\">completamente<\/span> mediante <strong>oxidaci\u00f3n<\/strong>, y se destruye a s\u00ed mismo en la reacci\u00f3n,<span style=\"text-decoration: underline;\"> sin dejar nada atr\u00e1s<\/span> para acumularse o causar efectos secundarios. Los subproductos son la sal de mesa, los \u00e1tomos de ox\u00edgeno descargados y los restos de pat\u00f3genos muertos que el cuerpo elimina f\u00e1cilmente.<\/p>\n<p><strong>Blanqueador de la casa, Clorox o Lejilla<\/strong> son en su mayor\u00eda todos <span style=\"text-decoration: underline;\">Hipoclorito de sodio<\/span>. Aquellos blanqueadores que contienen regularmente de 5,25 a 6 por ciento <em><strong>hipoclorito de sodio<\/strong><\/em>, disminuye y pierde su potencia con bastante rapidez despu\u00e9s de abrirse, lo que adem\u00e1s de ser peligroso para la ingesti\u00f3n, tambi\u00e9n hace que su uso sea poco pr\u00e1ctico cuando se sale al aire libre y se depende de un purificador de agua que se puede utilizar durante mucho tiempo.<br \/>\nLas personas <strong>\"Kit de agua pura\"<\/strong> son dos componentes, el OXIDANTE y su ACTIVADOR que permanecen en dos botellas diferentes y se mezclan f\u00e1cilmente en una relaci\u00f3n de 1: 1 para producir <em><span style=\"text-decoration: underline;\"><strong>Dioxido de cloro.<\/strong><\/span><\/em><br \/>\nEsto simplemente se agrega al agua que desea purificar, lo que la hace segura para beber.<\/p>\n<p><strong><span style=\"font-size: large;\">Un poco m\u00e1s <span style=\"color: #0000ff;\">qu\u00edmica<\/span> explicaci\u00f3n sobre por qu\u00e9 utilizar \"di\u00f3xido de cloro\" y no \"cloro\" solo.<\/span><\/strong><\/p>\n<p><span style=\"text-decoration: underline;\"><strong><span style=\"font-size: large;\">C\u00f3mo se oxida el -cloro-<\/span><\/strong><\/span><br \/>\nDebo mencionar que algunos tipos de oxidaci\u00f3n son un poco m\u00e1s complejos. Por ejemplo, cuando el cloro oxida una sustancia, lo llamamos <em>\"Cloraci\u00f3n\"<\/em> La raz\u00f3n de esto es que los electrones se reorganizan en la sustancia que se est\u00e1 oxidando y el cloro se combina con esa sustancia para crear nuevas sustancias. Cuando se usa cloro, las nuevas sustancias, en algunos casos, incluso en los sistemas de purificaci\u00f3n de agua, en realidad causan c\u00e1ncer.<br \/>\nAparte de eso, el tratamiento del agua con cloro matar\u00e1 las bacterias, pero no todos los virus.<\/p>\n<p><strong><span style=\"text-decoration: underline;\"><span style=\"font-size: large;\">C\u00f3mo se oxida el -di\u00f3xido de cloro-<\/span><\/span><\/strong><br \/>\nEl di\u00f3xido de cloro (ClO2) no se oxida de esa manera. Atrae todos los electrones y nunca se combina con nada. Se destruye en el proceso. Por lo tanto, hay una \"muerte limpia\" y la sustancia que se destruye y el ClO2 no dejan nuevos compuestos qu\u00edmicos. Entonces, el cloro mata creando nuevas sustancias y el di\u00f3xido de cloro destruye por completo, sin dejar nuevas sustancias. La f\u00f3rmula qu\u00edmica del di\u00f3xido de cloro, ClO2, muestra que tiene un \u00e1tomo de cloro, que es el Cl, y dos \u00e1tomos de ox\u00edgeno, que es el O2.<\/p>\n<p>El di\u00f3xido de cloro es el m\u00e1s d\u00e9bil de los oxidantes que se utilizan en el cuerpo. Tiene un potencial de oxidaci\u00f3n de solo 950 milivoltios (o 0,95 voltios). Cuando los electrones de una mol\u00e9cula de ClO2 mantienen juntos el \u00e1tomo de cloro y los dos \u00e1tomos de ox\u00edgeno, la combinaci\u00f3n tiene un car\u00e1cter completamente diferente al de los \u00e1tomos de cloro o de ox\u00edgeno solos. La combinaci\u00f3n que llamamos mol\u00e9cula tiene una necesidad o, m\u00e1s precisamente, un voltaje que extraer\u00e1 5 electrones de ciertas otras mol\u00e9culas. Cuando los electrones se alejan, estas mol\u00e9culas se separan. Se podr\u00eda pensar que cuando una mol\u00e9cula de ClO2 atrae estos electrones, fortalecer\u00edan su capa exterior, pero no es as\u00ed. En cambio, neutralizan la capa exterior de ClO2 y esa mol\u00e9cula tambi\u00e9n se separa. El \u00e1tomo de cloro se convierte en un \u00e1tomo de cloruro (sal de mesa) y los dos \u00e1tomos de ox\u00edgeno se descargan antes de salir de la c\u00e1scara, por lo que solo recogen una mol\u00e9cula de carbono y se convierten en di\u00f3xido de carbono. El di\u00f3xido de carbono es lo que exhalamos.<\/p>\n<h3><strong><span style=\"font-size: medium;\">Obtenga su \"Kit de agua pura\" <\/span><\/strong><\/h3>\n<table border=\"0\">\n<tbody>\n<tr>\n<td><p class=\"product woocommerce add_to_cart_inline\" style=\"border:4px solid #ccc; padding: 12px;\"><ins class=\"highlight\"><span class=\"woocommerce-Price-amount amount\"><bdi><span class=\"woocommerce-Price-currencySymbol\">\u20ac<\/span>18.00<\/bdi><\/span><\/ins><a href=\"https:\/\/laubeholistic.com\/es\/shop\/ams-pure-water-kit-the-water-purification-solution\/\" aria-describedby=\"woocommerce_loop_add_to_cart_link_describedby_625\" data-quantity=\"1\" class=\"button product_type_variable add_to_cart_button\" data-product_id=\"625\" data-product_sku=\"PWK\" aria-label=\"Elige las opciones para \u201cThe Pure Water Kit - Water Purification Solution\u201d\" rel=\"nofollow\" data-no-translation=\"\" data-trp-gettext=\"\" data-no-translation-aria-label=\"\">Seleccionar opciones<\/a>\t<span id=\"woocommerce_loop_add_to_cart_link_describedby_625\" class=\"screen-reader-text\">\n\t\tEste producto tiene m\u00faltiples variantes. Las opciones se pueden elegir en la p\u00e1gina de producto\t<\/span>\n<\/p><\/td>\n<\/tr>\n<\/tbody>\n<\/table>\n<p>&nbsp;<\/p>","protected":false},"excerpt":{"rendered":"<p>The \u201cPure Water Kit\u201d \u2013 that produces &#8211; Chlorine Dioxide- is the best water purification chemical known and is extremely useful when you travel to foreign countries or even anywhere in the United State where water purification is maybe necessary. &nbsp;&nbsp;&nbsp;&nbsp;&nbsp;&nbsp;&nbsp;&nbsp;&nbsp;&nbsp;&nbsp;&nbsp;&nbsp;&nbsp;&nbsp;&nbsp;&nbsp;&nbsp;&nbsp;&nbsp;&nbsp;&nbsp;&nbsp;&nbsp;&nbsp;&nbsp;&nbsp;&nbsp;&nbsp;&nbsp;&nbsp;&nbsp;&nbsp;&nbsp;&nbsp;&nbsp;&nbsp;&nbsp; The \u201cPure Water Kit\u201d is a small and convenient Set of two Bottles that [&#8230;]\n","protected":false},"author":34,"featured_media":0,"parent":0,"menu_order":0,"comment_status":"open","ping_status":"open","template":"","meta":{"ngg_post_thumbnail":0,"footnotes":""},"class_list":["post-679","page","type-page","status-publish","hentry"],"_links":{"self":[{"href":"https:\/\/laubeholistic.com\/es\/wp-json\/wp\/v2\/pages\/679","targetHints":{"allow":["GET"]}}],"collection":[{"href":"https:\/\/laubeholistic.com\/es\/wp-json\/wp\/v2\/pages"}],"about":[{"href":"https:\/\/laubeholistic.com\/es\/wp-json\/wp\/v2\/types\/page"}],"author":[{"embeddable":true,"href":"https:\/\/laubeholistic.com\/es\/wp-json\/wp\/v2\/users\/34"}],"replies":[{"embeddable":true,"href":"https:\/\/laubeholistic.com\/es\/wp-json\/wp\/v2\/comments?post=679"}],"version-history":[{"count":29,"href":"https:\/\/laubeholistic.com\/es\/wp-json\/wp\/v2\/pages\/679\/revisions"}],"predecessor-version":[{"id":10244,"href":"https:\/\/laubeholistic.com\/es\/wp-json\/wp\/v2\/pages\/679\/revisions\/10244"}],"wp:attachment":[{"href":"https:\/\/laubeholistic.com\/es\/wp-json\/wp\/v2\/media?parent=679"}],"curies":[{"name":"wp","href":"https:\/\/api.w.org\/{rel}","templated":true}]}}