{"id":614,"date":"2014-09-15T14:38:28","date_gmt":"2014-09-15T14:38:28","guid":{"rendered":"https:\/\/laubeholistic.com\/?page_id=614"},"modified":"2022-04-05T09:30:00","modified_gmt":"2022-04-05T09:30:00","slug":"jim-humble-mms-ams-bleach-accusations","status":"publish","type":"page","link":"https:\/\/laubeholistic.com\/es\/jim-humble-mms-ams-bleach-accusations\/","title":{"rendered":"Jim Humble sobre las acusaciones de \u201cBleach\u201d de MMS"},"content":{"rendered":"<style type=\"text\/css\"><!-- @page { margin: 2cm } P { margin-bottom: 0.21cm } --><\/style>\n<h4 lang=\"en-GB\"><span style=\"font-family: Arial,sans-serif;\"><a href=\"https:\/\/laubeholistic.com\/wp-content\/uploads\/2014\/02\/jim_humble-2.jpg\"><img loading=\"lazy\" decoding=\"async\" class=\"alignleft wp-image-616\" style=\"margin: 3px; border: 3px solid black;\" src=\"https:\/\/laubeholistic.com\/wp-content\/uploads\/2014\/02\/jim_humble-2.jpg\" alt=\"MMS\" width=\"214\" height=\"120\" srcset=\"https:\/\/laubeholistic.com\/wp-content\/uploads\/2014\/02\/jim_humble-2.jpg 595w, https:\/\/laubeholistic.com\/wp-content\/uploads\/2014\/02\/jim_humble-2-510x286.jpg 510w\" sizes=\"auto, (max-width: 214px) 100vw, 214px\" \/><\/a>Hola, soy Jim Humble. Descubr\u00ed Master Mineral Solution (MMS) en 1997. Luego pas\u00e9 varios a\u00f1os estudiando la qu\u00edmica del MMS. \u00bfSab\u00edas que la sal de mesa que todos us\u00e1is tiene m\u00e1s que cloro 50%? Si descubre que estoy en lo cierto, \u00bfsignifica eso que dejar\u00e1 de usar sal de mesa porque el cloro se usa en el 98% de la lej\u00eda del mundo? Bueno, el MMS no es m\u00e1s blanqueador que la sal de mesa. <\/span><\/h4>\n<p lang=\"en-GB\"><span style=\"font-family: Arial,sans-serif;\">Tengo 426 Ministros de Salud llevando salud a personas en 72 pa\u00edses diferentes del mundo usando MMS. Lamento mucho decir que todo lo que hacen los cr\u00edticos con sus esfuerzos por convencer a la gente de que el MMS es lej\u00eda, da\u00f1a a cientos de personas y las condena a un gran sufrimiento continuo o incluso a la muerte, que de otro modo podr\u00edan haber evitado. Lo \u00fanico que hay que hacer es dedicar un poco de tiempo a leer y estudiar el di\u00f3xido de cloro, el cloro y la lej\u00eda, en lugar de hablar desde el desconocimiento total de los dos temas, MMS y lej\u00eda. Ellos no son los mismos. Por favor, ustedes mismos se lastiman m\u00e1s que nada. <\/span><\/p>\n<p lang=\"en-GB\"><span style=\"font-family: Arial,sans-serif;\">Lo \u00fanico que es evidente para todos los cr\u00edticos en Internet es que ninguno de ellos revisa el MMS para ver si funciona. Ninguno de ellos entiende o ha comprobado la qu\u00edmica del MMS. M\u00e1s de 10 millones de personas han probado MMS y hay miles de testimonios en Internet que la gente simplemente puso all\u00ed sin que se los pidieran, adem\u00e1s, tenemos miles de testimonios que solicitamos. \u00bfC\u00f3mo podr\u00edamos enga\u00f1ar a millones de personas y de alguna manera no enga\u00f1ar al Sr. Cr\u00edtico? \u00bfEs as\u00ed como lo miras? Ustedes Los cr\u00edticos se equivocaron desde el principio, sin verificar nada, sin verificar el hecho de que la FDA aprob\u00f3 el uso de di\u00f3xido de cloro (MMS) en los alimentos, sin verificar la qu\u00edmica del MMS de ninguna manera. Sin verificar ninguno de los hechos, simplemente agrega su opini\u00f3n a todas las dem\u00e1s opiniones negativas. Lo terrible de todos los cr\u00edticos es que hacen lo que acusan de hacer a MMS: lastiman a la gente. \u00a1MMS no es lej\u00eda y MMS no significa mucho dinero!<\/span><\/p>\n<p lang=\"en-GB\"><span style=\"font-family: Arial,sans-serif;\">Atentamente con salud y amor, <\/span><\/p>\n<p><span style=\"font-family: Arial,sans-serif;\"><b>Arzobispo Jim Humble<\/b><\/span><\/p>\n<p>G\u00e9nesis 2 Iglesia de Salud y Curaci\u00f3n<\/p>","protected":false},"excerpt":{"rendered":"<p>Hello, I am Jim Humble. I discovered Master Mineral Solution (MMS) back in 1997. I then spent several years studying the chemistry of MMS. Did you know that table salt that all of you use is more than 50% chlorine. If you find out that I am correct, does that mean that you will quit [&#8230;]\n","protected":false},"author":34,"featured_media":0,"parent":0,"menu_order":0,"comment_status":"closed","ping_status":"closed","template":"","meta":{"ngg_post_thumbnail":0,"footnotes":""},"class_list":["post-614","page","type-page","status-publish","hentry"],"_links":{"self":[{"href":"https:\/\/laubeholistic.com\/es\/wp-json\/wp\/v2\/pages\/614","targetHints":{"allow":["GET"]}}],"collection":[{"href":"https:\/\/laubeholistic.com\/es\/wp-json\/wp\/v2\/pages"}],"about":[{"href":"https:\/\/laubeholistic.com\/es\/wp-json\/wp\/v2\/types\/page"}],"author":[{"embeddable":true,"href":"https:\/\/laubeholistic.com\/es\/wp-json\/wp\/v2\/users\/34"}],"replies":[{"embeddable":true,"href":"https:\/\/laubeholistic.com\/es\/wp-json\/wp\/v2\/comments?post=614"}],"version-history":[{"count":2,"href":"https:\/\/laubeholistic.com\/es\/wp-json\/wp\/v2\/pages\/614\/revisions"}],"predecessor-version":[{"id":10227,"href":"https:\/\/laubeholistic.com\/es\/wp-json\/wp\/v2\/pages\/614\/revisions\/10227"}],"wp:attachment":[{"href":"https:\/\/laubeholistic.com\/es\/wp-json\/wp\/v2\/media?parent=614"}],"curies":[{"name":"wp","href":"https:\/\/api.w.org\/{rel}","templated":true}]}}