{"id":6,"date":"2012-04-18T14:29:18","date_gmt":"2012-04-18T14:29:18","guid":{"rendered":"https:\/\/laubeholistic.com\/?page_id=6"},"modified":"2025-05-29T10:02:40","modified_gmt":"2025-05-29T10:02:40","slug":"cart","status":"publish","type":"page","link":"https:\/\/laubeholistic.com\/es\/cart\/","title":{"rendered":"Carro"},"content":{"rendered":"<p style=\"text-align: left;\"><span style=\"color: #000000;\"><strong><span style=\"font-size: 85%;\">NOTA POR FAVOR: <\/span><\/strong><span style=\"font-size: 85%;\">Para recibir un c\u00e1lculo del costo de env\u00edo para su destino, debe completar el pa\u00eds, la ciudad y un <strong>c\u00f3digo postal v\u00e1lido<\/strong>. Si no ve un c\u00e1lculo del coste de env\u00edo despu\u00e9s de completar el c\u00f3digo postal, intente separar varios d\u00edgitos del c\u00f3digo postal. <em>Ejemplo: intente \u201c<strong>Y25 X294\u2033<\/strong> en vez de \"<strong>Y25X294\u2033<\/strong><\/em><br \/>\n<\/span><\/span><\/p>\n<p><span style=\"color: #000000;\"><strong>Envios a PORTUGAL<\/strong>: Por favor cont\u00e1ctenos con respecto a los costos de env\u00edo <strong>antes<\/strong> de realizar el pedido.<\/span><\/p>\n<h4 style=\"text-align: left;\"><span style=\"color: #000000;\"><span style=\"font-size: 85%;\">Contacta con nosotros si necesitas ayuda.<\/span><span style=\"font-size: 115%;\">&nbsp;<\/span><\/span><\/h4>\n\n<h1 style=\"font-size: 24px; text-align: center;\"><strong>&nbsp;<\/strong><\/h1>\n<p><span style=\"color: #000000;\">Por favor env\u00edenos un correo electr\u00f3nico a <strong>info@laubeholistic.com <\/strong>con el asunto \"env\u00edo a (su pa\u00eds)\" si tiene alg\u00fan problema al realizar un pedido y lo ayudaremos en el proceso.<\/span><\/p>\n<p><span style=\"color: #000000;\"><em>\u00a1TODOS LOS PA\u00cdSES EST\u00c1N ABIERTOS Y PUEDEN RECIBIR NUESTROS PRODUCTOS!<\/em><\/span><\/p>\n<p style=\"text-align: left;\">&nbsp;<\/p>\n<p style=\"text-align: left;\">&nbsp;<\/p>","protected":false},"excerpt":{"rendered":"<p>PLEASE NOTE: To receive a shipping cost calculation for your destination, you need to fill in the country, city and a valid postal code. If you do not see a shipping cost calculation after you filled in the postal code, try to seperate several digits from the postal code. Example: try &#8220;Y25 X294&#8243; instead of [&#8230;]\n","protected":false},"author":34,"featured_media":0,"parent":0,"menu_order":0,"comment_status":"closed","ping_status":"closed","template":"","meta":{"ngg_post_thumbnail":0,"footnotes":""},"class_list":["post-6","page","type-page","status-publish","hentry"],"_links":{"self":[{"href":"https:\/\/laubeholistic.com\/es\/wp-json\/wp\/v2\/pages\/6","targetHints":{"allow":["GET"]}}],"collection":[{"href":"https:\/\/laubeholistic.com\/es\/wp-json\/wp\/v2\/pages"}],"about":[{"href":"https:\/\/laubeholistic.com\/es\/wp-json\/wp\/v2\/types\/page"}],"author":[{"embeddable":true,"href":"https:\/\/laubeholistic.com\/es\/wp-json\/wp\/v2\/users\/34"}],"replies":[{"embeddable":true,"href":"https:\/\/laubeholistic.com\/es\/wp-json\/wp\/v2\/comments?post=6"}],"version-history":[{"count":41,"href":"https:\/\/laubeholistic.com\/es\/wp-json\/wp\/v2\/pages\/6\/revisions"}],"predecessor-version":[{"id":17494,"href":"https:\/\/laubeholistic.com\/es\/wp-json\/wp\/v2\/pages\/6\/revisions\/17494"}],"wp:attachment":[{"href":"https:\/\/laubeholistic.com\/es\/wp-json\/wp\/v2\/media?parent=6"}],"curies":[{"name":"wp","href":"https:\/\/api.w.org\/{rel}","templated":true}]}}