{"id":595,"date":"2014-09-15T14:13:26","date_gmt":"2014-01-31T16:50:52","guid":{"rendered":"https:\/\/laubeholistic.com\/?page_id=595"},"modified":"2021-03-04T15:40:11","modified_gmt":"2021-03-04T15:40:11","slug":"ams-facts-sheet","status":"publish","type":"page","link":"https:\/\/laubeholistic.com\/es\/ams-facts-sheet\/","title":{"rendered":"AMS Hechos &amp; Beneficios"},"content":{"rendered":"<h1>\n<p style=\"text-align: center;\"><span style=\"font-size: xx-large; font-family: Arvo, sans-serif;\">AMS<\/span><\/p>\n<\/h1>\n<h3><span style=\"font-family: Arvo, sans-serif;\"><span style=\"font-size: medium;\">\u00bfQu\u00e9 es AMS?<\/span><\/span><\/h3>\n<p><span style=\"font-family: Arvo, sans-serif;\"><span style=\"font-size: medium;\">AMS es el nombre com\u00fan del di\u00f3xido de cloro (ClO2), que se produce cuando el clorito de sodio se mezcla (activa) con un \u00e1cido (generalmente \u00e1cido c\u00edtrico, un extracto de fruta c\u00edtrica com\u00fan). En 1997 se descubri\u00f3 que el di\u00f3xido de cloro curaba r\u00e1pidamente la malaria.<\/span><\/span><\/p>\n<p><span style=\"font-size: medium; font-family: Arvo, sans-serif;\">Investigaciones posteriores revelaron que muchas otras dolencias podr\u00edan mejorarse o curarse. Existe una extensa historia de casos anecd\u00f3ticos que muestran mejoras estad\u00edsticamente significativas e incluso curas en el c\u00e1ncer, el autismo, las infecciones, los problemas dentales... incluso el VIH\/SIDA.<\/span><\/p>\n<h3><span style=\"font-size: medium; font-family: Arvo, sans-serif;\">Suena &quot;demasiado bueno para ser verdad&quot; o como una especie de aceite de serpiente.<\/span><\/h3>\n<p><span style=\"font-size: medium; font-family: Arvo, sans-serif;\">Eso es lo que la mayor\u00eda de la gente piensa al principio... hasta que profundizan m\u00e1s y aprenden m\u00e1s sobre el tema.<\/span><\/p>\n<p><span style=\"font-size: medium; font-family: Arvo, sans-serif;\">Di\u00f3xido de cloro (ClO2)\u2026 Suena a lej\u00eda o lo que se pone en mi piscina<\/span><\/p>\n<p><span style=\"font-size: medium; font-family: Arvo, sans-serif;\">Aunque la palabra cloro est\u00e1 en el nombre, es muy diferente del blanqueador Clorox dom\u00e9stico com\u00fan o del cloro de piscina, que son venenos que se sabe que son cancer\u00edgenos.<\/span><\/p>\n<p><span style=\"font-size: medium; font-family: Arvo, sans-serif;\">El di\u00f3xido de cloro funciona de manera diferente al cloro, ya que destruye completamente los pat\u00f3genos mediante la oxidaci\u00f3n y se destruye en la reacci\u00f3n, sin dejar nada que se acumule o cause efectos secundarios. Los subproductos son sal de mesa, \u00e1tomos de ox\u00edgeno descargados y restos de pat\u00f3genos muertos que el cuerpo elimina f\u00e1cilmente.<\/span><\/p>\n<p><span style=\"font-size: medium; font-family: Arvo, sans-serif;\">-Di\u00f3xido de cloro = ClO2, Cloro = Cl, Lej\u00eda (hipoclorito de sodio) = NaOCl.<\/span><\/p>\n<p><span style=\"font-size: medium; font-family: Arvo, sans-serif;\">ClO2 no es igual a Cl y no es igual a NaOCl \u2013<\/span><\/p>\n<h3><span style=\"font-size: medium; font-family: Arvo, sans-serif;\">\u00bfQu\u00e9 investigaciones se han realizado... o se est\u00e1n realizando sobre la AMS?<\/span><\/h3>\n<p><span style=\"font-family: Arvo, sans-serif;\">Un creciente esfuerzo de base realizado por investigadores de todo el mundo ha descubierto que el AMS puede proporcionar sorprendentes beneficios para la salud si se usa correctamente. Estos investigadores han estado experimentando con ellos mismos, sus familias y amigos. Sus descubrimientos son revolucionarios y la voz se est\u00e1 extendiendo por todo el mundo.<\/span><\/p>\n<p><span style=\"font-size: medium; font-family: Arvo, sans-serif;\">La prueba de campo de la Cruz Roja<\/span><br \/>\n<span style=\"font-size: medium; font-family: Arvo, sans-serif;\">En diciembre de 2012, el Centro de Referencia del Agua (WRC), una organizaci\u00f3n afiliada a la Cruz Roja, realiz\u00f3 una prueba de campo documentada en Uganda, donde 154 pacientes con malaria fueron tratados con clorito de sodio (el componente clave del AMS). Los 154 pacientes quedaron libres de la malaria entre 24 y 48 horas despu\u00e9s del tratamiento. El WRC y la Cruz Roja insistieron en mantener los resultados en secreto. Finalmente, los resultados se hicieron p\u00fablicos en mayo de 2013 a trav\u00e9s de un v\u00eddeo amateur producido por quien capacit\u00f3 al personal sobre c\u00f3mo tratar la malaria. Lamentablemente, el 15 de mayo de 2013, la Cruz Roja se desvincul\u00f3 en\u00e9rgicamente de la prueba y de sus resultados. Poco despu\u00e9s, se descubri\u00f3 y public\u00f3 un v\u00eddeo profesional producido por el WRC que mostraba los detalles de la prueba junto con declaraciones entusiastas de funcionarios de la Cruz Roja.<\/span><\/p>\n<h3><span style=\"font-family: Arvo, sans-serif; font-size: medium;\">\u00bfPuede una persona lastimarse o enfermarse a causa del AMS?<\/span><\/h3>\n<p><span style=\"font-size: medium; font-family: Arvo, sans-serif;\">El secreto para utilizar AMS (di\u00f3xido de cloro) de forma segura es siempre utilizar peque\u00f1as cantidades y aumentarlas lentamente. Cualquier cosa puede hacerle da\u00f1o si se usa incorrectamente, incluidos man\u00ed, aspirina, cerezas, etc. De hecho, cada a\u00f1o se atribuyen 700.000 muertes a la ingesti\u00f3n de productos farmac\u00e9uticos m\u00e9dicos s\u00f3lo en los EE. UU. Se estima que millones de personas han ingerido di\u00f3xido de cloro como producto qu\u00edmico para purificar el agua, como ox\u00edgeno estabilizado vendido en tiendas naturistas durante 80 a\u00f1os y como producto qu\u00edmico para la conservaci\u00f3n de verduras y frutas, sin que se haya atribuido ni una sola muerte a su uso. Un estudio de 1981 no mostr\u00f3 efectos nocivos en los seres humanos cuando se consumen niveles incluso m\u00e1s altos de di\u00f3xido de cloro de lo que normalmente sugiere el tratamiento con AMS.<\/span><\/p>\n<h3><span style=\"font-family: Arvo, sans-serif; font-size: medium;\">\u00bfC\u00f3mo se usa AMS y cu\u00e1nto debo tomar?<\/span><\/h3>\n<p><span style=\"font-size: medium; font-family: Arvo, sans-serif;\">La respuesta completa a esto est\u00e1 m\u00e1s all\u00e1 del alcance de una hoja informativa de una sola p\u00e1gina. Hay varias formas diferentes de utilizar AMS.<\/span><\/p>\n<p><span style=\"font-size: medium; font-family: Arvo, sans-serif;\">La cantidad, aplicaci\u00f3n y frecuencia deben ajustarse a la salud del individuo en particular y a lo que est\u00e1 tratando de abordar. El protocolo AMS m\u00e1s com\u00fan comienza con una gota de AMS activado por hora. Sin embargo, si la persona tiene problemas de salud graves, debe tener cuidado e ir \u201cbajo y lento\u201d, y comenzar con tan solo \u00bc de gota por hora, mientras que los principiantes no deben exceder las 3 gotas por hora. \u00bfPor qu\u00e9? A medida que el AMS mata los pat\u00f3genos (mediante oxidaci\u00f3n), las toxinas se vierten al torrente sangu\u00edneo con la expectativa de que el h\u00edgado haga su trabajo y las filtre. Alguien que est\u00e1 enfermo suele tener un h\u00edgado d\u00e9bil y de funcionamiento lento. Si el proceso de desintoxicaci\u00f3n de AMS, o cualquier proceso de desintoxicaci\u00f3n, va demasiado r\u00e1pido, se crea una sobrecarga de toxinas debido a la extinci\u00f3n de pat\u00f3genos (com\u00fanmente conocida como reacci\u00f3n de Herxheimer).<\/span><\/p>\n<p><span style=\"font-size: medium; font-family: Arvo, sans-serif;\">Esto significa que las toxinas se eliminan m\u00e1s r\u00e1pido de lo que el h\u00edgado puede eliminarlas, lo que provoca reacciones como n\u00e1useas, v\u00f3mitos y\/o diarrea (ya que el cuerpo intenta eliminar r\u00e1pidamente el exceso de toxinas por otros medios). Los cr\u00edticos han afirmado que las n\u00e1useas, los v\u00f3mitos y la diarrea son efectos secundarios &quot;peligrosos&quot; del uso de AMS. En t\u00e9rminos generales, se pueden evitar con el uso adecuado de AMS y con niveles bajos.<\/span><\/p>\n<p><span style=\"font-size: medium; font-family: Arvo, sans-serif;\">y lento. Sin embargo, las penicilinas, que se consideran &quot;algunas de las drogas menos t\u00f3xicas conocidas&quot;, pueden producir diarrea, n\u00e1useas, v\u00f3mitos y malestar estomacal. En casos raros, las penicilinas pueden causar reacciones al\u00e9rgicas inmediatas y retardadas, espec\u00edficamente erupciones cut\u00e1neas, fiebre y shock anafil\u00e1ctico.6 La mayor\u00eda de los cr\u00edticos y m\u00e9dicos aceptan el uso rutinario de antibi\u00f3ticos, aunque estos mismos efectos secundarios \u201cpeligrosos\u201d se observan con frecuencia con dicho uso.<\/span><\/p>\n<h3><span style=\"font-size: medium; font-family: Arvo, sans-serif;\">\u00bfQui\u00e9n deber\u00eda utilizar AMS?<\/span><\/h3>\n<p><span style=\"font-size: medium; font-family: Arvo, sans-serif;\">La respuesta a esto depende de varios factores. \u00bfEs usted el tipo de persona que se responsabiliza de su propia salud? \u00bfO preferir\u00edas poner tu salud en manos de un m\u00e9dico? AMS requiere que escuches a tu cuerpo y comprendas lo que dice. La forma en que reaccione al AMS depende de sus problemas de salud y de qu\u00e9 tan bien su cuerpo (espec\u00edficamente el h\u00edgado y los ri\u00f1ones) puede expulsar las toxinas.<\/span><\/p>\n<h3><span style=\"font-size: medium; font-family: Arvo, sans-serif;\">\u00bfQu\u00e9 dicen los m\u00e9dicos sobre AMS?<\/span><\/h3>\n<p><span style=\"font-size: medium; font-family: Arvo, sans-serif;\">Si le preguntas al m\u00e9dico promedio, lo m\u00e1s probable es que sepa poco sobre el AMS y la mayor\u00eda nunca haya o\u00eddo hablar de \u00e9l, aunque esto est\u00e1 cambiando r\u00e1pidamente. Hay un n\u00famero creciente de m\u00e9dicos y profesionales de la salud que lo utilizan en pa\u00edses del tercer mundo con resultados muy alentadores.<\/span><br \/>\n<span style=\"font-size: medium; font-family: Arvo, sans-serif;\">Desafortunadamente, lo que los m\u00e9dicos pueden recetar (y decir) en Estados Unidos y otros pa\u00edses del primer mundo est\u00e1 muy controlado, aunque algunos hablar\u00e1n positivamente de ello extraoficialmente.<\/span><\/p>\n<h3><span style=\"font-size: medium; font-family: Arvo, sans-serif;\">\u00bfQu\u00e9 dicen los m\u00e9dicos sobre AMS?<\/span><\/h3>\n<p><span style=\"font-size: medium; font-family: Arvo, sans-serif;\">Si le preguntas al m\u00e9dico promedio, lo m\u00e1s probable es que sepa poco sobre el AMS y la mayor\u00eda nunca haya o\u00eddo hablar de \u00e9l, aunque esto est\u00e1 cambiando r\u00e1pidamente. Hay un n\u00famero creciente de m\u00e9dicos y profesionales de la salud que lo utilizan en pa\u00edses del tercer mundo con resultados muy alentadores.<\/span><br \/>\n<span style=\"font-size: medium; font-family: Arvo, sans-serif;\">Desafortunadamente, lo que los m\u00e9dicos pueden recetar (y decir) en Estados Unidos y otros pa\u00edses del primer mundo est\u00e1 muy controlado, aunque algunos hablar\u00e1n positivamente de ello extraoficialmente.<\/span><\/p>\n<h3><span style=\"font-size: medium; font-family: Arvo, sans-serif;\">\u00bfQui\u00e9n lucha CONTRA AMS?<\/span><\/h3>\n<p><span style=\"font-size: medium; font-family: Arvo, sans-serif;\">AMS desaf\u00eda al coraz\u00f3n del establishment m\u00e9dico, incluidas las grandes farmac\u00e9uticas. Obviamente, si AMS es lo que dice ser, entonces afectar\u00e1 los resultados de la industria m\u00e1s grande del mundo. Se sabe que el lobby de las grandes farmac\u00e9uticas tiene una influencia significativa en la FDA (Administraci\u00f3n de Alimentos y Medicamentos) de EE. UU. De hecho, la FDA est\u00e1 persiguiendo legalmente a Daniel Smith del Proyecto GreenLife, una empresa de venta por correo que suministraba AMS hasta que fue allanada y cerrada.<\/span><\/p>\n<h3><span style=\"font-size: medium; font-family: Arvo, sans-serif;\">\u00bfQui\u00e9n lucha POR AMS?<\/span><\/h3>\n<p><span style=\"font-family: Arvo, sans-serif; font-size: medium;\">El US Observer, una conocida fuente de noticias de investigaci\u00f3n impresa y en l\u00ednea que ayuda a v\u00edctimas inocentes de cargos falsos, ha decidido defender a Daniel Smith contra la FDA. Por supuesto, hay ciudadanos independientes en todo el mundo que est\u00e1n interesados en una salud y una curaci\u00f3n rentables para ellos y sus familias. Estas personas no tienen miedo de probar algo que no sea convencional o<\/span><br \/>\n<span style=\"font-family: Arvo, sans-serif; font-size: medium;\"> no probado. Hay muchos profesionales m\u00e9dicos que tambi\u00e9n han descubierto el valor del MMS y lo est\u00e1n utilizando en pa\u00edses del tercer mundo para tratar a los pacientes, a ellos mismos y a sus familias. Estas personas no tienen miedo de probar algo que no sea convencional.<\/span><\/p>\n<h3><span style=\"font-size: medium; font-family: Arvo, sans-serif;\">\u00bfD\u00f3nde puedo encontrar testimonios de personas reales que hayan utilizado AMS?<\/span><\/h3>\n<p><span style=\"font-size: medium; font-family: Arvo, sans-serif;\">Internet est\u00e1 saturado de testimonios de todo el mundo. Tambi\u00e9n puede encontrar muchos foros que analizan AMS. Curezone.org realiz\u00f3 una encuesta entre cientos de usuarios. Los resultados revelaron que alrededor de 80% de usuarios obtuvieron beneficios positivos.<\/span><\/p>\n<h3><span style=\"font-size: medium; font-family: Arvo, sans-serif;\">\u00bfQui\u00e9n est\u00e1 detr\u00e1s de esta hoja informativa de AMS y por qu\u00e9?<\/span><\/h3>\n<p><span style=\"font-family: Arvo, sans-serif; font-size: medium;\">Un grupo de ciudadanos privados de todo el mundo que quieren que la verdad salga a la luz mientras se corre la voz. La intenci\u00f3n de esta hoja informativa es brindarle suficiente informaci\u00f3n b\u00e1sica para realizar m\u00e1s investigaciones, al mismo tiempo que resalta la controversia que se est\u00e1 gestando, para que le resulte m\u00e1s f\u00e1cil permanecer objetivo. La m\u00ednima informaci\u00f3n proporcionada aqu\u00ed s\u00f3lo ara\u00f1a la superficie. Le animamos a que considere las posibles motivaciones de todas las partes y saque sus propias conclusiones.<\/span><\/p>\n<hr>\n<h1>\n<p style=\"text-align: center;\"><span style=\"font-size: xx-large; font-family: Arvo, sans-serif;\">Prestaciones de AMS<\/span><\/p>\n<\/h1>\n<p><span style=\"font-size: medium; font-family: Arvo, sans-serif;\">Seg\u00fan las opiniones de los m\u00e9dicos, esto es lo que parece estar sucediendo en el cuerpo cuando se ingiere AMS.<\/span><\/p>\n<h3><span style=\"font-size: medium; font-family: Arvo, sans-serif;\">Organismos destruidos<\/span><\/h3>\n<p><span style=\"font-size: medium; font-family: Arvo, sans-serif;\">El AMS destruye microorganismos, incluidos virus, bacterias, hongos,<\/span> <span style=\"font-size: medium; font-family: Arvo, sans-serif;\">Mohos, levaduras y par\u00e1sitos que causan diversas enfermedades. Virus<\/span> <span style=\"font-size: medium; font-family: Arvo, sans-serif;\">mueren mediante un mecanismo diferente al de las bacterias y todos los dem\u00e1s <\/span><span style=\"font-size: medium; font-family: Arvo, sans-serif;\">Microorganismos: el AMS impide la formaci\u00f3n de prote\u00ednas especiales.<\/span> <span style=\"font-size: medium; font-family: Arvo, sans-serif;\">necesario para el crecimiento viral, provocando as\u00ed la destrucci\u00f3n del virus.<\/span> <span style=\"font-size: medium; font-family: Arvo, sans-serif;\">La eliminaci\u00f3n de organismos que causan enfermedades generalmente toma entre<\/span> <span style=\"font-size: medium; font-family: Arvo, sans-serif;\">4 horas y 4 semanas, pero a menudo menos de una semana. Esto es cierto para<\/span> <span style=\"font-size: medium; font-family: Arvo, sans-serif;\">todas las formas de infecci\u00f3n y otros microorganismos, as\u00ed como la sangre.<\/span> <span style=\"font-size: medium; font-family: Arvo, sans-serif;\">enfermedades como la leucemia.<\/span><\/p>\n<h3><span style=\"font-family: Arvo, sans-serif; font-size: medium;\"><span style=\"font-size: medium;\">Metales pesados oxidados<\/span> <\/span><\/h3>\n<p><span style=\"font-family: Arvo, sans-serif; font-size: medium;\">AMS oxida los metales pesados del cuerpo. Creo esto porque se han realizado una serie de pruebas en las que se comprobaron las ra\u00edces del cabello de una persona antes y despu\u00e9s de tomar AMS. Aproximadamente dos semanas despu\u00e9s, los metales pesados desaparecieron, incluidos el mercurio, el plomo y otros. Probar las ra\u00edces del cabello es una buena indicaci\u00f3n de la ausencia o presencia de metales pesados. La oxidaci\u00f3n de metales pesados no es lo mismo que la quelaci\u00f3n, pero los resultados son los mismos. Cuando un metal pesado se oxida, se neutraliza y simplemente se elimina del cuerpo.<\/span><\/p>\n<h3><span style=\"font-size: medium; font-family: Arvo, sans-serif;\">Materia extra\u00f1a neutralizada<\/span><\/h3>\n<p><span style=\"font-size: medium; font-family: Arvo, sans-serif;\">El AMS se transporta por todo el cuerpo, donde neutraliza las materias extra\u00f1as que generalmente son venenosas. Cuando se oxidan, los venenos se neutralizan y simplemente se eliminan del cuerpo. Casi todo el material venenoso se oxida f\u00e1cilmente. Estos venenos se adhieren en varios lugares y dificultan el funcionamiento del cuerpo. A medida que se oxidan, se desprenden y se eliminan del cuerpo al igual que los metales pesados.<\/span><\/p>\n<h3><span style=\"font-size: medium; font-family: Arvo, sans-serif;\">Venenos neutralizados<\/span>&lt;\/h3\n\n<span>La mayor\u00eda de las formas de venenos de serpientes y otros animales venenosos se oxidan cuando se toman cantidades adecuadas de AMS. La mayor\u00eda de los venenos alimentarios que se encuentran en los restaurantes o en el refrigerador est\u00e1n oxidados, por lo que se debe tomar una dosis cada 15 minutos cuando se trata de veneno de serpientes o intoxicaci\u00f3n alimentaria.<\/span><\/p>\n<h3><span style=\"font-size: medium; font-family: Arvo, sans-serif;\">Quemaduras curadas<\/span><\/h3>\n<p><span style=\"font-size: medium; font-family: Arvo, sans-serif;\">Los venenos generados por las quemaduras, particularmente las de tipo 3, se neutralizan cuando se cubren inmediatamente (o incluso en cuesti\u00f3n de horas) con AMS inactivado (NaClO2). NaClO2 no se debe dejar actuar m\u00e1s de 5 minutos. Luego se debe enjuagar con agua. Esto se puede hacer dos veces para un total de haber inactivado AMS (NaClo2) en la quemadura durante 10 minutos, no m\u00e1s en la mayor\u00eda de los casos. Pero mientras haya dolor, se puede seguir aplicando AMS (NaClo2) inactivado sobre la quemadura durante per\u00edodos cortos, pero nunca m\u00e1s de 5 minutos. Quemaduras curadas Los venenos generados por las quemaduras, particularmente las de tipo 3, se neutralizan cuando se cubren inmediatamente (o incluso en cuesti\u00f3n de horas) con AMS inactivado (NaClO2). NaClO2 no se debe dejar actuar m\u00e1s de 5 minutos. Luego se debe enjuagar con agua. Esto se puede hacer dos veces para un total de haber inactivado AMS (NaClo2) en la quemadura durante 10 minutos, no m\u00e1s en la mayor\u00eda de los casos. Pero mientras haya dolor, se puede seguir aplicando AMS (NaClo2) inactivado sobre la quemadura durante per\u00edodos cortos, pero nunca m\u00e1s de 5 minutos.<\/span><\/p><\/h3>","protected":false},"excerpt":{"rendered":"<p>AMS What is AMS? AMS is the common name for Chlorine Dioxide (ClO2), which is produced when Sodium Chlorite is mixed (activated) with an acid (usually citric acid\u2014a common citrus fruit extract). In 1997, it was discovered that Chlorine Dioxide quickly cured malaria. Further research revealed that many other ailments could either be improved or [&#8230;]\n","protected":false},"author":34,"featured_media":0,"parent":0,"menu_order":0,"comment_status":"closed","ping_status":"closed","template":"","meta":{"ngg_post_thumbnail":0,"footnotes":""},"class_list":["post-595","page","type-page","status-publish","hentry"],"_links":{"self":[{"href":"https:\/\/laubeholistic.com\/es\/wp-json\/wp\/v2\/pages\/595","targetHints":{"allow":["GET"]}}],"collection":[{"href":"https:\/\/laubeholistic.com\/es\/wp-json\/wp\/v2\/pages"}],"about":[{"href":"https:\/\/laubeholistic.com\/es\/wp-json\/wp\/v2\/types\/page"}],"author":[{"embeddable":true,"href":"https:\/\/laubeholistic.com\/es\/wp-json\/wp\/v2\/users\/34"}],"replies":[{"embeddable":true,"href":"https:\/\/laubeholistic.com\/es\/wp-json\/wp\/v2\/comments?post=595"}],"version-history":[{"count":24,"href":"https:\/\/laubeholistic.com\/es\/wp-json\/wp\/v2\/pages\/595\/revisions"}],"predecessor-version":[{"id":7271,"href":"https:\/\/laubeholistic.com\/es\/wp-json\/wp\/v2\/pages\/595\/revisions\/7271"}],"wp:attachment":[{"href":"https:\/\/laubeholistic.com\/es\/wp-json\/wp\/v2\/media?parent=595"}],"curies":[{"name":"wp","href":"https:\/\/api.w.org\/{rel}","templated":true}]}}