{"id":29,"date":"2012-04-18T13:41:36","date_gmt":"2012-04-18T13:41:36","guid":{"rendered":"http:\/\/www.harmonikdesign.com\/activatedmineralsolution\/checkout\/"},"modified":"2025-05-29T10:02:00","modified_gmt":"2025-05-29T10:02:00","slug":"checkout-2","status":"publish","type":"page","link":"https:\/\/laubeholistic.com\/es\/checkout-2\/","title":{"rendered":"Checkout"},"content":{"rendered":"<p><span style=\"color: #000000;\"><strong>Estimado cliente, revise su pedido para ver si es correcto y elija su opci\u00f3n de pago preferida.<\/strong><\/span><\/p>\n<div class=\"woocommerce\"><\/div>\n<p>Si no encuentra ninguna opci\u00f3n de env\u00edo disponible para su pa\u00eds, cont\u00e1ctenos en <span style=\"color: #0000ff;\"><strong>info@laubeholistic.com<\/strong><\/span>&nbsp;con el asunto \u201cenv\u00edo a (tu pa\u00eds)\u201d y te ayudaremos lo mejor que podamos con posibles soluciones. Gracias.<\/p>\n<p>&nbsp;<\/p>","protected":false},"excerpt":{"rendered":"<p>Dear Customer, please review your order to see if it is correct and choose your preferred payment option. If you do not find any shipping option available for your country, please contact us on info@laubeholistic.com&nbsp;with the subject \u201cshipping to (your country)\u201d and we will assist you as best as we can with possible solutions. Thankyou. [&#8230;]\n","protected":false},"author":34,"featured_media":0,"parent":0,"menu_order":0,"comment_status":"closed","ping_status":"closed","template":"","meta":{"ngg_post_thumbnail":0,"footnotes":""},"class_list":["post-29","page","type-page","status-publish","hentry"],"_links":{"self":[{"href":"https:\/\/laubeholistic.com\/es\/wp-json\/wp\/v2\/pages\/29","targetHints":{"allow":["GET"]}}],"collection":[{"href":"https:\/\/laubeholistic.com\/es\/wp-json\/wp\/v2\/pages"}],"about":[{"href":"https:\/\/laubeholistic.com\/es\/wp-json\/wp\/v2\/types\/page"}],"author":[{"embeddable":true,"href":"https:\/\/laubeholistic.com\/es\/wp-json\/wp\/v2\/users\/34"}],"replies":[{"embeddable":true,"href":"https:\/\/laubeholistic.com\/es\/wp-json\/wp\/v2\/comments?post=29"}],"version-history":[{"count":17,"href":"https:\/\/laubeholistic.com\/es\/wp-json\/wp\/v2\/pages\/29\/revisions"}],"predecessor-version":[{"id":17493,"href":"https:\/\/laubeholistic.com\/es\/wp-json\/wp\/v2\/pages\/29\/revisions\/17493"}],"wp:attachment":[{"href":"https:\/\/laubeholistic.com\/es\/wp-json\/wp\/v2\/media?parent=29"}],"curies":[{"name":"wp","href":"https:\/\/api.w.org\/{rel}","templated":true}]}}