{"id":26,"date":"2014-09-15T10:35:19","date_gmt":"2014-09-15T10:35:19","guid":{"rendered":"http:\/\/www.harmonikdesign.com\/activatedmineralsolution\/?page_id=26"},"modified":"2022-10-20T15:47:15","modified_gmt":"2022-10-20T15:47:15","slug":"protocols-and-manuals","status":"publish","type":"page","link":"https:\/\/laubeholistic.com\/es\/protocols-and-manuals\/","title":{"rendered":"Protocolos y Manuales"},"content":{"rendered":"<h4 class=\"pdfdocument\"><span style=\"color: #000000;\"><strong>Funci\u00f3n y Comprensi\u00f3n de AMS<\/strong><\/span><\/h4>\n<div class=\"pdfdocument\">\n<p><span style=\"color: #000000;\">\u00bf&nbsp; <\/span><span style=\"color: #000000;\">Qu\u00e9 es la AMS y c\u00f3mo funciona en nuestro cuerpo? Este folleto le dar\u00e1 una explicaci\u00f3n f\u00e1cil de seguimiento de la funci\u00f3n y la comprensi\u00f3n de AMS.<\/span><\/p>\n<p><a href=\"https:\/\/laubeholistic.com\/wp-content\/uploads\/AMS-Booklet-ENG.pdf\"><span style=\"color: #0000ff;\">Descargar en INGL\u00c9S<\/span><\/a><\/p>\n<p><a href=\"https:\/\/laubeholistic.com\/wp-content\/uploads\/Funcion_comprension_ESP_compressed.pdf\"><span style=\"color: #0000ff;\">Descargar en ESPA\u00d1OL<\/span><\/a><\/p>\n<\/div>\n<h4>&nbsp;<\/h4>\n<h4 class=\"pdfdocument\"><span style=\"color: #000000;\"><strong>Folleto manual de AMS<br \/>\n<\/strong><\/span><\/h4>\n<div class=\"pdfdocument\">\n<p><span style=\"color: #000000;\">El AMS-Manual de folletos le explicar\u00e1 todo lo que necesita saber sobre c\u00f3mo utilizar y aplicar AMS. Se le proporcionar\u00e1 toda la informaci\u00f3n necesaria para la reparaci\u00f3n de una dosis de AMS a cualquiera de beber o aplicar exteriormente para las enfermedades y dolores.<\/span><\/p>\n<p><span style=\"color: #0000ff;\"><a class=\"pdf\" style=\"color: #0000ff;\" href=\"https:\/\/laubeholistic.com\/wp-content\/uploads\/ams_booklet_eng_new.pdf\">Descargar en INGL\u00c9S<\/a><\/span><\/p>\n<\/div>\n<h4>&nbsp;<\/h4>\n<h4><span style=\"color: #000000;\"><strong>Protocolo 1000<\/strong><\/span><\/h4>\n<p><span style=\"color: #0000ff;\"><a class=\"pdf\" style=\"color: #0000ff;\" href=\"https:\/\/laubeholistic.com\/wp-content\/uploads\/PDF-Protocol-1000.pdf\">Descargar en INGL\u00c9S<\/a><\/span><\/p>\n<p><span style=\"color: #0000ff;\"><a style=\"color: #0000ff;\" href=\"https:\/\/laubeholistic.com\/wp-content\/uploads\/PDF-ESP-Protocolo-1000.pdf\">Descargar en ESPA\u00d1OL<\/a><\/span><\/p>\n<h4>&nbsp;<\/h4>\n<h4><span style=\"color: #000000;\"><strong>Protocolo 1000+ con DMSO&nbsp;<\/strong><\/span><\/h4>\n<p><span style=\"color: #0000ff;\"><a style=\"color: #0000ff;\" href=\"https:\/\/laubeholistic.com\/wp-content\/uploads\/PDF-Protocol-1000-ENG.pdf\">Descargar en INGL\u00c9S<\/a><\/span><\/p>\n<div class=\"pdfdocument\">\n<h4>&nbsp;<\/h4>\n<h4><span style=\"color: #000000;\"><strong>Gesti\u00f3n de Sabor&nbsp;<\/strong><\/span><\/h4>\n<p><span style=\"color: #000000;\">Una vez que experimentes la simplicidad y el beneficio de hacer esto, los m\u00e9todos secundarios para lidiar con el gusto ser\u00e1n innecesarios. Ha habido literalmente cientos, si no miles, de personas que comenzaron diciendo: &quot;Oh, no me importa el sabor del AMS&quot;, y luego, varias semanas despu\u00e9s, se sienten mal cuando simplemente piensan o hablan de ello. . Si esto se aplica a usted, haga clic en el enlace de descarga a continuaci\u00f3n para obtener una soluci\u00f3n.<\/span><\/p>\n<p><span style=\"color: #0000ff;\"><a class=\"pdf\" style=\"color: #0000ff;\" href=\"https:\/\/laubeholistic.com\/wp-content\/uploads\/2014\/10\/Taste-Management.pdf\">Descargar en INGL\u00c9S<\/a><\/span><\/p>\n<\/div>\n<h4>&nbsp;<\/h4>\n<h4><span style=\"color: #000000;\"><strong>Protocolo 1000 para Animales<\/strong><\/span><\/h4>\n<p><span style=\"color: #000000;\">En primer lugar, introduzca su n\u00famero de AMS gotas a un vaso limpio y seco<\/span><\/p>\n<p><span style=\"color: #000000;\">Activar la siguiente manera: a\u00f1adir una gota de acido clorhidrico 4% por cada gota de AMS en el vaso<\/span><\/p>\n<p><span style=\"color: #000000;\">Sacudir o agitar para mezclar, esperar 30 segundos<\/span><\/p>\n<p><span style=\"color: #000000;\">Agregue 1 \/ 2 a un vaso lleno de agua o jugo y luego dar al animal para beber<\/span><\/p>\n<p><span style=\"color: #000000;\">No use jugo de naranja. No utilice zumos con adici\u00f3n de vitamina C o \u00e1cido asc\u00f3rbico a\u00f1adido. No use jugos concentrados que debe tener el agua a\u00f1adida para ellos. Los jugos frescos son los mejores\u2026<\/span><\/p>\n<p><span style=\"color: #0000ff;\"><a class=\"pdf\" style=\"color: #0000ff;\" href=\"https:\/\/laubeholistic.com\/wp-content\/uploads\/PDF-Protocol-1000-for-Animals.pdf\" target=\"_blank\" rel=\"noopener noreferrer\">Descargar en INGL\u00c9S<\/a><\/span><\/p>\n<p><a href=\"https:\/\/laubeholistic.com\/wp-content\/uploads\/PDF-ESP-Protocolo-1000-Animales.pdf\"><span style=\"color: #0000ff;\">Descargar en ESPA\u00d1OL<\/span><\/a><\/p>\n<h4>&nbsp;<\/h4>\n<h4><span style=\"color: #000000;\"><strong>Protocolo para todos los tipos de gripe<\/strong><\/span><\/h4>\n<p><span style=\"color: #000000;\">En primer lugar, introduzca su n\u00famero de AMS gotas a un vaso limpio y seco<\/span><\/p>\n<p><span style=\"color: #000000;\">Activar la siguiente manera: a\u00f1adir una gota de acido clorhidrico 4% por cada gota de AMS en el vaso<\/span><\/p>\n<p><span style=\"color: #000000;\">Sacudir o agitar para mezclar, esperar 30 segundos<\/span><\/p>\n<p><span style=\"color: #000000;\">Agregue 1 \/ 2 a un vaso lleno de agua o jugo y beber<\/span><\/p>\n<p><span style=\"color: #000000;\">No use jugo de naranja. No utilice zumos con adici\u00f3n de vitamina C o \u00e1cido asc\u00f3rbico a\u00f1adido. No use jugos concentrados que debe tener el agua a\u00f1adida para ellos. Los jugos frescos son los mejores\u2026<\/span><\/p>\n<p><span style=\"color: #0000ff;\"><a class=\"pdf\" style=\"color: #0000ff;\" href=\"https:\/\/laubeholistic.com\/wp-content\/uploads\/PDF-Protocol-for-all-Types-of-Flu.pdf\">Descargar en INGL\u00c9S<\/a><\/span><\/p>\n<p><span style=\"color: #0000ff;\"><a style=\"color: #0000ff;\" href=\"https:\/\/laubeholistic.com\/wp-content\/uploads\/PDF-ESP-Protocolo-gripe.pdf\">Descargar en ESPA\u00d1OL<\/a><\/span><\/p>\n<div class=\"pdfdocument\">\n<h4>&nbsp;<\/h4>\n<h4><span style=\"color: #000000;\"><strong>C\u00e1ncer Protocolo de 2000&nbsp;<\/strong><\/span><\/h4>\n<p><span style=\"color: #000000;\">B\u00e1sicamente est\u00e1 tomando como muchas gotas de AMS activado cada hora como una persona puede tomar sin llegar a ser cualquier enfermo, o se siente peor, o el desarrollo de la diarrea.<\/span><\/p>\n<p><span style=\"color: #000000;\"> Hay que hacerlo durante 10 horas al d\u00eda, durante 3 semanas o hasta que est\u00e9 bien.<\/span><\/p>\n<p><span style=\"color: #000000;\">Lo mejor es empezar con s\u00f3lo una gota de una hora y acumular r\u00e1pidamente a tantas gotas como usted puede tomar.<\/span><\/p>\n<p><span style=\"color: #0000ff;\"><a class=\"pdf\" style=\"color: #0000ff;\" href=\"https:\/\/laubeholistic.com\/wp-content\/uploads\/PDF-Protocol-2000-for-Cancer.pdf\">Descargar en INGL\u00c9S<\/a><\/span><\/p>\n<p><span style=\"color: #0000ff;\"><a style=\"color: #0000ff;\" href=\"https:\/\/laubeholistic.com\/wp-content\/uploads\/PDF-ESP-Protocolo-2000-Cancer.pdf\">Descargar en ESPA\u00d1OL<\/a><\/span><\/p>\n<\/div>\n<div class=\"pdfdocument\">\n<h4>&nbsp;<\/h4>\n<h4><span style=\"color: #000000;\"><strong>Protocolo para el Cuidado de la Piel&nbsp;<\/strong><\/span><\/h4>\n<p><span style=\"color: #000000;\">El uso de AMS en la piel puede resultar muy eficaz. Destruye casi todos los tipos de trastornos cut\u00e1neos conocidos. El uso de AMS puede ayudar a curar quemaduras y heridas de todo tipo, a menudo en menos de la mitad del tiempo promedio.<\/span><\/p>\n<p><span style=\"color: #0000ff;\"><a class=\"pdf\" style=\"color: #0000ff;\" href=\"https:\/\/laubeholistic.com\/wp-content\/uploads\/PDF-Protocol-for-Skin-Care.pdf\">Descargar en INGL\u00c9S<\/a><\/span><\/p>\n<p><span style=\"color: #0000ff;\"><a style=\"color: #0000ff;\" href=\"https:\/\/laubeholistic.com\/wp-content\/uploads\/PDF-ESP-Protocolo-piel.pdf\">Descargar en ESPA\u00d1OL<\/a><\/span><\/p>\n<\/div>\n<div class=\"pdfdocument\">\n<h4>&nbsp;<\/h4>\n<h4><span style=\"color: #000000;\"><strong>Protocolo para v\u00edctimas de quemaduras<\/strong><\/span><\/h4>\n<p><span style=\"color: #000000;\">Cualquier quemadura debe ser rociado con toda su fuerza NaClO2 (sin \u00e1cido a\u00f1adido) <strong>no se agreg\u00f3 ning\u00fan activador. <\/strong>Usa directamente desde una peque\u00f1a botella de spray. No agregue el activador del todo. Si usted no tiene una botella de spray disponible, aplique NaClO2 directamente sobre la quemadura, asegur\u00e1ndose de que el \u00e1rea se empapa con NaClO2 <strong>; <em>ACTIVADOR<\/em><\/strong>Deje el AMS sobre la quemadura durante un minuto y luego enjuague. Si el dolor persiste o vuelve, repita durante un minuto m\u00e1s asegur\u00e1ndose de que el producto se enjuague de la piel al final del tratamiento.<\/span><\/p>\n<p><span style=\"color: #0000ff;\"><a class=\"pdf\" style=\"color: #0000ff;\" href=\"https:\/\/laubeholistic.com\/wp-content\/uploads\/PDF-Protocol-for-burn-Victims.pdf\" target=\"_blank\" rel=\"noopener noreferrer\">Descargar en INGL\u00c9S<\/a><\/span><\/p>\n<\/div>\n<h4>&nbsp;<\/h4>\n<h4><span style=\"color: #000000;\"><strong>El protocolo sacramental de la vacuna<\/strong><\/span><\/h4>\n<p><a href=\"https:\/\/laubeholistic.com\/wp-content\/uploads\/PDF-Protocol-for-Vaccine.pdf\"><span style=\"color: #0000ff;\">Descargar en INGL\u00c9S<\/span><\/a><\/p>\n<h4>&nbsp;<\/h4>\n<h4 class=\"pdfdocument\"><span style=\"color: #000000;\"><strong>Protocolo para un ba\u00f1o AMS<\/strong><\/span><\/h4>\n<p><span style=\"color: #000000;\">Adem\u00e1s de tomar dosis orales de AMS es posible absorber AMS trav\u00e9s de la piel directamente en el m\u00fasculo subyacente. Mientras que las dosis orales proporcionan gas CL02 principalmente a las c\u00e9lulas rojas de la sangre, AMS que se hunde a trav\u00e9s de la piel proporciona gas CL02 directamente al plasma l\u00edquido de la sangre.<\/span><\/p>\n<p><a class=\"pdf\" href=\"https:\/\/laubeholistic.com\/wp-content\/uploads\/PDF-Protocol-for-a-Bath.pdf\" target=\"_blank\" rel=\"noopener noreferrer\"><span style=\"color: #0000ff;\">Descargar en INGL\u00c9S<\/span><\/a><\/p>\n<p><span style=\"color: #0000ff;\"><a style=\"color: #0000ff;\" href=\"https:\/\/laubeholistic.com\/wp-content\/uploads\/PDF-ESP-Protocolo-Bano.pdf\">Descargar en ESPA\u00d1OL<\/a><\/span><\/p>\n<h4>&nbsp;<\/h4>\n<h4 class=\"pdfdocument\"><span style=\"color: #000000;\"><strong>Pasos del procedimiento del protocolo DMSO<\/strong><\/span><\/h4>\n<p class=\"pdfdocument\"><span style=\"color: #0000ff;\"><a class=\"pdf\" style=\"color: #0000ff;\" href=\"https:\/\/laubeholistic.com\/wp-content\/uploads\/2014\/10\/DMSO-PROTOCOL-Procedure-Steps.pdf\" target=\"_blank\" rel=\"noopener noreferrer\">Descargar en INGL\u00c9S<\/a><\/span><\/p>\n<h4>&nbsp;<\/h4>\n<h4 class=\"pdfdocument\"><span style=\"color: #000000;\"><strong>Protocolo 3000<\/strong><\/span><\/h4>\n<p><span style=\"color: #0000ff;\"><a class=\"pdf\" style=\"color: #0000ff;\" href=\"https:\/\/laubeholistic.com\/wp-content\/uploads\/PDF-Protocol-3000-with-DMSO.pdf\" target=\"_blank\" rel=\"noopener noreferrer\">Descargar en INGL\u00c9S<\/a><\/span><\/p>\n<p><span style=\"color: #0000ff;\"><a style=\"color: #0000ff;\" href=\"https:\/\/laubeholistic.com\/wp-content\/uploads\/PDF-ESP-Protocolo-3000-DMSO.pdf\">Descargar en ESPA\u00d1OL<\/a><\/span><\/p>\n<div class=\"pdfdocument\">\n<h4>&nbsp;<\/h4>\n<h4><span style=\"color: #000000;\"><strong>Protocolo EBOLA<\/strong><\/span><\/h4>\n<p><span style=\"color: #0000ff;\"><a class=\"pdf\" style=\"color: #0000ff;\" href=\"https:\/\/laubeholistic.com\/wp-content\/uploads\/PDF-Protocol-for-Ebola.pdf\" target=\"_blank\" rel=\"noopener noreferrer\">Descargar en INGL\u00c9S<\/a><\/span><\/p>\n<h4>&nbsp;<\/h4>\n<h4><strong><span style=\"color: #000000;\">Protocolo CORONA<\/span><\/strong><\/h4>\n<\/div>\n<p class=\"pdfdocument\"><span style=\"color: #0000ff;\"><a style=\"color: #0000ff;\" href=\"https:\/\/laubeholistic.com\/wp-content\/uploads\/PDF-Protocol-Corona-ENG_ESP.pdf\">D<span style=\"color: #0000ff;\">propia carga en INGL\u00c9S<\/span><\/a><\/span><\/p>\n<p class=\"pdfdocument\"><span style=\"color: #0000ff;\"><a style=\"color: #0000ff;\" href=\"https:\/\/laubeholistic.com\/wp-content\/uploads\/PDF-Protocol-Corona-ENG_ESP.pdf\"><span style=\"color: #0000ff;\">Descargar en ESPA\u00d1OL<\/span><\/a><\/span><\/p>\n<h4>&nbsp;<\/h4>\n<h4><span style=\"color: #000000;\"><strong>Instruciones para preparar la ESSIAC t\u00e9<\/strong><\/span><\/h4>\n<p><span style=\"color: #0000ff;\"><a style=\"color: #0000ff;\" href=\"https:\/\/laubeholistic.com\/wp-content\/uploads\/Essiac-Tea-Instruction-ENG.pdf\">Descargar en INGL\u00c9S<\/a><\/span><\/p>\n<h4>&nbsp;<\/h4>\n<h4><span style=\"color: #000000;\"><strong>Autismo de Andreas Kalcker<\/strong><\/span><\/h4>\n<p><span style=\"color: #0000ff;\"><a style=\"color: #0000ff;\" href=\"https:\/\/laubeholistic.com\/wp-content\/uploads\/Autism_by_Andreas_Kalcker.pdf\">Descargar en INGL\u00c9S<\/a><\/span><\/p>\n<h4>&nbsp;<\/h4>\n<h4><span style=\"color: #000000;\"><strong>CDS Protocolo C (101)<br \/>\n<\/strong><\/span><\/h4>\n<p><span style=\"color: #0000ff;\"><a style=\"color: #0000ff;\" href=\"https:\/\/laubeholistic.com\/wp-content\/uploads\/PDF-Protocol-C-ENG.pdf\">Descargar en INGL\u00c9S<\/a><\/span><\/p>\n<p><a href=\"https:\/\/laubeholistic.com\/wp-content\/uploads\/PDF_CDS_Protocol_C_esp.pdf\"><span style=\"color: #0000ff;\">Descargar en ESPA\u00d1OL<\/span><\/a><\/p>\n<h4>&nbsp;<\/h4>\n<h4><span style=\"color: #000000;\"><strong>CDS Protocolo D: como en Dermatolog\u00eda<\/strong><\/span><\/h4>\n<p><span style=\"color: #0000ff;\"><a style=\"color: #0000ff;\" href=\"https:\/\/laubeholistic.com\/wp-content\/uploads\/PDF-Protocol-D-ENG.pdf\">Descargar en INGL\u00c9S<\/a><\/span><\/p>\n<p><span style=\"color: #0000ff;\"><a style=\"color: #0000ff;\" href=\"https:\/\/laubeholistic.com\/wp-content\/uploads\/PDF-CDS-Protocol-D-ESP.pdf\"><span style=\"color: #0000ff;\">Descargar en ESPA\u00d1OL<\/span><\/a><\/span><\/p>\n<h4>&nbsp;<\/h4>\n<h4><span style=\"color: #000000;\"><strong>CDS Protocolo E: como en Enemas<\/strong><\/span><\/h4>\n<p><span style=\"color: #0000ff;\"><a style=\"color: #0000ff;\" href=\"https:\/\/laubeholistic.com\/wp-content\/uploads\/PDF-Protocol-E-ENG.pdf\">Descargar en INGL\u00c9S<\/a><\/span><\/p>\n<p><span style=\"color: #0000ff;\"><a style=\"color: #0000ff;\" href=\"https:\/\/laubeholistic.com\/wp-content\/uploads\/PDF-CDS-Protocol-E-ESP.pdf\">Descargar en ESPA\u00d1OL<\/a><\/span><\/p>\n<h4>&nbsp;<\/h4>\n<h4><span style=\"color: #000000;\"><strong>Protocolo CDS F: como en Frecuente<br \/>\n<\/strong><\/span><\/h4>\n<p><span style=\"color: #0000ff;\"><a style=\"color: #0000ff;\" href=\"https:\/\/laubeholistic.com\/wp-content\/uploads\/PDF-Protocol-F-ENG.pdf\">Descargar en INGL\u00c9S<\/a><\/span><\/p>\n<p><span style=\"color: #0000ff;\"><a style=\"color: #0000ff;\" href=\"https:\/\/laubeholistic.com\/wp-content\/uploads\/PDF-CDS-Protocol-F-ESP.pdf\">Descargar en ESPA\u00d1OL<\/a><\/span><\/p>\n<h4>&nbsp;<\/h4>\n<h4><span style=\"color: #000000;\"><strong>CDS Protocolo T: como en Terminal<\/strong><\/span><\/h4>\n<p><span style=\"color: #0000ff;\"><a style=\"color: #0000ff;\" href=\"https:\/\/laubeholistic.com\/wp-content\/uploads\/PDF-CDS-Protocol-T.pdf\">Descargar en INGL\u00c9S<\/a><\/span><\/p>\n<p>&nbsp;<\/p>\n<h4><span style=\"color: #000000;\"><strong>CDS Protocolo K: como en Kit con DMSO<\/strong><\/span><\/h4>\n<p><a href=\"https:\/\/laubeholistic.com\/wp-content\/uploads\/PDF-CDS-Protocol-K-eng.pdf\"><span style=\"color: #0000ff;\">Descargar en INGL\u00c9S<\/span><\/a><\/p>\n<h4>&nbsp;<\/h4>\n<h4><strong><span style=\"color: #000000;\">Protocolo CDS P: como en Par\u00e1sitos<\/span><\/strong><\/h4>\n<p><span style=\"color: #0000ff;\"><a style=\"color: #0000ff;\" href=\"https:\/\/laubeholistic.com\/wp-content\/uploads\/PDF-CDS-Protocol-P-eng.pdf\">Descargar en INGL\u00c9S<\/a><\/span><\/p>\n<p>&nbsp;<\/p>","protected":false},"excerpt":{"rendered":"<p>Function &amp; Understanding of AMS What is AMS and how does it work in our body?&nbsp; This booklet will give you an easy-to-follow explanation of the function and understanding of AMS. Download in ENGLISH Descargar en ESPA\u00d1OL &nbsp; Manual Booklet of AMS The AMS Manual Booklet will explain everything you need to know about HOW [&#8230;]\n","protected":false},"author":34,"featured_media":0,"parent":0,"menu_order":0,"comment_status":"closed","ping_status":"closed","template":"","meta":{"ngg_post_thumbnail":0,"footnotes":""},"class_list":["post-26","page","type-page","status-publish","hentry"],"_links":{"self":[{"href":"https:\/\/laubeholistic.com\/es\/wp-json\/wp\/v2\/pages\/26","targetHints":{"allow":["GET"]}}],"collection":[{"href":"https:\/\/laubeholistic.com\/es\/wp-json\/wp\/v2\/pages"}],"about":[{"href":"https:\/\/laubeholistic.com\/es\/wp-json\/wp\/v2\/types\/page"}],"author":[{"embeddable":true,"href":"https:\/\/laubeholistic.com\/es\/wp-json\/wp\/v2\/users\/34"}],"replies":[{"embeddable":true,"href":"https:\/\/laubeholistic.com\/es\/wp-json\/wp\/v2\/comments?post=26"}],"version-history":[{"count":54,"href":"https:\/\/laubeholistic.com\/es\/wp-json\/wp\/v2\/pages\/26\/revisions"}],"predecessor-version":[{"id":7776,"href":"https:\/\/laubeholistic.com\/es\/wp-json\/wp\/v2\/pages\/26\/revisions\/7776"}],"wp:attachment":[{"href":"https:\/\/laubeholistic.com\/es\/wp-json\/wp\/v2\/media?parent=26"}],"curies":[{"name":"wp","href":"https:\/\/api.w.org\/{rel}","templated":true}]}}