{"id":220,"date":"2012-05-11T19:18:26","date_gmt":"2012-05-11T19:18:26","guid":{"rendered":"https:\/\/laubeholistic.com\/?page_id=220"},"modified":"2023-01-12T12:43:48","modified_gmt":"2023-01-12T12:43:48","slug":"terms","status":"publish","type":"page","link":"https:\/\/laubeholistic.com\/es\/terms\/","title":{"rendered":"T\u00e9rminos y condiciones"},"content":{"rendered":"<h1>T\u00e9rminos y condiciones<\/h1>\n<p>Los productos y las afirmaciones hechas sobre productos espec\u00edficos en este sitio o a trav\u00e9s de \u00e9l no han sido evaluados por la Administraci\u00f3n de Alimentos y Medicamentos de EE. UU. y no est\u00e1n destinados a diagnosticar, tratar, curar o prevenir enfermedades. La informaci\u00f3n proporcionada en este sitio tiene fines informativos \u00fanicamente y no pretende sustituir el consejo de su m\u00e9dico u otro profesional de la salud ni ninguna informaci\u00f3n contenida en la etiqueta o el empaque de cualquier producto. No debe utilizar la informaci\u00f3n de este sitio para el diagn\u00f3stico o tratamiento de ning\u00fan problema de salud ni para la prescripci\u00f3n de ning\u00fan medicamento u otro tratamiento. Debes consultar con un profesional de la salud antes de iniciar cualquier dieta, ejercicio o programa de suplementaci\u00f3n, antes de tomar cualquier medicamento, o si tienes o sospechas que puedas tener alg\u00fan problema de salud.<\/p>\n<p><em>Laube Hol\u00edstico<\/em> no brinda consejos m\u00e9dicos, prescribe ni diagnostica enfermedades. Cualquier opini\u00f3n e idea expresada por <em>Laube Hol\u00edstico<\/em> no pretenden ser un sustituto del asesoramiento o servicio m\u00e9dico convencional. Usted acepta que no se incurrir\u00e1 en ninguna responsabilidad ante ninguna persona o entidad con respecto a cualquier p\u00e9rdida, da\u00f1o o lesi\u00f3n causada o presuntamente causada directa o indirectamente por la informaci\u00f3n contenida en este sitio. Si tiene una afecci\u00f3n m\u00e9dica grave, consulte a un profesional de la salud autorizado.<\/p>\n<p>El propietario de este sitio web no es un m\u00e9dico autorizado ni un profesional de la salud y no debe ser considerado ni contactado como tal, y el propietario de este sitio web no proporciona declaraciones de dolencias o enfermedades, ya que es ilegal hacerlo.<\/p>\n<p>Tenga en cuenta tambi\u00e9n; Este sitio web contiene enlaces a otros sitios web operados por terceros. Estos enlaces se proporcionan \u00fanicamente para su comodidad y referencia. El propietario de este sitio web no es responsable del contenido o los productos de ning\u00fan sitio vinculado ni de los enlaces contenidos en los mismos. Los sitios web y v\u00eddeos a los que se enlaza desde <em>Laube Hol\u00edstico<\/em> representan \u00fanicamente las opiniones de sus productores. Los enlaces a estos sitios web y videos se ponen a su disposici\u00f3n como un recurso para su propia investigaci\u00f3n y evaluaci\u00f3n, no como un respaldo.<\/p>\n<p><strong>Politica de reembolso<\/strong><\/p>\n<p>Nuestra p\u00f3liza tiene una vigencia de 30 d\u00edas naturales a partir de la fecha de la compra. Si desea devolver el producto para obtener un reembolso durante este per\u00edodo, puede hacerlo siempre que se hayan cumplido las condiciones siguientes. Tenga en cuenta que si ha transcurrido el per\u00edodo de 30 d\u00edas, lamentablemente no podemos ofrecerle un reembolso.<\/p>\n<p>Requisitos de reembolso<\/p>\n<p>Se deben cumplir los siguientes criterios para calificar para un reembolso:<\/p>\n<p>\u2013 El producto est\u00e1 defectuoso<br \/>\n\u2013 El producto no es como se describe.<br \/>\n\u2013 El producto debe estar sin usar.<br \/>\n\u2013 El producto no debe estar da\u00f1ado<\/p>\n<p>Para garantizar que se hayan cumplido los criterios anteriores, se inspeccionar\u00e1n todas las devoluciones. Si el producto no cumple con los criterios enumerados, nos reservamos el derecho de no emitir un reembolso.<\/p>\n<p>Comprobante de compra<\/p>\n<p>Para completar su reembolso, requerimos un recibo, orden de compra u otra prueba de compra. Tenga en cuenta que sin el comprobante de compra mencionado anteriormente, no emitiremos un reembolso, sino que le proporcionaremos un cr\u00e9dito de la tienda.<\/p>\n<p>Env\u00edo de art\u00edculos<\/p>\n<p>Para devolver un pedido, primero debe contactarnos.<\/p>\n<p>Las devoluciones se pueden enviar por correo a: Calle Benasau 1, local bajo. Usted ser\u00e1 responsable de pagar los gastos de env\u00edo de los art\u00edculos que desee devolver. No reembolsaremos los gastos de env\u00edo que el cliente haya pagado para recibir los productos.<\/p>\n<p>Debe tener cuidado de asegurarse de que los productos est\u00e9n correctamente empaquetados para que no sufran da\u00f1os durante el transporte. Si el producto se encuentra da\u00f1ado o se usa m\u00e1s all\u00e1 de lo necesario para que lo inspeccionemos razonablemente, entonces podemos rechazar un reembolso.<\/p>\n<p>Cont\u00e1ctanos<\/p>\n<p>Si tiene alguna pregunta, inquietud o queja con respecto a esta pol\u00edtica de reembolso, le recomendamos que se comunique con nosotros utilizando los detalles a continuaci\u00f3n:<\/p>\n<p>www.laubeholistic.com<br \/>\ninfo@laubeholistic.com<\/p>\n<p>Este documento fue actualizado por \u00faltima vez el 2 de marzo de 2020.<\/p>","protected":false},"excerpt":{"rendered":"<p>Terms &amp; Conditions The products and the claims made about specific products on or through this site have not been evaluated by the US Food and Drug Administration and are not intended to diagnose, treat, cure or prevent disease. The information provided on this site is for informational purposes only and is not intended as [&#8230;]\n","protected":false},"author":34,"featured_media":0,"parent":0,"menu_order":0,"comment_status":"closed","ping_status":"closed","template":"","meta":{"ngg_post_thumbnail":0,"footnotes":""},"class_list":["post-220","page","type-page","status-publish","hentry"],"_links":{"self":[{"href":"https:\/\/laubeholistic.com\/es\/wp-json\/wp\/v2\/pages\/220","targetHints":{"allow":["GET"]}}],"collection":[{"href":"https:\/\/laubeholistic.com\/es\/wp-json\/wp\/v2\/pages"}],"about":[{"href":"https:\/\/laubeholistic.com\/es\/wp-json\/wp\/v2\/types\/page"}],"author":[{"embeddable":true,"href":"https:\/\/laubeholistic.com\/es\/wp-json\/wp\/v2\/users\/34"}],"replies":[{"embeddable":true,"href":"https:\/\/laubeholistic.com\/es\/wp-json\/wp\/v2\/comments?post=220"}],"version-history":[{"count":5,"href":"https:\/\/laubeholistic.com\/es\/wp-json\/wp\/v2\/pages\/220\/revisions"}],"predecessor-version":[{"id":11873,"href":"https:\/\/laubeholistic.com\/es\/wp-json\/wp\/v2\/pages\/220\/revisions\/11873"}],"wp:attachment":[{"href":"https:\/\/laubeholistic.com\/es\/wp-json\/wp\/v2\/media?parent=220"}],"curies":[{"name":"wp","href":"https:\/\/api.w.org\/{rel}","templated":true}]}}