{"id":207,"date":"2014-09-15T14:37:32","date_gmt":"2012-05-11T18:52:30","guid":{"rendered":"https:\/\/laubeholistic.com\/?page_id=207"},"modified":"2022-04-05T12:13:58","modified_gmt":"2022-04-05T12:13:58","slug":"immune-system","status":"publish","type":"page","link":"https:\/\/laubeholistic.com\/es\/immune-system\/","title":{"rendered":"T\u00fa Sistema Inmunol\u00f3gico"},"content":{"rendered":"<p>&nbsp;<\/p>\n<p><img loading=\"lazy\" decoding=\"async\" class=\"alignleft size-full wp-image-208\" title=\"Sistema inmunitario\" src=\"https:\/\/laubeholistic.com\/wp-content\/uploads\/2012\/05\/immunesystem.jpg\" alt=\"Immune System\" width=\"248\" height=\"168\" srcset=\"https:\/\/laubeholistic.com\/wp-content\/uploads\/2012\/05\/immunesystem.jpg 248w, https:\/\/laubeholistic.com\/wp-content\/uploads\/2012\/05\/immunesystem-247x168.jpg 247w\" sizes=\"auto, (max-width: 248px) 100vw, 248px\" \/>Imagine que su sistema inmunol\u00f3gico es un caballero con una gran espada. Todos los d\u00edas \u00e9l est\u00e1 a cargo de proteger tu cuerpo de intrusos y enemigos no deseados como monstruos y dragones. <strong><em>(Virus, bacterias, infecciones y todos los dem\u00e1s pat\u00f3genos anaer\u00f3bicos)<\/em><\/strong> . Siempre hace lo mejor que puede, pero a veces lucha con ciertos enemigos a los que no puede derrotar de inmediato o, a veces, nunca lo har\u00e1, ya que son demasiado poderosos.<\/p>\n<p>Si esto sucede tu cuerpo se enferma.<br \/>\n<img loading=\"lazy\" decoding=\"async\" class=\"alignleft size-full wp-image-209\" title=\"El sistema inmunol\u00f3gico como una m\u00e1quina\" src=\"https:\/\/laubeholistic.com\/wp-content\/uploads\/2012\/05\/immunesystem1.jpg\" alt=\"Immune System As A Machine\" width=\"248\" height=\"168\" srcset=\"https:\/\/laubeholistic.com\/wp-content\/uploads\/2012\/05\/immunesystem1.jpg 248w, https:\/\/laubeholistic.com\/wp-content\/uploads\/2012\/05\/immunesystem1-247x168.jpg 247w\" sizes=\"auto, (max-width: 248px) 100vw, 248px\" \/>Si ahora usas AMS, lo que suceder\u00e1 es que apoyar\u00e1s a nuestro Caballero e intercambiar\u00e1s su gran espada por una segunda arma, m\u00e1s efectiva y m\u00e1s fuerte, una gran ametralladora pesada.<br \/>\nUsando esta ametralladora m\u00e1s efectiva, nuestro Caballero ahora es capaz de derrotar a los enemigos con los que sol\u00eda tener problemas de manera muy f\u00e1cil y r\u00e1pida. Tu Caballero ahora es capaz de vencer todos los problemas, dolores y enfermedades que tienes en tu cuerpo.<br \/>\nAMS es un arma pesada que ayudar\u00e1 a tu Caballero a vencer enfermedades, dolencias y todo tipo de infecciones. \u00a1Lo que resultar\u00e1 es que su cuerpo se recuperar\u00e1 nuevamente a medida que la enfermedad o dolencia desaparezca!<\/p>","protected":false},"excerpt":{"rendered":"<p>&nbsp; Imagine your Immune System is a Knight with a big Sword . Everyday he is in charge of the protecting of your body from any unwanted intruders and enemies like Monsters and Dragons (Viruses, Bacteria, infections and all other anaerobic Pathogens) . He always does his best, but sometimes he struggles with certain enemies [&#8230;]\n","protected":false},"author":34,"featured_media":0,"parent":0,"menu_order":0,"comment_status":"closed","ping_status":"closed","template":"","meta":{"ngg_post_thumbnail":0,"footnotes":""},"class_list":["post-207","page","type-page","status-publish","hentry"],"_links":{"self":[{"href":"https:\/\/laubeholistic.com\/es\/wp-json\/wp\/v2\/pages\/207","targetHints":{"allow":["GET"]}}],"collection":[{"href":"https:\/\/laubeholistic.com\/es\/wp-json\/wp\/v2\/pages"}],"about":[{"href":"https:\/\/laubeholistic.com\/es\/wp-json\/wp\/v2\/types\/page"}],"author":[{"embeddable":true,"href":"https:\/\/laubeholistic.com\/es\/wp-json\/wp\/v2\/users\/34"}],"replies":[{"embeddable":true,"href":"https:\/\/laubeholistic.com\/es\/wp-json\/wp\/v2\/comments?post=207"}],"version-history":[{"count":1,"href":"https:\/\/laubeholistic.com\/es\/wp-json\/wp\/v2\/pages\/207\/revisions"}],"predecessor-version":[{"id":10245,"href":"https:\/\/laubeholistic.com\/es\/wp-json\/wp\/v2\/pages\/207\/revisions\/10245"}],"wp:attachment":[{"href":"https:\/\/laubeholistic.com\/es\/wp-json\/wp\/v2\/media?parent=207"}],"curies":[{"name":"wp","href":"https:\/\/api.w.org\/{rel}","templated":true}]}}