{"id":203,"date":"2014-09-15T14:34:41","date_gmt":"2012-05-11T18:41:02","guid":{"rendered":"https:\/\/laubeholistic.com\/?page_id=203"},"modified":"2015-08-04T10:30:42","modified_gmt":"2015-08-04T10:30:42","slug":"interview","status":"publish","type":"page","link":"https:\/\/laubeholistic.com\/es\/interview\/","title":{"rendered":"Entrevista"},"content":{"rendered":"<p>En esta entrevista Matthew habla con Tobias Laube. Tobias es un investigador y educador de la salud que se top\u00f3 con un mineral milagroso que Jim Humble ha utilizado con \u00e9xito para curar a personas de todo el mundo de enfermedades como el c\u00e1ncer, el sida, la malaria y muchas m\u00e1s. Conozca la historia que las compa\u00f1\u00edas farmac\u00e9uticas han estado tratando de mantener en silencio.<\/p>\n<p>Le recomendamos encarecidamente que vea la entrevista completa; si no tiene tiempo para verla toda, simplemente use la opci\u00f3n Puntos de relevancia que se encuentra a continuaci\u00f3n y mire solo unos minutos de lo que le interese.<\/p>\n<p><iframe loading=\"lazy\" width=\"1020\" height=\"574\" src=\"https:\/\/www.youtube.com\/embed\/qTek19trEYk?feature=oembed\" frameborder=\"0\" allowfullscreen><\/iframe><\/p>\n<p><strong>Puntos de relevancia<\/strong><\/p>\n<ul>\n<li><a href=\"#\"><strong>Introducci\u00f3n<\/strong><\/a>\u2013 00:00 minutos<\/li>\n<li><a href=\"#\"><strong>Soluci\u00f3n mineral activada \u2013 Di\u00f3xido de cloro<\/strong><\/a> (02:10)<\/li>\n<li><a href=\"#\"><strong>\u00bfQui\u00e9n es Jim humilde?<\/strong><\/a>\u2013 04:30min<\/li>\n<li><a href=\"#\"><strong>\u00bfQu\u00e9 puede hacer AMS y qu\u00e9 no?<\/strong><\/a>\u2013 15:48min<\/li>\n<li><a href=\"#\"><strong>\u00bfC\u00f3mo funciona AMS?<\/strong><\/a>\u2013 18:55min<\/li>\n<li><a href=\"#\"><strong>Nuestras primeras experiencias con esta soluci\u00f3n<\/strong><\/a>\u2013 24:30min<\/li>\n<li><a href=\"#\"><strong>\u00bfPor qu\u00e9 beber un qu\u00edmico?<\/strong><\/a>\u2013 31:05min<\/li>\n<li><a href=\"#\"><strong>\u00bfHay alg\u00fan efecto secundario?<\/strong><\/a>\u2013 35:43min<\/li>\n<li><a href=\"#\"><strong>\u00c9xito con un tumor de est\u00f3mago en un perro<\/strong><\/a>\u2013 41:00min<\/li>\n<li><a href=\"#\"><strong>Para lo que se puede y no se puede usar \u2013 <em><span style=\"text-decoration: underline;\">El campo de aplicaci\u00f3n<\/span>\u2013 <\/em><\/strong><\/a>45:00min<\/li>\n<li><a href=\"#\"><strong>VIH y SIDA<\/strong><\/a>\u2013 55:50min<\/li>\n<li><a href=\"#\"><strong>Tomando el mineral<\/strong><\/a>\u2013 1:06:40 minutos<\/li>\n<li><a href=\"#\"><strong>El sorprendente DMSO<\/strong><\/a>\u2013 1:13:25 minutos<\/li>\n<li><a href=\"#\"><strong>Qu\u00e9 estamos haciendo<\/strong><\/a> \u2013 1:22:45 minutos<\/li>\n<li><a href=\"#\"><strong>Si est\u00e1s enfermo o no...<\/strong><\/a>\u2013 1:24:55 minutos<\/li>\n<li><a href=\"#\"><strong>La cura para cualquier quemaz\u00f3n.<\/strong><\/a>\u2013 1:26:55 minutos<\/li>\n<\/ul>","protected":false},"excerpt":{"rendered":"<p>In this interview Matthew Speaks with Tobias Laube. Tobias is a health researcher and educator who stumbled upon a miraculous mineral that has been successfully used by Jim Humble to heal people all over the world from diseases such as Cancer, Aids, Malaria and many more. Learn the story that the pharmaceutical companies have been [&#8230;]\n","protected":false},"author":34,"featured_media":0,"parent":0,"menu_order":0,"comment_status":"closed","ping_status":"closed","template":"","meta":{"ngg_post_thumbnail":0,"footnotes":""},"class_list":["post-203","page","type-page","status-publish","hentry"],"_links":{"self":[{"href":"https:\/\/laubeholistic.com\/es\/wp-json\/wp\/v2\/pages\/203","targetHints":{"allow":["GET"]}}],"collection":[{"href":"https:\/\/laubeholistic.com\/es\/wp-json\/wp\/v2\/pages"}],"about":[{"href":"https:\/\/laubeholistic.com\/es\/wp-json\/wp\/v2\/types\/page"}],"author":[{"embeddable":true,"href":"https:\/\/laubeholistic.com\/es\/wp-json\/wp\/v2\/users\/34"}],"replies":[{"embeddable":true,"href":"https:\/\/laubeholistic.com\/es\/wp-json\/wp\/v2\/comments?post=203"}],"version-history":[{"count":2,"href":"https:\/\/laubeholistic.com\/es\/wp-json\/wp\/v2\/pages\/203\/revisions"}],"predecessor-version":[{"id":1731,"href":"https:\/\/laubeholistic.com\/es\/wp-json\/wp\/v2\/pages\/203\/revisions\/1731"}],"wp:attachment":[{"href":"https:\/\/laubeholistic.com\/es\/wp-json\/wp\/v2\/media?parent=203"}],"curies":[{"name":"wp","href":"https:\/\/api.w.org\/{rel}","templated":true}]}}