{"id":20,"date":"2014-09-15T14:10:21","date_gmt":"2012-04-18T13:17:02","guid":{"rendered":"http:\/\/www.harmonikdesign.com\/activatedmineralsolution\/?page_id=12"},"modified":"2022-04-05T11:55:39","modified_gmt":"2022-04-05T11:55:39","slug":"preparation-application-storage","status":"publish","type":"page","link":"https:\/\/laubeholistic.com\/es\/preparation-application-storage\/","title":{"rendered":"Preparaci\u00f3n, aplicaci\u00f3n y almacenamiento"},"content":{"rendered":"<p>Requisitos para la preparaci\u00f3n y aplicaci\u00f3n.<\/p>\n<ul>\n<li>25% Soluci\u00f3n de clorito s\u00f3dico \/ NaClO2 (frasco pipeta)<\/li>\n<li>4% \u00c1cido clorh\u00eddrico \u2013 HCL \/<em> ACTIVADOR<\/em> (frasco de pipeta)<\/li>\n<li>Un vaso limpio y seco.<\/li>\n<li>Un reloj (cron\u00f3metro, cron\u00f3metro, etc.)<\/li>\n<\/ul>\n<p>Agua o zumo de manzana, ar\u00e1ndano, uva o pi\u00f1a. <span style=\"text-decoration: underline;\"><strong>sin adicional <\/strong><\/span><span style=\"text-decoration: underline;\"><strong>Vitamina<\/strong><\/span><span style=\"text-decoration: underline;\"><strong> C.<\/strong><\/span><\/p>\n<p>&nbsp;La mezcla de NaClO2 y el Activador siempre se prepara en una proporci\u00f3n de <strong>1:1<\/strong><\/p>\n<p lang=\"en-US\">(1 gota NaClO2 \u2013 1 gota <em>ACTIVADOR<\/em>).<\/p>\n<p>Agregue la cantidad requerida de <em>ACTIVADOR<\/em> primero en un vaso limpio y seco, una gota a la vez. Luego agregue la cantidad requerida de NaCIO2 al activador y, usando un cron\u00f3metro o reloj, espere los 30 segundos requeridos para que ocurra la reacci\u00f3n. Durante este per\u00edodo de espera debes agitar un poco el vaso para asegurarte de que los componentes est\u00e9n bien mezclados. Una vez transcurridos los 30 segundos, llene el vaso hasta la mitad con agua o un jugo de fruta de su elecci\u00f3n, asegur\u00e1ndose de que el jugo no contenga vitamina C adicional. Esto debe estar visible en el cart\u00f3n de jugo. (La vitamina C a\u00f1adida tambi\u00e9n se llama <strong>\u00e1cido asc\u00f3rbico<\/strong>)<\/p>\n<p lang=\"en-US\" align=\"CENTER\"><span style=\"text-decoration: underline;\">-Los zumos de frutas, especialmente el de manzana, neutralizan el sabor del di\u00f3xido de cloro- <\/span><\/p>\n<p lang=\"en-US\">Seg\u00fan la experiencia, s\u00f3lo el zumo reci\u00e9n exprimido no contiene vitamina C adicional.<\/p>\n<h4>Almacenamiento<\/h4>\n<p lang=\"en-US\">Para el correcto almacenamiento de la soluci\u00f3n de Clorito de sodio por favor tenga en cuenta lo siguiente:<\/p>\n<p lang=\"en-US\">La soluci\u00f3n de clorito de sodio (NaClO2) 25%, que se suministrar\u00e1 en botellas te\u00f1idas duraderas, debe guardarse en un lugar fresco y oscuro, como un armario. Se recomienda envolver las botellas en papel de aluminio para asegurar una mayor protecci\u00f3n de la luz. La luz destruye el clorito de sodio. Mantener fuera del alcance de los ni\u00f1os.<\/p>\n<p lang=\"en-US\"><strong>Precauci\u00f3n: Cualquier soluci\u00f3n de clorito de sodio derramada que entre en contacto con la piel o las superficies debe lavarse inmediatamente. No lo dejes secar. \u00a1El polvo blanco que queda despu\u00e9s de la evaporaci\u00f3n del l\u00edquido es muy inflamable!<\/strong><\/p>\n<h4>Otros consejos<\/h4>\n<p>\u2022 AMS no <strong>NO <\/strong>causar alto <strong>presi\u00f3n arterial.<\/strong><\/p>\n<p>Si <strong>presi\u00f3n arterial baja <\/strong>aparece, se debe beber un vaso de jugo de manzana, ar\u00e1ndano, uva o pi\u00f1a antes y despu\u00e9s de beber AMS.<\/p>\n<p lang=\"en-US\">Importante: beba \u00fanicamente jugo sin vitamina C adicional.<\/p>\n<p>\u2022 AMS no tiene ning\u00fan efecto sobre la <strong>nivel de yodo<\/strong>.<br \/>\n\u2022 AMS puede causar da\u00f1os temporales <strong>taquicardia<\/strong>, esto es cuando las v\u00e1lvulas del coraz\u00f3n se ven afectadas por bacterias que est\u00e1n siendo destruidas. Si es necesario disminuir la dosis de AMS.<br \/>\n\u2022 Como un <strong>paso de apoyo, <\/strong>puedes comer dos manzanas despu\u00e9s de beber AMS. Estos ayudan a absorber los productos de desecho y excretarlos.<br \/>\n\u2022 AMS y vitamina C, o cualquier otro alimento\/bebida adicional que contenga vitamina C adicional, no deben tomarse el mismo d\u00eda, ya que anulan el efecto del otro.<br \/>\n\u2022 La vitamina C adicional tambi\u00e9n se llama <span style=\"text-decoration: underline;\">\u00e1cido asc\u00f3rbico<\/span>.<\/p>","protected":false},"excerpt":{"rendered":"<p>Requirements for the preparation and application 25% sodium Chlorite solution \/ NaClO2 (pipette bottle) 4% Hydrochloric Acid &#8211; HCL \/ Activator (pipette bottle) A clean and dry drinking glass A watch (stopwatch, egg timer, etc.) Water or a apple-, cranberry-, grape- or pineapple juice without additional Vitamin C. &nbsp;The mixture of NaClO2 and the Activator [&#8230;]\n","protected":false},"author":34,"featured_media":0,"parent":0,"menu_order":0,"comment_status":"closed","ping_status":"closed","template":"","meta":{"ngg_post_thumbnail":0,"footnotes":""},"class_list":["post-20","page","type-page","status-publish","hentry"],"_links":{"self":[{"href":"https:\/\/laubeholistic.com\/es\/wp-json\/wp\/v2\/pages\/20","targetHints":{"allow":["GET"]}}],"collection":[{"href":"https:\/\/laubeholistic.com\/es\/wp-json\/wp\/v2\/pages"}],"about":[{"href":"https:\/\/laubeholistic.com\/es\/wp-json\/wp\/v2\/types\/page"}],"author":[{"embeddable":true,"href":"https:\/\/laubeholistic.com\/es\/wp-json\/wp\/v2\/users\/34"}],"replies":[{"embeddable":true,"href":"https:\/\/laubeholistic.com\/es\/wp-json\/wp\/v2\/comments?post=20"}],"version-history":[{"count":2,"href":"https:\/\/laubeholistic.com\/es\/wp-json\/wp\/v2\/pages\/20\/revisions"}],"predecessor-version":[{"id":4308,"href":"https:\/\/laubeholistic.com\/es\/wp-json\/wp\/v2\/pages\/20\/revisions\/4308"}],"wp:attachment":[{"href":"https:\/\/laubeholistic.com\/es\/wp-json\/wp\/v2\/media?parent=20"}],"curies":[{"name":"wp","href":"https:\/\/api.w.org\/{rel}","templated":true}]}}