{"id":199,"date":"2014-09-15T14:28:53","date_gmt":"2012-05-11T18:38:12","guid":{"rendered":"https:\/\/laubeholistic.com\/?page_id=199"},"modified":"2022-03-02T08:19:40","modified_gmt":"2022-03-02T08:19:40","slug":"ams-advice","status":"publish","type":"page","link":"https:\/\/laubeholistic.com\/es\/ams-advice\/","title":{"rendered":"Aviso"},"content":{"rendered":"<ul>\n<li>El AMS NO causa presi\u00f3n arterial alta. Si aparece presi\u00f3n arterial baja, debe beber un vaso de jugo de manzana, ar\u00e1ndano, uva o pi\u00f1a antes y despu\u00e9s de beber AMS. Importante: beba \u00fanicamente jugo sin vitamina C adicional.<\/li>\n<li>AMS no tiene ning\u00fan efecto sobre el nivel de yodo.<\/li>\n<li>El AMS puede causar taquicardia temporal, esto es cuando las v\u00e1lvulas card\u00edacas se ven afectadas por bacterias que est\u00e1n siendo destruidas. Si es necesario disminuir la dosis de AMS.<\/li>\n<li>Como paso de apoyo, puedes comer dos manzanas despu\u00e9s de beber AMS. Estos ayudan a absorber los productos de desecho y excretarlos.<\/li>\n<li>AMS y vitamina C, o cualquier otro alimento\/bebida adicional que contenga vitamina C adicional, no deben tomarse el mismo d\u00eda, ya que anulan el efecto del otro.<\/li>\n<li>La vitamina C adicional tambi\u00e9n se llama <span style=\"text-decoration: underline;\"><strong>\u00e1cido asc\u00f3rbico<\/strong><\/span>.<\/li>\n<\/ul>","protected":false},"excerpt":{"rendered":"<p>AMS does NOT cause high blood pressure. If low blood pressure appears, you should drink a glass of apple-, cranberry-, grape- or pineapple juice before and after drinking AMS. Important: only drink juice without additional Vitamin C. AMS has no effect on the iodine level. AMS can cause temporary tachycardia, this is when the heart [&#8230;]\n","protected":false},"author":34,"featured_media":0,"parent":0,"menu_order":0,"comment_status":"closed","ping_status":"closed","template":"","meta":{"ngg_post_thumbnail":0,"footnotes":""},"class_list":["post-199","page","type-page","status-publish","hentry"],"_links":{"self":[{"href":"https:\/\/laubeholistic.com\/es\/wp-json\/wp\/v2\/pages\/199","targetHints":{"allow":["GET"]}}],"collection":[{"href":"https:\/\/laubeholistic.com\/es\/wp-json\/wp\/v2\/pages"}],"about":[{"href":"https:\/\/laubeholistic.com\/es\/wp-json\/wp\/v2\/types\/page"}],"author":[{"embeddable":true,"href":"https:\/\/laubeholistic.com\/es\/wp-json\/wp\/v2\/users\/34"}],"replies":[{"embeddable":true,"href":"https:\/\/laubeholistic.com\/es\/wp-json\/wp\/v2\/comments?post=199"}],"version-history":[{"count":1,"href":"https:\/\/laubeholistic.com\/es\/wp-json\/wp\/v2\/pages\/199\/revisions"}],"predecessor-version":[{"id":9766,"href":"https:\/\/laubeholistic.com\/es\/wp-json\/wp\/v2\/pages\/199\/revisions\/9766"}],"wp:attachment":[{"href":"https:\/\/laubeholistic.com\/es\/wp-json\/wp\/v2\/media?parent=199"}],"curies":[{"name":"wp","href":"https:\/\/api.w.org\/{rel}","templated":true}]}}