{"id":194,"date":"2014-09-15T14:37:12","date_gmt":"2012-05-11T18:34:47","guid":{"rendered":"https:\/\/laubeholistic.com\/?page_id=194"},"modified":"2022-03-02T08:16:43","modified_gmt":"2022-03-02T08:16:43","slug":"anaerobic-pathogens","status":"publish","type":"page","link":"https:\/\/laubeholistic.com\/es\/anaerobic-pathogens\/","title":{"rendered":"Pat\u00f3genos Anaer\u00f3bicos"},"content":{"rendered":"<p><em>Anaer\u00f3bico es un t\u00e9rmino para describir criaturas\/animales y procesos respiratorios que no necesitan ox\u00edgeno elemental (O2) para sobrevivir. Los pat\u00f3genos anaer\u00f3bicos son la causa de casi todas las enfermedades.<\/em><\/p>\n<p><strong><span style=\"text-decoration: underline;\">Virus<\/span><br \/>\n<\/strong>Los virus mueren mediante un mecanismo diferente al de las bacterias y todos los dem\u00e1s microorganismos: el AMS impide la formaci\u00f3n de prote\u00ednas especiales necesarias para el crecimiento viral, provocando as\u00ed la destrucci\u00f3n del virus. La eliminaci\u00f3n de los organismos que causan enfermedades suele tardar entre 4 horas y 4 semanas, pero a menudo menos de una semana. Esto es v\u00e1lido para todas las formas de infecci\u00f3n y otros microorganismos, as\u00ed como para enfermedades de la sangre como la leucemia.<\/p>\n<p><strong><span style=\"text-decoration: underline;\">Metales pesados oxidados<\/span><br \/>\n<\/strong>AMS oxida los metales pesados del cuerpo. Creo esto porque se han realizado una serie de pruebas en las que se comprobaron las ra\u00edces del cabello de una persona antes y despu\u00e9s de tomar AMS. Aproximadamente dos semanas despu\u00e9s, los metales pesados desaparecieron, incluidos el mercurio, el plomo y otros. Probar las ra\u00edces del cabello es una buena indicaci\u00f3n de la ausencia o presencia de metales pesados. La oxidaci\u00f3n de metales pesados no es lo mismo que la quelaci\u00f3n, pero los resultados son los mismos. Cuando un metal pesado es <span style=\"text-decoration: underline;\">oxidado<\/span>, se neutraliza y simplemente se elimina del cuerpo.<\/p>\n<p><strong><span style=\"text-decoration: underline;\">Materia extra\u00f1a neutralizada<\/span><br \/>\n<\/strong>El AMS se transporta por todo el cuerpo, donde neutraliza las materias extra\u00f1as que generalmente son venenosas. Cuando se oxidan, los venenos se neutralizan y simplemente se eliminan del cuerpo. Casi todo el material venenoso se oxida f\u00e1cilmente. Estos venenos se adhieren en varios lugares y dificultan el funcionamiento del cuerpo. A medida que se oxidan, se desprenden y se eliminan del cuerpo al igual que los metales pesados.<\/p>\n<p><strong><span style=\"text-decoration: underline;\">Venenos neutralizados<\/span><br \/>\n<\/strong>La mayor\u00eda de las formas de venenos de serpientes y otros animales venenosos se oxidan cuando se toman cantidades adecuadas de AMS. La mayor\u00eda de los venenos alimentarios que se encuentran en los restaurantes o en el refrigerador est\u00e1n oxidados, por lo que se debe tomar una dosis cada 15 minutos cuando se trata de veneno de serpientes o intoxicaci\u00f3n alimentaria.<\/p>\n<p><strong><span style=\"text-decoration: underline;\">Quemaduras curadas<\/span><br \/>\n<\/strong>Los venenos generados por las quemaduras, especialmente las de tipo 3, se neutralizan cuando se cubren inmediatamente (o incluso a las pocas horas) con NaClO2.<\/p>\n<p>No se debe dejar NaClO2 en una quemadura durante m\u00e1s de 5 minutos. Despu\u00e9s se debe enjuagar con agua. Pero mientras haya dolor, se puede seguir poniendo NaClO2 sobre la quemadura durante per\u00edodos cortos, pero nunca m\u00e1s de 5 minutos.<\/p>","protected":false},"excerpt":{"rendered":"<p>Anaerobic is a term to describe creatures \/animals and breathing processes who do not need elementary oxygen (O2) to survive. Anearobic Pathogens are the cause of almost every disease. Viruses Viruses are killed by a different mechanism than bacteria and all the other microorganisms: AMS prevents the formation of special proteins necessary for viral growth, [&#8230;]\n","protected":false},"author":34,"featured_media":0,"parent":0,"menu_order":0,"comment_status":"closed","ping_status":"closed","template":"","meta":{"ngg_post_thumbnail":0,"footnotes":""},"class_list":["post-194","page","type-page","status-publish","hentry"],"_links":{"self":[{"href":"https:\/\/laubeholistic.com\/es\/wp-json\/wp\/v2\/pages\/194","targetHints":{"allow":["GET"]}}],"collection":[{"href":"https:\/\/laubeholistic.com\/es\/wp-json\/wp\/v2\/pages"}],"about":[{"href":"https:\/\/laubeholistic.com\/es\/wp-json\/wp\/v2\/types\/page"}],"author":[{"embeddable":true,"href":"https:\/\/laubeholistic.com\/es\/wp-json\/wp\/v2\/users\/34"}],"replies":[{"embeddable":true,"href":"https:\/\/laubeholistic.com\/es\/wp-json\/wp\/v2\/comments?post=194"}],"version-history":[{"count":1,"href":"https:\/\/laubeholistic.com\/es\/wp-json\/wp\/v2\/pages\/194\/revisions"}],"predecessor-version":[{"id":9765,"href":"https:\/\/laubeholistic.com\/es\/wp-json\/wp\/v2\/pages\/194\/revisions\/9765"}],"wp:attachment":[{"href":"https:\/\/laubeholistic.com\/es\/wp-json\/wp\/v2\/media?parent=194"}],"curies":[{"name":"wp","href":"https:\/\/api.w.org\/{rel}","templated":true}]}}