{"id":19,"date":"2014-09-08T12:12:33","date_gmt":"2014-09-08T12:12:33","guid":{"rendered":"http:\/\/www.harmonikdesign.com\/activatedmineralsolution\/?page_id=10"},"modified":"2022-04-05T09:26:00","modified_gmt":"2022-04-05T09:26:00","slug":"ams-explained","status":"publish","type":"page","link":"https:\/\/laubeholistic.com\/es\/ams-explained\/","title":{"rendered":"Informaci\u00f3n"},"content":{"rendered":"<p style=\"font-size: 18px; font-weight: bold; text-align: center;\"><span style=\"text-decoration: underline;\"><strong>\u2013 Salva tu Vida y lo de tus amigos y parientes \u2013<\/strong><\/span><\/p>\n<blockquote>\n<p lang=\"en-US\" align=\"CENTER\"><em>La Medicina moderna se ha obstinado a tratar sintomas en lugar de buscar a la Causa \u2013 pues caundo encontren\/encontrarian la causa, ellos pueden solucionar la problema.<\/em><\/p>\n<p lang=\"en-US\" align=\"CENTER\"><em>Pero cuando solucionan la problema, no pueden vender mas medicamentos para esto.<\/em><\/p>\n<p lang=\"en-US\" align=\"CENTER\"><em>Que triste en realidad, pero todo se gira en torno al dinero en este sentido.<\/em><\/p>\n<\/blockquote>\n<p><strong>Por m\u00e1s de 100 a\u00f1os el di\u00f3xido de cloro se utiliza en la industria para la esterilizaci\u00f3n del agua, del equipo en hospitales y la desinfecci\u00f3n del pollo y de la carne de vaca as\u00ed como otros alimentos. <\/strong><span style=\"text-decoration: underline;\"><strong>dioxido de cloro<\/strong><\/span><strong> se utiliza en la industria para esterilizar agua, equipos en hospitales y para desinfectar pollo y vacuno, as\u00ed como otros alimentos.<\/strong><\/p>\n<p lang=\"en-US\">Para comprender AMS uno debe entender el di\u00f3xido de cloro ya que es el que se produce y realiza el trabajo en el cuerpo<\/p>\n<p lang=\"en-US\">El di\u00f3xido de cloro es un qu\u00edmico poderoso y tiene muchos usos. Es un oxidante, pero no con el ox\u00edgeno. El di\u00f3xido de cloro explota cuando se encuentra en ciertas condiciones qu\u00edmicas y en otras es neutral. Es selctivo. \u00bfQu\u00e9 queremos decir cuando decimos que explota? Bien, una explos\u00edon es meramente una reacc\u00edon qu\u00edmica r\u00e1pida, principalmente oxidac\u00edon la cual libera energ\u00eda.<\/p>\n<p>Usted ven en la f\u00f3rmula, ClO2, que hay dos iones de ox\u00edgeno. \u00bfEntonces por qu\u00e9 no libera esos dos iones para que el cuerpo pueda utilizarlos? Es porque ellos tienen una carga de menos 2. Ellos ya han hecho la ox\u00eddacion antes de llegar a esta condici\u00f3n. Ellos no pueden oxidar m\u00e1s. Pero el cloro s\u00ed puede. Cuando el di\u00f3xido de cloro toca a <strong>un pat\u00f3geno o un t\u00f3xico<\/strong> de naturaleza \u00e1cida, acepta cuatro electrones inmediatamente. Destruye caulquier cosa que pueda donarle electrones, generando calor al mismo tiempo. (esta reacci\u00f3n se llama oxidaci\u00f3n a\u00fan cuando el ox\u00eddeno no es parte de ella).<\/p>\n<p lang=\"en-US\">Cuando el ox\u00edgeno no es capaz de oxidar simplemente no puede hacer el trabajo en el cuerpo que se requiere que haga el ox\u00edgeno. Entonces lo que el clorito de sodio realmente hace para nosotros es que proporciona di\u00f3xido de cloro, un qu\u00edmico que es selectivo para destruir a casi todas las cosas malas que puedan existir en el cuerpo. Cada diminuto i\u00f3n de di\u00f3xido de cloro tiene tremendo poder para destruir esas cosas de las cuales puede obtener electrones, pero no tiene sufciente poder para obtener electrones de c\u00e9lulas sanas o bacterias aer\u00f3bicas.<\/p>\n<p lang=\"en-US\">El di\u00f3xido de cloro no dura para siempre. Tiene demasiada energ\u00eda concerntrada en un \u00e1rea peque\u00f1a. Empieza a perder algo de su energ\u00eda en unos minutos en el cuerpo. Cuando ha perdido algo de su energ\u00eda y ya no es explosivo (incapaz de oxidar), puede combinarse con otras substancias.<\/p>\n<p>Existe evidencia de que ayuda a formar mieloperoxidasa, un qu\u00edmico que el cuerpo utiliza para hacer \u00e1cido hipocloroso que permite al sistema inmunol\u00f3gico, posteriormente, matar pat\u00f3genos, c\u00e9lulas malignas y otras cosas. El di\u00f3xido de cloro es el \u00fanico qu\u00edmico conocido que tiene esas cualidades y que puede hacer estas cosas en el cuerpo <strong>sin efectos secundarios.<\/strong><\/p>\n<h4 lang=\"en-US\" style=\"text-align: left;\" align=\"CENTER\"><strong>Indicio: <\/strong><\/h4>\n<h2 lang=\"en-US\" style=\"font-size: 16px;\"><strong>AMS no es un Medicamento, pero un  Preparado Mineral que tiene un efecto como un refrescante del sistema inmunologico completo, de suerte que el sistema inmunol\u00f3gico va a ser confortado multiple a la lucha de Enfermedades, Patogenos y\/o  Heridas.<\/strong><\/h2>\n<p style=\"font-size: 16px;\"><strong>*<span style=\"text-decoration: underline;\">* con aerobio se nombra ser vivos que necesitan oxigeno elementario (O2) para vivir<\/span> es un t\u00e9rmino para describir criaturas\/animales que necesitan ox\u00edgeno elemental (O2) para sobrevivir.<\/strong><\/p>\n<p style=\"font-size: 16px;\"><strong>*<span style=\"text-decoration: underline;\">anaer\u00f3bico <\/span>* con anaerobio se nombra ser vivos o procesos respirados que no necesitan Oxigeno elementario (O2) para vivir<\/strong><\/p>","protected":false},"excerpt":{"rendered":"<p>&#8211; Save your life or that of your loved ones &#8211; The Modern Medicine persists on fighting symptoms instead of searching for the Cause &#8211; because when they would find the Cause, they could resolve the problem. But when they resolve the Problem, they cannot sell any pharmaceutical against that any more. What a pity, [&#8230;]\n","protected":false},"author":34,"featured_media":0,"parent":0,"menu_order":0,"comment_status":"closed","ping_status":"closed","template":"","meta":{"ngg_post_thumbnail":0,"footnotes":""},"class_list":["post-19","page","type-page","status-publish","hentry"],"_links":{"self":[{"href":"https:\/\/laubeholistic.com\/es\/wp-json\/wp\/v2\/pages\/19","targetHints":{"allow":["GET"]}}],"collection":[{"href":"https:\/\/laubeholistic.com\/es\/wp-json\/wp\/v2\/pages"}],"about":[{"href":"https:\/\/laubeholistic.com\/es\/wp-json\/wp\/v2\/types\/page"}],"author":[{"embeddable":true,"href":"https:\/\/laubeholistic.com\/es\/wp-json\/wp\/v2\/users\/34"}],"replies":[{"embeddable":true,"href":"https:\/\/laubeholistic.com\/es\/wp-json\/wp\/v2\/comments?post=19"}],"version-history":[{"count":3,"href":"https:\/\/laubeholistic.com\/es\/wp-json\/wp\/v2\/pages\/19\/revisions"}],"predecessor-version":[{"id":10225,"href":"https:\/\/laubeholistic.com\/es\/wp-json\/wp\/v2\/pages\/19\/revisions\/10225"}],"wp:attachment":[{"href":"https:\/\/laubeholistic.com\/es\/wp-json\/wp\/v2\/media?parent=19"}],"curies":[{"name":"wp","href":"https:\/\/api.w.org\/{rel}","templated":true}]}}