{"id":1651,"date":"2021-02-23T19:50:45","date_gmt":"2021-02-23T19:50:45","guid":{"rendered":"https:\/\/laubeholistic.com\/?page_id=1651"},"modified":"2022-04-05T12:04:12","modified_gmt":"2022-04-05T12:04:12","slug":"privacy-policy","status":"publish","type":"page","link":"https:\/\/laubeholistic.com\/es\/privacy-policy\/","title":{"rendered":"Pol\u00edtica de privacidad"},"content":{"rendered":"<p>Esta Pol\u00edtica de Privacidad rige la manera en que The Laube Holistic Health Solutions recopila, utiliza, mantiene y divulga informaci\u00f3n recopilada de los usuarios (cada uno, un &quot;Usuario&quot;) del <a href=\"https:\/\/9bf3efcf4b.nxcli.net\" target=\"_blank\" rel=\"noopener\">https:\/\/www.laubeholistic.com<\/a> sitio web (\u201cSitio\u201d). Esta pol\u00edtica de privacidad se aplica al Sitio y a todos los productos y servicios ofrecidos por The Laube Holistic Health Solutions.<\/p>\n<h3>Informaci\u00f3n de identificaci\u00f3n personal<\/h3>\n<p>Podemos recopilar informaci\u00f3n de identificaci\u00f3n personal de los Usuarios de diversas maneras, incluidas, entre otras, cuando los Usuarios visitan nuestro sitio, realizan un pedido, completan un formulario, responden a una encuesta y en conexi\u00f3n con otras actividades, servicios, caracter\u00edsticas o recursos que ponemos a disposici\u00f3n en nuestro Sitio. Es posible que se solicite a los usuarios, seg\u00fan corresponda, nombre, direcci\u00f3n de correo electr\u00f3nico, direcci\u00f3n postal y n\u00famero de tel\u00e9fono. Sin embargo, los usuarios pueden visitar nuestro Sitio de forma an\u00f3nima. Recopilaremos informaci\u00f3n de identificaci\u00f3n personal de los Usuarios solo si nos env\u00edan voluntariamente dicha informaci\u00f3n. Los usuarios siempre pueden negarse a proporcionar informaci\u00f3n de identificaci\u00f3n personal, excepto que pueda impedirles participar en ciertas actividades relacionadas con el Sitio.<\/p>\n<h3>Informaci\u00f3n de identificaci\u00f3n no personal<\/h3>\n<p>Podemos recopilar informaci\u00f3n de identificaci\u00f3n no personal sobre los Usuarios cada vez que interact\u00faan con nuestro Sitio. La informaci\u00f3n de identificaci\u00f3n no personal puede incluir el nombre del navegador, el tipo de computadora e informaci\u00f3n t\u00e9cnica sobre los medios de conexi\u00f3n de los Usuarios a nuestro Sitio, como el sistema operativo y los proveedores de servicios de Internet utilizados y otra informaci\u00f3n similar.<\/p>\n<h3>Cookies del navegador web<\/h3>\n<p>Nuestro Sitio puede utilizar &quot;cookies&quot; para mejorar la experiencia del Usuario. El navegador web del usuario coloca cookies en su disco duro con fines de mantenimiento de registros y, a veces, para rastrear informaci\u00f3n sobre ellos. El usuario puede optar por configurar su navegador web para que rechace las cookies o para que le avise cuando se env\u00eden cookies. Si lo hacen, tenga en cuenta que es posible que algunas partes del Sitio no funcionen correctamente.<\/p>\n<h3>C\u00f3mo utilizamos la informaci\u00f3n recopilada<\/h3>\n<p>Laube Holistic Health Solutions puede recopilar y utilizar informaci\u00f3n personal de los Usuarios para los siguientes fines:<\/p>\n<ul>\n<li><i>Para ejecutar y operar nuestro Sitio<\/i><br \/>\nEs posible que necesitemos que su informaci\u00f3n muestre el contenido del Sitio correctamente.<\/li>\n<li><i>Para mejorar el servicio al cliente<\/i><br \/>\nLa informaci\u00f3n que usted proporciona nos ayuda a responder a sus solicitudes de servicio al cliente y necesidades de soporte de manera m\u00e1s eficiente.<\/li>\n<li><i>Para personalizar la experiencia del usuario<\/i><br \/>\nPodemos utilizar informaci\u00f3n en conjunto para comprender c\u00f3mo nuestros Usuarios como grupo utilizan los servicios y recursos proporcionados en nuestro Sitio.<\/li>\n<li><i>Para mejorar nuestro sitio<\/i><br \/>\nPodemos utilizar los comentarios que nos proporcione para mejorar nuestros productos y servicios.<\/li>\n<li><i>Para procesar pagos<\/i><br \/>\nPodemos utilizar la informaci\u00f3n que los Usuarios proporcionan sobre s\u00ed mismos al realizar un pedido \u00fanicamente para brindar servicio a ese pedido. No compartimos esta informaci\u00f3n con terceros excepto en la medida necesaria para proporcionar el servicio.<\/li>\n<li><i>Para ejecutar una promoci\u00f3n, concurso, encuesta u otra caracter\u00edstica del Sitio<\/i><br \/>\nPara enviar a los Usuarios informaci\u00f3n que aceptaron recibir sobre temas que creemos que ser\u00e1n de su inter\u00e9s.<\/li>\n<li><i>Para enviar correos electr\u00f3nicos peri\u00f3dicos<\/i><br \/>\nPodemos utilizar la direcci\u00f3n de correo electr\u00f3nico para enviar informaci\u00f3n al Usuario y actualizaciones relacionadas con su pedido. Tambi\u00e9n podr\u00e1 utilizarse para responder a sus consultas, preguntas y\/u otras solicitudes.<\/li>\n<\/ul>\n<h3>C\u00f3mo protegemos su informaci\u00f3n<\/h3>\n<p>Adoptamos pr\u00e1cticas apropiadas de recopilaci\u00f3n, almacenamiento y procesamiento de datos y medidas de seguridad para proteger contra el acceso no autorizado, alteraci\u00f3n, divulgaci\u00f3n o destrucci\u00f3n de su informaci\u00f3n personal, nombre de usuario, contrase\u00f1a, informaci\u00f3n de transacciones y datos almacenados en nuestro Sitio.<\/p>\n<h3>Compartir su informaci\u00f3n personal<\/h3>\n<p>No vendemos, intercambiamos ni alquilamos informaci\u00f3n de identificaci\u00f3n personal de los Usuarios a otros. Podemos compartir informaci\u00f3n demogr\u00e1fica agregada gen\u00e9rica no vinculada a ninguna informaci\u00f3n de identificaci\u00f3n personal sobre visitantes y usuarios con nuestros socios comerciales, afiliados confiables y anunciantes para los fines descritos anteriormente. Podemos utilizar proveedores de servicios externos para ayudarnos a operar nuestro negocio y el Sitio o administrar actividades en nuestro nombre, como enviar boletines informativos o encuestas. Podemos compartir su informaci\u00f3n con estos terceros para esos fines limitados siempre que nos haya dado su permiso.<\/p>\n<h3>boletines electr\u00f3nicos<\/h3>\n<p>Si el Usuario decide suscribirse a nuestra lista de correo, recibir\u00e1 correos electr\u00f3nicos que pueden incluir noticias de la empresa, actualizaciones, informaci\u00f3n de productos o servicios relacionados, etc. Podemos utilizar proveedores de servicios externos para ayudarnos a operar nuestro negocio y el Sitio o administrar actividades en nuestro nombre, como el env\u00edo de boletines o encuestas. Podemos compartir su informaci\u00f3n con estos terceros para esos fines limitados siempre que nos haya dado su permiso.<\/p>\n<h3>Cambios en esta pol\u00edtica de privacidad<\/h3>\n<p>Laube Holistic Health Solutions tiene la discreci\u00f3n de actualizar esta pol\u00edtica de privacidad en cualquier momento. Cuando lo hagamos, publicaremos una notificaci\u00f3n en la p\u00e1gina principal de nuestro Sitio. Alentamos a los usuarios a que consulten con frecuencia esta p\u00e1gina en busca de cambios para mantenerse informados sobre c\u00f3mo estamos ayudando a proteger la informaci\u00f3n personal que recopilamos. Usted reconoce y acepta que es su responsabilidad revisar esta pol\u00edtica de privacidad peri\u00f3dicamente y tomar conocimiento de sus modificaciones.<\/p>\n<h3>Su aceptaci\u00f3n de estos t\u00e9rminos<\/h3>\n<p>Al utilizar este Sitio, usted manifiesta su aceptaci\u00f3n de esta pol\u00edtica. Si no est\u00e1 de acuerdo con esta pol\u00edtica, no utilice nuestro Sitio. Su uso continuado del Sitio despu\u00e9s de la publicaci\u00f3n de cambios a esta pol\u00edtica se considerar\u00e1 su aceptaci\u00f3n de dichos cambios.<\/p>\n<h3>Cont\u00e1ctanos<\/h3>\n<p>Si tiene alguna pregunta sobre esta Pol\u00edtica de Privacidad, las pr\u00e1cticas de este sitio o sus relaciones con este sitio, comun\u00edquese con nosotros.<\/p>\n<p>Este documento fue actualizado por \u00faltima vez el 8 de junio de 2015.<\/p>","protected":false},"excerpt":{"rendered":"<p>This Privacy Policy governs the manner in which The Laube Holistic Health Solutions collects, uses, maintains and discloses information collected from users (each, a &#8220;User&#8221;) of the https:\/\/www.laubeholistic.com website (&#8220;Site&#8221;). This privacy policy applies to the Site and all products and services offered by The Laube Holistic Health Solutions. Personal identification information We may collect [&#8230;]\n","protected":false},"author":34,"featured_media":0,"parent":0,"menu_order":0,"comment_status":"open","ping_status":"closed","template":"","meta":{"ngg_post_thumbnail":0,"footnotes":""},"class_list":["post-1651","page","type-page","status-publish","hentry"],"_links":{"self":[{"href":"https:\/\/laubeholistic.com\/es\/wp-json\/wp\/v2\/pages\/1651","targetHints":{"allow":["GET"]}}],"collection":[{"href":"https:\/\/laubeholistic.com\/es\/wp-json\/wp\/v2\/pages"}],"about":[{"href":"https:\/\/laubeholistic.com\/es\/wp-json\/wp\/v2\/types\/page"}],"author":[{"embeddable":true,"href":"https:\/\/laubeholistic.com\/es\/wp-json\/wp\/v2\/users\/34"}],"replies":[{"embeddable":true,"href":"https:\/\/laubeholistic.com\/es\/wp-json\/wp\/v2\/comments?post=1651"}],"version-history":[{"count":2,"href":"https:\/\/laubeholistic.com\/es\/wp-json\/wp\/v2\/pages\/1651\/revisions"}],"predecessor-version":[{"id":10239,"href":"https:\/\/laubeholistic.com\/es\/wp-json\/wp\/v2\/pages\/1651\/revisions\/10239"}],"wp:attachment":[{"href":"https:\/\/laubeholistic.com\/es\/wp-json\/wp\/v2\/media?parent=1651"}],"curies":[{"name":"wp","href":"https:\/\/api.w.org\/{rel}","templated":true}]}}