{"id":133,"date":"2014-09-08T13:04:43","date_gmt":"2012-04-21T12:46:46","guid":{"rendered":"https:\/\/laubeholistic.com\/?page_id=133"},"modified":"2022-04-05T09:05:37","modified_gmt":"2022-04-05T09:05:37","slug":"dmso-dimethyl-sulfoxide","status":"publish","type":"page","link":"https:\/\/laubeholistic.com\/es\/dmso-dimethyl-sulfoxide\/","title":{"rendered":"DMSO \u2013 Hace desaparecer el dolor"},"content":{"rendered":"<p><img loading=\"lazy\" decoding=\"async\" class=\"size-medium wp-image-5683 alignleft\" src=\"https:\/\/laubeholistic.com\/wp-content\/uploads\/DMSO-bottle-120ml-300x255.jpg\" alt=\"DMSO\" width=\"300\" height=\"255\"><\/p>\n<h2 style=\"text-align: center;\"><span style=\"font-size: large;\"><span style=\"text-decoration: underline;\"><strong>&nbsp;La RESPUESTA al alivio del dolor&nbsp; <\/strong><\/span><\/span><\/h2>\n<hr>\n<hr>\n<p lang=\"en-GB\" style=\"text-align: center;\" align=\"CENTER\"><strong><span style=\"font-family: Batang,\ubc14\ud0d5,serif;\"><span style=\"font-size: large;\">Dimetilsulf\u00f3xido<\/span><\/span><\/strong><\/p>\n<h2 lang=\"en-GB\" style=\"text-align: center;\"><span style=\"font-family: NSimSun,monospace; color: #008000;\">-Sanador de naturalezas-<\/span><\/h2>\n<p style=\"text-align: center;\" align=\"JUSTIFY\"><span style=\"color: #000000;\">hace dolor <span style=\"text-decoration: underline;\"><strong>desaparecer<\/strong><\/span> solo por contacto sin esperar a que las pastillas funcionen.<\/span><\/p>\n<table border=\"0\" width=\"239\">\n<tbody>\n<tr>\n<td style=\"text-align: center;\">&nbsp;&nbsp;&nbsp; <p class=\"product woocommerce add_to_cart_inline\" style=\"border:4px solid #ccc; padding: 12px;\"><ins class=\"highlight\"><span class=\"woocommerce-Price-amount amount\"><bdi><span class=\"woocommerce-Price-currencySymbol\">\u20ac<\/span>7.00<\/bdi><\/span><\/ins><a href=\"https:\/\/laubeholistic.com\/es\/shop\/dmso-dimethyl-sulfoxide-99\/\" aria-describedby=\"woocommerce_loop_add_to_cart_link_describedby_55\" data-quantity=\"1\" class=\"button product_type_variable add_to_cart_button\" data-product_id=\"55\" data-product_sku=\"DMSO\" aria-label=\"Elige las opciones para \u201cDMSO - Dimethyl Sulfoxide\u201d\" rel=\"nofollow\" data-no-translation=\"\" data-trp-gettext=\"\" data-no-translation-aria-label=\"\">Seleccionar opciones<\/a>\t<span id=\"woocommerce_loop_add_to_cart_link_describedby_55\" class=\"screen-reader-text\">\n\t\tEste producto tiene m\u00faltiples variantes. Las opciones se pueden elegir en la p\u00e1gina de producto\t<\/span>\n<\/p><\/td>\n<\/tr>\n<\/tbody>\n<\/table>\n<p lang=\"en-GB\">&nbsp;<\/p>\n<p lang=\"en-GB\" style=\"text-align: left;\"><span style=\"color: #000000;\">\u00a1Solo frot\u00e1ndolo! En el caso de un <span style=\"font-size: small;\"><strong>m\u00fasculo estirado<\/strong>, <strong>moretones, dolores<\/strong> en <em>articulaciones<\/em>, <em><strong>ligamentos<\/strong><\/em> y <em>huesos<\/em>.<\/span><\/span><\/p>\n<p><span style=\"color: #000000;\"><strong>DMSO<\/strong> (Dimetilsulf\u00f3xido) demostr\u00f3 ser un disolvente y transportador casi perfecto.<\/span><\/p>\n<h2 style=\"text-align: center;\"><span style=\"color: #000000;\">Frote el dolor <span style=\"text-decoration: underline;\">contacto<\/span><\/span><\/h2>\n<p><span style=\"color: #000000;\"><strong>DMSO<\/strong> evita su tracto digestivo y aborda su dolor en el <span style=\"text-decoration: underline;\">Fuente<\/span>.<\/span><\/p>\n<p lang=\"en-GB\"><span style=\"color: #000000;\">Repleto de billones de mol\u00e9culas org\u00e1nicas complejas, todas trabajando juntas en una elegante sinergia.<\/span><\/p>\n<h3 lang=\"en-GB\" align=\"CENTER\">&nbsp;<span style=\"color: #008000;\"><strong>Con DMSO se acabaron estos Dolores en Hombros, Espalda y Articulaciones <\/strong>!<\/span><\/h3>\n<p lang=\"en-GB\" align=\"CENTER\"><span style=\"font-size: large;\"><span style=\"text-decoration: underline;\"><strong>\u00a1Hay que sentirlo para creerlo!<\/strong><\/span><\/span><\/p>\n<p lang=\"en-GB\" style=\"text-align: center;\" align=\"CENTER\"><img loading=\"lazy\" decoding=\"async\" class=\"size-medium wp-image-1300 alignnone\" src=\"https:\/\/laubeholistic.com\/wp-content\/uploads\/2014\/10\/schmerzen-cross-through-300x118.png\" alt=\"schmerzen cross through\" width=\"300\" height=\"118\" srcset=\"https:\/\/laubeholistic.com\/wp-content\/uploads\/2014\/10\/schmerzen-cross-through-300x118.png 300w, https:\/\/laubeholistic.com\/wp-content\/uploads\/2014\/10\/schmerzen-cross-through-510x201.png 510w, https:\/\/laubeholistic.com\/wp-content\/uploads\/2014\/10\/schmerzen-cross-through-1024x403.png 1024w, https:\/\/laubeholistic.com\/wp-content\/uploads\/2014\/10\/schmerzen-cross-through.png 1416w\" sizes=\"auto, (max-width: 300px) 100vw, 300px\" \/><\/p>\n<p lang=\"en-GB\" style=\"font-size: 16px; text-align: left;\" align=\"CENTER\"><span style=\"text-decoration: underline; font-size: 24pt; font-family: arial, helvetica, sans-serif; color: #000000;\"><strong>\u00bfQu\u00e9 es exactamente el DMSO?<\/strong><\/span><\/p>\n<p><span style=\"color: #000000;\"><strong>DMSO es una sustancia portadora muy conocida y utilizada ampliamente por los m\u00e9dicos desde 1955 como una forma de transportar medicamentos directamente a la piel.<\/strong><\/span><\/p>\n<ol>\n<li style=\"text-align: left;\"><span style=\"color: #000000;\">Antiinflamatorio<\/span><\/li>\n<li style=\"text-align: left;\"><span style=\"color: #000000;\">descongestionante<\/span><\/li>\n<li style=\"text-align: left;\"><span style=\"color: #000000;\">vasodilatador<\/span><\/li>\n<li style=\"text-align: left;\"><span style=\"color: #000000;\">Eficaz en la uni\u00f3n de radicales t\u00f3xicos.<\/span><\/li>\n<\/ol>\n<table style=\"top: 1239px; left: 10px; width: 421px; height: 32px;\" border=\"0\" width=\"303\">\n<tbody>\n<tr>\n<td style=\"text-align: center;\"><p class=\"product woocommerce add_to_cart_inline\" style=\"border:4px solid #ccc; padding: 12px;\"><ins class=\"highlight\"><span class=\"woocommerce-Price-amount amount\"><bdi><span class=\"woocommerce-Price-currencySymbol\">\u20ac<\/span>7.00<\/bdi><\/span><\/ins><a href=\"https:\/\/laubeholistic.com\/es\/shop\/dmso-dimethyl-sulfoxide-99\/\" aria-describedby=\"woocommerce_loop_add_to_cart_link_describedby_55\" data-quantity=\"1\" class=\"button product_type_variable add_to_cart_button\" data-product_id=\"55\" data-product_sku=\"DMSO\" aria-label=\"Elige las opciones para \u201cDMSO - Dimethyl Sulfoxide\u201d\" rel=\"nofollow\" data-no-translation=\"\" data-trp-gettext=\"\" data-no-translation-aria-label=\"\">Seleccionar opciones<\/a>\t<span id=\"woocommerce_loop_add_to_cart_link_describedby_55\" class=\"screen-reader-text\">\n\t\tEste producto tiene m\u00faltiples variantes. Las opciones se pueden elegir en la p\u00e1gina de producto\t<\/span>\n<\/p><\/td>\n<\/tr>\n<\/tbody>\n<\/table>\n<p>&nbsp;<\/p>\n<p><span style=\"color: #000000;\">si eres un <strong>Deportista<\/strong><\/span>, <img loading=\"lazy\" decoding=\"async\" class=\"wp-image-7564 alignright\" src=\"https:\/\/laubeholistic.com\/wp-content\/uploads\/Collage-sport-injury-3-1.jpg\" alt=\"\" width=\"240\" height=\"180\"><\/p>\n<p><span style=\"color: #000000;\">profesional o hobby,<\/span><\/p>\n<p><span style=\"color: #000000;\">pueden ocurrir lesiones<\/span><\/p>\n<p><span style=\"color: #000000;\">durante la pr\u00e1ctica o en el<\/span><\/p>\n<p><span style=\"color: #000000;\">juego<\/span>.<\/p>\n<p>&nbsp;<\/p>\n<p><span style=\"color: #000000;\">Si usted es <strong>hacer ejercicio<\/strong>,<\/span> <a href=\"https:\/\/laubeholistic.com\/wp-content\/uploads\/Collage-excercise-injury-2.jpg\"><img loading=\"lazy\" decoding=\"async\" class=\"size-medium wp-image-1872 alignright\" src=\"https:\/\/laubeholistic.com\/wp-content\/uploads\/Collage-excercise-injury-2-300x300.jpg\" alt=\"excercise injuries\" width=\"244\" height=\"244\" srcset=\"https:\/\/laubeholistic.com\/wp-content\/uploads\/Collage-excercise-injury-2-300x300.jpg 300w, https:\/\/laubeholistic.com\/wp-content\/uploads\/Collage-excercise-injury-2-510x510.jpg 510w, https:\/\/laubeholistic.com\/wp-content\/uploads\/Collage-excercise-injury-2-100x100.jpg 100w, https:\/\/laubeholistic.com\/wp-content\/uploads\/Collage-excercise-injury-2-150x150.jpg 150w, https:\/\/laubeholistic.com\/wp-content\/uploads\/Collage-excercise-injury-2.jpg 556w\" sizes=\"auto, (max-width: 244px) 100vw, 244px\" \/><\/a><\/p>\n<p><span style=\"color: #000000;\">resistencia, peso,<\/span><\/p>\n<p><span style=\"color: #000000;\">flexibilidad o artes marciales.<\/span><\/p>\n<p>&nbsp;<\/p>\n<p>&nbsp;<\/p>\n<p>&nbsp;<\/p>\n<p>&nbsp;<\/p>\n<p><span style=\"color: #000000;\">Si sufres de enfermedades como <a style=\"color: #000000;\" href=\"https:\/\/laubeholistic.com\/wp-content\/uploads\/Collage-illness-2.jpg\"><img loading=\"lazy\" decoding=\"async\" class=\"wp-image-1873 alignright\" src=\"https:\/\/laubeholistic.com\/wp-content\/uploads\/Collage-illness-2-300x300.jpg\" alt=\"illnesses pains\" width=\"243\" height=\"243\" srcset=\"https:\/\/laubeholistic.com\/wp-content\/uploads\/Collage-illness-2-300x300.jpg 300w, https:\/\/laubeholistic.com\/wp-content\/uploads\/Collage-illness-2-510x510.jpg 510w, https:\/\/laubeholistic.com\/wp-content\/uploads\/Collage-illness-2-100x100.jpg 100w, https:\/\/laubeholistic.com\/wp-content\/uploads\/Collage-illness-2-150x150.jpg 150w, https:\/\/laubeholistic.com\/wp-content\/uploads\/Collage-illness-2.jpg 640w\" sizes=\"auto, (max-width: 243px) 100vw, 243px\" \/><\/a><\/span><\/p>\n<p><span style=\"color: #000000;\">Artritis, tendinitis, bursitis,<\/span><\/p>\n<p><span style=\"color: #000000;\">Inflamaciones en el cuerpo,<\/span><\/p>\n<p><span style=\"color: #000000;\">Dolor en las articulaciones, Condiciones que<\/span><\/p>\n<p><span style=\"color: #000000;\">hacerte sentir como un esclavo de<\/span><\/p>\n<p><span style=\"color: #000000;\">medicamento.<\/span><\/p>\n<p>&nbsp;<\/p>\n<h2 style=\"text-align: center;\"><strong><span style=\"color: #000000;\">\u00a1DMSO es lo que necesitas! No porque reemplace los productos farmac\u00e9uticos dependientes sino porque dilata y relaja el tejido para <span style=\"text-decoration: underline;\">resolver<\/span> un problema para siempre.<\/span><br \/>\n<\/strong><\/h2>\n<p style=\"text-align: center;\"><p class=\"product woocommerce add_to_cart_inline\" style=\"border:4px solid #ccc; padding: 12px;\"><ins class=\"highlight\"><span class=\"woocommerce-Price-amount amount\"><bdi><span class=\"woocommerce-Price-currencySymbol\">\u20ac<\/span>7.00<\/bdi><\/span><\/ins><a href=\"https:\/\/laubeholistic.com\/es\/shop\/dmso-dimethyl-sulfoxide-99\/\" aria-describedby=\"woocommerce_loop_add_to_cart_link_describedby_55\" data-quantity=\"1\" class=\"button product_type_variable add_to_cart_button\" data-product_id=\"55\" data-product_sku=\"DMSO\" aria-label=\"Elige las opciones para \u201cDMSO - Dimethyl Sulfoxide\u201d\" rel=\"nofollow\" data-no-translation=\"\" data-trp-gettext=\"\" data-no-translation-aria-label=\"\">Seleccionar opciones<\/a>\t<span id=\"woocommerce_loop_add_to_cart_link_describedby_55\" class=\"screen-reader-text\">\n\t\tEste producto tiene m\u00faltiples variantes. Las opciones se pueden elegir en la p\u00e1gina de producto\t<\/span>\n<\/p>\n<p><span style=\"text-decoration: underline;\"><strong>Dimetilsulf\u00f3xido (DMSO)<\/strong><\/span> acaba de celebrar su 140 cumplea\u00f1os en el a\u00f1o 2006.<br \/>\nEn el a\u00f1o 1866, la sustancia con la f\u00f3rmula qu\u00edmica (CH3)2SO fue sintetizada por primera vez por el cient\u00edfico ruso Alexander Saytzeff, quien hizo p\u00fablico su descubrimiento en una revista de qu\u00edmica alemana. Pero s\u00f3lo unos cien a\u00f1os despu\u00e9s se reconoci\u00f3 el uso terap\u00e9utico de esta sustancia. Actualmente, el Dr. Stanley Jacob de la Universidad de Ciencias de la Salud de Oreg\u00f3n estaba buscando un agente conservante adecuado para los \u00f3rganos destinados a trasplantes, cuando un d\u00eda descubri\u00f3 que este l\u00edquido transparente, podrido y con ligero olor a ajo penetra en la piel de forma muy r\u00e1pida y profunda. Jacob comenz\u00f3 a experimentar y pronto descubri\u00f3 que parec\u00eda estar tratando con un ingrediente activo multiuso.<\/p>\n<p>El ancho de banda terap\u00e9utico del DMSO es muy amplio. Esta sustancia neutraliza, por ejemplo, los radicales hidroxilo, uno de los grupos de c\u00e9lulas que m\u00e1s frecuentemente da\u00f1an los radicales libres.<br \/>\nEl DMSO se une a los radicales hidroxilo y crea un complejo qu\u00edmico que puede ser excretado por los ri\u00f1ones. La Sustancia tambi\u00e9n se une de esta manera a otros radicales libres.<\/p>\n<p>Adem\u00e1s, el DMSO aumenta la permeabilidad de las membranas celulares y, por lo tanto, facilita que la c\u00e9lula se libere de los t\u00f3xicos. Incluso las reacciones al\u00e9rgicas pueden suavizarse con DMSO, que alivia nuevamente el sistema inmunol\u00f3gico. DMSO adem\u00e1s muestra efecto sobre la esclerodermia, quemaduras, inflamaci\u00f3n y dolor, artritis y artritis reumatoide, infecciones de los senos paranasales, cistitis intersticial, herpes y culebrilla, esclerosis m\u00faltiple, lupus sist\u00e9mico (LES), sarcoidosis, tiroiditis, colitis ulcerosa, lepra, c\u00e1ncer y otras condiciones de enfermedad.<\/p>\n<h4>DMSO contra Dolores, Inflamaciones y para cicatrizaci\u00f3n de heridas.<\/h4>\n<p>MUCHO apunta hacia el segundo.<br \/>\nEl Dr. Richard D. Brobyn del Centro M\u00e9dico en Bainbridge Island, Washington, escribe:<\/p>\n<blockquote><p><em>\u201cEl DMSO es uno de los productos farmac\u00e9uticos m\u00e1s investigados pero a\u00fan menos comprendido de nuestro tiempo. En todo el mundo se han publicado aproximadamente 11.000 art\u00edculos cient\u00edficos sobre aplicaciones m\u00e9dicas y m\u00e1s de 40.000 art\u00edculos sobre propiedades qu\u00edmicas. En 125 pa\u00edses como EE.UU., Canad\u00e1, Gran Breta\u00f1a, Alemania, Jap\u00f3n y otros, los m\u00e9dicos est\u00e1n describiendo indicaciones de aplicaci\u00f3n contra, por ejemplo, dolores, inflamaciones, esclerodermia y artritis, as\u00ed como contra otras enfermedades.<\/em><\/p><\/blockquote>\n<p>Bajo las propiedades farmacol\u00f3gicas del DMSO, el Dr. Brobyn afirma: Penetraci\u00f3n de membranas biol\u00f3gicas y transporte de otras mol\u00e9culas a trav\u00e9s de estas membranas, antiinflamatorio, bloqueo temporal de los nervios conductores del dolor, inhibici\u00f3n del crecimiento de bacterias, efecto drenante, fortalecimiento de ciertos medicamentos. , restricci\u00f3n de colinesterasa, aumento inespec\u00edfico de la resistencia contra infecciones, vasodilataci\u00f3n, relajaci\u00f3n muscular, aumento de la funci\u00f3n celular, restricci\u00f3n de la aglutinaci\u00f3n a trav\u00e9s de las placas sangu\u00edneas, propiedades protectoras del tejido biol\u00f3gico contra la radiaci\u00f3n o las heladas, as\u00ed como protecci\u00f3n de los tejidos en caso de alteraci\u00f3n del flujo sangu\u00edneo.<\/p>\n<p><img loading=\"lazy\" decoding=\"async\" class=\"aligncenter size-full wp-image-147\" title=\"DMSO para aliviar las lesiones deportivas\" src=\"https:\/\/laubeholistic.com\/wp-content\/uploads\/2012\/04\/dmso_sports_injurys.jpg\" alt=\"DMSO to relieve sports injurys\" width=\"600\" height=\"215\" srcset=\"https:\/\/laubeholistic.com\/wp-content\/uploads\/2012\/04\/dmso_sports_injurys.jpg 600w, https:\/\/laubeholistic.com\/wp-content\/uploads\/2012\/04\/dmso_sports_injurys-510x183.jpg 510w, https:\/\/laubeholistic.com\/wp-content\/uploads\/2012\/04\/dmso_sports_injurys-300x107.jpg 300w\" sizes=\"auto, (max-width: 600px) 100vw, 600px\" \/><\/p>\n<p>Brobyn escribe sobre una eficacia especial en relaci\u00f3n con las inflamaciones. Aqu\u00ed la propiedad antioxidante del DMSO se muestra beneficiosa: funciona como \u201c<em>interceptor radical<\/em>\u201den el centro de la inflamaci\u00f3n, por as\u00ed decirlo. Despu\u00e9s de la aspirina, escribe Brodyn: \u201c<em>DMSO fue el primer f\u00e1rmaco antiinflamatorio no esteroideo que pod\u00eda administrarse incluso por v\u00eda intravenosa.<\/em>&quot; Y m\u00e1s:<\/p>\n<blockquote><p><em>&quot;PAG. Gorog et al. Ya en 1968 demostraron que se produc\u00eda un efecto antiinflamatorio en ratas que padec\u00edan poliartritis cr\u00f3nica inducida. El DMSO aplicado exteriormente en las articulaciones mostr\u00f3 un potente antiinflamatorio. Estos autores describieron posteriormente efectos similares con 70% DMSO sobre la dermatitis de contacto, el eccema al\u00e9rgico y la calcificaci\u00f3n inducida de la piel de ratas. Todas estas inflamaciones experimentales estaban siendo significativamente reprimidas\u201d.<\/em><\/p><\/blockquote>\n<p>Tambi\u00e9n el ex pod\u00f3logo estadounidense Dr. Morton Walker, que actualmente trabaja como periodista m\u00e9dico y autor, anuncia un gran n\u00famero de propiedades sanitarias positivas del DMSO en su libro \u201cDMSO- Natures Healer\u201d. Entre ellos se encuentran los efectos antiinflamatorios, vasodilatadores, bacteriost\u00e1ticos, fungist\u00e1ticos y virost\u00e1ticos, la eliminaci\u00f3n de los estados dolorosos, la uni\u00f3n de los radicales libres, la estimulaci\u00f3n del sistema inmunol\u00f3gico y la mejora de la cicatrizaci\u00f3n de heridas. S\u00ed, incluso parece proteger contra la radiaci\u00f3n de rayos X.<br \/>\nAdem\u00e1s, Walker se\u00f1ala c\u00f3mo el DMSO, a trav\u00e9s de sus propiedades, penetra las membranas celulares para aplicar diversos productos farmac\u00e9uticos, por ejemplo, penicilina y cortisona.<\/p>\n<p>El DMSO tambi\u00e9n tiene efecto contra las bacterias, ya que limita directamente su crecimiento o lo hace sensible a otros medicamentos, lo que reduce su resistencia. Brobyn se refiere, entre otros, a un estudio que comenz\u00f3 mucho antes del descubrimiento del DMSO por parte de Jacobs:<br \/>\n\u201cH. Basch et al. De 1953 a 1968 se describi\u00f3 un efecto inhibidor distintivo de una multiplicidad de bacterias y hongos en concentraciones del 30 al 50 por ciento. En una concentraci\u00f3n del 80 por ciento, varios virus se vuelven inactivos: virus de ARN: influenza A, influenza A2, virus de la enfermedad de Newcastle, virus del bosque de Semliki y virus de ADN.<\/p>\n<p>Tambi\u00e9n se han logrado buenos \u00e9xitos en la reducci\u00f3n del tejido cicatricial y en el tratamiento de enfermedades reum\u00e1ticas, como por ejemplo a trav\u00e9s del proyecto de investigaci\u00f3n \u201cAplicaci\u00f3n t\u00f3pica de DMSO en cicatrices y enfermedades fuera de la regi\u00f3n morfog\u00e9nica reum\u00e1tica del MHH Hannover\/ Annastift (alemania). ) Centro de operaciones ambulatorias (AOZ)\u201d, bajo la direcci\u00f3n m\u00e9dica del Dr. J\u00f6rg Carls, en colaboraci\u00f3n con la Academia de rehabilitaci\u00f3n de manos de Bad Pyrmont. El tejido cicatricial se estaba degenerando visiblemente y la inflamaci\u00f3n disminuy\u00f3 dr\u00e1sticamente.<\/p>\n<h4>El DMSO tiene efecto sobre los dolores agudos\u201d<em>pr\u00e1cticamente al instante<\/em>&quot;<\/h4>\n<p>Stanley W. Jacob y Edward E. Rosenbaum han comprobado por s\u00ed mismos lo r\u00e1pido que el DMSO act\u00faa en siete pacientes de prueba en Portland, Oreg\u00f3n (EE. UU.), cuando los trataron con esa sustancia. Las siete personas sufr\u00edan una inflamaci\u00f3n de la bursa en la articulaci\u00f3n del hombro, lo que les provocaba \u201cun dolor tan inmenso que sin la ayuda de otros, los enfermos ni siquiera pod\u00edan vestirse ni desvestirse\u201d. Se esperaba una disminuci\u00f3n en una o dos semanas como muy pronto\u201d, como se dice en un art\u00edculo de la revista SPIEGEL del 5 de mayo de 1965. Pero hubo una sorpresa:<\/p>\n<p><em>\u201cLos m\u00e9dicos frotaron la sustancia de prueba sobre los hombros de los pacientes y, al cabo de unos minutos, observaron un efecto sorprendente. Despu\u00e9s de 20 minutos, como informan los m\u00e9dicos Edward E. Rosenbaum y Stanley W. Jacob, profesores de la Universidad de Oregon, los siete pacientes estaban completamente o casi completamente libres de dolores. Todos ellos pudieron mover la articulaci\u00f3n del hombro enferma con mucha m\u00e1s libertad que antes\u201d.<\/em><\/p>\n<h4>DMSO siete veces m\u00e1s seguro que la aspirina<\/h4>\n<p>Seg\u00fan el \u00edndice terap\u00e9utico, el DMSO es siete veces m\u00e1s seguro que la aspirina. Los \u00fanicos efectos secundarios observados hasta el momento son el olor a ajo y la irritaci\u00f3n de la piel, que, seg\u00fan Walker, se manifiestan individualmente y provocan deshidrataci\u00f3n de la piel y desaparecen tras la aplicaci\u00f3n repetida de DMSO. Sin embargo, los vapores de DMSO no deben inhalarse. La administraci\u00f3n intravenosa de DMSO puede provocar temporalmente dolores de cabeza. No se detect\u00f3 toxicidad ni efecto cancer\u00edgeno.<\/p>\n<table style=\"width: 250px;\" border=\"0\">\n<tbody>\n<tr>\n<td><p class=\"product woocommerce add_to_cart_inline\" style=\"border:4px solid #ccc; padding: 12px;\"><ins class=\"highlight\"><span class=\"woocommerce-Price-amount amount\"><bdi><span class=\"woocommerce-Price-currencySymbol\">\u20ac<\/span>7.00<\/bdi><\/span><\/ins><a href=\"https:\/\/laubeholistic.com\/es\/shop\/dmso-dimethyl-sulfoxide-99\/\" aria-describedby=\"woocommerce_loop_add_to_cart_link_describedby_55\" data-quantity=\"1\" class=\"button product_type_variable add_to_cart_button\" data-product_id=\"55\" data-product_sku=\"DMSO\" aria-label=\"Elige las opciones para \u201cDMSO - Dimethyl Sulfoxide\u201d\" rel=\"nofollow\" data-no-translation=\"\" data-trp-gettext=\"\" data-no-translation-aria-label=\"\">Seleccionar opciones<\/a>\t<span id=\"woocommerce_loop_add_to_cart_link_describedby_55\" class=\"screen-reader-text\">\n\t\tEste producto tiene m\u00faltiples variantes. Las opciones se pueden elegir en la p\u00e1gina de producto\t<\/span>\n<\/p><\/td>\n<\/tr>\n<\/tbody>\n<\/table>\n<p><strong>\u00a1Nota!<\/strong><br \/>\nEn invierno, el DMSO puede cristalizar. Es m\u00e1s probable que esto suceda durante el invierno, as\u00ed que no se sorprenda, es una reacci\u00f3n normal, ya que es una sustancia pura de 80 %. Coloque la botella de DMSO en agua tibia hasta que vuelva a estar l\u00edquida. \u00a1NO agua hirviendo! No calentar en el microondas ya que esto destruye la estructura del DMSO. Almacenar a temperatura ambiente normal, aprox. 20 \u2013 22 grados cent\u00edgrados.<\/p>","protected":false},"excerpt":{"rendered":"<p>&nbsp;The ANSWER to Pain Relief&nbsp; Dimethylsulfoxide -Natures Healer- It makes pain dissapear just by Contact without waiting for Pills to work. &nbsp;&nbsp;&nbsp; &nbsp; Just by rubbing it on ! In the case of a pulled muscle, bruises, pains in joints, ligaments and bones. DMSO (Dimethyl sulfoxide) proved to be a near-perfect solvent and transporter. Rub [&#8230;]\n","protected":false},"author":34,"featured_media":0,"parent":0,"menu_order":0,"comment_status":"closed","ping_status":"closed","template":"","meta":{"ngg_post_thumbnail":0,"footnotes":""},"class_list":["post-133","page","type-page","status-publish","hentry"],"_links":{"self":[{"href":"https:\/\/laubeholistic.com\/es\/wp-json\/wp\/v2\/pages\/133","targetHints":{"allow":["GET"]}}],"collection":[{"href":"https:\/\/laubeholistic.com\/es\/wp-json\/wp\/v2\/pages"}],"about":[{"href":"https:\/\/laubeholistic.com\/es\/wp-json\/wp\/v2\/types\/page"}],"author":[{"embeddable":true,"href":"https:\/\/laubeholistic.com\/es\/wp-json\/wp\/v2\/users\/34"}],"replies":[{"embeddable":true,"href":"https:\/\/laubeholistic.com\/es\/wp-json\/wp\/v2\/comments?post=133"}],"version-history":[{"count":40,"href":"https:\/\/laubeholistic.com\/es\/wp-json\/wp\/v2\/pages\/133\/revisions"}],"predecessor-version":[{"id":10220,"href":"https:\/\/laubeholistic.com\/es\/wp-json\/wp\/v2\/pages\/133\/revisions\/10220"}],"wp:attachment":[{"href":"https:\/\/laubeholistic.com\/es\/wp-json\/wp\/v2\/media?parent=133"}],"curies":[{"name":"wp","href":"https:\/\/api.w.org\/{rel}","templated":true}]}}