{"id":1054,"date":"2014-10-30T09:54:53","date_gmt":"2014-08-11T12:21:13","guid":{"rendered":"https:\/\/laubeholistic.com\/?page_id=1054"},"modified":"2026-03-26T14:13:16","modified_gmt":"2026-03-26T14:13:16","slug":"payment-options","status":"publish","type":"page","link":"https:\/\/laubeholistic.com\/es\/payment-options\/","title":{"rendered":"Opci\u00f3nes de Pago"},"content":{"rendered":"<h3>Pagar con tarjeta de cr\u00e9dito\/d\u00e9bito<\/h3>\n<div>Actualmente hay 3 m\u00e9todos de pago disponibles en https:\/\/laubeholisitic.com<\/div>\n<p><img loading=\"lazy\" decoding=\"async\" class=\"aligncenter wp-image-7754\" src=\"https:\/\/laubeholistic.com\/wp-content\/uploads\/1.png\" alt=\"\" width=\"275\" height=\"373\"><\/p>\n<h3>1. Paga con tarjeta de d\u00e9bito o cr\u00e9dito con Sistema Seguro Online vivawallet<\/h3>\n<div>Este m\u00e9todo es el m\u00e1s sencillo. Los pagos con tarjeta llegan inmediatamente para que podamos procesar el pedido de inmediato. Este sistema acepta tarjetas en todo el mundo con todos los sistemas posibles.<\/div>\n<p><img loading=\"lazy\" decoding=\"async\" class=\"aligncenter size-full wp-image-7755\" src=\"https:\/\/laubeholistic.com\/wp-content\/uploads\/2-1.jpg\" alt=\"\" width=\"755\" height=\"51\"><\/p>\n<h3>2. Transferencia bancaria directa<\/h3>\n<p>Realice su pago directamente en nuestra cuenta bancaria. Utilice su ID de pedido como referencia de pago. Su pedido no se enviar\u00e1 hasta que los fondos hayan aparecido en nuestra cuenta, lo que puede tardar entre 1 y 3 d\u00edas. Recibir\u00e1 un correo electr\u00f3nico de confirmaci\u00f3n con las instrucciones y los detalles de la transferencia, pero tambi\u00e9n ver\u00e1 la informaci\u00f3n bancaria en la siguiente ventana justo despu\u00e9s de realizar el pago. Si no recibi\u00f3 un correo electr\u00f3nico de confirmaci\u00f3n, revise su carpeta de correo no deseado.<\/p>\n<p><img loading=\"lazy\" decoding=\"async\" class=\"aligncenter wp-image-7758\" src=\"https:\/\/laubeholistic.com\/wp-content\/uploads\/3.png\" alt=\"\" width=\"544\" height=\"308\"><\/p>\n<p><span style=\"color: #000000; font-size: 100%;\"><strong>Our bank details:<\/strong><\/span><br \/>\n<span style=\"color: #000000; font-size: 100%;\"><strong>COCONUT TIGER LTD<\/strong><\/span><br \/>\n<span style=\"color: #000000; font-size: 100%;\"><strong>Bank: Revolut Ltd, 30 South Colonnade, E14 5HX, London, United Kingdom<\/strong><\/span><br \/>\n<span style=\"color: #000000; font-size: 100%;\"><strong>IBAN:&nbsp;GB48 REVO 2301 2085 9285 44<\/strong><\/span><br \/>\n<span style=\"color: #000000; font-size: 100%;\"><strong>BIC: REVOGB21 or Intermediary BIC: CHASDEFX<\/strong><\/span><\/p>\n<p><img loading=\"lazy\" decoding=\"async\" class=\"wp-image-24657 aligncenter\" src=\"https:\/\/laubeholistic.com\/wp-content\/uploads\/Screenshot-2026-03-26-150920-300x218.png\" alt=\"\" width=\"548\" height=\"398\" srcset=\"https:\/\/laubeholistic.com\/wp-content\/uploads\/Screenshot-2026-03-26-150920-300x218.png 300w, https:\/\/laubeholistic.com\/wp-content\/uploads\/Screenshot-2026-03-26-150920-1024x744.png 1024w, https:\/\/laubeholistic.com\/wp-content\/uploads\/Screenshot-2026-03-26-150920-768x558.png 768w, https:\/\/laubeholistic.com\/wp-content\/uploads\/Screenshot-2026-03-26-150920-1536x1116.png 1536w, https:\/\/laubeholistic.com\/wp-content\/uploads\/Screenshot-2026-03-26-150920-18x12.png 18w, https:\/\/laubeholistic.com\/wp-content\/uploads\/Screenshot-2026-03-26-150920-510x371.png 510w, https:\/\/laubeholistic.com\/wp-content\/uploads\/Screenshot-2026-03-26-150920.png 1628w\" sizes=\"auto, (max-width: 548px) 100vw, 548px\" \/><\/p>\n<p>&nbsp;<\/p>\n<p>&nbsp;<\/p>\n<h3>3. Criptomoneda<\/h3>\n<div>Las soluciones de salud hol\u00edstica de Laube siguen el mundo moderno, por lo que a partir de ahora aceptamos la posibilidad de pago en moneda criptogr\u00e1fica.<br \/>\nEl Pago se puede realizar en las monedas de la siguiente lista:<\/div>\n<p><img loading=\"lazy\" decoding=\"async\" class=\"aligncenter wp-image-7760\" src=\"https:\/\/laubeholistic.com\/wp-content\/uploads\/5.png\" alt=\"\" width=\"290\" height=\"231\"><\/p>\n<div>Elija una moneda y el sistema generar\u00e1 autom\u00e1ticamente un c\u00f3digo de billetera por el monto de su pedido, convertido seg\u00fan la conversi\u00f3n de moneda\/EUR.<\/div>\n<p><img loading=\"lazy\" decoding=\"async\" class=\"aligncenter wp-image-7756\" src=\"https:\/\/laubeholistic.com\/wp-content\/uploads\/6.png\" alt=\"\" width=\"516\" height=\"252\"><\/p>\n<div>Por favor aseg\u00farese de confirmar el <a href=\"https:\/\/laubeholistic.com\/es\/terms\/\">T\u00e9rminos y condiciones<\/a> en cualquiera de las opciones que elijas.<\/div>\n<p><img loading=\"lazy\" decoding=\"async\" class=\"aligncenter wp-image-7757\" src=\"https:\/\/laubeholistic.com\/wp-content\/uploads\/7.png\" alt=\"\" width=\"337\" height=\"105\"><\/p>\n<div>Cuando realices el proceso de pago, aseg\u00farate de que a\u00fan puedes cancelar tu pedido hasta el \u00faltimo momento. La preparaci\u00f3n del pedido tarda de 2 a 3 d\u00edas, en ese plazo podr\u00e1s solicitar un reembolso completo y cancelar tu pedido.<\/div>\n<div>En caso de que tenga alguna pregunta o problema, siempre puede contactarnos por correo electr\u00f3nico: info@laubeholistic.com<\/div>\n<p>&nbsp;<\/p>","protected":false},"excerpt":{"rendered":"<p>Paying with Credit\/Debit Card At the moment there are 3 payment methods available on https:\/\/laubeholisitic.com 1. Pay by debit or credit card with Secure Online System vivawallet This method is the simplest one. Payments by card arrive immediately so we can process the order right away. This system accepts cards Worldwide with all possible systems. [&#8230;]\n","protected":false},"author":34,"featured_media":0,"parent":0,"menu_order":0,"comment_status":"open","ping_status":"open","template":"","meta":{"ngg_post_thumbnail":0,"footnotes":""},"class_list":["post-1054","page","type-page","status-publish","hentry"],"_links":{"self":[{"href":"https:\/\/laubeholistic.com\/es\/wp-json\/wp\/v2\/pages\/1054","targetHints":{"allow":["GET"]}}],"collection":[{"href":"https:\/\/laubeholistic.com\/es\/wp-json\/wp\/v2\/pages"}],"about":[{"href":"https:\/\/laubeholistic.com\/es\/wp-json\/wp\/v2\/types\/page"}],"author":[{"embeddable":true,"href":"https:\/\/laubeholistic.com\/es\/wp-json\/wp\/v2\/users\/34"}],"replies":[{"embeddable":true,"href":"https:\/\/laubeholistic.com\/es\/wp-json\/wp\/v2\/comments?post=1054"}],"version-history":[{"count":16,"href":"https:\/\/laubeholistic.com\/es\/wp-json\/wp\/v2\/pages\/1054\/revisions"}],"predecessor-version":[{"id":24660,"href":"https:\/\/laubeholistic.com\/es\/wp-json\/wp\/v2\/pages\/1054\/revisions\/24660"}],"wp:attachment":[{"href":"https:\/\/laubeholistic.com\/es\/wp-json\/wp\/v2\/media?parent=1054"}],"curies":[{"name":"wp","href":"https:\/\/api.w.org\/{rel}","templated":true}]}}