{"id":9784,"date":"2022-03-03T15:30:26","date_gmt":"2022-03-03T15:30:26","guid":{"rendered":"https:\/\/laubeholistic.com\/?post_type=product&#038;p=9784"},"modified":"2026-03-03T14:42:43","modified_gmt":"2026-03-03T14:42:43","slug":"tumacura","status":"publish","type":"product","link":"https:\/\/laubeholistic.com\/de\/shop\/tumacura\/","title":{"rendered":"TUMACURA (Kurkuma-Mischung)"},"content":{"rendered":"<h1><span style=\"color: #000000;\"><strong>TUMACURA<\/strong> ist eine Mischung aus reinem Bio-Kurkuma (enth\u00e4lt Curcuma), Bio-Kokosmehl und gemahlenem schwarzen Pfeffer.<\/span><\/h1>\n<div style=\"padding: 56.25% 0 0 0; position: relative;\"><iframe style=\"position: absolute; top: 0; left: 0; width: 100%; height: 100%;\" title=\"TUMACURA\" src=\"https:\/\/player.vimeo.com\/video\/1165670595?badge=0&amp;autopause=0&amp;player_id=0&amp;app_id=58479\" frameborder=\"0\"><\/iframe><\/div>\n<p><script src=\"https:\/\/player.vimeo.com\/api\/player.js\"><\/script><\/p>\n<p><span style=\"color: #000000;\">Die alleinige orale Einnahme eines Kurkuma-Pr\u00e4parats weist erstens eine sehr geringe Bioverf\u00fcgbarkeit (Absorptionsrate) auf und kann zweitens Magenverstimmungen mit sich bringen.<\/span><\/p>\n<p><span style=\"color: #000000;\">Aus diesem Grund haben wir feines Kurkuma mit einem nat\u00fcrlichen Fett und Piperin aus schwarzem Pfeffer vermischt, was f\u00fcr eine deutlich h\u00f6here Aufnahme sorgt und nicht zu unangenehmen Magen- oder Magengef\u00fchlen f\u00fchrt.<\/span><\/p>\n<p><span style=\"color: #000000;\">Die Absorptionsrate ist aufgrund des zugesetzten schwarzen Pfeffers (enth\u00e4lt Piperin) und des nat\u00fcrlichen Fetts aus dem Kokosmehl sehr hoch.<\/span><\/p>\n<p><span style=\"color: #000000;\"><strong>Die Vorteile<\/strong> <strong>von TUMACURA<\/strong> <\/span><\/p>\n<p><span style=\"color: #000000;\">Entz\u00fcndungshemmend, antimikrobiell, antiseptisch, antioxidativ, hilft gegen Hauterkrankungen, st\u00e4rkt das Immunsystem, lindert Gelenkschmerzen.<\/span><\/p>\n<p><span style=\"color: #000000;\"><strong>Hilft gegen Hauterkrankungen<\/strong> \u2013 In der ayurvedischen Medizin wird Kurkuma zur Behandlung von Hauterkrankungen wie Akne verwendet, was durch die moderne Wissenschaft best\u00e4tigt wird.<\/span><\/p>\n<p><span style=\"color: #000000;\"><strong>Wei\u00dfere Z\u00e4hne<\/strong> \u2013 tauchen Sie die Zahnb\u00fcrste in ein Speise\u00f6l (Oliven-, Sonnenblumen-, Kokos\u00f6l) und dann in den offenen Inhalt einer unserer Kapseln und putzen Sie die Z\u00e4hne. Tun Sie dies einen Monat lang.<\/span><\/p>\n<p><span style=\"color: #000000;\"><strong>Haarausfall<\/strong> \u2013 Curcumin, der Wirkstoff in Kurkuma, st\u00e4rkt laut einer Studie eines koreanischen Instituts die Haarfollikel. Schnelleres und ges\u00fcnderes Haarwachstum.<\/span><\/p>\n<p><span style=\"color: #000000;\">Mischen Sie den Inhalt einer Kapsel mit drei Essl\u00f6ffeln Pflanzen\u00f6l und bereiten Sie daraus eine Haarmaske zu. Tragen Sie diese auf das Haar auf. Lassen Sie sie 30 Minuten einwirken und waschen Sie sie anschlie\u00dfend aus. Ein- bis dreimal im Monat.<\/span><\/p>\n<p><span style=\"color: #000000;\"><strong>St\u00e4rkt das Immunsystem<\/strong> \u2013 st\u00e4rkt T-Zellen, B-Zellen, Makrophagen und Neutrophile. Ihr Immunsystem erh\u00e4lt einen fantastischen Schub.<\/span><\/p>\n<p><span style=\"color: #000000;\">Laut der Pathologieabteilung der Punjab University kann es auch das Wachstum von Bakterien und Parasiten stoppen.<\/span><\/p>\n<p><span style=\"color: #000000;\">Noch heute wird in Indien Curcumin, der Wirkstoff in Kurkuma, verwendet, um Erk\u00e4ltungen zu vertreiben. W\u00e4re das nicht interessant in diesen Zeiten, die wir alle erleben?!<\/span><\/p>\n<p><span style=\"color: #000000;\"><strong>Es kann verletzte Haut heilen<\/strong> und Wunden, indem Sie eine Paste \u00e4hnlich der gegen Haarausfall herstellen und diese lokal auf die betroffene Stelle auftragen. Zus\u00e4tzlich wird Ihre Haut j\u00fcnger aussehen<\/span><\/p>\n<p><span style=\"color: #000000;\"><strong>Reduziert Gelenkschmerzen<\/strong><\/span><\/p>\n<p><span style=\"color: #000000;\">Verbessert die Stimmung und stimuliert die Gehirnfunktion \u2013 es wurden Studien durchgef\u00fchrt, in denen sich gezeigt hat, dass die t\u00e4gliche Einnahme von Kurkuma die kognitive Funktion und das Ged\u00e4chtnis verbessert.<\/span><\/p>\n<p><span style=\"color: #000000;\"><strong>Sie werden abnehmen \u2013 ein nat\u00fcrliches Mittel, um Kilos zu verlieren \u2013 <\/strong><\/span><span style=\"color: #000000;\">Curcumin kann tats\u00e4chlich unterdr\u00fccken <strong>fett<\/strong> Gewebewachstum. Eine andere M\u00f6glichkeit, <strong>Kurkuma<\/strong> hilft bei <strong>Gewicht verlieren<\/strong> indem es den Zuckerspiegel reguliert und so einer Insulinresistenz vorbeugt. <\/span><\/p>\n<p><span style=\"color: #000000;\">Dies f\u00fchrt zu \u00fcbersch\u00fcssigem Fett, das nicht im K\u00f6rper gespeichert wird.<\/span><\/p>","protected":false},"excerpt":{"rendered":"<p><span style=\"color: #000000;\">Eine feine Mischung aus Kurkuma, Kokosnuss und schwarzem Pfeffer<\/span><\/p>\n<p><span style=\"color: #000000;\">Hohe Absorptionsrate<\/span><\/p>\n<p><span style=\"color: #000000;\">Kapselgr\u00f6\u00dfe \u201e00\u201c, vegetarisch mit 1g pro Kapsel.<\/span><\/p>\n<p><span style=\"color: #000000;\">Dosierung: T\u00e4glich zwei Kapseln TUMACURA mit einem Glas Wasser einnehmen.<\/span><\/p>\n<p><span class=\"_5yl5\" style=\"color: #000000;\" data-reactid=\".2h.$mid=11416827275330=23ad044a3231aa88f85.2:0.0.0.0.0\">Wir bieten klare, pers\u00f6nliche Beratung und Anleitung, falls Sie Hilfe bei der Anwendung von reinem Vitamin C in Kapselform ben\u00f6tigen.<\/span><\/p>","protected":false},"featured_media":10815,"comment_status":"open","ping_status":"closed","template":"","meta":{"ngg_post_thumbnail":0},"product_brand":[],"product_cat":[327],"product_tag":[309],"class_list":{"0":"post-9784","1":"product","2":"type-product","3":"status-publish","4":"has-post-thumbnail","6":"product_cat-vitamin-supplements","7":"product_tag-turmeric-blend","9":"first","10":"instock","11":"purchasable","12":"product-type-variable"},"_links":{"self":[{"href":"https:\/\/laubeholistic.com\/de\/wp-json\/wp\/v2\/product\/9784","targetHints":{"allow":["GET"]}}],"collection":[{"href":"https:\/\/laubeholistic.com\/de\/wp-json\/wp\/v2\/product"}],"about":[{"href":"https:\/\/laubeholistic.com\/de\/wp-json\/wp\/v2\/types\/product"}],"replies":[{"embeddable":true,"href":"https:\/\/laubeholistic.com\/de\/wp-json\/wp\/v2\/comments?post=9784"}],"wp:featuredmedia":[{"embeddable":true,"href":"https:\/\/laubeholistic.com\/de\/wp-json\/wp\/v2\/media\/10815"}],"wp:attachment":[{"href":"https:\/\/laubeholistic.com\/de\/wp-json\/wp\/v2\/media?parent=9784"}],"wp:term":[{"taxonomy":"product_brand","embeddable":true,"href":"https:\/\/laubeholistic.com\/de\/wp-json\/wp\/v2\/product_brand?post=9784"},{"taxonomy":"product_cat","embeddable":true,"href":"https:\/\/laubeholistic.com\/de\/wp-json\/wp\/v2\/product_cat?post=9784"},{"taxonomy":"product_tag","embeddable":true,"href":"https:\/\/laubeholistic.com\/de\/wp-json\/wp\/v2\/product_tag?post=9784"}],"curies":[{"name":"wp","href":"https:\/\/api.w.org\/{rel}","templated":true}]}}