{"id":9716,"date":"2022-02-23T17:59:45","date_gmt":"2022-02-23T17:59:45","guid":{"rendered":"https:\/\/laubeholistic.com\/?post_type=product&#038;p=9716"},"modified":"2024-03-06T13:59:03","modified_gmt":"2024-03-06T13:59:03","slug":"flower-remedies-by-m-j","status":"publish","type":"product","link":"https:\/\/laubeholistic.com\/de\/shop\/flower-remedies-by-m-j\/","title":{"rendered":"Bl\u00fctenessenzen von MJ"},"content":{"rendered":"<h2 data-canvas-width=\"58.55733333333334\"><span style=\"color: #000000;\"><strong>Bl\u00fctenessenzen von MJ<\/strong><\/span><\/h2>\n<div data-canvas-width=\"58.55733333333334\">&nbsp;<\/div>\n<div data-canvas-width=\"58.55733333333334\"><span style=\"color: #000000;\"><strong>RUHIG<\/strong><\/span><\/div>\n<div data-canvas-width=\"617.4879999999998\"><span style=\"color: #000000;\">Das Leben kann stressig sein und oft f\u00fchlen Sie sich \u00e4ngstlich und \u00fcberfordert; mit<\/span><\/div>\n<div data-canvas-width=\"603.904\"><span style=\"color: #000000;\">alles, was um Sie herum passiert. Es kann eine Herausforderung sein, ruhig zu bleiben und<\/span><\/div>\n<div data-canvas-width=\"240.64000000000001\"><span style=\"color: #000000;\">selbstbewusst durch den Tag.<\/span><\/div>\n<div data-canvas-width=\"646.1919999999998\"><span style=\"color: #000000;\">Dieses Mittel hilft, den Geist zu entspannen und das Nervensystem zu beruhigen.<\/span><\/div>\n<div data-canvas-width=\"589.3119999999998\"><span style=\"color: #000000;\">Sie k\u00f6nnen klarer denken; in sich selbst zentriert sein und sich bewegen<\/span><\/div>\n<div data-canvas-width=\"228.84799999999996\"><span style=\"color: #000000;\">vorw\u00e4rts in Ihrem t\u00e4glichen Leben.<\/span><\/div>\n<div data-canvas-width=\"650.9279999999999\">&nbsp;<\/div>\n<div data-canvas-width=\"650.9279999999999\">\n<div data-canvas-width=\"36.306666666666665\"><strong><span style=\"color: #000000;\">FREUDE<\/span><\/strong><\/div>\n<div data-canvas-width=\"650.9279999999999\"><span style=\"color: #000000;\">In Zeiten, in denen wir vor Herausforderungen stehen, ist es manchmal schwierig, das Licht zu sehen<\/span><\/div>\n<div data-canvas-width=\"594.56\"><span style=\"color: #000000;\">Seite des Lebens und f\u00fchle Freude; Traurigkeit; Angst und Depression k\u00f6nnen die Oberhand gewinnen.<\/span><\/div>\n<div data-canvas-width=\"610.0479999999997\"><span style=\"color: #000000;\">Dieses Mittel kann Ihnen einen sanften Schub geben, um Ihre Stimmung zu heben und zu \u00f6ffnen<\/span><\/div>\n<div data-canvas-width=\"201.136\"><span style=\"color: #000000;\">mehr zur Lebensfreude.<\/span><\/div>\n<\/div>\n<div data-canvas-width=\"201.136\">&nbsp;<\/div>\n<div data-canvas-width=\"201.136\">\n<div data-canvas-width=\"53.33066666666667\"><strong><span style=\"color: #000000;\">AUSRUHEN<\/span><\/strong><\/div>\n<div data-canvas-width=\"648.256\"><span style=\"color: #000000;\">Ruhe und Schlaf sind entscheidend f\u00fcr das allgemeine Wohlbefinden unseres Geistes, K\u00f6rpers und unserer Seele.<\/span><\/div>\n<div data-canvas-width=\"609.3600000000001\"><span style=\"color: #000000;\">Manchmal f\u00e4llt es uns schwer, uns zu entspannen oder einzuschlafen; au\u00dferdem wachen wir w\u00e4hrend<\/span><\/div>\n<div data-canvas-width=\"88.88\"><span style=\"color: #000000;\">Schlafenszeit.<\/span><\/div>\n<div data-canvas-width=\"646.1439999999998\"><span style=\"color: #000000;\">Dieses Mittel kann helfen, \u201egeistiges Geschw\u00e4tz\u201c und unerw\u00fcnschte Gedanken zu beruhigen<\/span><\/div>\n<div data-canvas-width=\"645.92\"><span style=\"color: #000000;\">um einen erholsameren Schlaf und einen entspannten Zustand der Ruhe und des Wohlbefindens zu erm\u00f6glichen.<\/span><\/div>\n<div data-canvas-width=\"645.92\">&nbsp;<\/div>\n<\/div>\n<div data-canvas-width=\"645.92\">\n<ul>\n<li data-canvas-width=\"311.712\"><span style=\"color: #000000;\">Entwickelt, um Ihnen einen kleinen Schub und Auftrieb zu geben.<\/span><\/li>\n<li data-canvas-width=\"518.4800000000001\"><span style=\"color: #000000;\">Die besten Ergebnisse erzielen Sie, wenn Sie es allein und nicht in Verbindung mit anderen Medikamenten oder Nahrungserg\u00e4nzungsmitteln einnehmen.<\/span><\/li>\n<li data-canvas-width=\"309.10400000000004\"><span style=\"color: #000000;\">Vor direkter Sonneneinstrahlung und Hitze sch\u00fctzen<\/span><\/li>\n<li data-canvas-width=\"245.88799999999995\"><span style=\"color: #000000;\">Nach dem \u00d6ffnen innerhalb eines Monats aufbrauchen.<\/span><\/li>\n<li data-canvas-width=\"252.36800000000005\"><span style=\"color: #000000;\">Pflanzlich\/Vegetarierfreundlich<\/span><\/li>\n<\/ul>\n<p><span style=\"color: #000000;\">Erstellt von Naturheilkundler <em><strong>Maria Julienne<\/strong><\/em><\/span><\/p>\n<\/div>","protected":false},"excerpt":{"rendered":"<div data-canvas-width=\"637.392\"><span style=\"color: #000000;\">Diese Bl\u00fctenessenzen sind eine nat\u00fcrliche und sanfte Methode, <\/span><\/div>\n<div data-canvas-width=\"637.392\"><span style=\"color: #000000;\">Steigern Sie Ihre Energie &amp; <\/span><span style=\"color: #000000;\">Bringen Sie Ihre Emotionen im Alltag ins Gleichgewicht.<\/span><\/div>\n<div data-canvas-width=\"316.976\">&nbsp;<\/div>\n<div data-canvas-width=\"459.888\"><span style=\"color: #000000;\">Hergestellt mit Original Bachbl\u00fcten und reinem Mineralwasser.<\/span><\/div>\n<div data-canvas-width=\"459.888\">&nbsp;<\/div>\n<div data-canvas-width=\"638.1120000000001\"><span style=\"color: #000000;\">Jede Flasche enth\u00e4lt 7 verschiedene Bl\u00fctenessenzen, die einzigartig sind <\/span><\/div>\n<div data-canvas-width=\"638.1120000000001\"><span style=\"color: #000000;\">Eigenschaften <\/span><span style=\"color: #000000;\">und unterst\u00fctzt verschiedene Emotionen und Gef\u00fchle f\u00fcr Ihr Gesamt <\/span><\/div>\n<div data-canvas-width=\"638.1120000000001\"><span style=\"color: #000000;\">Wohlbefinden.<\/span><\/div>\n<div data-canvas-width=\"638.1120000000001\">&nbsp;<\/div>\n<div data-canvas-width=\"638.1120000000001\"><span style=\"color: #000000;\">W\u00e4hlen zwischen <strong>\u2013 RUHE \u2013 FREUDE \u2013 RUHE \u2013<\/strong> oder alle drei zusammen als Set.<\/span><\/div>\n<div data-canvas-width=\"638.1120000000001\">&nbsp;<\/div>","protected":false},"featured_media":10849,"comment_status":"open","ping_status":"closed","template":"","meta":{"ngg_post_thumbnail":0},"product_brand":[],"product_cat":[329],"product_tag":[],"class_list":{"0":"post-9716","1":"product","2":"type-product","3":"status-publish","4":"has-post-thumbnail","6":"product_cat-remedy-supplements","8":"first","9":"outofstock","10":"taxable","11":"shipping-taxable","12":"purchasable","13":"product-type-variable"},"_links":{"self":[{"href":"https:\/\/laubeholistic.com\/de\/wp-json\/wp\/v2\/product\/9716","targetHints":{"allow":["GET"]}}],"collection":[{"href":"https:\/\/laubeholistic.com\/de\/wp-json\/wp\/v2\/product"}],"about":[{"href":"https:\/\/laubeholistic.com\/de\/wp-json\/wp\/v2\/types\/product"}],"replies":[{"embeddable":true,"href":"https:\/\/laubeholistic.com\/de\/wp-json\/wp\/v2\/comments?post=9716"}],"wp:featuredmedia":[{"embeddable":true,"href":"https:\/\/laubeholistic.com\/de\/wp-json\/wp\/v2\/media\/10849"}],"wp:attachment":[{"href":"https:\/\/laubeholistic.com\/de\/wp-json\/wp\/v2\/media?parent=9716"}],"wp:term":[{"taxonomy":"product_brand","embeddable":true,"href":"https:\/\/laubeholistic.com\/de\/wp-json\/wp\/v2\/product_brand?post=9716"},{"taxonomy":"product_cat","embeddable":true,"href":"https:\/\/laubeholistic.com\/de\/wp-json\/wp\/v2\/product_cat?post=9716"},{"taxonomy":"product_tag","embeddable":true,"href":"https:\/\/laubeholistic.com\/de\/wp-json\/wp\/v2\/product_tag?post=9716"}],"curies":[{"name":"wp","href":"https:\/\/api.w.org\/{rel}","templated":true}]}}