{"id":9609,"date":"2022-02-04T19:01:21","date_gmt":"2022-02-04T19:01:21","guid":{"rendered":"https:\/\/laubeholistic.com\/?post_type=product&#038;p=9609"},"modified":"2023-11-29T14:28:34","modified_gmt":"2023-11-29T14:28:34","slug":"oxywatt-oxygen-bottle","status":"publish","type":"product","link":"https:\/\/laubeholistic.com\/de\/shop\/oxywatt-oxygen-bottle\/","title":{"rendered":"OXYwatt \u2013 Sauerstoffflasche"},"content":{"rendered":"<h3><span style=\"color: #000000;\">OXYwatt \u2013 Sauerstoffflasche<\/span><\/h3>\n<h3><span style=\"color: #000000;\">Informationen zu diesem Produkt<br \/>\n<\/span><\/h3>\n<p><span style=\"color: #000000;\">\u2022 Wenn Sie eine Person sind, die st\u00e4ndig unter Druck steht und Entscheidungen treffen muss, hilft Ihnen OXYwatt, diese Herausforderungen zu meistern, denn es steigert die Konzentration, erh\u00f6ht die Energie, reduziert die Symptome von Stress und Schlafmangel und hilft, die Konzentration w\u00e4hrend anstrengender Reisen aufrechtzuerhalten<\/span><\/p>\n<p><span style=\"color: #000000;\">\u2022 OXYwatt hilft Ihnen, bessere Ergebnisse zu erzielen, da der zus\u00e4tzliche Sauerstoff: die Leistung steigert, die Erholungszeit nach Anstrengung verk\u00fcrzt, das Energiewachstum steigert und Muskelkater lindert<\/span><\/p>\n<p><span style=\"color: #000000;\">\u2022 Alkohol verlangsamt unseren Stoffwechsel und entfernt Mineralien, was zu unangenehmen Empfindungen f\u00fchrt. Ein Lebensretter kann Oxywatt mit 95%-Sauerstoff sein, der Erleichterung verschaffen kann, wie z. B. erh\u00f6hte Lebensenergie, Kopfschmerzen und M\u00fcdigkeit lindert. Drei Molek\u00fcle Sauerstoff verbrennen ein Molek\u00fcl Alkohol und beschleunigen so Ihre R\u00fcckkehr in die Welt der \u201eLebenden\u201c.<\/span><\/p>\n<p><span style=\"color: #000000;\">\u2022 OXYwatt wirkt bei Menschen mit hoher geistiger Belastung: Erh\u00f6hte Konzentration, was die Lerneffizienz steigert; reduziert Symptome von Stress, Schlafmangel, beschleunigt die Regeneration nach schlaflosen N\u00e4chten, hilft bei der Bew\u00e4ltigung unangenehmer Symptome am n\u00e4chsten Tag nach einer Party<\/span><\/p>\n<p><span style=\"color: #000000;\">\u2022 OXYwatt ist ein v\u00f6llig nat\u00fcrliches und kalorienfreies Produkt. Es hilft Ihnen, Wohlbefinden zu erreichen. Die zus\u00e4tzliche Sauerstoffversorgung f\u00fcllt die Haut mit Lebensenergie, verbessert ihre Elastizit\u00e4t und hilft, sie zu erfrischen und zu verj\u00fcngen. Sauerstoff verlangsamt den Alterungsprozess und erh\u00f6ht den Stoffwechsel<\/span><\/p>","protected":false},"excerpt":{"rendered":"<p><span style=\"color: #000000;\">Die Sauerstoffflasche OXY Watt 95% enth\u00e4lt reinen Sauerstoff mit dem nat\u00fcrlichen Duft von erfrischender Minze. <\/span><\/p>\n<p><span style=\"color: #000000;\">5 Liter reiner Sauerstoff aus der Dose zur Steigerung der Energie, Stimmung, Schmerzlinderung und Hilfe in Stresssituationen.<br \/>\n<\/span><\/p>\n<p>&nbsp;<\/p>","protected":false},"featured_media":9612,"comment_status":"open","ping_status":"closed","template":"","meta":{"ngg_post_thumbnail":0},"product_brand":[],"product_cat":[330,334],"product_tag":[],"class_list":{"0":"post-9609","1":"product","2":"type-product","3":"status-publish","4":"has-post-thumbnail","6":"product_cat-accessories","7":"product_cat-on-sale","9":"first","10":"outofstock","11":"sale","12":"taxable","13":"shipping-taxable","14":"purchasable","15":"product-type-simple"},"_links":{"self":[{"href":"https:\/\/laubeholistic.com\/de\/wp-json\/wp\/v2\/product\/9609","targetHints":{"allow":["GET"]}}],"collection":[{"href":"https:\/\/laubeholistic.com\/de\/wp-json\/wp\/v2\/product"}],"about":[{"href":"https:\/\/laubeholistic.com\/de\/wp-json\/wp\/v2\/types\/product"}],"replies":[{"embeddable":true,"href":"https:\/\/laubeholistic.com\/de\/wp-json\/wp\/v2\/comments?post=9609"}],"wp:featuredmedia":[{"embeddable":true,"href":"https:\/\/laubeholistic.com\/de\/wp-json\/wp\/v2\/media\/9612"}],"wp:attachment":[{"href":"https:\/\/laubeholistic.com\/de\/wp-json\/wp\/v2\/media?parent=9609"}],"wp:term":[{"taxonomy":"product_brand","embeddable":true,"href":"https:\/\/laubeholistic.com\/de\/wp-json\/wp\/v2\/product_brand?post=9609"},{"taxonomy":"product_cat","embeddable":true,"href":"https:\/\/laubeholistic.com\/de\/wp-json\/wp\/v2\/product_cat?post=9609"},{"taxonomy":"product_tag","embeddable":true,"href":"https:\/\/laubeholistic.com\/de\/wp-json\/wp\/v2\/product_tag?post=9609"}],"curies":[{"name":"wp","href":"https:\/\/api.w.org\/{rel}","templated":true}]}}