{"id":770,"date":"2014-05-28T18:30:47","date_gmt":"2014-05-28T18:30:47","guid":{"rendered":"https:\/\/laubeholistic.com\/?post_type=product&#038;p=770"},"modified":"2026-03-03T14:50:02","modified_gmt":"2026-03-03T14:50:02","slug":"spray-bottle","status":"publish","type":"product","link":"https:\/\/laubeholistic.com\/de\/shop\/spray-bottle\/","title":{"rendered":"Spr\u00fchflasche \u2013 120ml"},"content":{"rendered":"<p><span style=\"font-family: arial,helvetica,sans-serif; font-size: 18pt;\"><span lang=\"es-ES\">Die erstaunlichen Vorteile f\u00fcr Sie<br \/>\n<\/span><\/span><\/p>\n<p><span style=\"color: #000000; font-family: georgia,palatino; font-size: 12pt;\">Der Komfort, die Leichtigkeit und die Effizienz einer Spr\u00fchflasche.<\/span><\/p>\n<p><span style=\"color: #000000; font-family: georgia,palatino; font-size: 12pt;\">Geeignet f\u00fcr den Einsatz mit jedem <strong>Laube Holistic Health Solutions<\/strong>&nbsp;Produkt.<\/span><\/p>\n<p><span style=\"color: #000000; font-family: georgia,palatino; font-size: 12pt;\">Diese Spr\u00fchflasche in pharmazeutischer Qualit\u00e4t<\/span>&nbsp;<span style=\"color: #000000; font-family: georgia,palatino; font-size: 12pt;\">macht die topische Anwendung von&nbsp;<strong>AMS<\/strong> oder <strong>DMSO&nbsp;<\/strong>einfacher und schneller!<\/span><\/p>\n<p><span style=\"color: #000000; font-family: georgia,palatino; font-size: 12pt;\">Mischen Sie einfach Ihre AMS- oder DMSO-Dosis in diese (trockene und saubere) Spr\u00fchflasche. Warten Sie 30 Sekunden auf die Reaktionszeit (erforderlich f\u00fcr AMS) und f\u00fcgen Sie etwas Wasser hinzu.<\/span><\/p>\n<p><span style=\"color: #000000; font-family: georgia,palatino; font-size: 12pt;\">Einsatzbereit !<\/span><\/p>\n<p><span style=\"color: #000000; font-family: georgia,palatino; font-size: 12pt;\">Da diese Spr\u00fchflasche bei ordnungsgem\u00e4\u00dfem Verschluss ein Vakuum erzeugt, wird das gemischte <strong>AMS<\/strong> kann etwa drei Tage anhalten und aktiv bleiben.<\/span><\/p>\n<p><span class=\"_5yl5\" style=\"font-size: 12pt; font-family: georgia,palatino; color: #000000;\" data-reactid=\".2h.$mid=11416827275330=23ad044a3231aa88f85.2:0.0.0.0.0\"><span data-reactid=\".2h.$mid=11416827275330=23ad044a3231aa88f85.2:0.0.0.0.0.0\"><span data-reactid=\".2h.$mid=11416827275330=23ad044a3231aa88f85.2:0.0.0.0.0.0.$end:0:$8:0\">Wenn Ihr Problem oder Ihre Krankheit auf dieser Website nicht behandelt wird, kontaktieren Sie uns bitte per E-Mail oder Telefon und wir werden Sie kompetent beraten und Ihnen weiterhelfen! <span class=\"_5yl5\" data-reactid=\".1k.$mid=11416832347515=2f7e62a9de5b0f0e178.2:0.0.0.0.0\"><span data-reactid=\".1k.$mid=11416832347515=2f7e62a9de5b0f0e178.2:0.0.0.0.0.0\"><span data-reactid=\".1k.$mid=11416832347515=2f7e62a9de5b0f0e178.2:0.0.0.0.0.0.$end:0:$2:0\">Auf diese Eigenschaft legen wir gro\u00dfen Wert.<\/span><\/span><\/span><br \/>\n<\/span><\/span><\/span><\/p>","protected":false},"excerpt":{"rendered":"<ul>\n<li><span style=\"color: #000000;\">Spr\u00fchflasche \u2013 leer \u2013 120ml<\/span><\/li>\n<li><span style=\"color: #000000;\"><strong>10% Rabatt auf 3 Einheiten &amp; 15% Rabatt auf 5 Einheiten<\/strong><\/span><\/li>\n<\/ul>\n<p><span class=\"_5yl5\" style=\"color: #000000;\" data-reactid=\".2h.$mid=11416827275330=23ad044a3231aa88f85.2:0.0.0.0.0\">Wir bieten Ihnen klare und pers\u00f6nliche Beratung und Anleitung, falls Sie diese bei der Verwendung dieses Produkts ben\u00f6tigen.<\/span><\/p>","protected":false},"featured_media":10725,"comment_status":"closed","ping_status":"closed","template":"","meta":{"ngg_post_thumbnail":0},"product_brand":[],"product_cat":[330],"product_tag":[280,286,285,281,106],"class_list":{"0":"post-770","1":"product","2":"type-product","3":"status-publish","4":"has-post-thumbnail","6":"product_cat-accessories","7":"product_tag-discount","8":"product_tag-pharmaceutical-grade","9":"product_tag-pharmaceutical-quality","10":"product_tag-quantity-discount","11":"product_tag-spray-bottle","13":"first","14":"instock","15":"taxable","16":"shipping-taxable","17":"purchasable","18":"product-type-variable"},"_links":{"self":[{"href":"https:\/\/laubeholistic.com\/de\/wp-json\/wp\/v2\/product\/770","targetHints":{"allow":["GET"]}}],"collection":[{"href":"https:\/\/laubeholistic.com\/de\/wp-json\/wp\/v2\/product"}],"about":[{"href":"https:\/\/laubeholistic.com\/de\/wp-json\/wp\/v2\/types\/product"}],"replies":[{"embeddable":true,"href":"https:\/\/laubeholistic.com\/de\/wp-json\/wp\/v2\/comments?post=770"}],"wp:featuredmedia":[{"embeddable":true,"href":"https:\/\/laubeholistic.com\/de\/wp-json\/wp\/v2\/media\/10725"}],"wp:attachment":[{"href":"https:\/\/laubeholistic.com\/de\/wp-json\/wp\/v2\/media?parent=770"}],"wp:term":[{"taxonomy":"product_brand","embeddable":true,"href":"https:\/\/laubeholistic.com\/de\/wp-json\/wp\/v2\/product_brand?post=770"},{"taxonomy":"product_cat","embeddable":true,"href":"https:\/\/laubeholistic.com\/de\/wp-json\/wp\/v2\/product_cat?post=770"},{"taxonomy":"product_tag","embeddable":true,"href":"https:\/\/laubeholistic.com\/de\/wp-json\/wp\/v2\/product_tag?post=770"}],"curies":[{"name":"wp","href":"https:\/\/api.w.org\/{rel}","templated":true}]}}