{"id":6204,"date":"2020-08-09T16:06:30","date_gmt":"2020-08-09T16:06:30","guid":{"rendered":"https:\/\/laubeholistic.com\/?post_type=product&#038;p=6204"},"modified":"2026-03-03T14:45:56","modified_gmt":"2026-03-03T14:45:56","slug":"hydrogen-peroxide-12","status":"publish","type":"product","link":"https:\/\/laubeholistic.com\/de\/shop\/hydrogen-peroxide-12\/","title":{"rendered":"Wasserstoffperoxid"},"content":{"rendered":"<h3><span style=\"color: #000000;\">Wasserstoffperoxid<\/span><\/h3>\n<p><span style=\"color: #000000;\">Die Verwendung von Wasserstoffperoxid wird in zahlreichen Ver\u00f6ffentlichungen und Artikeln empfohlen, darunter: \u201eDie wahre Kraft von Wasserstoffperoxid\u201c von Mary Wright, \u201eDie Ein-Minuten-Heilung\u201c von Madison Cavanaugh, Dr. Rowens \u201eSecond Opinion Newsletter\u201c, \u201eDie vielen Vorteile von Wasserstoffperoxid\u201c von Dr. David G. Williams, \u201eWasserstoffperoxid \u2013 Medizinisches Wunder\u201c von William Campbell Douglass II und \u201eWasserstoffperoxid und Ozon\u201c von Conrad LeBeau.<\/span><\/p>\n<p><span style=\"color: #000000;\">Wasserstoffperoxid wird nicht nur von Fachleuten in der Zahnmedizin, Medizin sowie im Gesundheits- und Sch\u00f6nheitsbereich verwendet, sondern hat auch viele Verwendungsm\u00f6glichkeiten im Haushalt. Die praktischen Einsatzm\u00f6glichkeiten sind vielf\u00e4ltig und jede Internetsuche wird eine Vielzahl von Verwendungsm\u00f6glichkeiten f\u00fcr Wasserstoffperoxid aufdecken. Im Folgenden sind nur einige davon aufgef\u00fchrt:<\/span><\/p>\n<h3><span style=\"color: #000000;\">Verwendet<\/span><\/h3>\n<p><span style=\"color: #000000;\"><strong>Erste Hilfe: <\/strong>Zur Vorbeugung von Infektionen bei kleinen Schnittwunden, Kratzern und Verbrennungen. Zum Aufweichen von Ohrenschmalz.&nbsp;<\/span><\/p>\n<p><span style=\"color: #000000;\"><strong>Mundsp\u00fclung:<\/strong> Zur Linderung leichter Reizungen im Mund, Fieberbl\u00e4schen und Zahnfleischentz\u00fcndungen.<\/span><\/p>\n<p><span style=\"color: #000000;\"><strong>Desinfektionsmittel<\/strong>: Das Reinigen von Arbeitsfl\u00e4chen und Schneidebrettern mit unverd\u00fcnntem Wasserstoffperoxid t\u00f6tet wirksam <em>E coli<\/em> Und <em>Salmonellen<\/em> Bakterien auf harten Oberfl\u00e4chen, wenn man es 10 Minuten bei Raumtemperatur auf der Oberfl\u00e4che einwirken l\u00e4sst.<\/span><\/p>\n<p><span style=\"color: #000000;\"><strong>Reinigen Sie das Innere von Ger\u00e4ten<\/strong>: Wischen Sie damit das Innere Ihres K\u00fchlschranks und Geschirrsp\u00fclers aus. Wasserstoffperoxid ist ungiftig und eignet sich daher hervorragend zum Reinigen von Ger\u00e4ten zur Lebensmittelaufbewahrung oder zum Reinigen von Geschirr und Besteck.<\/span><\/p>\n<p><span style=\"color: #000000;\"><strong>Waschen von Gem\u00fcse und frischen Produkten<\/strong>: Von Biog\u00e4rtnern empfohlen.<\/span><\/p>\n<p>&nbsp;<\/p>\n<h3><span style=\"color: #000000;\">Produktinformation<\/span><\/h3>\n<p><span style=\"color: #000000;\">Wasserstoffperoxid in Lebensmittelqualit\u00e4t<\/span><\/p>\n<p><span style=\"color: #000000;\">Nat\u00fcrliche Sauerstoffquelle<\/span><\/p>\n<p><span style=\"color: #000000;\">Keine Stabilisatoren, Zusatzstoffe oder Schwermetalle<\/span><\/p>\n<p><span style=\"color: #000000;\">Bei kontrollierter Anwendung ungiftig<\/span><\/p>\n<h3>&nbsp;<\/h3>\n<h3><span style=\"color: #000000;\">Warnhinweis<\/span><\/h3>\n<p><span style=\"color: #000000;\"><strong>Bitte holen Sie sich vor der Verwendung dieses Produkts spezifische Anleitungen f\u00fcr jedes Problem ein.<\/strong><\/span><\/p>\n<p><span style=\"color: #000000;\">Sollte nicht zur Behandlung tiefer Wunden, Tierbisse oder schwerer Verbrennungen verwendet werden<\/span><\/p>\n<p><span style=\"color: #000000;\">Nicht in die Augen geben.<\/span><\/p>\n<p><span style=\"color: #000000;\">Nicht mit Essig mischen<\/span><\/p>\n<p><span style=\"color: #000000;\">Au\u00dferhalb der Reichweite von Kindern aufbewahren.<\/span><\/p>","protected":false},"excerpt":{"rendered":"<ul>\n<li><span style=\"color: #000000;\">Flasche Wasserstoffperoxid 12% oder 35% \u2013 <strong>100ml,<\/strong> <strong>120ml, 250ml oder 1L<\/strong><\/span><\/li>\n<li><span style=\"color: #000000;\">Tropferkopf oder Spr\u00fchflasche<\/span><\/li>\n<li><span style=\"color: #000000;\">Bio-Lebensmittelqualit\u00e4t H<sub>2<\/sub>\u00d6<sub>2<\/sub><\/span><\/li>\n<li><span style=\"color: #000000;\">Mit einer hohen Sauerstoffkonzentration vollgepackt.<\/span><\/li>\n<li><span style=\"color: #000000;\">Keine Stabilisatoren, Zusatzstoffe oder Schwermetalle.<\/span><\/li>\n<li><span style=\"color: #000000;\">Tropfer im Inneren der Flasche installiert<\/span><\/li>\n<\/ul>","protected":false},"featured_media":7100,"comment_status":"closed","ping_status":"closed","template":"","meta":{"ngg_post_thumbnail":0},"product_brand":[],"product_cat":[329],"product_tag":[],"class_list":{"0":"post-6204","1":"product","2":"type-product","3":"status-publish","4":"has-post-thumbnail","6":"product_cat-remedy-supplements","8":"first","9":"instock","10":"taxable","11":"shipping-taxable","12":"purchasable","13":"product-type-variable"},"_links":{"self":[{"href":"https:\/\/laubeholistic.com\/de\/wp-json\/wp\/v2\/product\/6204","targetHints":{"allow":["GET"]}}],"collection":[{"href":"https:\/\/laubeholistic.com\/de\/wp-json\/wp\/v2\/product"}],"about":[{"href":"https:\/\/laubeholistic.com\/de\/wp-json\/wp\/v2\/types\/product"}],"replies":[{"embeddable":true,"href":"https:\/\/laubeholistic.com\/de\/wp-json\/wp\/v2\/comments?post=6204"}],"wp:featuredmedia":[{"embeddable":true,"href":"https:\/\/laubeholistic.com\/de\/wp-json\/wp\/v2\/media\/7100"}],"wp:attachment":[{"href":"https:\/\/laubeholistic.com\/de\/wp-json\/wp\/v2\/media?parent=6204"}],"wp:term":[{"taxonomy":"product_brand","embeddable":true,"href":"https:\/\/laubeholistic.com\/de\/wp-json\/wp\/v2\/product_brand?post=6204"},{"taxonomy":"product_cat","embeddable":true,"href":"https:\/\/laubeholistic.com\/de\/wp-json\/wp\/v2\/product_cat?post=6204"},{"taxonomy":"product_tag","embeddable":true,"href":"https:\/\/laubeholistic.com\/de\/wp-json\/wp\/v2\/product_tag?post=6204"}],"curies":[{"name":"wp","href":"https:\/\/api.w.org\/{rel}","templated":true}]}}