{"id":5985,"date":"2020-07-20T16:05:42","date_gmt":"2020-07-20T16:05:42","guid":{"rendered":"https:\/\/laubeholistic.com\/?post_type=product&#038;p=5985"},"modified":"2026-02-17T16:45:33","modified_gmt":"2026-02-17T16:45:33","slug":"cds-chlorine-dioxide-solution","status":"publish","type":"product","link":"https:\/\/laubeholistic.com\/de\/shop\/cds-chlorine-dioxide-solution\/","title":{"rendered":"CDS (3000 ppm)"},"content":{"rendered":"<h1 style=\"color: #000000;\">CDS (3000ppm) Chlordioxid-L\u00f6sung: Erweiterte Wellness-Unterst\u00fctzung<\/h1>\n<div style=\"padding: 56.25% 0 0 0; position: relative;\"><iframe style=\"position: absolute; top: 0; left: 0; width: 100%; height: 100%;\" title=\"CDS - was ist das und wie verwendet man es?\" src=\"https:\/\/player.vimeo.com\/video\/1165669923?badge=0&amp;autopause=0&amp;player_id=0&amp;app_id=58479\" frameborder=\"0\"><\/iframe><\/div>\n<p><script src=\"https:\/\/player.vimeo.com\/api\/player.js\"><\/script>Chlordioxidl\u00f6sung (CDS) hat in der ganzheitlichen Wellness-Gemeinschaft aufgrund seiner wirksamen F\u00e4higkeit, die Entgiftung, das mikrobielle Gleichgewicht und die allgemeine gesundheitliche Belastbarkeit zu unterst\u00fctzen, zunehmende Aufmerksamkeit erlangt. Bei Laube Holistic wird unser CDS fachm\u00e4nnisch mit 50% Zitronens\u00e4ure in Kombination mit Natriumchlorit hergestellt, um ein hochgereinigtes Gas zu erzeugen, das dann in kaltem destilliertem Wasser aufgel\u00f6st wird, um eine gebrauchsfertige L\u00f6sung mit einer charakteristischen gelben F\u00e4rbung zu erhalten. Im Gegensatz zu herk\u00f6mmlichen Methoden, die gemischt werden m\u00fcssen und zu hartem Geschmack oder Magen-Darm-Beschwerden f\u00fchren k\u00f6nnen, ist unsere CDS-Formulierung sanft, schonend und sowohl f\u00fcr den Komfort als auch f\u00fcr die Wirksamkeit optimiert.<\/p>\n<p style=\"color: #000000;\">CDS ist das Ergebnis der Absorption von freigesetztem Gas, das aus der Mischung von Natriumchlorit mit einer beliebigen S\u00e4ure entsteht (wir verwenden ausschlie\u00dflich Zitronens\u00e4ure 50% zur Herstellung von CDS) und dessen Verd\u00fcnnung in kaltem destilliertem Wasser. Da das entstehende Gas sehr gut l\u00f6slich ist, wird es eingefangen und f\u00e4rbt das Wasser mit seinem charakteristischen gelben Farbton.<\/p>\n<p style=\"color: #000000;\">Der Hauptvorteil einer Chlordioxidl\u00f6sung besteht darin, dass wir eine L\u00f6sung herstellen k\u00f6nnen, die weder unangenehm schmeckt noch Durchfall verursacht.<\/p>\n<p style=\"color: #000000;\">Dar\u00fcber hinaus ist CDS ein Fertigprodukt. Es ist kein zus\u00e4tzliches Mischen erforderlich.<\/p>\n<p style=\"color: #000000;\">Laube Holistic bietet CDS in verschiedenen Formaten an: 120ml und 250ml Tropfflaschen, eine 100ml Spr\u00fchflasche f\u00fcr die topische Anwendung oder einen 1L Gro\u00dfbeh\u00e4lter. Die 1-Liter-Gr\u00f6\u00dfe wird mit einer kostenlosen 10-ml-Spritze f\u00fcr eine genaue Dosierung geliefert. F\u00fcr noch mehr Pr\u00e4zision und Leichtigkeit, insbesondere bei gr\u00f6\u00dferen Flaschen, empfehlen wir die Verwendung eines <a style=\"color: #0000ff;\" href=\"https:\/\/laubeholistic.com\/de\/shop\/glass-pipette-of-10ml-20cm\/\"><strong>Glaspipette mit langem Hals<\/strong><\/a>.<\/p>\n<p style=\"color: #000000;\">Die Chlordioxidl\u00f6sung von Laube Holistic kann in verd\u00fcnnter oder topischer Form verwendet werden. Werfen Sie einen Blick auf die <a style=\"color: #0000ff;\" href=\"https:\/\/laubeholistic.com\/de\/protocols-and-manuals\/\"><strong>Protokolle f\u00fcr CDS<\/strong><\/a> um mehr \u00fcber seine Verwendung zu erfahren. Wir empfehlen den Einstieg mit <a style=\"color: #0000ff;\" href=\"https:\/\/laubeholistic.com\/wp-content\/uploads\/PDF-Protocol-C-ENG.pdf\">Protokoll C (101)<\/a> als Leitfaden f\u00fcr Ihr Fundament.<\/p>\n<h2 style=\"margin-top: 40px;\">H\u00e4ufig gestellte Fragen<\/h2>\n<div class=\"accordion\">\n\t<div id=\"accordion-2344716525\" class=\"accordion-item\">\n\t\t<a id=\"accordion-2344716525-label\" class=\"accordion-title plain\" href=\"#accordion-item-what-is-cds-chlorine-dioxide-solution,-and-what-are-its-benefits?\" aria-expanded=\"false\" aria-controls=\"accordion-2344716525-content\">\n\t\t\t<button class=\"toggle\" aria-label=\"Umschalten\"><i class=\"icon-angle-down\" aria-hidden=\"true\"><\/i><\/button>\n\t\t\t<span>Was ist CDS-Chlordioxidl\u00f6sung und welche Vorteile bietet sie?<\/span>\n\t\t<\/a>\n\t\t<div id=\"accordion-2344716525-content\" class=\"accordion-inner\" aria-labelledby=\"accordion-2344716525-label\">\n\t\t\t\n<p>CDS Chlordioxidl\u00f6sung ist ein Fertigprodukt, das durch die Reaktion von Natriumchlorit mit Zitronens\u00e4ure entsteht. Das Ergebnis ist eine L\u00f6sung mit einem charakteristischen Gelbton aufgrund der L\u00f6slichkeit. Zu den Vorteilen geh\u00f6ren:<\/p>\n<ul>\n<li>Kein unangenehmer Geschmack und kein Durchfall, was es sicher und praktisch f\u00fcr verschiedene Anwendungen macht.<\/li>\n<li>Fertigprodukt, kein zus\u00e4tzliches Mischen erforderlich.<\/li>\n<li>Wirksam sowohl in verd\u00fcnnter als auch in topischer Form, wie im Protokoll C von Laube Holistic (101) beschrieben.<\/li>\n<\/ul>\n\t\t<\/div>\n\t<\/div>\n\t\n\t<div id=\"accordion-3144763497\" class=\"accordion-item\">\n\t\t<a id=\"accordion-3144763497-label\" class=\"accordion-title plain\" href=\"#accordion-item-how-long-does-a-120ml-and-a-250ml-bottle-of-cds-chlorine-dioxide-solution-last?\" aria-expanded=\"false\" aria-controls=\"accordion-3144763497-content\">\n\t\t\t<button class=\"toggle\" aria-label=\"Umschalten\"><i class=\"icon-angle-down\" aria-hidden=\"true\"><\/i><\/button>\n\t\t\t<span>Wie lange ist eine 120-ml- und eine 250-ml-Flasche CDS-Chlordioxidl\u00f6sung haltbar?<\/span>\n\t\t<\/a>\n\t\t<div id=\"accordion-3144763497-content\" class=\"accordion-inner\" aria-labelledby=\"accordion-3144763497-label\">\n\t\t\t\n<p>Die 120-ml-Flasche reicht bei einer Dosierung von 1 ml\/Tag f\u00fcr 120 Tage, bei einer Dosierung von 10 ml\/Tag f\u00fcr 12 Tage (Protokoll C).<\/p>\n<p>Die 250-ml-Flasche bietet einen 250-Tage-Vorrat bei 1 ml\/Tag oder einen 25-Tage-Vorrat bei 10 ml\/Tag (Protokoll C).<\/p>\n\t\t<\/div>\n\t<\/div>\n\t\n\t<div id=\"accordion-1573893249\" class=\"accordion-item\">\n\t\t<a id=\"accordion-1573893249-label\" class=\"accordion-title plain\" href=\"#accordion-item-can-i-get-a-discount-when-purchasing-multiple-sets-of-cds-chlorine-dioxide-solution-bottles?\" aria-expanded=\"false\" aria-controls=\"accordion-1573893249-content\">\n\t\t\t<button class=\"toggle\" aria-label=\"Umschalten\"><i class=\"icon-angle-down\" aria-hidden=\"true\"><\/i><\/button>\n\t\t\t<span>Bekomme ich einen Rabatt, wenn ich mehrere Sets CDS-Chlordioxidl\u00f6sungsflaschen kaufe?<\/span>\n\t\t<\/a>\n\t\t<div id=\"accordion-1573893249-content\" class=\"accordion-inner\" aria-labelledby=\"accordion-1573893249-label\">\n\t\t\t\n<ul>\n<li>Beim Kauf von 3 Flaschensets wird ein Rabatt von 10% gew\u00e4hrt.<\/li>\n<li>Beim Kauf von 5 Flaschensets erhalten Sie einen Rabatt von 15%.<\/li>\n<\/ul>\n\t\t<\/div>\n\t<\/div>\n\t\n\t<div id=\"accordion-3150392501\" class=\"accordion-item\">\n\t\t<a id=\"accordion-3150392501-label\" class=\"accordion-title plain\" href=\"#accordion-item-what-is-the-dropper-inside-the-cds-chlorine-dioxide-solution-bottles-for?\" aria-expanded=\"false\" aria-controls=\"accordion-3150392501-content\">\n\t\t\t<button class=\"toggle\" aria-label=\"Umschalten\"><i class=\"icon-angle-down\" aria-hidden=\"true\"><\/i><\/button>\n\t\t\t<span>Wozu dient die Pipette in den CDS-Chlordioxidl\u00f6sungsflaschen?<\/span>\n\t\t<\/a>\n\t\t<div id=\"accordion-3150392501-content\" class=\"accordion-inner\" aria-labelledby=\"accordion-3150392501-label\">\n\t\t\t\n<p>Die in den Flaschen eingebaute Pipette ist f\u00fcr eine pr\u00e4zise Dosierung ausgelegt und erm\u00f6glicht es Benutzern, die genaue Menge an CDS-L\u00f6sung abzumessen und abzugeben, die f\u00fcr verschiedene Anwendungen ben\u00f6tigt wird, wie in den Protokollen und Handb\u00fcchern empfohlen.<\/p>\n\t\t<\/div>\n\t<\/div>\n\t\n\t<div id=\"accordion-1460354169\" class=\"accordion-item\">\n\t\t<a id=\"accordion-1460354169-label\" class=\"accordion-title plain\" href=\"#accordion-item-where-can-i-access-the-protocols-and-manuals-for-cds-chlorine-dioxide-solution?\" aria-expanded=\"false\" aria-controls=\"accordion-1460354169-content\">\n\t\t\t<button class=\"toggle\" aria-label=\"Umschalten\"><i class=\"icon-angle-down\" aria-hidden=\"true\"><\/i><\/button>\n\t\t\t<span>Wo kann ich auf die Protokolle und Handb\u00fccher f\u00fcr die CDS-Chlordioxidl\u00f6sung zugreifen?<\/span>\n\t\t<\/a>\n\t\t<div id=\"accordion-1460354169-content\" class=\"accordion-inner\" aria-labelledby=\"accordion-1460354169-label\">\n\t\t\t\n<p>Die Protokolle und Handb\u00fccher f\u00fcr CDS Chlordioxidl\u00f6sung k\u00f6nnen \u00fcber den angegebenen Link heruntergeladen werden. Diese Ressourcen bieten klare und personalisierte Ratschl\u00e4ge und Anleitungen, die den Benutzern helfen, das Produkt effektiv zu nutzen.<\/p>\n\t\t<\/div>\n\t<\/div>\n\t\n<\/div>\n<h2 style=\"color: #000000; margin-top: 40px;\">Schlussfolgerung<\/h2>\n<p style=\"color: #000000;\">Das CDS von Laube Holistic ist mehr als nur ein Nahrungserg\u00e4nzungsmittel, es ist eine Verpflichtung zu Qualit\u00e4t, Pr\u00e4zision und ganzheitlicher Unterst\u00fctzung. Ganz gleich, ob Sie spezielle Wellness-Herausforderungen angehen oder einfach ein sauberes inneres Milieu aufrechterhalten wollen, unsere CDS-Produkte bieten Konsistenz, Reinheit und Anleitung. Durch die Beibehaltung der Integrit\u00e4t traditioneller Pr\u00e4parate und deren Erg\u00e4nzung durch verbesserte Verabreichungsmethoden gew\u00e4hrleisten wir eine zug\u00e4ngliche und wirksame L\u00f6sung f\u00fcr die t\u00e4gliche Entgiftung und das mikrobielle Gleichgewicht. Mit der Unterst\u00fctzung bew\u00e4hrter Protokolle und fachkundiger Formulierungen k\u00f6nnen Sie Ihre Wellness-Reise getrost auf die n\u00e4chste Stufe heben.<\/p>\n<p style=\"color: #000000;\">Wenn Sie Fragen haben oder Unterst\u00fctzung bei der Erstellung eines auf Ihre Bed\u00fcrfnisse zugeschnittenen Protokolls ben\u00f6tigen, z\u00f6gern Sie nicht, sich an Tobias und unser kompetentes Team zu wenden, um eine pers\u00f6nliche Beratung zu erhalten.<\/p>","protected":false},"excerpt":{"rendered":"<ul>\n<li><span style=\"color: #000000;\">Flasche CDS \u2013 Chlordioxidl\u00f6sung \u2013 <strong>120 ml, 250 ml, 100 ml Spray oder 1 l<br \/>\n<\/strong><\/span><\/li>\n<li><span style=\"color: #000000;\">10% Rabatt auf 3 Sets &amp; 15% Rabatt auf 5 Sets<\/span><\/li>\n<li><span style=\"color: #000000;\">Tropfer im Inneren der Flasche installiert<\/span><\/li>\n<li><span style=\"color: #000000;\"><span style=\"color: #0000ff;\"><a style=\"color: #0000ff;\" href=\"https:\/\/laubeholistic.com\/de\/protocols-and-manuals\/\">klicken Sie hier<\/a><\/span> zum Download von Protokollen und Handb\u00fcchern<\/span>&nbsp;<\/li>\n<\/ul>\n<p><em><strong><span style=\"color: #000000;\">Angebotsberechnung:<\/span><\/strong><\/em><\/p>\n<p><strong><span style=\"color: #000000;\">120-ml-Flasche: 1 ml\/Tag = Vorrat f\u00fcr 120 Tage, 10 ml\/Tag (Protokoll C) = Vorrat f\u00fcr 12 Tage<\/span><\/strong><\/p>\n<p><strong><span style=\"color: #000000;\">250-ml-Flasche: 1 ml\/Tag = Vorrat f\u00fcr 250 Tage, 10 ml\/Tag (Protokoll C) = Vorrat f\u00fcr 25 Tage<\/span><\/strong><\/p>\n<p><span class=\"_5yl5\" style=\"color: #000000;\" data-reactid=\".2h.$mid=11416827275330=23ad044a3231aa88f85.2:0.0.0.0.0\">Wir bieten Ihnen eine klare und pers\u00f6nliche Beratung und Anleitung, falls Sie bei der Verwendung dieses Produkts Hilfe ben\u00f6tigen.<\/span><\/p>","protected":false},"featured_media":10732,"comment_status":"open","ping_status":"closed","template":"","meta":{"ngg_post_thumbnail":0},"product_brand":[],"product_cat":[326],"product_tag":[249,255,280,124,94,281],"class_list":{"0":"post-5985","1":"product","2":"type-product","3":"status-publish","4":"has-post-thumbnail","6":"product_cat-chlorine-dioxide-category","7":"product_tag-chlorine-dioxide","8":"product_tag-chlorine-dioxide-solution","9":"product_tag-discount","10":"product_tag-hydrochloric-acid","11":"product_tag-hydrochloric-acid-4","12":"product_tag-quantity-discount","14":"first","15":"instock","16":"taxable","17":"shipping-taxable","18":"purchasable","19":"product-type-variable"},"_links":{"self":[{"href":"https:\/\/laubeholistic.com\/de\/wp-json\/wp\/v2\/product\/5985","targetHints":{"allow":["GET"]}}],"collection":[{"href":"https:\/\/laubeholistic.com\/de\/wp-json\/wp\/v2\/product"}],"about":[{"href":"https:\/\/laubeholistic.com\/de\/wp-json\/wp\/v2\/types\/product"}],"replies":[{"embeddable":true,"href":"https:\/\/laubeholistic.com\/de\/wp-json\/wp\/v2\/comments?post=5985"}],"wp:featuredmedia":[{"embeddable":true,"href":"https:\/\/laubeholistic.com\/de\/wp-json\/wp\/v2\/media\/10732"}],"wp:attachment":[{"href":"https:\/\/laubeholistic.com\/de\/wp-json\/wp\/v2\/media?parent=5985"}],"wp:term":[{"taxonomy":"product_brand","embeddable":true,"href":"https:\/\/laubeholistic.com\/de\/wp-json\/wp\/v2\/product_brand?post=5985"},{"taxonomy":"product_cat","embeddable":true,"href":"https:\/\/laubeholistic.com\/de\/wp-json\/wp\/v2\/product_cat?post=5985"},{"taxonomy":"product_tag","embeddable":true,"href":"https:\/\/laubeholistic.com\/de\/wp-json\/wp\/v2\/product_tag?post=5985"}],"curies":[{"name":"wp","href":"https:\/\/api.w.org\/{rel}","templated":true}]}}