{"id":5773,"date":"2020-06-22T17:17:34","date_gmt":"2020-06-22T17:17:34","guid":{"rendered":"https:\/\/laubeholistic.com\/?post_type=product&#038;p=5773"},"modified":"2024-06-10T12:40:53","modified_gmt":"2024-06-10T12:40:53","slug":"essiac-tea","status":"publish","type":"product","link":"https:\/\/laubeholistic.com\/de\/shop\/essiac-tea\/","title":{"rendered":"Essiac-Tee"},"content":{"rendered":"<h2><span style=\"color: #000000;\">Die sch\u00f6ne Geschichte von Rene Caisse, dem \u201eErfinder des ESSIAC-Tees\u201c, ist bemerkenswert!<\/span><\/h2>\n<p><span style=\"color: #000000;\">Der ESSIAC-Tee ist eine Kr\u00e4utermischung, die seit 1922 verwendet wird. Die Mischung wurde der Krankenschwester Rene Caisse von einem kanadischen Medizinmann der Ojibwa-Indianer gegeben. Die in Bracebridge, Ontario, geborene Krankenschwester Caisse bereitete ihre urspr\u00fcngliche Kr\u00e4utermischung zu einem Getr\u00e4nk namens Essiac zu, was ihr Nachname r\u00fcckw\u00e4rts buchstabiert ist.<\/span><\/p>\n<p><span style=\"color: #000000;\">Von 1922 bis 1978 gab Rene Caisse in ihrer Klinik in Ontario, Kanada, unz\u00e4hligen Menschen ihren Kr\u00e4utertee als Heilmittel gegen Krebs. Ihre Klinik wurde durch Spenden finanziert, die sie annahm, da sie Zahlungen f\u00fcr ihre Hilfe ablehnte. Obwohl sie Zahlungen f\u00fcr ihre Dienste ablehnte, nahm sie Spenden an, um ihre Klinik zu unterst\u00fctzen. Rene Caisse hat f\u00fcnfzig Jahre ihres Lebens der Hilfe f\u00fcr Menschen mit der Essiac-Formel gewidmet.<\/span><\/p>\n<p><span style=\"color: #000000;\">Rene Caisse wird weiterhin f\u00fcr ihren Beitrag zur Naturheilkunde gesch\u00e4tzt und in Erinnerung behalten. In Bracebridge und am Canadian College of Naturopathic Medicine in Toronto wurden ihr zu Ehren Bronzeskulpturen von Schwester Caisse errichtet.<\/span><\/p>\n<h3><a href=\"https:\/\/youtu.be\/zFE2xaQMBhA\" target=\"_blank\" rel=\"noopener\">Der Dokumentarfilm \u00fcber Essiac und Krebs \u2013 Die Geschichte von Rene Caisse<\/a><\/h3>\n<p><a href=\"http:\/\/https:\/\/youtu.be\/zFE2xaQMBhA\" target=\"_blank\" rel=\"noopener noreferrer\"><img loading=\"lazy\" decoding=\"async\" class=\"alignnone wp-image-5798 size-medium\" src=\"https:\/\/laubeholistic.com\/wp-content\/uploads\/Rene-Caisse-2-300x186.png\" alt=\"Rene Caisse\" width=\"300\" height=\"186\" srcset=\"https:\/\/laubeholistic.com\/wp-content\/uploads\/Rene-Caisse-2-300x186.png 300w, https:\/\/laubeholistic.com\/wp-content\/uploads\/Rene-Caisse-2-510x316.png 510w, https:\/\/laubeholistic.com\/wp-content\/uploads\/Rene-Caisse-2.png 556w\" sizes=\"auto, (max-width: 300px) 100vw, 300px\" \/><\/a><\/p>\n<p><a href=\"https:\/\/youtu.be\/zFE2xaQMBhA\" target=\"_blank\" rel=\"noopener\">Klicken Sie hier, um den Dokumentarfilm anzusehen<\/a><\/p>\n<h3><span style=\"color: #000000;\">Wichtige Notizen:<\/span><\/h3>\n<ul class=\"list-unstyled\">\n<li><span style=\"color: #000000;\">Keine Nahrung 1 Stunde vor und nach dem Verzehr von Essiac-Tee<\/span><\/li>\n<li><span style=\"color: #000000;\">Keine S\u00e4fte 30 Minuten vor und nach dem Verzehr von Essiac-Tee<sup><br \/>\n<\/sup><\/span><\/li>\n<li><span style=\"color: #000000;\">Nicht w\u00e4hrend der Schwangerschaft, von stillenden M\u00fcttern oder S\u00e4uglingen einnehmen<\/span><\/li>\n<\/ul>\n<h2><span style=\"color: #000000;\"><strong>Anleitung zur Zubereitung des ESSIAC-Tees<\/strong><\/span><\/h2>\n<p><a href=\"https:\/\/laubeholistic.com\/wp-content\/uploads\/Essiac-Tea-Instruction-ENG.zip\">KLICKEN SIE HIER, UM DIE DATEI AUF ENGLISCH HERUNTERZULADEN<\/a><\/p>\n<h2>&nbsp;<\/h2>\n<h2><span style=\"color: #000000;\">Die Kr\u00e4uter <\/span><\/h2>\n<p><span style=\"color: #000000;\"><strong>Klettenwurzel (Arctium Lappa)<\/strong><\/span><\/p>\n<p><span style=\"color: #000000;\">Wird traditionell verwendet, um einen gesunden Magen-Darm-Trakt aufrechtzuerhalten und eine gesunde Immunreaktion zu unterst\u00fctzen.<\/span><\/p>\n<p><span style=\"color: #000000;\"><strong>Rinde der Rotulme (Ulmus Fulva)<\/strong><\/span><\/p>\n<p><span style=\"color: #000000;\">Enth\u00e4lt gro\u00dfe Mengen an Tanninen und Schleimstoffen, die die gesunde Schleimbeseitigung im K\u00f6rper erleichtern sollen.<\/span><\/p>\n<p><span style=\"color: #000000;\"><strong>Sauerampferbl\u00e4tter (Rumex Acetosella)<\/strong><\/span><\/p>\n<p><span style=\"color: #000000;\">Dieses Kraut wird in der traditionellen Kr\u00e4uterheilkunde zur K\u00fchlung des K\u00f6rpers verwendet und unterst\u00fctzt die normale Abfallbeseitigung \u00fcber die Nieren.<\/span><\/p>\n<p><span style=\"color: #000000;\"><strong>Indische Rhabarberwurzel (Rheum Officinale)<\/strong><\/span><\/p>\n<p><span style=\"color: #000000;\">Traditionell in kleinen Mengen verwendet, unterst\u00fctzt dieses Kraut die normale Abfallbeseitigung in der Leber.<\/span><\/p>\n<p>&nbsp;<\/p>\n<p>*<u>Haftungsausschluss<\/u>: Diese Aussage wurde von der Lebensmittel- und Arzneimittelbeh\u00f6rde nicht bewertet. Die angezeigten Informationen und Produkte d\u00fcrfen nicht als medizinischer Rat und\/oder anstelle einer medizinischen Behandlung jeglicher Art verwendet werden. Alle Informationen und Produkte sind NUR als Nahrungserg\u00e4nzungsmittel zu verwenden und d\u00fcrfen nicht zur Behandlung, Linderung oder Heilung von Symptomen, Krankheiten oder Leiden eingesetzt werden. Laube Holistic Health Solutions erhebt keine medizinischen Anspr\u00fcche f\u00fcr die auf dieser Website aufgef\u00fchrten Produkte. Die Informationen auf dieser Website dienen nur der \u00f6ffentlichen Kenntnis.<\/p>","protected":false},"excerpt":{"rendered":"<p><span style=\"color: #000000;\">Die Originalformel von Krankenschwester Rene Caisse<\/span><\/p>\n<p><span style=\"color: #000000;\">Die Vier-Kr\u00e4uter-Mischung<\/span><\/p>\n<p><span style=\"color: #000000;\">15-g-Beutel f\u00fcr einen Monatsvorrat<\/span><\/p>\n<p><span style=\"color: #000000;\">Anleitungen werden in gedruckter Form und als Download-Datei geliefert<\/span> <a href=\"https:\/\/laubeholistic.com\/wp-content\/uploads\/Essiac-Tea-Instruction-ENG.zip\">HIER<\/a><\/p>","protected":false},"featured_media":5860,"comment_status":"closed","ping_status":"closed","template":"","meta":{"ngg_post_thumbnail":0},"product_brand":[],"product_cat":[328],"product_tag":[],"class_list":{"0":"post-5773","1":"product","2":"type-product","3":"status-publish","4":"has-post-thumbnail","6":"product_cat-teas","8":"first","9":"outofstock","10":"taxable","11":"shipping-taxable","12":"purchasable","13":"product-type-variable"},"_links":{"self":[{"href":"https:\/\/laubeholistic.com\/de\/wp-json\/wp\/v2\/product\/5773","targetHints":{"allow":["GET"]}}],"collection":[{"href":"https:\/\/laubeholistic.com\/de\/wp-json\/wp\/v2\/product"}],"about":[{"href":"https:\/\/laubeholistic.com\/de\/wp-json\/wp\/v2\/types\/product"}],"replies":[{"embeddable":true,"href":"https:\/\/laubeholistic.com\/de\/wp-json\/wp\/v2\/comments?post=5773"}],"wp:featuredmedia":[{"embeddable":true,"href":"https:\/\/laubeholistic.com\/de\/wp-json\/wp\/v2\/media\/5860"}],"wp:attachment":[{"href":"https:\/\/laubeholistic.com\/de\/wp-json\/wp\/v2\/media?parent=5773"}],"wp:term":[{"taxonomy":"product_brand","embeddable":true,"href":"https:\/\/laubeholistic.com\/de\/wp-json\/wp\/v2\/product_brand?post=5773"},{"taxonomy":"product_cat","embeddable":true,"href":"https:\/\/laubeholistic.com\/de\/wp-json\/wp\/v2\/product_cat?post=5773"},{"taxonomy":"product_tag","embeddable":true,"href":"https:\/\/laubeholistic.com\/de\/wp-json\/wp\/v2\/product_tag?post=5773"}],"curies":[{"name":"wp","href":"https:\/\/api.w.org\/{rel}","templated":true}]}}