{"id":57,"date":"2014-05-28T08:01:18","date_gmt":"2014-05-28T08:01:18","guid":{"rendered":"http:\/\/www.harmonikdesign.com\/activatedmineralsolution\/?post_type=product&#038;p=57"},"modified":"2026-03-03T14:54:47","modified_gmt":"2026-03-03T14:54:47","slug":"full-set-ams-with-dmso","status":"publish","type":"product","link":"https:\/\/laubeholistic.com\/de\/shop\/full-set-ams-with-dmso\/","title":{"rendered":"AMS Set + DMSO"},"content":{"rendered":"<p><span style=\"font-family: arial, helvetica, sans-serif; font-size: 18pt; color: #000000;\">AMS Set + DMSO<br \/>\n<\/span><\/p>\n<p><span style=\"color: #000000;\">Dies ist der GR\u00d6SSERE Bruder Guardian of the <strong>Vollst\u00e4ndiges AMS-Set. <\/strong>Eine zus\u00e4tzliche Schutzebene, die Ihnen mehr Sicherheit und Komfort bietet.<\/span><\/p>\n<p><span style=\"color: #000000;\">Wann immer ich irgendeine Art von k\u00f6rperlichen Schmerzen im ganzen K\u00f6rper durch Prellungen, Muskeln, B\u00e4nder, Knochen oder Gelenke versp\u00fcre, wende ich mich an DMSO. Das&nbsp;<strong>DMSO<\/strong>&nbsp;inbegriffen <span style=\"text-decoration: underline;\">und erm\u00e4\u00dfigt<\/span> in diesem Set, lindert meine Wehwehchen und l\u00e4sst den Schmerz durch Hautkontakt, einfaches Einreiben, verschwinden!<\/span><\/p>\n<p><span style=\"color: #000000;\">Es ist die L\u00f6sung, die Sie zur Linderung von Kopfschmerzen, Nackenschmerzen, Schmerzen, die Sie als Sportler oder Athlet versp\u00fcren, oder wenn Sie unter den Beschwerden einer chronischen Krankheit leiden, ben\u00f6tigen.<\/span><\/p>\n<p><span style=\"color: #000000;\"><strong>DMSO<\/strong> ist notwendig f\u00fcr die fortgeschrittenen und gr\u00f6\u00dferen Potenziale in&nbsp;<strong>PROTOKOLL 1000+<\/strong><\/span><br \/>\n<a href=\"https:\/\/laubeholistic.com\/wp-content\/uploads\/PDF-Protocol-1000-ENG.pdf\" target=\"_blank\" rel=\"noopener noreferrer\">Hier PDF herunterladen<\/a><\/p>\n<p><span style=\"color: #000000;\"><strong>DMSO<\/strong> kann verwendet werden&nbsp;<span style=\"text-decoration: underline;\">oben drauf<\/span> eines&nbsp;<strong>AMS<\/strong> topische Anwendung wie in diesem Video gezeigt:<\/span><\/p>\n<p><span style=\"color: #000000;\"><strong>DMSO<\/strong> kann auch allein verwendet werden, um Schmerzen verschwinden zu lassen, wie hier gezeigt:<\/span><\/p>\n<p><a href=\"https:\/\/vimeo.com\/514906487\" target=\"_blank\" rel=\"noopener\">https:\/\/youtu.\/p_gIYyB1EN8<\/a><\/p>\n<p><span style=\"color: #000000;\">F\u00fcr eine Demonstration des Protokolls 1000:<\/span><\/p>\n<p><span class=\"_5yl5\" style=\"color: #000000;\" data-reactid=\".2h.$mid=11416827275330=23ad044a3231aa88f85.2:0.0.0.0.0\">Wenn Ihr Problem, Ihre Beschwerde oder Ihre Krankheit auf dieser Website nicht behandelt wird, kontaktieren Sie uns bitte per E-Mail oder Telefon und wir beraten und helfen Ihnen gern.&nbsp;<span class=\"_5yl5\" data-reactid=\".1k.$mid=11416832347515=2f7e62a9de5b0f0e178.2:0.0.0.0.0\">Auf diese Qualit\u00e4t und diesen Service legen wir gr\u00f6\u00dften Wert.<\/span><\/span><\/p>","protected":false},"excerpt":{"rendered":"<ul>\n<li><span style=\"color: #000000;\">Natriumchlorit (NaClO2) \u2013 120 ml oder 250 ml<\/span><\/li>\n<li><span style=\"color: #000000;\">Salzs\u00e4ure (4%) \u2013 120 ml oder 250 ml<\/span><\/li>\n<li><span style=\"color: #000000;\">Dimethylsulfoxid (99,9%) \u2013 120 ml oder 250 ml<\/span><\/li>\n<li><span style=\"color: #000000;\">In den Flaschen installierter Tropfer<\/span><\/li>\n<li><span style=\"color: #000000;\"><strong>10% Rabatt auf 3 Sets &amp; 15% Rabatt auf 5 Sets<\/strong><\/span><\/li>\n<li><a href=\"https:\/\/laubeholistic.com\/de\/protocols-and-manuals\/\"><strong>klicken Sie hier<\/strong><\/a> <span style=\"color: #000000;\">zum Download von Protokollen und Handb\u00fcchern<\/span><\/li>\n<\/ul>\n<p><span style=\"color: #000000;\">In den k\u00e4lteren Monaten kristallisiert das DMSO in der Flasche. Um es wieder in einen fl\u00fcssigen Zustand zu versetzen, stellen Sie die geschlossene Flasche einfach in warmes Wasser und warten Sie zehn Minuten. KEIN kochendes Wasser.<\/span><\/p>\n<p><span class=\"_5yl5\" style=\"color: #000000;\" data-reactid=\".2h.$mid=11416827275330=23ad044a3231aa88f85.2:0.0.0.0.0\">Wir bieten klare und pers\u00f6nliche Beratung und Anleitung, falls Sie Hilfe bei der Verwendung dieses Produkts ben\u00f6tigen.<\/span><\/p>\n<p><span style=\"color: #000000;\">Sehen Sie sich die Videodemonstrationen und das Protokoll 1000 weiter unten auf dieser Seite an.<\/span><\/p>","protected":false},"featured_media":10746,"comment_status":"closed","ping_status":"closed","template":"","meta":{"ngg_post_thumbnail":0},"product_brand":[],"product_cat":[326],"product_tag":[260,118,258,249,257,280,124,94,154,256,281,128,266,108],"class_list":{"0":"post-57","1":"product","2":"type-product","3":"status-publish","4":"has-post-thumbnail","6":"product_cat-chlorine-dioxide-category","7":"product_tag-aches-and-pains","8":"product_tag-amsmms-dmso","9":"product_tag-arthritis","10":"product_tag-chlorine-dioxide","11":"product_tag-dimethyl-sulfoxide","12":"product_tag-discount","13":"product_tag-hydrochloric-acid","14":"product_tag-hydrochloric-acid-4","15":"product_tag-mms-es","16":"product_tag-pain-relief","17":"product_tag-quantity-discount","18":"product_tag-sodium-chlorite","19":"product_tag-topical-pain-relief","20":"product_tag-water-purification","22":"first","23":"instock","24":"taxable","25":"shipping-taxable","26":"purchasable","27":"product-type-variable"},"_links":{"self":[{"href":"https:\/\/laubeholistic.com\/de\/wp-json\/wp\/v2\/product\/57","targetHints":{"allow":["GET"]}}],"collection":[{"href":"https:\/\/laubeholistic.com\/de\/wp-json\/wp\/v2\/product"}],"about":[{"href":"https:\/\/laubeholistic.com\/de\/wp-json\/wp\/v2\/types\/product"}],"replies":[{"embeddable":true,"href":"https:\/\/laubeholistic.com\/de\/wp-json\/wp\/v2\/comments?post=57"}],"wp:featuredmedia":[{"embeddable":true,"href":"https:\/\/laubeholistic.com\/de\/wp-json\/wp\/v2\/media\/10746"}],"wp:attachment":[{"href":"https:\/\/laubeholistic.com\/de\/wp-json\/wp\/v2\/media?parent=57"}],"wp:term":[{"taxonomy":"product_brand","embeddable":true,"href":"https:\/\/laubeholistic.com\/de\/wp-json\/wp\/v2\/product_brand?post=57"},{"taxonomy":"product_cat","embeddable":true,"href":"https:\/\/laubeholistic.com\/de\/wp-json\/wp\/v2\/product_cat?post=57"},{"taxonomy":"product_tag","embeddable":true,"href":"https:\/\/laubeholistic.com\/de\/wp-json\/wp\/v2\/product_tag?post=57"}],"curies":[{"name":"wp","href":"https:\/\/api.w.org\/{rel}","templated":true}]}}