{"id":55,"date":"2014-05-28T09:00:18","date_gmt":"2014-05-28T09:00:18","guid":{"rendered":"http:\/\/www.harmonikdesign.com\/activatedmineralsolution\/?post_type=product&#038;p=55"},"modified":"2026-03-03T14:52:47","modified_gmt":"2026-03-03T14:52:47","slug":"dmso-dimethyl-sulfoxide-99","status":"publish","type":"product","link":"https:\/\/laubeholistic.com\/de\/shop\/dmso-dimethyl-sulfoxide-99\/","title":{"rendered":"DMSO \u2013 Dimethylsulfoxid"},"content":{"rendered":"<h1><span style=\"color: #000000;\">Die erstaunlichen Vorteile von Dimethylsulfoxid. <strong>DMSO<\/strong> kurz gesagt.<br \/>\n<\/span><\/h1>\n<div style=\"padding: 56.25% 0 0 0; position: relative;\"><iframe style=\"position: absolute; top: 0; left: 0; width: 100%; height: 100%;\" title=\"DMSO - was ist es und wie wird es verwendet?\" src=\"https:\/\/player.vimeo.com\/video\/1165670038?badge=0&amp;autopause=0&amp;player_id=0&amp;app_id=58479\" frameborder=\"0\"><\/iframe><\/div>\n<p><script src=\"https:\/\/player.vimeo.com\/api\/player.js\"><\/script><\/p>\n<p><strong><span style=\"color: #000000;\">Diese unglaubliche nat\u00fcrliche L\u00f6sung ist die absolute Antwort zur Schmerzlinderung.<\/span><\/strong><\/p>\n<p><span style=\"color: #000000;\">Es gibt viele Menschen (mich eingeschlossen), deren erste Reaktion auf Schmerzen nach dem Training, Gewichtheben, Kampfsport oder einfach nach einer Verletzung w\u00e4re: \u201e<em><strong>Ich brauche ein Schmerzmittel<\/strong><\/em>\u201d .<\/span><\/p>\n<p><span style=\"color: #000000;\">W\u00e4hrend die Mehrheit der herk\u00f6mmlichen Schmerzmittel nur die Symptome des Schmerzes behandelt und oft schwere Nebenwirkungen verursacht,&nbsp;<strong>DMSO<\/strong> wurde gr\u00fcndlich getestet und hat sich (mit \u00fcber 14.000 schriftlichen Studien) als wirksam erwiesen, um SCHMERZEN AN DER QUELLE zu bek\u00e4mpfen.&nbsp;<\/span><\/p>\n<p><span style=\"color: #000000;\">Die Verwendung von topischen <strong>DMSO<\/strong> sorgt f\u00fcr eine dauerhafte Schmerzlinderung, im Gegensatz zu herk\u00f6mmlichen Medikamenten, die den Schmerz lediglich \u00fcberdecken, bis er wiederkehrt.<\/span><\/p>\n<p><span style=\"color: #000000;\">Der <strong>Alten <\/strong>und diejenigen, die leiden unter <em><strong>C<\/strong><strong>chronische, schmerzhafte Zust\u00e4nde<\/strong><\/em>&nbsp;wie Arthritis, Schleimbeutelentz\u00fcndung, Tendinitis, Multiple Sklerose oder Ischias, k\u00f6nnen von den schmerzlindernden Eigenschaften von <strong>DMSO<\/strong>.<\/span><\/p>\n<p><span style=\"color: #000000;\">Beschwerden, die nach jahrelanger harter Arbeit oder falscher K\u00f6rperhaltung auftreten, k\u00f6nnen durch lokale&nbsp;<strong>DMSO<\/strong>&nbsp;und kann zu der Freiheit f\u00fchren, nicht l\u00e4nger auf traditionelle Medikamente mit ihren m\u00f6glichen unangenehmen Nebenwirkungen angewiesen zu sein.<\/span><\/p>\n<p><span style=\"color: #000000;\">Unsere Kunden nennen uns die vielen Gr\u00fcnde, warum sie <strong>DMSO<\/strong>, einschlie\u00dflich der Linderung der Auswirkungen allt\u00e4glicher\/unerwarteter Verletzungen, Prellungen, Schmerzen, eingeklemmter Nerven und Muskel\u00fcberlastung.<\/span><\/p>\n<p><span style=\"color: #000000;\"><strong>DMSO \u2013&nbsp;<\/strong>Ein wesentlicher Bestandteil jedes Erste-Hilfe-Kastens!<\/span><\/p>\n<p><span style=\"color: #000000;\"><strong>DMSO<\/strong> wird auch in der fortgeschrittenen und potenteren&nbsp;<strong>PROTOKOLL 1000+<\/strong><\/span><br \/>\n<span style=\"color: #000000;\">PDF Herunterladen <a href=\"https:\/\/laubeholistic.com\/de\/protocols-and-manuals\/\">Hier<\/a><span class=\"_5yl5\" data-reactid=\".2h.$mid=11416827275330=23ad044a3231aa88f85.2:0.0.0.0.0\">.<br data-reactid=\".2h.$mid=11416827275330=23ad044a3231aa88f85.2:0.0.0.0.0.0.$end:0:$7:0\"><\/span><\/span><\/p>\n<p><span style=\"color: #000000;\"><span class=\"_5yl5\" data-reactid=\".2h.$mid=11416827275330=23ad044a3231aa88f85.2:0.0.0.0.0\">Wenn Ihr Problem oder Leiden auf dieser Website nicht behandelt wird, kontaktieren Sie uns bitte per E-Mail oder Telefon und wir beraten und helfen Ihnen gern.&nbsp;<span data-reactid=\".1k.$mid=11416832347515=2f7e62a9de5b0f0e178.2:0.0.0.0.0.0\">Auf diese Qualit\u00e4t und diesen Service legen wir gr\u00f6\u00dften Wert.<\/span><br \/>\n<\/span><\/span><\/p>\n<h2 style=\"margin-top: 40px;\">H\u00e4ufig gestellte Fragen<\/h2>\n<div class=\"accordion\">\n\t<div id=\"accordion-534527367\" class=\"accordion-item\">\n\t\t<a id=\"accordion-534527367-label\" class=\"accordion-title plain\" href=\"#accordion-item-what-is-dmso-and-how-does-it-differ-from-traditional-pain-killers?\" aria-expanded=\"false\" aria-controls=\"accordion-534527367-content\">\n\t\t\t<button class=\"toggle\" aria-label=\"Umschalten\"><i class=\"icon-angle-down\" aria-hidden=\"true\"><\/i><\/button>\n\t\t\t<span>Was ist DMSO und wie unterscheidet es sich von herk\u00f6mmlichen Schmerzmitteln?<\/span>\n\t\t<\/a>\n\t\t<div id=\"accordion-534527367-content\" class=\"accordion-inner\" aria-labelledby=\"accordion-534527367-label\">\n\t\t\t\n<p>DMSO (Dimethylsulfoxid) ist eine nat\u00fcrliche L\u00f6sung, die ausgiebig erforscht wurde und nachweislich den Schmerz an der Wurzel bek\u00e4mpft, im Gegensatz zu herk\u00f6mmlichen Schmerzmitteln, die nur die Symptome maskieren und starke Nebenwirkungen verursachen k\u00f6nnen. Topisches DMSO beseitigt den Schmerz dauerhaft und bietet eine nat\u00fcrliche Alternative f\u00fcr die langfristige Schmerzbehandlung.<\/p>\n\t\t<\/div>\n\t<\/div>\n\t\n\t<div id=\"accordion-2750229490\" class=\"accordion-item\">\n\t\t<a id=\"accordion-2750229490-label\" class=\"accordion-title plain\" href=\"#accordion-item-who-can-benefit-from-using-dmso,-and-for-what-conditions?\" aria-expanded=\"false\" aria-controls=\"accordion-2750229490-content\">\n\t\t\t<button class=\"toggle\" aria-label=\"Umschalten\"><i class=\"icon-angle-down\" aria-hidden=\"true\"><\/i><\/button>\n\t\t\t<span>Wer kann von der Verwendung von DMSO profitieren, und bei welchen Erkrankungen?<\/span>\n\t\t<\/a>\n\t\t<div id=\"accordion-2750229490-content\" class=\"accordion-inner\" aria-labelledby=\"accordion-2750229490-label\">\n\t\t\t\n<p>Menschen, die unter chronischen Schmerzzust\u00e4nden wie Arthritis, Schleimbeutelentz\u00fcndung, Tendinitis, Multipler Sklerose oder Ischias leiden, k\u00f6nnen mit DMSO Linderung erfahren. Auch bei Verletzungen, Prellungen, Schmerzen oder eingeklemmten Nerven, insbesondere nach jahrelanger harter Arbeit oder falscher K\u00f6rperhaltung, ist DMSO hilfreich.<\/p>\n\t\t<\/div>\n\t<\/div>\n\t\n\t<div id=\"accordion-2085794474\" class=\"accordion-item\">\n\t\t<a id=\"accordion-2085794474-label\" class=\"accordion-title plain\" href=\"#accordion-item-can-dmso-be-used-as-a-first-aid-solution,-and-how-do-i-apply-it?\" aria-expanded=\"false\" aria-controls=\"accordion-2085794474-content\">\n\t\t\t<button class=\"toggle\" aria-label=\"Umschalten\"><i class=\"icon-angle-down\" aria-hidden=\"true\"><\/i><\/button>\n\t\t\t<span>Kann DMSO als Erste-Hilfe-L\u00f6sung verwendet werden, und wie wende ich es an?<\/span>\n\t\t<\/a>\n\t\t<div id=\"accordion-2085794474-content\" class=\"accordion-inner\" aria-labelledby=\"accordion-2085794474-label\">\n\t\t\t\n<p>Ja, DMSO ist ein wesentlicher Bestandteil jedes Erste-Hilfe-Kits. Es kann \u00f6rtlich aufgetragen werden, um Schmerzen sofort zu lindern. Verwenden Sie den mitgelieferten Tropfkopf oder die Spr\u00fchflasche f\u00fcr eine einfache Anwendung. Befolgen Sie die Anweisungen sorgf\u00e4ltig, um optimale Ergebnisse zu erzielen.<\/p>\n\t\t<\/div>\n\t<\/div>\n\t\n\t<div id=\"accordion-2579656651\" class=\"accordion-item\">\n\t\t<a id=\"accordion-2579656651-label\" class=\"accordion-title plain\" href=\"#accordion-item-what-are-the-benefits-of-using-dmso-over-traditional-medication?\" aria-expanded=\"false\" aria-controls=\"accordion-2579656651-content\">\n\t\t\t<button class=\"toggle\" aria-label=\"Umschalten\"><i class=\"icon-angle-down\" aria-hidden=\"true\"><\/i><\/button>\n\t\t\t<span>Welche Vorteile hat die Verwendung von DMSO gegen\u00fcber herk\u00f6mmlichen Medikamenten?<\/span>\n\t\t<\/a>\n\t\t<div id=\"accordion-2579656651-content\" class=\"accordion-inner\" aria-labelledby=\"accordion-2579656651-label\">\n\t\t\t\n<p>DMSO bietet mehrere Vorteile: Es ist nat\u00fcrlich, effizient, schnell wirkend und frei von Nebenwirkungen. Die Qualit\u00e4t von DMSO ist zertifiziert und entspricht der pharmazeutischen Qualit\u00e4t, was Sicherheit und Wirksamkeit gew\u00e4hrleistet. DMSO macht nicht so abh\u00e4ngig wie herk\u00f6mmliche Schmerzmittel und kann langfristig Linderung verschaffen, ohne dass eine kontinuierliche Einnahme erforderlich ist.<\/p>\n\t\t<\/div>\n\t<\/div>\n\t\n\t<div id=\"accordion-1398751131\" class=\"accordion-item\">\n\t\t<a id=\"accordion-1398751131-label\" class=\"accordion-title plain\" href=\"#accordion-item-is-there-any-guidance-available-for-first-time-users-of-dmso,-and-what-should-i-do-if-my-specific-condition-isn&#039;t-addressed-here?\" aria-expanded=\"false\" aria-controls=\"accordion-1398751131-content\">\n\t\t\t<button class=\"toggle\" aria-label=\"Umschalten\"><i class=\"icon-angle-down\" aria-hidden=\"true\"><\/i><\/button>\n\t\t\t<span>Gibt es einen Leitfaden f\u00fcr Erstanwender von DMSO, und was sollte ich tun, wenn mein spezielles Problem hier nicht angesprochen wird?<\/span>\n\t\t<\/a>\n\t\t<div id=\"accordion-1398751131-content\" class=\"accordion-inner\" aria-labelledby=\"accordion-1398751131-label\">\n\t\t\t\n<p>Unser Unternehmen bietet eine klare und pers\u00f6nliche Beratung zur Verwendung von DMSO. Kontaktieren Sie uns per E-Mail oder Telefon, um eine auf Ihre Bed\u00fcrfnisse zugeschnittene Beratung zu erhalten. Wenn Ihre Erkrankung oder Ihr Problem auf dieser Website nicht ausdr\u00fccklich erw\u00e4hnt wird, ist unser Team gerne bereit, Ihnen mit Rat und Tat zur Seite zu stehen, um Ihnen den Einstieg in die Anwendung von DMSO zu erleichtern.<\/p>\n\t\t<\/div>\n\t<\/div>\n\t\n<\/div>","protected":false},"excerpt":{"rendered":"<ul>\n<li><span style=\"color: #000000;\">DMSO \u2013 Dimethylsulfoxid \u2013 <strong>30 ml, 120 ml, 250 ml oder 1 l<br \/>\n<\/strong><\/span><\/li>\n<li><span style=\"color: #000000;\">Tropferkopf oder Spr\u00fchflasche<\/span><\/li>\n<li><strong><a href=\"https:\/\/laubeholistic.com\/de\/protocols-and-manuals\/\">klicken Sie hier<\/a><\/strong> <span style=\"color: #000000;\">zum Download von Protokollen und Handb\u00fcchern<\/span><\/li>\n<\/ul>\n<p><span style=\"color: #000000;\"><strong>Die Antwort der Natur auf Schmerzlinderung<\/strong><\/span><\/p>\n<p><span style=\"color: #000000;\">Aktuell<strong> DMSO<\/strong> l\u00e4sst den Schmerz bei Ber\u00fchrung verschwinden, ohne dass man auf die Wirkung von Tabletten und herk\u00f6mmlichen Medikamenten warten muss.<\/span><\/p>\n<ul>\n<li><span style=\"color: #000000;\">Nat\u00fcrlich<\/span><\/li>\n<li><span style=\"color: #000000;\">Effizient<\/span><\/li>\n<li><span style=\"color: #000000;\">Schnell<\/span><\/li>\n<li><span style=\"color: #000000;\">Keine Nebenwirkungen<\/span><\/li>\n<\/ul>\n<p><span style=\"color: #000000;\">Die zertifizierte Qualit\u00e4t entspricht der Pharmaqualit\u00e4t.<\/span><\/p>\n<p><span style=\"color: #000000;\">In den k\u00e4lteren Monaten kristallisiert das DMSO in der Flasche. Um es wieder in einen fl\u00fcssigen Zustand zu versetzen, stellen Sie die geschlossene Flasche einfach in warmes Wasser und warten Sie zehn Minuten. KEIN kochendes Wasser.<\/span><\/p>\n<p><span style=\"color: #000000;\">Wir bieten klare und pers\u00f6nliche Beratung und Anleitung, falls Sie Hilfe bei der Verwendung dieses Produkts ben\u00f6tigen.<\/span><\/p>\n<p>&nbsp;<\/p>","protected":false},"featured_media":10717,"comment_status":"closed","ping_status":"closed","template":"","meta":{"ngg_post_thumbnail":0},"product_brand":[],"product_cat":[326],"product_tag":[260,258,259,261,257,122,277,268,262,278,276,256,279,263,264,265,266],"class_list":{"0":"post-55","1":"product","2":"type-product","3":"status-publish","4":"has-post-thumbnail","6":"product_cat-chlorine-dioxide-category","7":"product_tag-aches-and-pains","8":"product_tag-arthritis","9":"product_tag-bruise","10":"product_tag-bursitis","11":"product_tag-dimethyl-sulfoxide","12":"product_tag-dmso","13":"product_tag-headache","14":"product_tag-inflammation","15":"product_tag-multiple-sclerosis","16":"product_tag-osteoarthritis","17":"product_tag-pain-at-source","18":"product_tag-pain-relief","19":"product_tag-rheumatoid-arthritis","20":"product_tag-sciatica","21":"product_tag-topical","22":"product_tag-topical-application","23":"product_tag-topical-pain-relief","25":"first","26":"instock","27":"taxable","28":"shipping-taxable","29":"purchasable","30":"product-type-variable"},"_links":{"self":[{"href":"https:\/\/laubeholistic.com\/de\/wp-json\/wp\/v2\/product\/55","targetHints":{"allow":["GET"]}}],"collection":[{"href":"https:\/\/laubeholistic.com\/de\/wp-json\/wp\/v2\/product"}],"about":[{"href":"https:\/\/laubeholistic.com\/de\/wp-json\/wp\/v2\/types\/product"}],"replies":[{"embeddable":true,"href":"https:\/\/laubeholistic.com\/de\/wp-json\/wp\/v2\/comments?post=55"}],"wp:featuredmedia":[{"embeddable":true,"href":"https:\/\/laubeholistic.com\/de\/wp-json\/wp\/v2\/media\/10717"}],"wp:attachment":[{"href":"https:\/\/laubeholistic.com\/de\/wp-json\/wp\/v2\/media?parent=55"}],"wp:term":[{"taxonomy":"product_brand","embeddable":true,"href":"https:\/\/laubeholistic.com\/de\/wp-json\/wp\/v2\/product_brand?post=55"},{"taxonomy":"product_cat","embeddable":true,"href":"https:\/\/laubeholistic.com\/de\/wp-json\/wp\/v2\/product_cat?post=55"},{"taxonomy":"product_tag","embeddable":true,"href":"https:\/\/laubeholistic.com\/de\/wp-json\/wp\/v2\/product_tag?post=55"}],"curies":[{"name":"wp","href":"https:\/\/api.w.org\/{rel}","templated":true}]}}