{"id":53,"date":"2014-05-27T07:00:32","date_gmt":"2014-05-27T07:00:32","guid":{"rendered":"http:\/\/www.harmonikdesign.com\/activatedmineralsolution\/?post_type=product&#038;p=53"},"modified":"2026-03-03T14:55:16","modified_gmt":"2026-03-03T14:55:16","slug":"sodium-chlorite-naclo2","status":"publish","type":"product","link":"https:\/\/laubeholistic.com\/de\/shop\/sodium-chlorite-naclo2\/","title":{"rendered":"AMS-Flasche (Natriumchlorit)"},"content":{"rendered":"<p><span style=\"font-family: arial,helvetica,sans-serif; font-size: 18pt;\">AMS-Flasche (Natriumchlorit)<\/span><\/p>\n<p>Die Entdeckung von AMS durch Jim Humble (von Jim Humble MMS \u2013 Master Mineral Solution genannt).<\/p>\n<p>Nicht nur ist&nbsp;<strong>AMS<\/strong>&nbsp;die wesentliche Zutat f\u00fcr die Herstellung <span style=\"text-decoration: underline;\"><strong>Chlordioxid<\/strong><\/span>&nbsp;(die Chemikalie, die bei Aktivierung krankheitserregende Erreger abt\u00f6tet), es ist AUCH ein&nbsp;<span style=\"text-decoration: underline;\"><em>TOLL<\/em> <strong>BRENNEN<\/strong>-Heilmittel<\/span>&nbsp;von allein.<\/p>\n<p>Ob die Ursache der <strong>brennen<\/strong> Ist <strong>Feuer<\/strong>, \u00fcberm\u00e4\u00dfig <strong>Sonnenaussetzung<\/strong> von sogar einem <strong>Quallen stich<\/strong>, reagiert die Haut mit der Freisetzung von S\u00e4ure, die die Hauptursache f\u00fcr die daraus resultierenden Schmerzen ist.<\/p>\n<p>Unser <strong>AMS <\/strong>(Natriumchlorit) ist stark alkalisch mit einem pH-Wert von 12. Es ist das <em>erste Sache<\/em>&nbsp;ich bewerbe <span style=\"text-decoration: underline;\">topisch<\/span> auf die betroffene Stelle, um die S\u00e4ure zu NEUTRALISIEREN. Und wenn ich die S\u00e4ure neutralisiere, verschwindet der Schmerz!<\/p>\n<p><strong>AMS<\/strong> allein ist es mein bevorzugtes Heilmittel gegen Verbrennungen und es wirkt schnell.<\/p>\n<p>HINWEIS: Lesen Sie bitte das Protokoll zur Behandlung von Verbrennungen, bevor Sie diese Anweisungen befolgen.<\/p>\n<p><span style=\"color: #0000ff;\"><a style=\"color: #0000ff;\" href=\"https:\/\/laubeholistic.com\/wp-content\/uploads\/PDF-Protocol-for-burn-Victims.pdf\" target=\"_blank\" rel=\"noopener noreferrer\">Hier PDF herunterladen<\/a><\/span><\/p>\n<p><span class=\"_5yl5\" data-reactid=\".2h.$mid=11416827275330=23ad044a3231aa88f85.2:0.0.0.0.0\"><span data-reactid=\".2h.$mid=11416827275330=23ad044a3231aa88f85.2:0.0.0.0.0.0\"><span data-reactid=\".2h.$mid=11416827275330=23ad044a3231aa88f85.2:0.0.0.0.0.0.$end:0:$8:0\">Wenn Ihr Problem, Ihre Beschwerden oder Ihre Krankheit auf dieser Website nicht aufgef\u00fchrt sind, kontaktieren Sie uns bitte per E-Mail oder Telefon. Wir beraten und helfen Ihnen gerne weiter. Auf diese Qualit\u00e4t und diesen Service legen wir gro\u00dfen Wert.<\/span><\/span><\/span><\/p>","protected":false},"excerpt":{"rendered":"<ul>\n<li><span style=\"color: #000000;\">Flasche AMS \u2013 Natriumchlorit (NaCl02) \u2013 <strong>120ml oder 250ml<br \/>\n<\/strong><\/span><\/li>\n<li><span style=\"color: #000000;\">Tropfer im Inneren der Flasche installiert<\/span><\/li>\n<li><span style=\"color: #000000;\"><strong><span style=\"color: #0000ff;\"><a style=\"color: #0000ff;\" href=\"https:\/\/laubeholistic.com\/de\/protocols-and-manuals\/\">klicken Sie hier<\/a><\/span><\/strong> zum Download von Protokollen und Handb\u00fcchern<\/span><\/li>\n<\/ul>\n<p><span class=\"_5yl5\" style=\"color: #000000;\" data-reactid=\".2h.$mid=11416827275330=23ad044a3231aa88f85.2:0.0.0.0.0\">Wir bieten klare und pers\u00f6nliche Beratung und Anleitung, falls Sie Hilfe bei der Verwendung dieses Produkts ben\u00f6tigen.<\/span><\/p>\n<p><span style=\"color: #000000;\">Sehen Sie sich die Videodemonstration und das Protokoll 1000 weiter unten auf dieser Seite an.<\/span><\/p>","protected":false},"featured_media":10707,"comment_status":"closed","ping_status":"closed","template":"","meta":{"ngg_post_thumbnail":0},"product_brand":[],"product_cat":[326],"product_tag":[130,170,154,128],"class_list":{"0":"post-53","1":"product","2":"type-product","3":"status-publish","4":"has-post-thumbnail","6":"product_cat-chlorine-dioxide-category","7":"product_tag-ams","8":"product_tag-jim-humble","9":"product_tag-mms-es","10":"product_tag-sodium-chlorite","12":"first","13":"instock","14":"taxable","15":"shipping-taxable","16":"purchasable","17":"product-type-variable"},"_links":{"self":[{"href":"https:\/\/laubeholistic.com\/de\/wp-json\/wp\/v2\/product\/53","targetHints":{"allow":["GET"]}}],"collection":[{"href":"https:\/\/laubeholistic.com\/de\/wp-json\/wp\/v2\/product"}],"about":[{"href":"https:\/\/laubeholistic.com\/de\/wp-json\/wp\/v2\/types\/product"}],"replies":[{"embeddable":true,"href":"https:\/\/laubeholistic.com\/de\/wp-json\/wp\/v2\/comments?post=53"}],"wp:featuredmedia":[{"embeddable":true,"href":"https:\/\/laubeholistic.com\/de\/wp-json\/wp\/v2\/media\/10707"}],"wp:attachment":[{"href":"https:\/\/laubeholistic.com\/de\/wp-json\/wp\/v2\/media?parent=53"}],"wp:term":[{"taxonomy":"product_brand","embeddable":true,"href":"https:\/\/laubeholistic.com\/de\/wp-json\/wp\/v2\/product_brand?post=53"},{"taxonomy":"product_cat","embeddable":true,"href":"https:\/\/laubeholistic.com\/de\/wp-json\/wp\/v2\/product_cat?post=53"},{"taxonomy":"product_tag","embeddable":true,"href":"https:\/\/laubeholistic.com\/de\/wp-json\/wp\/v2\/product_tag?post=53"}],"curies":[{"name":"wp","href":"https:\/\/api.w.org\/{rel}","templated":true}]}}