{"id":47,"date":"2015-04-27T21:00:31","date_gmt":"2015-04-27T21:00:31","guid":{"rendered":"http:\/\/www.harmonikdesign.com\/activatedmineralsolution\/?post_type=product&#038;p=47"},"modified":"2026-03-03T14:47:36","modified_gmt":"2026-03-03T14:47:36","slug":"ams-water-purification-solution","status":"publish","type":"product","link":"https:\/\/laubeholistic.com\/de\/shop\/ams-water-purification-solution\/","title":{"rendered":"AMS-Wasseraufbereitungsl\u00f6sung"},"content":{"rendered":"<h1 style=\"color: #000000;\">AMS Wasserreinigungsl\u00f6sung f\u00fcr Menschen und Tiere<\/h1>\n<div style=\"padding: 56.25% 0 0 0; position: relative;\"><iframe style=\"position: absolute; top: 0; left: 0; width: 100%; height: 100%;\" title=\"AMS-EINSTELLUNG\" src=\"https:\/\/player.vimeo.com\/video\/1165669629?badge=0&amp;autopause=0&amp;player_id=0&amp;app_id=58479\" frameborder=\"0\"><\/iframe><\/div>\n<p><script src=\"https:\/\/player.vimeo.com\/api\/player.js\"><\/script><\/p>\n<h2 style=\"color: #000000;\">Was ist AMS?<\/h2>\n<p style=\"color: #000000;\">AMS (Activated Mineral Solution) ist ein leistungsf\u00e4higes Wasserreinigungsprodukt, das sch\u00e4dliche Mikroorganismen, einschlie\u00dflich Viren, Bakterien, Pilze und andere Krankheitserreger, neutralisiert. Es ist weithin anerkannt f\u00fcr sein Potenzial, Trinkwasser zu reinigen und die innere Entgiftung zu unterst\u00fctzen, wenn es verantwortungsbewusst eingesetzt wird. AMS genie\u00dft weltweit das Vertrauen von Millionen von Menschen und ist auch f\u00fcr Tiere geeignet, was es zu einer vielseitigen Erg\u00e4nzung jedes ganzheitlichen Gesundheitswerkzeugs macht.<\/p>\n<h2 style=\"color: #000000;\">Warum AMS w\u00e4hlen?<\/h2>\n<p style=\"color: #000000;\">Bislang haben mehr als 20 Millionen Menschen auf der ganzen Welt das klassische AMS-Set zur Bek\u00e4mpfung von Krankheiten verwendet. Eines Tages wird dieses wertvolle Set weltweit zu einem Standardprodukt im Haushalt werden. Menschen, die auf der Suche nach wirksamen Mitteln zur Beseitigung von Krankheitserregern - wie Viren, Bakterien, Pilzen und anderen - sind, werden sich immer wieder an diese leistungsstarke L\u00f6sung wenden.<\/p>\n<p style=\"color: #000000;\"><strong><u>Das AMS-Set<\/u><\/strong> dient als pers\u00f6nlicher W\u00e4chter und bietet Schutz vor bis zu 95% Krankheiten und lebensbedrohlichen Infektionen. Wichtig ist, dass AMS auch bei Tieren sicher und wirksam ist.<\/p>\n<p style=\"color: #000000;\">Unabh\u00e4ngig von den Nachrichten \u00fcber sich ausbreitende Grippen, zunehmende Epidemien oder neu auftretende Viren f\u00fchle ich mich sicher mit einem <strong><u>Vollst\u00e4ndiges AMS-Set<\/u><\/strong> in meinem Haus. Es unterst\u00fctzt die innere Reinheit und die Widerstandsf\u00e4higkeit des Immunsystems.<\/p>\n<h2 style=\"color: #000000;\">Ergebnisse in der realen Welt<\/h2>\n<p style=\"color: #000000;\">Sehen Sie sich dieses bemerkenswerte Video an, in dem gezeigt wird, wie das Rote Kreuz mit diesem Ansatz die Gesundheit von 154 Malariaf\u00e4llen wiederherstellen konnte:<\/p>\n<p><a style=\"color: #0000ff;\" href=\"https:\/\/jimhumble.co\/videos\/#red_cross_cured_malaria_with_mms\" target=\"_blank\" rel=\"noopener\"><strong>\ud83c\udfa5 RED CROSS mit AMS - Jetzt anschauen<\/strong><\/a><\/p>\n<h2 style=\"color: #000000;\">Personalisierte Unterst\u00fctzung<\/h2>\n<p style=\"color: #000000;\">Wenn Ihr spezielles Leiden oder Anliegen nicht auf unserer Website aufgef\u00fchrt ist, wenden Sie sich bitte an <a style=\"color: #0000ff;\" href=\"https:\/\/laubeholistic.com\/de\/contact\/\" target=\"_blank\" rel=\"noopener\">Kontaktieren Sie uns<\/a> per Telefon oder E-Mail f\u00fcr eine pers\u00f6nliche Beratung. Wir legen gro\u00dfen Wert auf individuelle Betreuung und Service.<\/p>\n<h2 style=\"color: #000000;\">Leitfaden f\u00fcr die Verwendung<\/h2>\n<p style=\"color: #000000;\"><a style=\"font-size: 16px; text-decoration: underline; color: #0000ff;\" href=\"https:\/\/laubeholistic.com\/de\/ufaqs\/how-to-use-ams-and-activator\/\" target=\"_blank\" rel=\"noopener\"><strong>\ud83d\udca7 So bereiten Sie AMS zum Trinken vor<\/strong><\/a><\/p>\n<h2 style=\"color: #000000; margin-top: 40px;\">H\u00e4ufig gestellte Fragen (FAQ)<\/h2>\n<div class=\"accordion\">\n\t<div id=\"accordion-3527784645\" class=\"accordion-item\">\n\t\t<a id=\"accordion-3527784645-label\" class=\"accordion-title plain\" href=\"#accordion-item-what-is-the-main-purpose-of-the-ams-water-purification-solution?\" aria-expanded=\"false\" aria-controls=\"accordion-3527784645-content\">\n\t\t\t<button class=\"toggle\" aria-label=\"Umschalten\"><i class=\"icon-angle-down\" aria-hidden=\"true\"><\/i><\/button>\n\t\t\t<span>Was ist der Hauptzweck der AMS Wasserreinigungsl\u00f6sung?<\/span>\n\t\t<\/a>\n\t\t<div id=\"accordion-3527784645-content\" class=\"accordion-inner\" aria-labelledby=\"accordion-3527784645-label\">\n\t\t\t\n<p style=\"color: #000000;\">AMS wurde entwickelt, um sch\u00e4dliche Krankheitserreger wie Bakterien, Viren und Pilze sowohl bei Menschen als auch bei Tieren zu beseitigen. Seine Hauptaufgabe ist die innere und \u00e4u\u00dfere Reinigung, die Ihnen hilft, eine optimale Gesundheit zu erhalten, indem sie 95% von Krankheitserregern anvisiert.<\/p>\n\t\t<\/div>\n\t<\/div>\n\t\n\t<div id=\"accordion-1610504571\" class=\"accordion-item\">\n\t\t<a id=\"accordion-1610504571-label\" class=\"accordion-title plain\" href=\"#accordion-item-what-are-the-active-ingredients-included-in-the-ams-water-purification-solution?\" aria-expanded=\"false\" aria-controls=\"accordion-1610504571-content\">\n\t\t\t<button class=\"toggle\" aria-label=\"Umschalten\"><i class=\"icon-angle-down\" aria-hidden=\"true\"><\/i><\/button>\n\t\t\t<span>Welche Wirkstoffe sind in der AMS Water Purification Solution enthalten?<\/span>\n\t\t<\/a>\n\t\t<div id=\"accordion-1610504571-content\" class=\"accordion-inner\" aria-labelledby=\"accordion-1610504571-label\">\n\t\t\t\n<p style=\"color: #000000;\">Jedes AMS-Set enth\u00e4lt:<\/p>\n<ul style=\"color: #000000;\">\n<li>Natriumchlorit (NaClO\u2082) - 25% Konzentration<\/li>\n<li>Salzs\u00e4ure - 4% Konzentration<\/li>\n<\/ul>\n<p style=\"color: #000000;\">Verf\u00fcgbare Gr\u00f6\u00dfen: 120ml-, 250ml- oder 1L-Flaschen.<\/p>\n\t\t<\/div>\n\t<\/div>\n\t\n\t<div id=\"accordion-3629771315\" class=\"accordion-item\">\n\t\t<a id=\"accordion-3629771315-label\" class=\"accordion-title plain\" href=\"#accordion-item-are-there-any-discounts-available-for-purchasing-multiple-ams-water-purification-solution-sets?\" aria-expanded=\"false\" aria-controls=\"accordion-3629771315-content\">\n\t\t\t<button class=\"toggle\" aria-label=\"Umschalten\"><i class=\"icon-angle-down\" aria-hidden=\"true\"><\/i><\/button>\n\t\t\t<span>Gibt es Rabatte f\u00fcr den Kauf mehrerer AMS Water Purification Solution-Sets?<\/span>\n\t\t<\/a>\n\t\t<div id=\"accordion-3629771315-content\" class=\"accordion-inner\" aria-labelledby=\"accordion-3629771315-label\">\n\t\t\t\n<ul style=\"color: #000000;\">\n<li>3 Sets kaufen - 10% Rabatt erhalten<\/li>\n<li>5 Sets kaufen - 15% Rabatt erhalten<\/li>\n<\/ul>\n\t\t<\/div>\n\t<\/div>\n\t\n\t<div id=\"accordion-4074945023\" class=\"accordion-item\">\n\t\t<a id=\"accordion-4074945023-label\" class=\"accordion-title plain\" href=\"#accordion-item-how-can-i-use-the-ams-water-purification-solution-effectively?\" aria-expanded=\"false\" aria-controls=\"accordion-4074945023-content\">\n\t\t\t<button class=\"toggle\" aria-label=\"Umschalten\"><i class=\"icon-angle-down\" aria-hidden=\"true\"><\/i><\/button>\n\t\t\t<span>Wie kann ich die AMS Wasserreinigungsl\u00f6sung effektiv nutzen?<\/span>\n\t\t<\/a>\n\t\t<div id=\"accordion-4074945023-content\" class=\"accordion-inner\" aria-labelledby=\"accordion-4074945023-label\">\n\t\t\t\n<p style=\"color: #000000;\">Jede Flasche enth\u00e4lt einen integrierten Tropfer f\u00fcr eine pr\u00e4zise Dosierung. Eine Anleitung finden Sie in den herunterladbaren Handb\u00fcchern und Protokollvideos. Wir empfehlen den Beginn mit <a style=\"color: #0000ff;\" href=\"https:\/\/laubeholistic.com\/de\/ufaqs\/how-to-use-ams-and-activator\/\" target=\"_blank\" rel=\"noopener\">Protokoll 1000<\/a> f\u00fcr die allgemeine innere Reinigung.<\/p>\n\t\t<\/div>\n\t<\/div>\n\t\n\t<div id=\"accordion-2831383805\" class=\"accordion-item\">\n\t\t<a id=\"accordion-2831383805-label\" class=\"accordion-title plain\" href=\"#accordion-item-is-the-ams-water-purification-solution-suitable-for-use-with-pets-and-livestock?\" aria-expanded=\"false\" aria-controls=\"accordion-2831383805-content\">\n\t\t\t<button class=\"toggle\" aria-label=\"Umschalten\"><i class=\"icon-angle-down\" aria-hidden=\"true\"><\/i><\/button>\n\t\t\t<span>Ist die AMS-Wasserreinigungsl\u00f6sung f\u00fcr die Verwendung mit Haustieren und Vieh geeignet?<\/span>\n\t\t<\/a>\n\t\t<div id=\"accordion-2831383805-content\" class=\"accordion-inner\" aria-labelledby=\"accordion-2831383805-label\">\n\t\t\t\n<p style=\"color: #000000;\">Ja, AMS ist sicher und n\u00fctzlich f\u00fcr Tiere. Sowohl bei Haustieren als auch bei Nutztieren hilft es, die innere Hygiene aufrechtzuerhalten und die Widerstandsf\u00e4higkeit des Immunsystems zu unterst\u00fctzen.<\/p>\n\t\t<\/div>\n\t<\/div>\n\t\n<\/div>","protected":false},"excerpt":{"rendered":"<p><span style=\"color: #000000;\"><strong>Enth\u00e4lt:<\/strong><\/span><\/p>\n<ul>\n<li>&nbsp;<span style=\"color: #000000;\">Natriumchlorit 25% (NaCl02) \u2013 <strong>120ml, 250ml oder 1L<br \/>\n<\/strong><\/span><\/li>\n<li><span style=\"color: #000000;\">&nbsp;Salzs\u00e4ure (4%) \u2013 <strong>120ml, 250ml oder 1L<br \/>\n<\/strong><\/span><\/li>\n<li><span style=\"color: #000000;\"><strong>10% Rabatt auf 3 Sets &amp; 15% Rabatt auf 5 Sets<\/strong><\/span><\/li>\n<li><span style=\"color: #000000;\">Tropfer im Inneren der Flasche installiert<\/span><\/li>\n<li><strong><a href=\"https:\/\/laubeholistic.com\/de\/protocols-and-manuals\/\">klicken Sie hier<\/a><\/strong> <span style=\"color: #000000;\">zum Download von Protokollen und Handb\u00fcchern<\/span><\/li>\n<\/ul>","protected":false},"featured_media":10733,"comment_status":"closed","ping_status":"closed","template":"","meta":{"ngg_post_thumbnail":0},"product_brand":[],"product_cat":[326],"product_tag":[120,303,249,280,124,94,170,154,281,128,108,250],"class_list":{"0":"post-47","1":"product","2":"type-product","3":"status-publish","4":"has-post-thumbnail","6":"product_cat-chlorine-dioxide-category","7":"product_tag-amsmms","8":"product_tag-animal-health","9":"product_tag-chlorine-dioxide","10":"product_tag-discount","11":"product_tag-hydrochloric-acid","12":"product_tag-hydrochloric-acid-4","13":"product_tag-jim-humble","14":"product_tag-mms-es","15":"product_tag-quantity-discount","16":"product_tag-sodium-chlorite","17":"product_tag-water-purification","18":"product_tag-wps","20":"first","21":"instock","22":"taxable","23":"shipping-taxable","24":"purchasable","25":"product-type-variable"},"_links":{"self":[{"href":"https:\/\/laubeholistic.com\/de\/wp-json\/wp\/v2\/product\/47","targetHints":{"allow":["GET"]}}],"collection":[{"href":"https:\/\/laubeholistic.com\/de\/wp-json\/wp\/v2\/product"}],"about":[{"href":"https:\/\/laubeholistic.com\/de\/wp-json\/wp\/v2\/types\/product"}],"replies":[{"embeddable":true,"href":"https:\/\/laubeholistic.com\/de\/wp-json\/wp\/v2\/comments?post=47"}],"wp:featuredmedia":[{"embeddable":true,"href":"https:\/\/laubeholistic.com\/de\/wp-json\/wp\/v2\/media\/10733"}],"wp:attachment":[{"href":"https:\/\/laubeholistic.com\/de\/wp-json\/wp\/v2\/media?parent=47"}],"wp:term":[{"taxonomy":"product_brand","embeddable":true,"href":"https:\/\/laubeholistic.com\/de\/wp-json\/wp\/v2\/product_brand?post=47"},{"taxonomy":"product_cat","embeddable":true,"href":"https:\/\/laubeholistic.com\/de\/wp-json\/wp\/v2\/product_cat?post=47"},{"taxonomy":"product_tag","embeddable":true,"href":"https:\/\/laubeholistic.com\/de\/wp-json\/wp\/v2\/product_tag?post=47"}],"curies":[{"name":"wp","href":"https:\/\/api.w.org\/{rel}","templated":true}]}}