{"id":4615,"date":"2020-02-27T20:29:04","date_gmt":"2020-02-27T20:29:04","guid":{"rendered":"https:\/\/laubeholistic.com\/?post_type=product&#038;p=4615"},"modified":"2026-03-03T14:47:05","modified_gmt":"2026-03-03T14:47:05","slug":"spray-bottle-with-activated-ams","status":"publish","type":"product","link":"https:\/\/laubeholistic.com\/de\/shop\/spray-bottle-with-activated-ams\/","title":{"rendered":"Spr\u00fchflasche mit aktiviertem AMS"},"content":{"rendered":"<h2><strong>Spr\u00fchflasche mit aktiviertem AMS<\/strong><\/h2>\n<p>Der Komfort, die Leichtigkeit und die Effizienz einer Spr\u00fchflasche.<\/p>\n<p><span style=\"color: #000000;\">Gebrauchsfertig und desinfizierbar.<\/span><\/p>\n<p><span style=\"color: #000000;\">Wirksam gegen Krankheitserreger, einschlie\u00dflich VIREN.<\/span><\/p>\n<p><span style=\"color: #000000;\">Jede Spr\u00fchflasche enth\u00e4lt f\u00fcnfzehn aktivierte AMS-Tropfen, die mit 4%-Salzs\u00e4ure aktiviert und anschlie\u00dfend in destilliertem Wasser aufgel\u00f6st wurden.<\/span><\/p>\n<p><span style=\"color: #000000;\">Gebrauchsfertig im praktischen Pumpspender. Kann direkt auf die betroffene Haut- oder Haarstelle gespr\u00fcht werden.<\/span><\/p>\n<p><span style=\"color: #000000;\">Desinfiziert Gegenst\u00e4nde und sch\u00fctzt vor Viren, Bakterien, Schimmel und anderen Keimen.<\/span><\/p>\n<p><span style=\"color: #000000;\">Nicht einatmen oder in die Augen spr\u00fchen.<\/span><\/p>\n<p><span style=\"color: #000000;\">Da diese Spr\u00fchflasche bei korrektem Verschlie\u00dfen ein Vakuum erzeugt, wird das gemischte <strong>AMS<\/strong> kann etwa zwei Wochen lang aktiv bleiben.<\/span><\/p>\n<p><span style=\"color: #000000;\">Ein Milliliter reicht mit 12 bis 15 Spr\u00fchst\u00f6\u00dfen. Jede Spr\u00fchflasche enth\u00e4lt 120 ml, was f\u00fcr 1440 bis 1800 Spr\u00fchst\u00f6\u00dfe reicht.<\/span><\/p>\n<p><span style=\"color: #000000;\">Wenn Ihr Problem, Ihre Beschwerde oder Ihre Krankheit auf dieser Website nicht behandelt wird, kontaktieren Sie uns bitte per E-Mail oder Telefon und wir helfen Ihnen gerne mit Rat und Tat.&nbsp;<span class=\"_5yl5\" data-reactid=\".1k.$mid=11416832347515=2f7e62a9de5b0f0e178.2:0.0.0.0.0\">Auf diese Qualit\u00e4t und diesen Service legen wir gr\u00f6\u00dften Wert.<\/span><\/span><\/p>","protected":false},"excerpt":{"rendered":"<ul>\n<li><span style=\"color: #000000;\">Spr\u00fchflasche \u2013 aktiviert mit 15 Tropfen AMS + Aktivator \u2013 120ml<strong><br \/>\n<\/strong><\/span><\/li>\n<li><span style=\"color: #000000;\"> Bereit zur Desinfektion<\/span><\/li>\n<li><span style=\"color: #000000;\"><strong>10% Rabatt auf 3 Einheiten &amp; 15% Rabatt auf 5 Einheiten<\/strong><\/span><\/li>\n<\/ul>\n<p><span class=\"_5yl5\" style=\"color: #000000;\" data-reactid=\".2h.$mid=11416827275330=23ad044a3231aa88f85.2:0.0.0.0.0\">Wir bieten Ihnen eine klare und pers\u00f6nliche Beratung und Anleitung, falls Sie bei der Verwendung dieses Produkts Hilfe ben\u00f6tigen.<\/span><\/p>","protected":false},"featured_media":10724,"comment_status":"closed","ping_status":"closed","template":"","meta":{"ngg_post_thumbnail":0},"product_brand":[],"product_cat":[326],"product_tag":[284,282,308,249,280,306,305,283,124,307,281,304],"class_list":{"0":"post-4615","1":"product","2":"type-product","3":"status-publish","4":"has-post-thumbnail","6":"product_cat-chlorine-dioxide-category","7":"product_tag-120ml","8":"product_tag-activated-ams","9":"product_tag-bacteria","10":"product_tag-chlorine-dioxide","11":"product_tag-discount","12":"product_tag-disinfect","13":"product_tag-disinfectant","14":"product_tag-fifteen-drops","15":"product_tag-hydrochloric-acid","16":"product_tag-mould","17":"product_tag-quantity-discount","18":"product_tag-spray","20":"first","21":"instock","22":"taxable","23":"shipping-taxable","24":"purchasable","25":"product-type-variable"},"_links":{"self":[{"href":"https:\/\/laubeholistic.com\/de\/wp-json\/wp\/v2\/product\/4615","targetHints":{"allow":["GET"]}}],"collection":[{"href":"https:\/\/laubeholistic.com\/de\/wp-json\/wp\/v2\/product"}],"about":[{"href":"https:\/\/laubeholistic.com\/de\/wp-json\/wp\/v2\/types\/product"}],"replies":[{"embeddable":true,"href":"https:\/\/laubeholistic.com\/de\/wp-json\/wp\/v2\/comments?post=4615"}],"wp:featuredmedia":[{"embeddable":true,"href":"https:\/\/laubeholistic.com\/de\/wp-json\/wp\/v2\/media\/10724"}],"wp:attachment":[{"href":"https:\/\/laubeholistic.com\/de\/wp-json\/wp\/v2\/media?parent=4615"}],"wp:term":[{"taxonomy":"product_brand","embeddable":true,"href":"https:\/\/laubeholistic.com\/de\/wp-json\/wp\/v2\/product_brand?post=4615"},{"taxonomy":"product_cat","embeddable":true,"href":"https:\/\/laubeholistic.com\/de\/wp-json\/wp\/v2\/product_cat?post=4615"},{"taxonomy":"product_tag","embeddable":true,"href":"https:\/\/laubeholistic.com\/de\/wp-json\/wp\/v2\/product_tag?post=4615"}],"curies":[{"name":"wp","href":"https:\/\/api.w.org\/{rel}","templated":true}]}}