{"id":1695,"date":"2014-05-28T08:30:28","date_gmt":"2014-05-28T08:30:28","guid":{"rendered":"https:\/\/laubeholistic.com\/?post_type=product&#038;p=1695"},"modified":"2026-03-03T14:53:21","modified_gmt":"2026-03-03T14:53:21","slug":"activator-4-hcl-hydrochloric-acid-120ml","status":"publish","type":"product","link":"https:\/\/laubeholistic.com\/de\/shop\/activator-4-hcl-hydrochloric-acid-120ml\/","title":{"rendered":"AKTIVATOR \u2013 4% HCL"},"content":{"rendered":"<h2><span style=\"color: #000000;\">Der Aktivator mit 4% HCL<br \/>\n<\/span><\/h2>\n<p><span style=\"color: #000000;\">Der NEUE Aktivator mit 4% Salzs\u00e4ure (HCL) hat im Vergleich zum standardm\u00e4\u00dfigen (aber am besten erforschten) 50% Zitronens\u00e4ure-Aktivator einige klare Vorteile gezeigt.<\/span><\/p>\n<p><span style=\"color: #000000;\"><strong>1.<\/strong> Neueste Forschungsergebnisse haben gezeigt, dass 50% Zitronens\u00e4ure bei oraler Einnahme von aktiviertem AMS ziemlich schwer auf den Magen wirken kann und daher bei Einnahme zu hoher AMS-Dosen \u00dcbelkeit verst\u00e4rkt. Mit dem neuen Aktivator 4% Salzs\u00e4ure (HCL) liegt die Schwelle f\u00fcr \u00dcbelkeit h\u00f6her, sodass Sie von der Einnahme mehrerer und h\u00f6herer AMS-Dosen profitieren k\u00f6nnen.<\/span><\/p>\n<p><span style=\"color: #000000;\"><strong>2.<\/strong> Ein weiterer GROSSER Vorteil, der leicht zu bemerken ist, ist, dass der Geruch und Geschmack von aktiviertem AMS geringer ist. Wenn Sie Ihre oralen AMS-Dosen mit Wasser (anstelle von Saft) einnehmen, werden Sie weniger Chlordioxidgeschmack und -geruch wahrnehmen. Das sind fantastische Neuigkeiten!<\/span><\/p>\n<p><span style=\"color: #000000;\">Au\u00dferdem: Es kommt sehr selten vor, dass einige Menschen allergisch auf 10% oder 50% Zitronens\u00e4ure in Wasser (das ist der Standard-AKTIVATOR) reagieren, obwohl sie schwache Formen davon wie in Limonade problemlos vertragen. Die L\u00f6sung kann darin bestehen, 4% Salzs\u00e4ure als S\u00e4ure der Wahl zu verwenden, da sie nicht allergen ist. Versuchen Sie es daher erneut mit AMS, indem Sie diesen neuen AKTIVATOR als aktivierende S\u00e4ure verwenden und die Anzahl der Tropfen langsam erh\u00f6hen.<\/span><\/p>\n<p><span style=\"color: #000000;\">Dasselbe 1:1-Tropfenverh\u00e4ltnis.<\/span><\/p>\n<p><span style=\"color: #000000;\">Die Aktivierungszeit bleibt wie beim Standard-Zitronens\u00e4ure-AKTIVATOR gleich. Die \u00fcblichen 30 Sekunden.<\/span><\/p>\n<p><span class=\"_5yl5\" style=\"color: #000000;\" data-reactid=\".2h.$mid=11416827275330=23ad044a3231aa88f85.2:0.0.0.0.0\">Wenn Ihr Problem oder Ihre Krankheit auf dieser Website nicht behandelt wird, kontaktieren Sie uns bitte per E-Mail oder Telefon und wir werden Sie kompetent beraten und Ihnen weiterhelfen! <span class=\"_5yl5\" data-reactid=\".1k.$mid=11416832347515=2f7e62a9de5b0f0e178.2:0.0.0.0.0\">Auf diese Eigenschaft legen wir gro\u00dfen Wert.<\/span><\/span><\/p>\n<p>&nbsp;<\/p>\n<p><span style=\"font-size: 170%; color: #000000;\">So aktivieren Sie das AMS, um es auf das Trinken vorzubereiten<\/span><\/p>\n<p>&nbsp;<\/p>","protected":false},"excerpt":{"rendered":"<ul>\n<li><span style=\"color: #000000;\">Flasche Salzs\u00e4ure 4% (HCL) \u2013 120 ml oder 250 ml<br \/>\n<\/span><\/li>\n<li><span style=\"color: #000000;\">In den Flaschen installierter Tropfer<\/span><\/li>\n<li><strong><a href=\"https:\/\/laubeholistic.com\/de\/protocols-and-manuals\/\">klicken Sie hier<\/a> <\/strong><span style=\"color: #000000;\">zum Download von Protokollen und Handb\u00fcchern<\/span><\/li>\n<\/ul>\n<p><span class=\"_5yl5\" style=\"color: #000000;\" data-reactid=\".2h.$mid=11416827275330=23ad044a3231aa88f85.2:0.0.0.0.0\">Wir bieten klare und pers\u00f6nliche Beratung und Anleitung, falls Sie Hilfe bei der Verwendung dieses Produkts ben\u00f6tigen.<\/span><\/p>","protected":false},"featured_media":10706,"comment_status":"closed","ping_status":"closed","template":"","meta":{"ngg_post_thumbnail":0},"product_brand":[],"product_cat":[326],"product_tag":[96,124,94],"class_list":{"0":"post-1695","1":"product","2":"type-product","3":"status-publish","4":"has-post-thumbnail","6":"product_cat-chlorine-dioxide-category","7":"product_tag-activator","8":"product_tag-hydrochloric-acid","9":"product_tag-hydrochloric-acid-4","11":"first","12":"instock","13":"taxable","14":"shipping-taxable","15":"purchasable","16":"product-type-variable"},"_links":{"self":[{"href":"https:\/\/laubeholistic.com\/de\/wp-json\/wp\/v2\/product\/1695","targetHints":{"allow":["GET"]}}],"collection":[{"href":"https:\/\/laubeholistic.com\/de\/wp-json\/wp\/v2\/product"}],"about":[{"href":"https:\/\/laubeholistic.com\/de\/wp-json\/wp\/v2\/types\/product"}],"replies":[{"embeddable":true,"href":"https:\/\/laubeholistic.com\/de\/wp-json\/wp\/v2\/comments?post=1695"}],"wp:featuredmedia":[{"embeddable":true,"href":"https:\/\/laubeholistic.com\/de\/wp-json\/wp\/v2\/media\/10706"}],"wp:attachment":[{"href":"https:\/\/laubeholistic.com\/de\/wp-json\/wp\/v2\/media?parent=1695"}],"wp:term":[{"taxonomy":"product_brand","embeddable":true,"href":"https:\/\/laubeholistic.com\/de\/wp-json\/wp\/v2\/product_brand?post=1695"},{"taxonomy":"product_cat","embeddable":true,"href":"https:\/\/laubeholistic.com\/de\/wp-json\/wp\/v2\/product_cat?post=1695"},{"taxonomy":"product_tag","embeddable":true,"href":"https:\/\/laubeholistic.com\/de\/wp-json\/wp\/v2\/product_tag?post=1695"}],"curies":[{"name":"wp","href":"https:\/\/api.w.org\/{rel}","templated":true}]}}