{"id":1620,"date":"2014-05-28T17:00:26","date_gmt":"2014-05-28T17:00:26","guid":{"rendered":"https:\/\/laubeholistic.com\/?post_type=product&#038;p=1620"},"modified":"2026-03-03T14:51:38","modified_gmt":"2026-03-03T14:51:38","slug":"lavarnica-macro","status":"publish","type":"product","link":"https:\/\/laubeholistic.com\/de\/shop\/lavarnica-macro\/","title":{"rendered":"Lavarnica Macro (verbessertes DMSO)"},"content":{"rendered":"<h1><span style=\"color: #000000;\"><strong>Lavarnica-Makro<\/strong><\/span><\/h1>\n<div style=\"padding: 56.25% 0 0 0; position: relative;\"><iframe style=\"position: absolute; top: 0; left: 0; width: 100%; height: 100%;\" title=\"Lavarinica\" src=\"https:\/\/player.vimeo.com\/video\/1165670395?badge=0&amp;autopause=0&amp;player_id=0&amp;app_id=58479\" frameborder=\"0\"><\/iframe><\/div>\n<p><script src=\"https:\/\/player.vimeo.com\/api\/player.js\"><\/script><\/p>\n<p><span style=\"color: #000000;\">Sie kennen vielleicht die Vorteile der drei Einzelprodukte von Lavarnica Macro, aber hier eine Erinnerung: Sanft duftend und 100% nat\u00fcrlich.<\/span><\/p>\n<p><span style=\"color: #000000;\"><strong>DMSO<\/strong><\/span><\/p>\n<p><span style=\"color: #000000;\">Wissenschaftler haben herausgefunden, dass DMSO nicht nur f\u00fcr seine schnellen und wirksamen entz\u00fcndungshemmenden und schmerzlindernden Eigenschaften bekannt ist, sondern auch als Transportmittel verwendet werden kann, um kleine Molek\u00fcle durch die Haut zu transportieren. Tats\u00e4chlich verst\u00e4rkt DMSO die Penetration anderer topischer Heilmittel und erh\u00f6ht so deren Wirksamkeit.<\/span><\/p>\n<p><span style=\"color: #000000;\"><strong>ARNIKA<\/strong><\/span><\/p>\n<p><span style=\"color: #000000;\">Arnika ist ein bl\u00fchendes Kraut aus der Familie der Sonnenblumen. Es wurde bereits im 16. Jahrhundert zur Behandlung einer Vielzahl von Beschwerden eingesetzt, darunter Prellungen, Verstauchungen, Muskelschmerzen, Wunden, Gelenkschmerzen, Schwellungen und Verbrennungen. Arnika hat sich daher bei der Heilung mehrerer postoperativer Beschwerden wie Schwellungen, Prellungen und Schmerzen als wirksam erwiesen.<\/span><\/p>\n<p><span style=\"color: #000000;\"><strong>LAVENDEL<\/strong><\/span><\/p>\n<p><span style=\"color: #000000;\">In der Antike wurde diese Duftpflanze verwendet, um verschiedene pers\u00f6nliche Gegenst\u00e4nde zu erfrischen und ihnen einen leichten Duft zu verleihen.<\/span><\/p>\n<p><span style=\"color: #000000;\">Neben seinem unverwechselbaren und entspannenden Aroma ist Lavendel auch daf\u00fcr bekannt, Bakterien abzut\u00f6ten, Akne zu heilen und vorzubeugen, Ekzeme und Schuppenflechte zu lindern, Falten zu reduzieren, Schmerzen und Entz\u00fcndungen zu lindern, Sonnenbrand zu lindern, die Wundheilung zu beschleunigen, Insekten abzuwehren und den Juckreiz nach einem Insektenstich zu lindern. <\/span><\/p>\n<p><span style=\"color: #000000;\">Lavendel hat vielen Menschen geholfen, ihre Schlafqualit\u00e4t zu verbessern und Schlaflosigkeit zu lindern.<\/span><\/p>\n<p><span style=\"color: #000000;\">Lavarnica Macro ist ein einzigartiges topisches Heilmittel, das speziell von Laube Holistic Health entwickelt wurde.<\/span><\/p>\n<p><span style=\"color: #000000;\">Lavarnica Macro nutzt die erstaunlichen Eigenschaften und Vorteile von DMSO, Arnika und Lavendel, um ein Heilmittel herzustellen, das tief in die Haut eindringt und die Symptome von Schwellungen und Schmerzen lindert.<\/span><\/p>\n<p><span style=\"color: #000000;\">Lavarnica Macro ist ein schnell wirkendes revolution\u00e4res Produkt. Es lindert und heilt Schmerzen auf nat\u00fcrliche Weise, sicher und kosteng\u00fcnstig. Sie m\u00fcssen Ihr hart verdientes Geld nicht f\u00fcr Operationen oder hochwirksame und s\u00fcchtig machende verschreibungspflichtige Medikamente ausgeben.<\/span><\/p>\n<p><span style=\"color: #000000;\">Wir bieten klare und pers\u00f6nliche Beratung und Anleitung, falls Sie Hilfe bei der Verwendung dieses Produkts ben\u00f6tigen.<\/span><\/p>\n<p><span style=\"color: #000000;\">Wenn Ihr Problem, Ihre Beschwerden oder Ihre Krankheit auf dieser Website nicht aufgef\u00fchrt sind, kontaktieren Sie uns bitte per E-Mail oder Telefon. Wir beraten und helfen Ihnen gerne weiter. Auf diese Qualit\u00e4t und diesen Service legen wir gro\u00dfen Wert.<\/span><\/p>\n<p><span style=\"color: #000000;\">Wie bei allen Medikamenten sollten Sie Ihren Hausarzt um Rat fragen, wenn Sie an ernsthaften gesundheitlichen Problemen, hohem Blutdruck, entz\u00fcndlichen Darmerkrankungen oder Herzrhythmusst\u00f6rungen leiden oder wenn Sie schwanger sind oder stillen.<\/span><\/p>","protected":false},"excerpt":{"rendered":"<p><span style=\"color: #000000;\">1 x Flasche Lavarnica Macro \u2013<strong> 30ml, 100ml, 120ml, 250ml oder 1L<\/strong><br \/>\n<\/span><\/p>\n<p><span style=\"color: #000000;\">Tropferkopf oder Spr\u00fchflasche<\/span><\/p>\n<p><span style=\"color: #000000;\">Eine einzigartige Mischung aus drei bekannten Behandlungen, alles in einem wohlriechenden, einfach anzuwendenden Naturheilmittel. Zart duftend und 100% nat\u00fcrlich.<\/span><\/p>\n<p><span class=\"_5yl5\" style=\"color: #000000;\" data-reactid=\".2h.$mid=11416827275330=23ad044a3231aa88f85.2:0.0.0.0.0\">Wir bieten Ihnen eine klare und pers\u00f6nliche Beratung und Anleitung, falls Sie bei der Verwendung dieses Produkts Hilfe ben\u00f6tigen.<\/span><\/p>","protected":false},"featured_media":10843,"comment_status":"closed","ping_status":"closed","template":"","meta":{"ngg_post_thumbnail":0},"product_brand":[],"product_cat":[326],"product_tag":[271,260,269,258,261,122,268,110,272,270,256,267,266],"class_list":{"0":"post-1620","1":"product","2":"type-product","3":"status-publish","4":"has-post-thumbnail","6":"product_cat-chlorine-dioxide-category","7":"product_tag-100-natural","8":"product_tag-aches-and-pains","9":"product_tag-aching-joints","10":"product_tag-arthritis","11":"product_tag-bursitis","12":"product_tag-dmso","13":"product_tag-inflammation","14":"product_tag-lavarnica-macro","15":"product_tag-natural","16":"product_tag-pain","17":"product_tag-pain-relief","18":"product_tag-tendonitis","19":"product_tag-topical-pain-relief","21":"first","22":"instock","23":"taxable","24":"shipping-taxable","25":"purchasable","26":"product-type-variable"},"_links":{"self":[{"href":"https:\/\/laubeholistic.com\/de\/wp-json\/wp\/v2\/product\/1620","targetHints":{"allow":["GET"]}}],"collection":[{"href":"https:\/\/laubeholistic.com\/de\/wp-json\/wp\/v2\/product"}],"about":[{"href":"https:\/\/laubeholistic.com\/de\/wp-json\/wp\/v2\/types\/product"}],"replies":[{"embeddable":true,"href":"https:\/\/laubeholistic.com\/de\/wp-json\/wp\/v2\/comments?post=1620"}],"wp:featuredmedia":[{"embeddable":true,"href":"https:\/\/laubeholistic.com\/de\/wp-json\/wp\/v2\/media\/10843"}],"wp:attachment":[{"href":"https:\/\/laubeholistic.com\/de\/wp-json\/wp\/v2\/media?parent=1620"}],"wp:term":[{"taxonomy":"product_brand","embeddable":true,"href":"https:\/\/laubeholistic.com\/de\/wp-json\/wp\/v2\/product_brand?post=1620"},{"taxonomy":"product_cat","embeddable":true,"href":"https:\/\/laubeholistic.com\/de\/wp-json\/wp\/v2\/product_cat?post=1620"},{"taxonomy":"product_tag","embeddable":true,"href":"https:\/\/laubeholistic.com\/de\/wp-json\/wp\/v2\/product_tag?post=1620"}],"curies":[{"name":"wp","href":"https:\/\/api.w.org\/{rel}","templated":true}]}}