{"id":1550,"date":"2014-05-28T20:00:56","date_gmt":"2014-05-28T20:00:56","guid":{"rendered":"https:\/\/laubeholistic.com\/?post_type=product&#038;p=1550"},"modified":"2025-11-12T11:58:10","modified_gmt":"2025-11-12T11:58:10","slug":"health_coaching","status":"publish","type":"product","link":"https:\/\/laubeholistic.com\/de\/shop\/health_coaching\/","title":{"rendered":"Gesundheitscoaching \u2013 30min"},"content":{"rendered":"<div class=\"vc_row wpb_row vc_row-fluid\">\n<div class=\"vc_col-sm-12 wpb_column vc_column_container\">\n<div class=\"wpb_wrapper\">\n<div class=\"wpb_text_column wpb_content_element\">\n<div class=\"wpb_wrapper\">\n<h3><span style=\"color: #000000;\">Wir sind stolz auf unsere Qualit\u00e4t und legen gro\u00dfen Wert darauf.<\/span><\/h3>\n<p><span style=\"color: #000000;\">Haben Sie sich jemals gew\u00fcnscht, mit einer Website sprechen zu k\u00f6nnen? Um Fragen zu stellen, die nicht an Sie gerichtet oder nicht spezifisch genug f\u00fcr Sie sind? Nun, hier ist eine einmalige Gelegenheit, genau das zu tun.<\/span><\/p>\n<p><span style=\"color: #000000;\">Mit wem k\u00f6nnte man besser sprechen als mit dem Entwickler von Laube Holistic Solutions \u2013 Tobias Laube. Eine private Beratung bequem von zu Hause aus.<\/span><\/p>\n<p><span style=\"color: #000000;\">In dieser einst\u00fcndigen Beratung erkl\u00e4rt Ihnen Tobias, wie und warum unsere Gesundheitsmittel Ihnen zu absoluter Gesundheit verhelfen k\u00f6nnen.<\/span><\/p>\n<p><span style=\"color: #000000;\">Wir bieten ein 1:1-Videogespr\u00e4ch an, das eine detaillierte Erkl\u00e4rung zur Einhaltung der verschiedenen Protokolle sowie einen Einblick in andere Anwendungsgebiete und Einsatzm\u00f6glichkeiten von AMS beinhaltet. &nbsp;<\/span><\/p>\n<p><span style=\"color: #000000;\"><a style=\"color: #000000;\" href=\"https:\/\/laubeholistic.com\/wp-content\/uploads\/2015\/03\/bild_beratung.jpg\"><img loading=\"lazy\" decoding=\"async\" class=\"size-medium wp-image-1552 alignright\" src=\"https:\/\/laubeholistic.com\/wp-content\/uploads\/2015\/03\/bild_beratung-300x236.jpg\" alt=\"bild_beratung\" width=\"300\" height=\"236\" srcset=\"https:\/\/laubeholistic.com\/wp-content\/uploads\/2015\/03\/bild_beratung-300x236.jpg 300w, https:\/\/laubeholistic.com\/wp-content\/uploads\/2015\/03\/bild_beratung.jpg 367w\" sizes=\"auto, (max-width: 300px) 100vw, 300px\" \/><\/a>Individuell auf Sie zugeschnittene Anwendungsgebiete und Vorgehensweisen werden gerne vor der Kamera besprochen und demonstriert, um Ihnen einen sicheren Umgang mit unseren Produkten zu vermitteln.<\/span><\/p>\n<p><span style=\"color: #000000;\">Dies k\u00f6nnten f\u00fcr Sie wichtige, lebensver\u00e4ndernde Informationen sein, insbesondere wenn Sie an einer chronischen oder sogar t\u00f6dlichen Krankheit leiden.<\/span><\/p>\n<p><span style=\"color: #000000;\">Nach der Bestellung werden wir Sie kontaktieren, um einen f\u00fcr Sie passenden Termin zu vereinbaren.<\/span><\/p>\n<h4><span style=\"color: #000000;\"><strong>Da es sich um einen Live-Videoanruf handelt, m\u00fcssen Sie ein Ger\u00e4t mit installierter Kamera verwenden.<\/strong><\/span><\/h4>\n<p><span style=\"color: #000000;\">Wenn Ihr Problem oder Leiden auf dieser Website nicht behandelt wird, kontaktieren Sie uns bitte per E-Mail oder Telefon und wir beraten und helfen Ihnen gern.<\/span><\/p>\n<\/div>\n<p><span style=\"color: #000000;\">Wir bieten klare und pers\u00f6nliche Beratung und Anleitung, falls Sie Hilfe bei der Verwendung unserer Produkte ben\u00f6tigen. Bitte kontaktieren Sie uns, wenn Sie weitere Informationen zu diesem oder anderen Produkten auf unserer Website ben\u00f6tigen.<\/span><\/p>\n<div class=\"wpb_wrapper\">\n<p>&nbsp;<\/p>\n<\/div>\n<\/div>\n<\/div>\n<\/div>\n<\/div>","protected":false},"excerpt":{"rendered":"<p><span style=\"color: #000000;\">Eine drei\u00dfigmin\u00fctige pers\u00f6nliche 1:1-Videoberatung mit Tobias.<\/span><\/p>\n<p><span style=\"color: #000000;\">Eine einzigartige und ideale Gelegenheit, etwaige Zweifel zu besprechen, Fragen zu stellen und Live-Demonstrationen anzuschauen.&nbsp;<\/span><\/p>\n<p><span style=\"color: #000000;\">Tobias spricht Englisch, Deutsch und Spanisch.<\/span><\/p>","protected":false},"featured_media":1548,"comment_status":"closed","ping_status":"closed","template":"","meta":{"ngg_post_thumbnail":0},"product_brand":[],"product_cat":[331],"product_tag":[289,293,292,298,294,295,296,288,287,291,290,299],"class_list":{"0":"post-1550","1":"product","2":"type-product","3":"status-publish","4":"has-post-thumbnail","6":"product_cat-services","7":"product_tag-1-to-1","8":"product_tag-clear-advice","9":"product_tag-demonstration","10":"product_tag-detailed-explanation","11":"product_tag-guidance","12":"product_tag-health-remedies","13":"product_tag-one-hour","14":"product_tag-one-to-one","15":"product_tag-personalised","16":"product_tag-video-consultation","17":"product_tag-video-conversation","18":"product_tag-vital-information","20":"first","21":"outofstock","22":"virtual","23":"taxable","24":"purchasable","25":"product-type-simple"},"_links":{"self":[{"href":"https:\/\/laubeholistic.com\/de\/wp-json\/wp\/v2\/product\/1550","targetHints":{"allow":["GET"]}}],"collection":[{"href":"https:\/\/laubeholistic.com\/de\/wp-json\/wp\/v2\/product"}],"about":[{"href":"https:\/\/laubeholistic.com\/de\/wp-json\/wp\/v2\/types\/product"}],"replies":[{"embeddable":true,"href":"https:\/\/laubeholistic.com\/de\/wp-json\/wp\/v2\/comments?post=1550"}],"wp:featuredmedia":[{"embeddable":true,"href":"https:\/\/laubeholistic.com\/de\/wp-json\/wp\/v2\/media\/1548"}],"wp:attachment":[{"href":"https:\/\/laubeholistic.com\/de\/wp-json\/wp\/v2\/media?parent=1550"}],"wp:term":[{"taxonomy":"product_brand","embeddable":true,"href":"https:\/\/laubeholistic.com\/de\/wp-json\/wp\/v2\/product_brand?post=1550"},{"taxonomy":"product_cat","embeddable":true,"href":"https:\/\/laubeholistic.com\/de\/wp-json\/wp\/v2\/product_cat?post=1550"},{"taxonomy":"product_tag","embeddable":true,"href":"https:\/\/laubeholistic.com\/de\/wp-json\/wp\/v2\/product_tag?post=1550"}],"curies":[{"name":"wp","href":"https:\/\/api.w.org\/{rel}","templated":true}]}}