{"id":151,"date":"2014-05-28T19:00:23","date_gmt":"2014-05-28T19:00:23","guid":{"rendered":"https:\/\/laubeholistic.com\/?post_type=product&#038;p=151"},"modified":"2026-03-03T14:48:29","modified_gmt":"2026-03-03T14:48:29","slug":"pure-vitamin-c","status":"publish","type":"product","link":"https:\/\/laubeholistic.com\/de\/shop\/pure-vitamin-c\/","title":{"rendered":"Reines Vitamin C"},"content":{"rendered":"<p>&nbsp;<\/p>\n<h1 lang=\"es-ES\" style=\"font-size: small; color: #000000; text-align: center;\"><span style=\"font-size: x-large;\"><span style=\"text-decoration: underline;\">Nat\u00fcrliches Wundermittel&nbsp;<\/span><\/span><span style=\"font-size: x-large;\"><span style=\"text-decoration: underline;\">F\u00fcr eine bessere Gesundheit!<\/span><\/span><\/h1>\n<div style=\"padding: 56.25% 0 0 0; position: relative;\"><iframe style=\"position: absolute; top: 0; left: 0; width: 100%; height: 100%;\" title=\"Vitamine C\" src=\"https:\/\/player.vimeo.com\/video\/1165670676?badge=0&amp;autopause=0&amp;player_id=0&amp;app_id=58479\" frameborder=\"0\"><\/iframe><\/div>\n<p><script src=\"https:\/\/player.vimeo.com\/api\/player.js\"><\/script><\/p>\n<div><span style=\"color: #000000;\">Das bekannteste Vitamin der Welt ist zugleich der am meisten untersch\u00e4tzte und unterdr\u00fcckte N\u00e4hrstoff der Geschichte.<\/span><\/div>\n<div><span style=\"color: #000000;\">Es ist <strong>einer der m\u00e4chtigsten<\/strong> <strong>Krankenversicherungen, die man abschlie\u00dfen kann<\/strong>.<\/span><\/div>\n<div>&nbsp;<\/div>\n<div><span style=\"color: #000000;\"><strong>Reines Vitamin C<\/strong> ist das Wundermittel der Natur. Es verhilft Ihnen auf nat\u00fcrliche Weise zu besserer Gesundheit, verbessert Ihr Herz-Kreislauf-System, l\u00f6st sp\u00fcrbar mehr Energie aus, st\u00e4rkt Ihr Immunsystem und reinigt von innen.<\/span><\/div>\n<div>&nbsp;<\/div>\n<div><span style=\"color: #000000;\"><strong>Linus Pauling <\/strong>(*1901 \u2013 1994 \u2020) Begr\u00fcnder der Orthomolekularen Medizin und Nobelpreistr\u00e4ger f\u00fcr <strong>Chemie<\/strong> Und <strong>Frieden. <\/strong>&nbsp;Linus Pauling war einer der gro\u00dfen Pioniere, die entdeckten, dass wir Menschen durch die heutigen verarbeiteten, gentechnisch ver\u00e4nderten und sogar k\u00fcnstlichen Lebensmittel nicht gen\u00fcgend Vitamin C zu uns nehmen. Er entdeckte auch, dass wir viel h\u00f6here Mengen dieses Vitamins aufnehmen k\u00f6nnen und h\u00e4ufig auch ben\u00f6tigen, insbesondere wenn wir krank sind.<\/span><\/div>\n<div>&nbsp;<\/div>\n<figure id=\"attachment_173\" aria-describedby=\"caption-attachment-173\" style=\"width: 303px\" class=\"wp-caption alignright\"><img loading=\"lazy\" decoding=\"async\" class=\"wp-image-173\" style=\"border-image: initial; border: 1px solid black;\" title=\"Linus Pauling\" src=\"https:\/\/laubeholistic.com\/wp-content\/uploads\/2012\/05\/LinusPauling.jpg\" alt=\"Linus Pauling\" width=\"303\" height=\"140\"><figcaption id=\"caption-attachment-173\" class=\"wp-caption-text\">Wie von Linus Pauling empfohlen.<\/figcaption><\/figure>\n<blockquote>\n<div><strong>\u201eWenn Sie trotzdem krank werden, liegt das nur daran, dass Ihr K\u00f6rper nicht genug Vitamin C bekommt. Mit gen\u00fcgend Vitamin C pro Tag, das ganze Jahr \u00fcber, werden Sie nicht mehr krank.\u201c<\/strong><\/div>\n<div><em>Linus Pauling<\/em><\/div>\n<\/blockquote>\n<div>&nbsp;<\/div>\n<div><span style=\"color: #000000;\">Im Vergleich zu herk\u00f6mmlichen Vitamin-C-Tabletten ist unser Vitamin C 100% rein und in keiner Weise ver\u00e4ndert.<\/span><\/div>\n<div>&nbsp;<\/div>\n<div><span style=\"color: #000000;\">Ein gestrichener Teel\u00f6ffel unseres puren Produkts 100% enth\u00e4lt bis zu 60-mal mehr Vitamin C als herk\u00f6mmliche Tabletten.<\/span><\/div>\n<div>&nbsp;<\/div>\n<div><span style=\"color: #000000;\">Das ist doch offensichtlich, sagen Sie vielleicht. Sie glauben vielleicht, es sei allgemein bekannt, dass Vitamin C gut f\u00fcr Sie ist. Allerdings ist die optimale Menge an Vitamin C, die wir ben\u00f6tigen, ein fortgeschrittenes Wissen. Die richtige Dosierung von reinem Vitamin C macht den Unterschied, wenn Sie das ganze Jahr \u00fcber gesund bleiben m\u00f6chten.<\/span><\/div>\n<div>&nbsp;<\/div>\n<div>\n<p><span style=\"color: #000000;\">Wenn Ihr Problem, Ihre Beschwerde oder Ihre Krankheit auf dieser Website nicht behandelt wird, kontaktieren Sie uns bitte per E-Mail oder Telefon und wir beraten und helfen Ihnen gern.&nbsp;<span class=\"_5yl5\" data-reactid=\".1k.$mid=11416832347515=2f7e62a9de5b0f0e178.2:0.0.0.0.0\">Auf diese Eigenschaft legen wir gr\u00f6\u00dften Wert.<\/span><\/span><\/p>\n<\/div>\n<p><img loading=\"lazy\" decoding=\"async\" class=\"alignnone wp-image-7071\" src=\"https:\/\/laubeholistic.com\/wp-content\/uploads\/Grams-of-flat-GS-1-300x164.jpg\" alt=\"\" width=\"518\" height=\"283\" srcset=\"https:\/\/laubeholistic.com\/wp-content\/uploads\/Grams-of-flat-GS-1-300x164.jpg 300w, https:\/\/laubeholistic.com\/wp-content\/uploads\/Grams-of-flat-GS-1-1024x561.jpg 1024w, https:\/\/laubeholistic.com\/wp-content\/uploads\/Grams-of-flat-GS-1-768x421.jpg 768w, https:\/\/laubeholistic.com\/wp-content\/uploads\/Grams-of-flat-GS-1-16x9.jpg 16w, https:\/\/laubeholistic.com\/wp-content\/uploads\/Grams-of-flat-GS-1-510x279.jpg 510w, https:\/\/laubeholistic.com\/wp-content\/uploads\/Grams-of-flat-GS-1.jpg 1296w\" sizes=\"auto, (max-width: 518px) 100vw, 518px\" \/><img loading=\"lazy\" decoding=\"async\" class=\"alignnone wp-image-7070\" src=\"https:\/\/laubeholistic.com\/wp-content\/uploads\/Grams-of-big-GS-300x184.jpg\" alt=\"\" width=\"462\" height=\"283\" srcset=\"https:\/\/laubeholistic.com\/wp-content\/uploads\/Grams-of-big-GS-300x184.jpg 300w, https:\/\/laubeholistic.com\/wp-content\/uploads\/Grams-of-big-GS-1024x626.jpg 1024w, https:\/\/laubeholistic.com\/wp-content\/uploads\/Grams-of-big-GS-768x470.jpg 768w, https:\/\/laubeholistic.com\/wp-content\/uploads\/Grams-of-big-GS-16x10.jpg 16w, https:\/\/laubeholistic.com\/wp-content\/uploads\/Grams-of-big-GS-510x312.jpg 510w, https:\/\/laubeholistic.com\/wp-content\/uploads\/Grams-of-big-GS.jpg 1324w\" sizes=\"auto, (max-width: 462px) 100vw, 462px\" \/><\/p>\n<p style=\"text-align: center;\"><strong><span style=\"color: #000000;\">Ein gestrichener Teel\u00f6ffel ergibt ca. 2,5 g \u2014\u2013 Ein geh\u00e4ufter Teel\u00f6ffel ca. 5 g (doppelt)<\/span><\/strong><\/p>\n<p><img loading=\"lazy\" decoding=\"async\" class=\"alignnone wp-image-7068\" src=\"https:\/\/laubeholistic.com\/wp-content\/uploads\/Grams-of-flat-WS-300x177.jpg\" alt=\"\" width=\"474\" height=\"280\" srcset=\"https:\/\/laubeholistic.com\/wp-content\/uploads\/Grams-of-flat-WS-300x177.jpg 300w, https:\/\/laubeholistic.com\/wp-content\/uploads\/Grams-of-flat-WS-1024x603.jpg 1024w, https:\/\/laubeholistic.com\/wp-content\/uploads\/Grams-of-flat-WS-768x452.jpg 768w, https:\/\/laubeholistic.com\/wp-content\/uploads\/Grams-of-flat-WS-16x9.jpg 16w, https:\/\/laubeholistic.com\/wp-content\/uploads\/Grams-of-flat-WS-510x300.jpg 510w, https:\/\/laubeholistic.com\/wp-content\/uploads\/Grams-of-flat-WS.jpg 1386w\" sizes=\"auto, (max-width: 474px) 100vw, 474px\" \/><img loading=\"lazy\" decoding=\"async\" class=\"alignnone wp-image-7069\" src=\"https:\/\/laubeholistic.com\/wp-content\/uploads\/Grams-of-big-WS-300x168.jpg\" alt=\"\" width=\"499\" height=\"279\" srcset=\"https:\/\/laubeholistic.com\/wp-content\/uploads\/Grams-of-big-WS-300x168.jpg 300w, https:\/\/laubeholistic.com\/wp-content\/uploads\/Grams-of-big-WS-1024x574.jpg 1024w, https:\/\/laubeholistic.com\/wp-content\/uploads\/Grams-of-big-WS-768x430.jpg 768w, https:\/\/laubeholistic.com\/wp-content\/uploads\/Grams-of-big-WS-16x9.jpg 16w, https:\/\/laubeholistic.com\/wp-content\/uploads\/Grams-of-big-WS-510x286.jpg 510w, https:\/\/laubeholistic.com\/wp-content\/uploads\/Grams-of-big-WS.jpg 1378w\" sizes=\"auto, (max-width: 499px) 100vw, 499px\" \/><\/p>\n<p style=\"text-align: center;\"><span style=\"color: #000000;\"><strong>Mit unserem h\u00f6lzernen Teel\u00f6ffel erhalten Sie etwa 2,5 g im flachen\/gestrichenen Zustand und zwischen 4 und 4,5 g im geh\u00e4uften Zustand.<\/strong><\/span><\/p>\n<h2 style=\"text-align: center;\"><span style=\"color: #000000;\">REFERENZEN<\/span><\/h2>\n<p><span style=\"color: #000000;\">Ein positiver PCR-Test wurde NEGATIV nach hohen Dosen von <strong>Reines Vitamin C<\/strong><\/span><\/p>\n<p style=\"text-align: center;\"><span style=\"color: #000000;\"><strong><img loading=\"lazy\" decoding=\"async\" class=\"wp-image-10906 aligncenter\" src=\"https:\/\/laubeholistic.com\/wp-content\/uploads\/DINO-Covid-test-results-2-2-300x111.jpg\" alt=\"\" width=\"873\" height=\"323\" srcset=\"https:\/\/laubeholistic.com\/wp-content\/uploads\/DINO-Covid-test-results-2-2-300x111.jpg 300w, https:\/\/laubeholistic.com\/wp-content\/uploads\/DINO-Covid-test-results-2-2-768x283.jpg 768w, https:\/\/laubeholistic.com\/wp-content\/uploads\/DINO-Covid-test-results-2-2-1536x566.jpg 1536w, https:\/\/laubeholistic.com\/wp-content\/uploads\/DINO-Covid-test-results-2-2-18x7.jpg 18w, https:\/\/laubeholistic.com\/wp-content\/uploads\/DINO-Covid-test-results-2-2-510x188.jpg 510w\" sizes=\"auto, (max-width: 873px) 100vw, 873px\" \/>&nbsp;<\/strong><\/span><\/p>","protected":false},"excerpt":{"rendered":"<p lang=\"it-IT\" style=\"text-align: left;\" align=\"CENTER\"><span style=\"color: #000000;\">Askorbins\u00e4ure - <\/span><span style=\"color: #000000;\">100% rein<\/span><br \/>\n<span style=\"color: #000000;\">Empfohlen von Linus Pauling<\/span><\/p>\n<h3 lang=\"it-IT\" style=\"text-align: left;\" align=\"CENTER\"><span style=\"color: #0000ff;\"><strong>W\u00e4hrend der aktuellen Pandemie ist es von entscheidender Bedeutung, Ihre Ern\u00e4hrung mit n\u00fctzlichen, gesundheitsf\u00f6rdernden N\u00e4hrstoffen zu erg\u00e4nzen. Deshalb bieten wir hochwertiges reines Vitamin C an.<br \/>\n<\/strong><\/span><\/h3>\n<p><span style=\"font-size: 10pt; color: #000000;\"><strong>Hilft beim Kampf gegen folgende Krankheiten:<\/strong><\/span><\/p>\n<p><em><span style=\"font-size: 10pt; color: #000000;\"><strong>Erk\u00e4ltung, Grippe, Fieber&nbsp;<\/strong><strong>Und&nbsp;<\/strong><\/span><\/em><em><span style=\"font-size: 10pt; color: #000000;\"><strong>Herz-Kreislauf-Probleme.<\/strong><\/span><\/em><\/p>\n<p><em><span style=\"font-size: 10pt; color: #000000;\"><strong>St\u00e4rkt das Immunsystem.<\/strong><\/span><\/em><\/p>\n<p><em><span style=\"font-size: 10pt; color: #000000;\"><strong>F\u00f6rdert ein verbessertes Wohlbefinden und kann bei der Bek\u00e4mpfung von Depressionen helfen.<\/strong><\/span><\/em><\/p>\n<p style=\"font-size: large; text-align: left;\"><span style=\"font-size: 10pt; color: #000000;\">Dosierung: T\u00e4glich einen gestrichenen Teel\u00f6ffel Vitamin C mit einem Glas Wasser einnehmen.<\/span><\/p>\n<p style=\"font-size: large; text-align: left;\"><span class=\"_5yl5\" style=\"font-size: 10pt; color: #000000;\" data-reactid=\".2h.$mid=11416827275330=23ad044a3231aa88f85.2:0.0.0.0.0\">Wir bieten klare, pers\u00f6nliche Beratung und Anleitung, falls Sie Hilfe bei der Verwendung von reinem Vitamin C ben\u00f6tigen.<\/span><\/p>","protected":false},"featured_media":10811,"comment_status":"closed","ping_status":"closed","template":"","meta":{"ngg_post_thumbnail":0},"product_brand":[],"product_cat":[327],"product_tag":[251,253,148,252,254],"class_list":{"0":"post-151","1":"product","2":"type-product","3":"status-publish","4":"has-post-thumbnail","6":"product_cat-vitamin-supplements","7":"product_tag-100-pure","8":"product_tag-ascorbic-acid","9":"product_tag-linus-pauling","10":"product_tag-powder","11":"product_tag-pure","13":"first","14":"instock","15":"taxable","16":"shipping-taxable","17":"purchasable","18":"product-type-variable"},"_links":{"self":[{"href":"https:\/\/laubeholistic.com\/de\/wp-json\/wp\/v2\/product\/151","targetHints":{"allow":["GET"]}}],"collection":[{"href":"https:\/\/laubeholistic.com\/de\/wp-json\/wp\/v2\/product"}],"about":[{"href":"https:\/\/laubeholistic.com\/de\/wp-json\/wp\/v2\/types\/product"}],"replies":[{"embeddable":true,"href":"https:\/\/laubeholistic.com\/de\/wp-json\/wp\/v2\/comments?post=151"}],"wp:featuredmedia":[{"embeddable":true,"href":"https:\/\/laubeholistic.com\/de\/wp-json\/wp\/v2\/media\/10811"}],"wp:attachment":[{"href":"https:\/\/laubeholistic.com\/de\/wp-json\/wp\/v2\/media?parent=151"}],"wp:term":[{"taxonomy":"product_brand","embeddable":true,"href":"https:\/\/laubeholistic.com\/de\/wp-json\/wp\/v2\/product_brand?post=151"},{"taxonomy":"product_cat","embeddable":true,"href":"https:\/\/laubeholistic.com\/de\/wp-json\/wp\/v2\/product_cat?post=151"},{"taxonomy":"product_tag","embeddable":true,"href":"https:\/\/laubeholistic.com\/de\/wp-json\/wp\/v2\/product_tag?post=151"}],"curies":[{"name":"wp","href":"https:\/\/api.w.org\/{rel}","templated":true}]}}