{"id":15068,"date":"2025-01-07T15:23:32","date_gmt":"2025-01-07T15:23:32","guid":{"rendered":"https:\/\/laubeholistic.com\/?post_type=product&#038;p=15068"},"modified":"2026-03-03T14:34:55","modified_gmt":"2026-03-03T14:34:55","slug":"magnesium-oil","status":"publish","type":"product","link":"https:\/\/laubeholistic.com\/de\/shop\/magnesium-oil\/","title":{"rendered":"Magnesium\u00f6l"},"content":{"rendered":"<p><span style=\"color: #282828;\">Eine faszinierende Studie hat ergeben, dass das Auftragen von Magnesium\u00f6l auf die Haut wirksamer ist als die orale Einnahme von Magnesiumpr\u00e4paraten. Dar\u00fcber hinaus wird die Magnesiumaufnahme verbessert und Nebenwirkungen werden minimiert, da das Verdauungssystem umgangen wird.<\/span><\/p>\n<p><span style=\"color: #282828;\"><strong>Vorteile von Magnesium\u00f6l:<\/strong><\/span><\/p>\n<ul>\n<li style=\"text-align: left;\"><span style=\"color: #282828;\">Lindert Fibromyalgie<\/span><\/li>\n<li style=\"text-align: left;\"><span style=\"color: #282828;\">Reduziert Angst und Depression<\/span><\/li>\n<li style=\"text-align: left;\"><span style=\"color: #282828;\">Lindert Verstopfung<\/span><\/li>\n<li style=\"text-align: left;\"><span style=\"color: #282828;\">F\u00f6rdert erholsamen Schlaf<\/span><\/li>\n<li style=\"text-align: left;\"><span style=\"color: #282828;\">Hilft Asthma vorzubeugen<\/span><\/li>\n<li style=\"text-align: left;\"><span style=\"color: #282828;\">Reduziert Entz\u00fcndungen<\/span><\/li>\n<li style=\"text-align: left;\"><span style=\"color: #282828;\">Unterst\u00fctzt die Herzgesundheit<\/span><\/li>\n<li style=\"text-align: left;\"><span style=\"color: #282828;\">Lindert Migr\u00e4ne<\/span><\/li>\n<li style=\"text-align: left;\"><span style=\"color: #282828;\">St\u00e4rkt die Knochen<\/span><\/li>\n<li style=\"text-align: left;\"><span style=\"color: #282828;\">Hilft bei der Regulierung des Blutzuckers<\/span><\/li>\n<li style=\"text-align: left;\"><span style=\"color: #282828;\">Senkt den Blutdruck<\/span><\/li>\n<li style=\"text-align: left;\"><span style=\"color: #282828;\">Behandelt Hauterkrankungen<\/span><\/li>\n<li style=\"text-align: left;\"><span style=\"color: #282828;\">Lindert pr\u00e4menstruelle Beschwerden<\/span><\/li>\n<li style=\"text-align: left;\"><span style=\"color: #282828;\">F\u00f6rdert das Haarwachstum<\/span><\/li>\n<\/ul>\n<p><span style=\"color: #282828;\">Unser <strong>Magnesium\u00f6lspray<\/strong> bietet eine nat\u00fcrliche und effektive M\u00f6glichkeit, Ihre Wellness-Routine zu unterst\u00fctzen. Verpackt in einem schlanken <strong>Aluminiumflasche mit leicht zu handhabendem Spr\u00fchkopf<\/strong>, dieses Magnesium\u00f6l besteht aus <strong>100 % reinem Magnesiumchlorid<\/strong> aus dem unber\u00fchrten <strong>Zechsteinmeer in den Niederlanden<\/strong>.<\/span><\/p>\n<p><span style=\"color: #282828;\">Gemischt mit <strong>reinem destilliertem Wasser.<\/strong>Es handelt sich um ein erstklassiges, hochwertiges Produkt, das f\u00fcr maximale Aufnahme und Komfort konzipiert ist.<\/span><\/p>\n<p><span style=\"color: #282828;\"><strong>Warum sollten Sie sich f\u00fcr Magnesium\u00f6lspray entscheiden?<\/strong><\/span><br \/>\n<span style=\"color: #282828;\">Magnesium ist f\u00fcr zahlreiche K\u00f6rperfunktionen unentbehrlich und die \u00f6rtliche Anwendung ist eine der wirksamsten M\u00f6glichkeiten, Ihren Magnesiumspiegel wieder aufzuf\u00fcllen.<\/span><\/p>\n<ul>\n<li><span style=\"color: #282828;\"><strong>Lindert Schlafprobleme<\/strong>: Spr\u00fchen Sie es vor dem Schlafengehen auf Ihre F\u00fc\u00dfe, um die Entspannung zu f\u00f6rdern und einen erholsamen Schlaf zu unterst\u00fctzen.<\/span><\/li>\n<li><span style=\"color: #282828;\"><strong>Lindert Muskelschmerzen<\/strong>: Zur schnellen Linderung und Erholung nach dem Training oder einer k\u00f6rperlichen Aktivit\u00e4t direkt auf schmerzende oder m\u00fcde Muskeln auftragen.<\/span><\/li>\n<li><span style=\"color: #282828;\"><strong>Unterst\u00fctzt die Gesundheit der Haut<\/strong>: Magnesium hilft, die Hautfunktionen auszugleichen und verleiht der Haut ein gepflegtes und revitalisiertes Gef\u00fchl.<\/span><\/li>\n<li><span style=\"color: #282828;\"><strong>Praktisch und unkompliziert<\/strong>: Der Spr\u00fchkopf sorgt f\u00fcr ein gleichm\u00e4\u00dfiges Auftragen ohne Verschwendung und ist somit perfekt f\u00fcr die Anwendung unterwegs.<\/span><\/li>\n<\/ul>\n<p><span style=\"color: #282828;\">Egal, ob Sie Ihre Regeneration nach dem Training verbessern, nach einem langen Tag entspannen oder Ihre allgemeine Magnesiumaufnahme steigern m\u00f6chten, unser Magnesium-\u00d6l-Spray ist ein Muss f\u00fcr Ihr Wellness-Toolkit.<\/span><\/p>\n<p><span style=\"color: #282828;\">Entdecken Sie die Vorteile von reinem Magnesium direkt an Ihren Fingerspitzen. \ud83c\udf3f<\/span><\/p>","protected":false},"excerpt":{"rendered":"<p><span style=\"color: #282828;\">100 % reines Magnesium\u00f6l<\/span><\/p>\n<p><span style=\"color: #282828;\">Aluminium Spr\u00fchflasche mit 100ml<\/span><\/p>\n<p><span style=\"color: #282828;\">Schnelle Absorption<\/span><\/p>\n<p><span style=\"color: #282828;\">Nicht fettend<\/span><\/p>\n<p><span style=\"color: #282828;\">Geruchsfreie Formel<\/span><\/p>\n<p><span style=\"color: #282828;\">Aus dem urzeitlichen Zechsteinmeer abgebaut<\/span><\/p>","protected":false},"featured_media":15074,"comment_status":"open","ping_status":"closed","template":"","meta":{"ngg_post_thumbnail":0},"product_brand":[],"product_cat":[329,332],"product_tag":[357,355,356],"class_list":{"0":"post-15068","1":"product","2":"type-product","3":"status-publish","4":"has-post-thumbnail","6":"product_cat-remedy-supplements","7":"product_cat-newcomers","8":"product_tag-magnesium-chloride","9":"product_tag-magnesium-oil","10":"product_tag-magnesium-oil-spray","12":"first","13":"instock","14":"taxable","15":"shipping-taxable","16":"purchasable","17":"product-type-simple"},"_links":{"self":[{"href":"https:\/\/laubeholistic.com\/de\/wp-json\/wp\/v2\/product\/15068","targetHints":{"allow":["GET"]}}],"collection":[{"href":"https:\/\/laubeholistic.com\/de\/wp-json\/wp\/v2\/product"}],"about":[{"href":"https:\/\/laubeholistic.com\/de\/wp-json\/wp\/v2\/types\/product"}],"replies":[{"embeddable":true,"href":"https:\/\/laubeholistic.com\/de\/wp-json\/wp\/v2\/comments?post=15068"}],"wp:featuredmedia":[{"embeddable":true,"href":"https:\/\/laubeholistic.com\/de\/wp-json\/wp\/v2\/media\/15074"}],"wp:attachment":[{"href":"https:\/\/laubeholistic.com\/de\/wp-json\/wp\/v2\/media?parent=15068"}],"wp:term":[{"taxonomy":"product_brand","embeddable":true,"href":"https:\/\/laubeholistic.com\/de\/wp-json\/wp\/v2\/product_brand?post=15068"},{"taxonomy":"product_cat","embeddable":true,"href":"https:\/\/laubeholistic.com\/de\/wp-json\/wp\/v2\/product_cat?post=15068"},{"taxonomy":"product_tag","embeddable":true,"href":"https:\/\/laubeholistic.com\/de\/wp-json\/wp\/v2\/product_tag?post=15068"}],"curies":[{"name":"wp","href":"https:\/\/api.w.org\/{rel}","templated":true}]}}