{"id":14261,"date":"2024-08-20T15:57:25","date_gmt":"2024-08-20T15:57:25","guid":{"rendered":"https:\/\/laubeholistic.com\/?post_type=product&#038;p=14261"},"modified":"2025-12-02T03:45:57","modified_gmt":"2025-12-02T03:45:57","slug":"pure-distilled-water","status":"publish","type":"product","link":"https:\/\/laubeholistic.com\/de\/shop\/pure-distilled-water\/","title":{"rendered":"Reines destilliertes Wasser"},"content":{"rendered":"<p><span style=\"color: #000000;\"><strong>Reines destilliertes Wasser<\/strong><\/span><br \/>\n<span style=\"color: #000000;\">Verf\u00fcgbar in <strong>1 Liter<\/strong> Und <strong>5L<\/strong> HDPE-Kunststoff-Beh\u00e4lter<\/span><\/p>\n<p><span style=\"color: #000000;\">Erleben Sie die Essenz absoluter Reinheit mit unserem destillierten Wasser, das sorgf\u00e4ltig verarbeitet wird, um ein H\u00f6chstma\u00df an Sauberkeit und Sicherheit zu gew\u00e4hrleisten. Unser destilliertes Wasser ist ideal f\u00fcr eine breite Palette von Anwendungen, von Laboranwendungen bis hin zur K\u00f6rperpflege, und ist Ihre erste Wahl f\u00fcr Qualit\u00e4t und Zuverl\u00e4ssigkeit.<\/span><\/p>\n<p><span style=\"color: #000000;\"><strong>Hauptmerkmale:<\/strong><\/span><\/p>\n<ul>\n<li><span style=\"color: #000000;\"><strong>Absolute Reinheit:<\/strong> Unser destilliertes Wasser ist frei von Verunreinigungen, Chemikalien und Schadstoffen und bietet Ihnen Wasser in seiner reinsten Form. Perfekt f\u00fcr sensible Anwendungen, bei denen nur das reinste Wasser ausreicht.<\/span><\/li>\n<li><span style=\"color: #000000;\"><strong>HDPE-Kunststoff-Beh\u00e4lter:<\/strong> Durch die Lagerung in Beh\u00e4ltern aus hochdichtem Polyethylen (HDPE) bleibt unser Wasser unbelastet und sicher. HDPE ist f\u00fcr seine Langlebigkeit und chemische Best\u00e4ndigkeit bekannt und sorgt daf\u00fcr, dass das Wasser seine Reinheit w\u00e4hrend der gesamten Lagerzeit beibeh\u00e4lt.<\/span><\/li>\n<li><span style=\"color: #000000;\"><strong>Verf\u00fcgbare Gr\u00f6\u00dfen:<\/strong> W\u00e4hlen Sie die Gr\u00f6\u00dfe, die Ihren Bed\u00fcrfnissen entspricht:<\/span>\n<ul>\n<li><span style=\"color: #000000;\"><strong>1L Beh\u00e4lter:<\/strong> Kompakt und praktisch, ideal f\u00fcr den pers\u00f6nlichen Gebrauch oder f\u00fcr kleine Mengen.<\/span><\/li>\n<li><span style=\"color: #000000;\"><strong>5L Beh\u00e4lter:<\/strong> Perfekt f\u00fcr gr\u00f6\u00dfere Anwendungen, mit gro\u00dfem Nutzen f\u00fcr den langfristigen Einsatz.<\/span><\/li>\n<\/ul>\n<\/li>\n<li><span style=\"color: #000000;\"><strong>Vielseitig einsetzbar:<\/strong> Ob f\u00fcr medizinische, kosmetische, Automobil- oder Haushaltszwecke, unser destilliertes Wasser erf\u00fcllt die h\u00f6chsten Qualit\u00e4tsstandards und gew\u00e4hrleistet optimale Leistung bei jeder Anwendung.<\/span><\/li>\n<\/ul>\n<p><span style=\"color: #000000;\"><strong>Warum sollten Sie unser destilliertes Wasser w\u00e4hlen?<\/strong><\/span><\/p>\n<p><span style=\"color: #000000;\">Wenn Reinheit nicht verhandelbar ist, ist unser destilliertes Wasser die nat\u00fcrliche Wahl. Frei von Zus\u00e4tzen und Verunreinigungen ist es die ideale L\u00f6sung f\u00fcr eine Vielzahl von beruflichen und privaten Bed\u00fcrfnissen.<\/span><\/p>\n<p><span style=\"color: #000000;\">Bestellen Sie jetzt und erleben Sie den Unterschied der wahren Reinheit in jedem Tropfen!<\/span><\/p>","protected":false},"excerpt":{"rendered":"<p><span style=\"color: #000000;\">100% Rein<\/span><\/p>\n<p><span style=\"color: #000000;\">Verf\u00fcgbar in <strong>1 Liter<\/strong> Und <strong>5L<\/strong> HDPE-Kunststoff-Beh\u00e4lter<\/span><\/p>","protected":false},"featured_media":14264,"comment_status":"open","ping_status":"closed","template":"","meta":{"ngg_post_thumbnail":0},"product_brand":[],"product_cat":[332,330,329],"product_tag":[353,354],"class_list":{"0":"post-14261","1":"product","2":"type-product","3":"status-publish","4":"has-post-thumbnail","6":"product_cat-newcomers","7":"product_cat-accessories","8":"product_cat-remedy-supplements","9":"product_tag-distilled-water","10":"product_tag-pure-distilled-water","12":"first","13":"instock","14":"taxable","15":"shipping-taxable","16":"purchasable","17":"product-type-variable"},"_links":{"self":[{"href":"https:\/\/laubeholistic.com\/de\/wp-json\/wp\/v2\/product\/14261","targetHints":{"allow":["GET"]}}],"collection":[{"href":"https:\/\/laubeholistic.com\/de\/wp-json\/wp\/v2\/product"}],"about":[{"href":"https:\/\/laubeholistic.com\/de\/wp-json\/wp\/v2\/types\/product"}],"replies":[{"embeddable":true,"href":"https:\/\/laubeholistic.com\/de\/wp-json\/wp\/v2\/comments?post=14261"}],"wp:featuredmedia":[{"embeddable":true,"href":"https:\/\/laubeholistic.com\/de\/wp-json\/wp\/v2\/media\/14264"}],"wp:attachment":[{"href":"https:\/\/laubeholistic.com\/de\/wp-json\/wp\/v2\/media?parent=14261"}],"wp:term":[{"taxonomy":"product_brand","embeddable":true,"href":"https:\/\/laubeholistic.com\/de\/wp-json\/wp\/v2\/product_brand?post=14261"},{"taxonomy":"product_cat","embeddable":true,"href":"https:\/\/laubeholistic.com\/de\/wp-json\/wp\/v2\/product_cat?post=14261"},{"taxonomy":"product_tag","embeddable":true,"href":"https:\/\/laubeholistic.com\/de\/wp-json\/wp\/v2\/product_tag?post=14261"}],"curies":[{"name":"wp","href":"https:\/\/api.w.org\/{rel}","templated":true}]}}