{"id":13448,"date":"2024-02-12T16:51:17","date_gmt":"2024-02-12T16:51:17","guid":{"rendered":"https:\/\/laubeholistic.com\/?post_type=product&#038;p=13448"},"modified":"2026-03-03T13:36:41","modified_gmt":"2026-03-03T13:36:41","slug":"parakit","status":"publish","type":"product","link":"https:\/\/laubeholistic.com\/de\/shop\/parakit\/","title":{"rendered":"ParaKit"},"content":{"rendered":"<h1><span style=\"color: #000000;\">Die ParaKit-Formel: Ein dynamischer Ansatz zur Parasitenbeseitigung<\/span><\/h1>\n<div style=\"padding: 56.25% 0 0 0; position: relative;\"><iframe style=\"position: absolute; top: 0; left: 0; width: 100%; height: 100%;\" title=\"Parakit\" src=\"https:\/\/player.vimeo.com\/video\/1165670529?badge=0&amp;autopause=0&amp;player_id=0&amp;app_id=58479\" frameborder=\"0\"><\/iframe><\/div>\n<p><script src=\"https:\/\/player.vimeo.com\/api\/player.js\"><\/script><\/p>\n<p><span style=\"color: #000000;\">Drei Mittel zur Parasitenbek\u00e4mpfung, um sie alle zu beseitigen.<\/span><\/p>\n<p>Im laufenden Kampf gegen Parasiteninfektionen ist eine bahnbrechende L\u00f6sung aufgetaucht, die die Parasitenbek\u00e4mpfung revolutionieren wird. Die ParaKit-Formel ist eine wirksame Kombination aus <strong>Ivermectin<\/strong>, <strong>Fenbendazol<\/strong>, Und <strong>Praziquantel<\/strong>Sie wurden sorgf\u00e4ltig entwickelt, um ein breites Spektrum von Parasiten zu bek\u00e4mpfen, die den menschlichen K\u00f6rper befallen.<\/p>\n<h1><span style=\"color: #0000ff;\"><a style=\"color: #0000ff;\" href=\"https:\/\/laubeholistic.com\/wp-content\/uploads\/NEW-ParaKit-Program-ENGLISH.docx.pdf\" target=\"_blank\" rel=\"noopener\"><strong>\ud83d\udce5 Laden Sie den ParaKit-Protokollleitfaden herunter (PDF)<\/strong><\/a><\/span><\/h1>\n<p>Parasitenbefall stellt eine st\u00e4ndige Bedrohung f\u00fcr die menschliche Gesundheit dar, die sich in verschiedenen Formen manifestiert und eine Vielzahl von Symptomen verursacht. Herk\u00f6mmliche Behandlungsmethoden sind oft nur begrenzt wirksam und machen den Menschen anf\u00e4llig f\u00fcr wiederkehrende Infektionen und anhaltende gesundheitliche Probleme. Die ParaKit-Formel stellt jedoch einen Paradigmenwechsel dar und bietet einen umfassenden, auf mehrere Ziele ausgerichteten Ansatz zur Beseitigung von Parasiten und zur Wiederherstellung des Wohlbefindens.<\/p>\n<h2>Hauptbestandteile der ParaKit-Formel<\/h2>\n<p>Im Kern nutzt die ParaKit-Formel die vereinte Kraft von drei Hauptbestandteilen:<\/p>\n<ol>\n<li><strong>Ivermectin:<\/strong> Ivermectin ist f\u00fcr seine neurotoxische Wirkung auf Parasiten bekannt und setzt diese Eindringlinge au\u00dfer Gefecht, indem es die Funktion ihres Nervensystems st\u00f6rt. Sein breites Wirkungsspektrum zielt sowohl auf innere als auch auf \u00e4u\u00dfere Parasiten ab und gew\u00e4hrleistet eine gr\u00fcndliche Ausrottung und verhindert eine Neuinfektion.<\/li>\n<li><strong>Fenbendazol:<\/strong> Fenbendazol ist ein zuverl\u00e4ssiger Helfer im Kampf gegen Darmparasiten, denn es greift in den Energiestoffwechsel der Parasiten ein und entzieht ihnen so wichtige N\u00e4hrstoffe. Seine Wirksamkeit erstreckt sich auf verschiedene Arten von W\u00fcrmern, einschlie\u00dflich Spulw\u00fcrmer, Hakenw\u00fcrmer und Peitschenw\u00fcrmer, und bietet so einen umfassenden Schutz gegen Magen-Darm-Befall.<\/li>\n<li><strong>Praziquantel:<\/strong> Praziquantel ist gezielt auf Plattw\u00fcrmer ausgerichtet und st\u00f6rt die strukturelle Integrit\u00e4t der Zellmembranen dieser Parasiten, was zu ihrem schnellen Zerfall und ihrer Ausscheidung aus dem K\u00f6rper f\u00fchrt. Seine starke Wirkung gew\u00e4hrleistet die Ausrottung von Bandw\u00fcrmern, Egeln und anderen Plattwurm-Infektionen und stellt die Gesundheit und Vitalit\u00e4t des Magen-Darm-Trakts wieder her.<\/li>\n<\/ol>\n<p>In Kombination bilden diese drei Mittel eine wirkungsvolle Abwehr gegen ein erneutes Auftreten von Parasiten und bieten einen ganzheitlichen Ansatz f\u00fcr die Bek\u00e4mpfung und Beseitigung von Parasiten.<\/p>\n<h2>Flexible Entgiftungsoptionen f\u00fcr individuelle Bed\u00fcrfnisse<\/h2>\n<p>Was die ParaKit-Formel auszeichnet, ist ihre Anpassungsf\u00e4higkeit an individuelle Bed\u00fcrfnisse, wobei zwei verschiedene Kursangebotsoptionen zur Verf\u00fcgung stehen:<\/p>\n<ol>\n<li><strong>Kursangebot f\u00fcr eine Woche:<\/strong> Der einw\u00f6chige Kurs wurde f\u00fcr Personen mit leichten bis mittelschweren Parasiteninfektionen oder als vorbeugende Ma\u00dfnahme gegen einen m\u00f6glichen Befall entwickelt und bietet schnelle Linderung und eine wirksame Beseitigung der Parasiten innerhalb eines kurzen Zeitrahmens.<\/li>\n<li><strong>Dreiw\u00f6chiges Kursangebot:<\/strong> Der dreiw\u00f6chige Kurs ist auf schwerere oder hartn\u00e4ckige Parasiteninfektionen zugeschnitten und bietet eine anhaltende Behandlung, um eine gr\u00fcndliche Reinigung und Ausrottung der Parasiten zu gew\u00e4hrleisten. Bei l\u00e4ngerer Dauer kann der Einzelne eine umfassende Wiederherstellung der Magen-Darm-Gesundheit und des allgemeinen Wohlbefindens erreichen.<\/li>\n<\/ol>\n<h2>So verwenden Sie ParaKit<\/h2>\n<p>Jedes ParaKit enth\u00e4lt einen vollst\u00e4ndigen Protokollleitfaden, in dem beschrieben wird, wann und wie jedes Mittel einzunehmen ist. Fl\u00fcssigkeitszufuhr und Ruhe werden w\u00e4hrend der Reinigung empfohlen. F\u00fcr eine pers\u00f6nliche Beratung sind Konsultationen mit Tobias verf\u00fcgbar, um eine sichere und ma\u00dfgeschneiderte Erfahrung zu gew\u00e4hrleisten.<\/p>\n<h2>Was Sie w\u00e4hrend einer Parasitenkur erwarten k\u00f6nnen<\/h2>\n<p>W\u00e4hrend der K\u00f6rper die Parasiten ausscheidet, k\u00f6nnen leichte Entgiftungssymptome wie M\u00fcdigkeit, Bl\u00e4hungen oder Ver\u00e4nderungen im Stuhlgang auftreten, was ein nat\u00fcrlicher Teil des Reinigungsprozesses ist. Viele Anwender berichten von verbesserter Energie, geistiger Klarheit, Hautqualit\u00e4t und Verdauung innerhalb der ersten Woche.<\/p>\n<h2>Mehr als nur eine Infektion: Die vielf\u00e4ltigen Auswirkungen von Parasiten auf Gesundheit und Wohlbefinden<\/h2>\n<p>Parasiten, die oft mit sichtbaren Infektionssymptomen einhergehen, \u00fcben einen subtileren Einfluss aus, der weit \u00fcber die Grenzen k\u00f6rperlicher Beschwerden hinausgeht. W\u00e4hrend ihre direkten Auswirkungen sp\u00fcrbar sind, sind die heimt\u00fcckischen Auswirkungen der Parasitenpr\u00e4senz auf Ern\u00e4hrung, Allergien, Stimmung und Gewichtskontrolle ebenso tiefgreifend, werden jedoch h\u00e4ufig \u00fcbersehen.<\/p>\n<ol>\n<li><strong>Ern\u00e4hrungsbedingte Deprivation:<\/strong> Parasiten sind unerbittliche Konsumenten, die ihren Wirten lebenswichtige N\u00e4hrstoffe entziehen, bevor diese absorbiert und verwertet werden k\u00f6nnen. Durch diese unerbittliche F\u00fctterung werden dem Wirt wichtige Vitamine, Mineralien und Mikron\u00e4hrstoffe entzogen, was zu chronischer Unterern\u00e4hrung f\u00fchrt. Selbst bei einer ausgewogenen Ern\u00e4hrung k\u00f6nnen Parasiten die N\u00e4hrstoffaufnahme behindern, wodurch sich Mangelerscheinungen verschlimmern und die allgemeine Gesundheit beeintr\u00e4chtigt wird.<\/li>\n<li><strong>Allergische Reaktionen:<\/strong> Parasiten besitzen die F\u00e4higkeit, das Immunsystem des Wirts zu manipulieren, was h\u00e4ufig allergische Reaktionen und \u00dcberempfindlichkeit ausl\u00f6st. Da Parasiten komplexe Wechselwirkungen mit dem Immunsystem eingehen, k\u00f6nnen sie unbeabsichtigt anormale Immunreaktionen hervorrufen, die zu Allergien wie Asthma, Dermatitis und Rhinitis f\u00fchren. Ihre anhaltende Anwesenheit kann die Dysregulation des Immunsystems verewigen, wodurch sich die Allergiesymptome verschlimmern und die Lebensqualit\u00e4t beeintr\u00e4chtigt wird.<\/li>\n<li><strong>Stimmungsschwankungen:<\/strong> J\u00fcngste Studien weisen auf einen bedeutenden Zusammenhang zwischen Parasiteninfektionen und Stimmungsst\u00f6rungen hin. Parasiten produzieren neuroaktive Substanzen, die den Neurotransmitterspiegel und die Nervenbahnen im Gehirn des Wirts beeinflussen. Diese Ver\u00e4nderungen k\u00f6nnen sich in Form von Angstzust\u00e4nden, Depressionen, Reizbarkeit und kognitiven Beeintr\u00e4chtigungen \u00e4u\u00dfern. Indem sie die Neurophysiologie des Wirts ver\u00e4ndern, k\u00f6nnen Parasiten das emotionale Wohlbefinden und die geistige Gesundheit stark beeintr\u00e4chtigen und bestehende psychiatrische Erkrankungen verschlimmern.<\/li>\n<li><strong>Gewichtsprobleme:<\/strong> Parasit\u00e4re Infektionen k\u00f6nnen die Bem\u00fchungen zur Gewichtskontrolle durch verschiedene Mechanismen st\u00f6ren. Sie k\u00f6nnen die Verdauung und N\u00e4hrstoffaufnahme beeintr\u00e4chtigen, was zu Malabsorption und Gewichtsverlust trotz ausreichender Kalorienzufuhr f\u00fchrt. Umgekehrt f\u00fchren einige Parasiten zu Stoffwechselver\u00e4nderungen, die Gewichtszunahme und Fettleibigkeit f\u00f6rdern. Dar\u00fcber hinaus k\u00f6nnen die mit Parasiteninfektionen verbundenen l\u00e4hmenden Symptome wie M\u00fcdigkeit und Bauchbeschwerden k\u00f6rperliche Aktivit\u00e4ten und die Einhaltung von Di\u00e4ten behindern, was die Gewichtskontrolle erschwert.<\/li>\n<\/ol>\n<p>Zusammenfassend l\u00e4sst sich sagen, dass parasit\u00e4re Infektionen weit \u00fcber die sichtbaren Symptome hinausgehen und sich auf die Ern\u00e4hrung, Allergien, die Stimmung und die Gewichtsregulierung auswirken. Das Erkennen dieser vielf\u00e4ltigen Auswirkungen ist entscheidend f\u00fcr die Entwicklung umfassender Strategien zur Pr\u00e4vention, Erkennung und Behandlung. Wenn wir uns mit den versteckten Auswirkungen von Parasiten befassen, k\u00f6nnen wir nicht nur die k\u00f6rperliche Gesundheit, sondern auch das allgemeine Wohlbefinden und die Lebensqualit\u00e4t sch\u00fctzen.<\/p>\n<h2 style=\"margin-top: 40px;\">H\u00e4ufig gestellte Fragen<\/h2>\n<div class=\"accordion\">\n\t<div id=\"accordion-3727734954\" class=\"accordion-item\">\n\t\t<a id=\"accordion-3727734954-label\" class=\"accordion-title plain\" href=\"#accordion-item-what-is-the-parakit,-and-how-does-it-work?\" aria-expanded=\"false\" aria-controls=\"accordion-3727734954-content\">\n\t\t\t<button class=\"toggle\" aria-label=\"Umschalten\"><i class=\"icon-angle-down\" aria-hidden=\"true\"><\/i><\/button>\n\t\t\t<span>Was ist das ParaKit, und wie funktioniert es?<\/span>\n\t\t<\/a>\n\t\t<div id=\"accordion-3727734954-content\" class=\"accordion-inner\" aria-labelledby=\"accordion-3727734954-label\">\n\t\t\t\n<p>Das ParaKit ist ein leistungsstarkes Parasitenreinigungsprotokoll, das aus drei pharmazeutisch hochwertigen Inhaltsstoffen besteht: Ivermectin, Fenbendazol und Praziquantel. Zusammen zerst\u00f6ren sie die Parasiten auf mehreren biologischen Ebenen:<\/p>\n<ul>\n<li><strong>Ivermectin<\/strong> zielt auf das Nervensystem von inneren und \u00e4u\u00dferen Parasiten ab.<\/li>\n<li><strong>Fenbendazol<\/strong> greift in den Energiestoffwechsel ein, wodurch die Darmw\u00fcrmer ausgehungert werden.<\/li>\n<li><strong>Praziquantel<\/strong> beeintr\u00e4chtigt die Struktur von Plattw\u00fcrmern wie Bandw\u00fcrmern und Saugw\u00fcrmern.<\/li>\n<\/ul>\n<p>Diese synergetische Wirkung sorgt f\u00fcr eine umfassende Reinigung bei einem breiten Spektrum von Parasiteninfektionen.<\/p>\n\t\t<\/div>\n\t<\/div>\n\t\n\t<div id=\"accordion-643501363\" class=\"accordion-item\">\n\t\t<a id=\"accordion-643501363-label\" class=\"accordion-title plain\" href=\"#accordion-item-how-do-i-take-parakit-correctly?\" aria-expanded=\"false\" aria-controls=\"accordion-643501363-content\">\n\t\t\t<button class=\"toggle\" aria-label=\"Umschalten\"><i class=\"icon-angle-down\" aria-hidden=\"true\"><\/i><\/button>\n\t\t\t<span>Wie nehme ich ParaKit richtig ein?<\/span>\n\t\t<\/a>\n\t\t<div id=\"accordion-643501363-content\" class=\"accordion-inner\" aria-labelledby=\"accordion-643501363-label\">\n\t\t\t\n<p>Jedes ParaKit wird mit einem herunterladbaren PDF-Leitfaden geliefert, der die t\u00e4gliche Dosierung und den Zeitplan beschreibt. Es ist wichtig, dass Sie gut hydriert bleiben und den gesamten Kurs (1 Woche oder 3 Wochen) wie vorgeschrieben durchf\u00fchren.<\/p>\n\t\t<\/div>\n\t<\/div>\n\t\n\t<div id=\"accordion-53264506\" class=\"accordion-item\">\n\t\t<a id=\"accordion-53264506-label\" class=\"accordion-title plain\" href=\"#accordion-item-who-should-use-parakit?\" aria-expanded=\"false\" aria-controls=\"accordion-53264506-content\">\n\t\t\t<button class=\"toggle\" aria-label=\"Umschalten\"><i class=\"icon-angle-down\" aria-hidden=\"true\"><\/i><\/button>\n\t\t\t<span>Wer sollte ParaKit verwenden?<\/span>\n\t\t<\/a>\n\t\t<div id=\"accordion-53264506-content\" class=\"accordion-inner\" aria-labelledby=\"accordion-53264506-label\">\n\t\t\t\n<p>ParaKit ist ideal f\u00fcr Erwachsene, die unter Symptomen wie M\u00fcdigkeit, Verdauungsproblemen, Hautkrankheiten, Allergieausbr\u00fcchen oder geistiger Umnachtung leiden - alles m\u00f6gliche Anzeichen f\u00fcr eine parasit\u00e4re Infektion. Es eignet sich auch als vorbeugende Ma\u00dfnahme, insbesondere nach Reisen, Kontakt mit Tieren oder w\u00e4hrend der saisonalen Reinigungsroutinen.<\/p>\n\t\t<\/div>\n\t<\/div>\n\t\n\t<div id=\"accordion-3932065945\" class=\"accordion-item\">\n\t\t<a id=\"accordion-3932065945-label\" class=\"accordion-title plain\" href=\"#accordion-item-are-there-any-side-effects-when-using-parakit?\" aria-expanded=\"false\" aria-controls=\"accordion-3932065945-content\">\n\t\t\t<button class=\"toggle\" aria-label=\"Umschalten\"><i class=\"icon-angle-down\" aria-hidden=\"true\"><\/i><\/button>\n\t\t\t<span>Gibt es Nebenwirkungen bei der Anwendung von ParaKit?<\/span>\n\t\t<\/a>\n\t\t<div id=\"accordion-3932065945-content\" class=\"accordion-inner\" aria-labelledby=\"accordion-3932065945-label\">\n\t\t\t\n<p>Bei einigen Anwendern k\u00f6nnen leichte Entgiftungssymptome wie M\u00fcdigkeit, Bl\u00e4hungen, Kopfschmerzen oder Ver\u00e4nderungen im Stuhlgang auftreten, wenn der K\u00f6rper Parasiten ausscheidet. Diese sind vor\u00fcbergehend und ein normaler Teil des Entgiftungsprozesses. Wenn die Beschwerden anhalten, wenden Sie sich an Tobias, um eine Anpassung der Dosierung oder zus\u00e4tzliche Beratung zu erhalten.<\/p>\n\t\t<\/div>\n\t<\/div>\n\t\n\t<div id=\"accordion-1130787267\" class=\"accordion-item\">\n\t\t<a id=\"accordion-1130787267-label\" class=\"accordion-title plain\" href=\"#accordion-item-can-parakit-be-used-alongside-other-supplements-or-medications?\" aria-expanded=\"false\" aria-controls=\"accordion-1130787267-content\">\n\t\t\t<button class=\"toggle\" aria-label=\"Umschalten\"><i class=\"icon-angle-down\" aria-hidden=\"true\"><\/i><\/button>\n\t\t\t<span>Kann ParaKit neben anderen Nahrungserg\u00e4nzungsmitteln oder Medikamenten verwendet werden?<\/span>\n\t\t<\/a>\n\t\t<div id=\"accordion-1130787267-content\" class=\"accordion-inner\" aria-labelledby=\"accordion-1130787267-label\">\n\t\t\t\n<p>Ja, aber es wird empfohlen, die Einnahme von ParaKit mindestens 2 Stunden von anderen Nahrungserg\u00e4nzungsmitteln zu trennen. Vermeiden Sie die Kombination mit anderen intensiven Entgiftungsprodukten, sofern dies nicht empfohlen wird. Wenn Sie verschreibungspflichtige Medikamente einnehmen, wenden Sie sich bitte an Ihren Arzt oder direkt an Tobias, bevor Sie mit dem Protokoll beginnen.<\/p>\n\t\t<\/div>\n\t<\/div>\n\t\n\t<div id=\"accordion-2442550136\" class=\"accordion-item\">\n\t\t<a id=\"accordion-2442550136-label\" class=\"accordion-title plain\" href=\"#accordion-item-is-parakit-safe-for-children?\" aria-expanded=\"false\" aria-controls=\"accordion-2442550136-content\">\n\t\t\t<button class=\"toggle\" aria-label=\"Umschalten\"><i class=\"icon-angle-down\" aria-hidden=\"true\"><\/i><\/button>\n\t\t\t<span>Ist ParaKit sicher f\u00fcr Kinder?<\/span>\n\t\t<\/a>\n\t\t<div id=\"accordion-2442550136-content\" class=\"accordion-inner\" aria-labelledby=\"accordion-2442550136-label\">\n\t\t\t\n<p>ParaKit ist f\u00fcr die Anwendung bei Erwachsenen konzipiert. F\u00fcr Kinder und Jugendliche empfehlen wir eine Konsultation mit Tobias, um ein geeignetes, sicheres alternatives Protokoll zu bestimmen, das auf ihr Alter und Gewicht zugeschnitten ist.<\/p>\n\t\t<\/div>\n\t<\/div>\n\t\n\t<div id=\"accordion-218947353\" class=\"accordion-item\">\n\t\t<a id=\"accordion-218947353-label\" class=\"accordion-title plain\" href=\"#accordion-item-where-can-i-access-the-usage-protocol-and-video-instructions?\" aria-expanded=\"false\" aria-controls=\"accordion-218947353-content\">\n\t\t\t<button class=\"toggle\" aria-label=\"Umschalten\"><i class=\"icon-angle-down\" aria-hidden=\"true\"><\/i><\/button>\n\t\t\t<span>Wo kann ich das Nutzungsprotokoll und die Videoanleitungen abrufen?<\/span>\n\t\t<\/a>\n\t\t<div id=\"accordion-218947353-content\" class=\"accordion-inner\" aria-labelledby=\"accordion-218947353-label\">\n\t\t\t\n<p>Der vollst\u00e4ndige ParaKit-Leitfaden kann hier heruntergeladen werden:<br \/>\n<a href=\"https:\/\/laubeholistic.com\/wp-content\/uploads\/ParaKit-Program.pdf\" target=\"_blank\" rel=\"noopener\"><strong>\ud83d\udce5 ParaKit Protokoll PDF<\/strong><\/a><br \/>\nMit jedem Kauf erhalten Sie au\u00dferdem Zugang zu exklusiven Videoanleitungen, die eine korrekte und effektive Anwendung des Protokolls gew\u00e4hrleisten.<\/p>\n\t\t<\/div>\n\t<\/div>\n\t\n<\/div>","protected":false},"excerpt":{"rendered":"<p><span style=\"color: #000000;\">Ivermectin \u2013 Fenbendazol \u2013 Praziquantel<\/span><\/p>\n<p><strong><span style=\"color: #000000;\">Laden Sie hier den ParaKit-Leitfaden f\u00fcr ein Entwurmungsprogramm in Ihrer Sprache herunter<br \/>\n<\/span><\/strong><\/p>\n<p><strong><span style=\"color: #000000;\"><span style=\"color: #0000ff;\"><a style=\"color: #0000ff;\" href=\"https:\/\/laubeholistic.com\/wp-content\/uploads\/ParaKit-Program-ENGLISH.pdf\">ENGLISCH<\/a> , <a style=\"color: #0000ff;\" href=\"https:\/\/laubeholistic.com\/wp-content\/uploads\/ParaKit-Programa-ESPANOL.pdf\">SPANISCH<\/a>, <a style=\"color: #0000ff;\" href=\"https:\/\/laubeholistic.com\/wp-content\/uploads\/ParaKit-Protokol-DEUTSCH.pdf\">DEUTSCH<\/a>, <a style=\"color: #0000ff;\" href=\"https:\/\/laubeholistic.com\/wp-content\/uploads\/ParaKit-Frances.pdf\">FRANZ\u00d6SISCH<\/a>, <a style=\"color: #0000ff;\" href=\"https:\/\/laubeholistic.com\/wp-content\/uploads\/ParaKit-Italiano.pdf\">ITALIENISCH<\/a><\/span><\/span><\/strong><\/p>\n<p><a href=\"https:\/\/laubeholistic.com\/wp-content\/uploads\/De-Parasitation-Protocol-\ud83e\udeb1\ud83d\udeab-for-Cats-Dogs-\ud83d\udc31-\ud83d\udc36-1.pdf\"><span style=\"color: #000000;\"><span style=\"color: #0000ff;\"><strong>Das Protokoll ist bereit zum DOWNLOAD<\/strong> <\/span>f\u00fcr die Deparasitierung bei Katzen und Hunden (<strong>Alle sechs Sprachen<\/strong>)<\/span><\/a><\/p>\n<p><strong><span style=\"background-color: #ffffff; color: #000000;\">Alle unsere Kapseln sind VEGAN \u2013 KOSCHER \u2013 HALAL \u2013 Frei von Konservierungsstoffen, geruchs- und geschmacksneutral<\/span><\/strong><\/p>","protected":false},"featured_media":21113,"comment_status":"open","ping_status":"closed","template":"","meta":{"ngg_post_thumbnail":0},"product_brand":[],"product_cat":[329,332,334],"product_tag":[341,338,339,337,340],"class_list":{"0":"post-13448","1":"product","2":"type-product","3":"status-publish","4":"has-post-thumbnail","6":"product_cat-remedy-supplements","7":"product_cat-newcomers","8":"product_cat-on-sale","9":"product_tag-deparasiting","10":"product_tag-fenbendazole","11":"product_tag-ivermectin","12":"product_tag-parasite","13":"product_tag-praziquantel","15":"first","16":"instock","17":"taxable","18":"shipping-taxable","19":"purchasable","20":"product-type-variable"},"_links":{"self":[{"href":"https:\/\/laubeholistic.com\/de\/wp-json\/wp\/v2\/product\/13448","targetHints":{"allow":["GET"]}}],"collection":[{"href":"https:\/\/laubeholistic.com\/de\/wp-json\/wp\/v2\/product"}],"about":[{"href":"https:\/\/laubeholistic.com\/de\/wp-json\/wp\/v2\/types\/product"}],"replies":[{"embeddable":true,"href":"https:\/\/laubeholistic.com\/de\/wp-json\/wp\/v2\/comments?post=13448"}],"wp:featuredmedia":[{"embeddable":true,"href":"https:\/\/laubeholistic.com\/de\/wp-json\/wp\/v2\/media\/21113"}],"wp:attachment":[{"href":"https:\/\/laubeholistic.com\/de\/wp-json\/wp\/v2\/media?parent=13448"}],"wp:term":[{"taxonomy":"product_brand","embeddable":true,"href":"https:\/\/laubeholistic.com\/de\/wp-json\/wp\/v2\/product_brand?post=13448"},{"taxonomy":"product_cat","embeddable":true,"href":"https:\/\/laubeholistic.com\/de\/wp-json\/wp\/v2\/product_cat?post=13448"},{"taxonomy":"product_tag","embeddable":true,"href":"https:\/\/laubeholistic.com\/de\/wp-json\/wp\/v2\/product_tag?post=13448"}],"curies":[{"name":"wp","href":"https:\/\/api.w.org\/{rel}","templated":true}]}}